{"id":3,"date":"2025-06-25T09:56:57","date_gmt":"2025-06-25T09:56:57","guid":{"rendered":"https:\/\/yebodaglass.com\/?page_id=3"},"modified":"2025-08-29T17:16:29","modified_gmt":"2025-08-29T09:16:29","slug":"privacy-policy","status":"publish","type":"page","link":"https:\/\/yebodaglass.com\/tr\/privacy-policy\/","title":{"rendered":"Gizlilik Politikas\u0131"},"content":{"rendered":"<div data-elementor-type=\"wp-page\" data-elementor-id=\"3\" class=\"elementor elementor-3\" data-elementor-settings=\"{&quot;ha_cmc_init_switcher&quot;:&quot;no&quot;}\" data-elementor-post-type=\"page\">\n\t\t\t\t<div class=\"elementor-element elementor-element-d02b64f e-flex e-con-boxed e-con e-parent\" data-id=\"d02b64f\" data-element_type=\"container\" data-e-type=\"container\" data-settings=\"{&quot;_ha_eqh_enable&quot;:false}\">\n\t\t\t\t\t<div class=\"e-con-inner\">\n\t\t<div class=\"elementor-element elementor-element-576ebfc e-con-full e-flex e-con e-child\" data-id=\"576ebfc\" data-element_type=\"container\" data-e-type=\"container\" data-settings=\"{&quot;_ha_eqh_enable&quot;:false}\">\n\t\t\t\t<div class=\"elementor-element elementor-element-7ee6d88 elementor-widget elementor-widget-breadcrumbs\" data-id=\"7ee6d88\" data-element_type=\"widget\" data-e-type=\"widget\" data-widget_type=\"breadcrumbs.default\">\n\t\t\t\t<div class=\"elementor-widget-container\">\n\t\t\t\t\t<nav aria-label=\"ekmek k\u0131r\u0131nt\u0131lar\u0131\" class=\"rank-math-breadcrumb\"><p><span class=\"last\">Ev<\/span><\/p><\/nav>\t\t\t\t<\/div>\n\t\t\t\t<\/div>\n\t\t\t\t<\/div>\n\t\t\t\t\t<\/div>\n\t\t\t\t<\/div>\n\t\t<div class=\"elementor-element elementor-element-41def54 e-flex e-con-boxed e-con e-parent\" data-id=\"41def54\" data-element_type=\"container\" data-e-type=\"container\" data-settings=\"{&quot;_ha_eqh_enable&quot;:false}\">\n\t\t\t\t\t<div class=\"e-con-inner\">\n\t\t\t\t<div class=\"elementor-element elementor-element-4e340a9 elementor-widget elementor-widget-heading\" data-id=\"4e340a9\" data-element_type=\"widget\" data-e-type=\"widget\" data-widget_type=\"heading.default\">\n\t\t\t\t<div class=\"elementor-widget-container\">\n\t\t\t\t\t<h1 class=\"elementor-heading-title elementor-size-default\">Gizlilik Politikas\u0131<\/h1>\t\t\t\t<\/div>\n\t\t\t\t<\/div>\n\t\t\t\t<div class=\"elementor-element elementor-element-2c09140 elementor-widget elementor-widget-text-editor\" data-id=\"2c09140\" data-element_type=\"widget\" data-e-type=\"widget\" data-widget_type=\"text-editor.default\">\n\t\t\t\t<div class=\"elementor-widget-container\">\n\t\t\t\t\t\t\t\t\t<h2>Hangi bilgileri topluyoruz?<\/h2><p>Siteye kaydoldu\u011funuzda, sipari\u015f verdi\u011finizde, bir yar\u0131\u015fmaya veya \u00e7ekili\u015fe kat\u0131ld\u0131\u011f\u0131n\u0131zda, bir ankete veya e-posta gibi bir ileti\u015fime yan\u0131t verdi\u011finizde veya ba\u015fka bir site \u00f6zelli\u011fine kat\u0131ld\u0131\u011f\u0131n\u0131zda sizden bilgi topluyoruz. Sipari\u015f verirken veya kaydolurken sizden ad\u0131n\u0131z\u0131, e-posta adresinizi, posta adresinizi, telefon numaran\u0131z\u0131, kredi kart\u0131 bilgilerinizi veya di\u011fer bilgileri isteyebiliriz. Ancak sitemizi anonim olarak ziyaret edebilirsiniz. Ayr\u0131ca, hediye sat\u0131n al\u0131m\u0131n\u0131 ger\u00e7ekle\u015ftirebilmek i\u00e7in hediye alanlar hakk\u0131nda da bilgi topluyoruz. Hediye alanlar hakk\u0131nda toplad\u0131\u011f\u0131m\u0131z bilgiler pazarlama amac\u0131yla kullan\u0131lmaz. Bir\u00e7ok web sitesi gibi, deneyiminizi geli\u015ftirmek ve web sitemizi ziyaret edenler ve ziyaret\u00e7iler hakk\u0131nda bilgi toplamak i\u00e7in &#034;\u00e7erezler&#034; kullan\u0131yoruz. \u00c7erezler ve bunlar\u0131 nas\u0131l kulland\u0131\u011f\u0131m\u0131z hakk\u0131nda bilgi i\u00e7in l\u00fctfen a\u015fa\u011f\u0131daki &#034;&#039;\u00c7erez&#039; kullan\u0131yor muyuz?&#034; b\u00f6l\u00fcm\u00fcne bak\u0131n.<\/p><h2>Bilgilerinizi nas\u0131l kullan\u0131yoruz?<\/h2><p>Kaydoldu\u011funuzda, \u00fcr\u00fcn sat\u0131n ald\u0131\u011f\u0131n\u0131zda, bir yar\u0131\u015fmaya veya promosyona kat\u0131ld\u0131\u011f\u0131n\u0131zda, bir ankete veya pazarlama ileti\u015fimine yan\u0131t verdi\u011finizde, web sitesinde gezindi\u011finizde veya belirli di\u011fer site \u00f6zelliklerini kulland\u0131\u011f\u0131n\u0131zda sizden toplad\u0131\u011f\u0131m\u0131z bilgileri a\u015fa\u011f\u0131daki \u015fekillerde kullanabiliriz: Site deneyiminizi ki\u015fiselle\u015ftirmek ve en \u00e7ok ilgilendi\u011finiz i\u00e7erik ve \u00fcr\u00fcn tekliflerini sunmam\u0131z\u0131 sa\u011flamak i\u00e7in. M\u00fc\u015fteri hizmetleri taleplerinize yan\u0131t vererek size daha iyi hizmet verebilmemizi sa\u011flamak i\u00e7in. \u0130\u015flemlerinizi h\u0131zl\u0131 bir \u015fekilde i\u015flemek i\u00e7in. Bir yar\u0131\u015fmay\u0131, promosyonu, anketi veya di\u011fer site \u00f6zelli\u011fini y\u00f6netmek i\u00e7in. E-posta b\u00fcltenimizi almay\u0131 se\u00e7tiyseniz, size periyodik olarak e-postalar g\u00f6nderebiliriz. Art\u0131k bizden promosyon e-postalar\u0131 almak istemiyorsan\u0131z, l\u00fctfen a\u015fa\u011f\u0131daki &#034;Onay\u0131n\u0131z\u0131 geri \u00e7ekme&#034; b\u00f6l\u00fcm\u00fcne bak\u0131n. E-posta b\u00fcltenleri almay\u0131 se\u00e7mediyseniz, bu e-postalar\u0131 almayacaks\u0131n\u0131z. Pazarlama programlar\u0131 ve &#039;sadece \u00fcyelere \u00f6zel&#039; i\u00e7erikler gibi di\u011fer site \u00f6zelliklerine kaydolan veya kat\u0131lan ziyaret\u00e7ilere, e-posta listemizde yer almak ve bizden e-posta ileti\u015fimleri almak isteyip istemedikleri konusunda bir se\u00e7enek sunulacakt\u0131r.<\/p><h2>Ziyaret\u00e7i bilgilerini nas\u0131l koruyoruz?<\/h2><p>Ki\u015fisel bilgilerinizin g\u00fcvenli\u011fini sa\u011flamak i\u00e7in \u00e7e\u015fitli g\u00fcvenlik \u00f6nlemleri uyguluyoruz. Ki\u015fisel bilgileriniz g\u00fcvenli a\u011flar arkas\u0131nda saklan\u0131r ve bu sistemlere \u00f6zel eri\u015fim haklar\u0131na sahip ve bilgileri gizli tutmakla y\u00fck\u00fcml\u00fc s\u0131n\u0131rl\u0131 say\u0131da ki\u015fi taraf\u0131ndan eri\u015filebilir. Sipari\u015f verdi\u011finizde veya ki\u015fisel bilgilerinize eri\u015fti\u011finizde, g\u00fcvenli bir sunucu kullan\u0131m\u0131 sunuyoruz. Sa\u011flad\u0131\u011f\u0131n\u0131z t\u00fcm hassas\/kredi bilgileri, G\u00fcvenli Yuva Katman\u0131 (SSL) teknolojisi arac\u0131l\u0131\u011f\u0131yla iletilir ve ard\u0131ndan yaln\u0131zca yukar\u0131da belirtildi\u011fi \u015fekilde eri\u015filebilecek \u015fekilde veritabanlar\u0131m\u0131za \u015fifrelenir.<\/p><h2>\u201c\u00c7erez\u201d kullan\u0131yor muyuz?<\/h2><p>Evet. \u00c7erezler, bir sitenin veya hizmet sa\u011flay\u0131c\u0131s\u0131n\u0131n web taray\u0131c\u0131n\u0131z arac\u0131l\u0131\u011f\u0131yla bilgisayar\u0131n\u0131z\u0131n sabit diskine aktard\u0131\u011f\u0131 k\u00fc\u00e7\u00fck dosyalard\u0131r (izin vermeniz durumunda). Bu dosyalar, sitenin veya hizmet sa\u011flay\u0131c\u0131s\u0131n\u0131n sistemlerinin taray\u0131c\u0131n\u0131z\u0131 tan\u0131mas\u0131n\u0131 ve belirli bilgileri yakalay\u0131p hat\u0131rlamas\u0131n\u0131 sa\u011flar. \u00d6rne\u011fin, al\u0131\u015fveri\u015f sepetinizdeki \u00fcr\u00fcnleri hat\u0131rlamam\u0131za ve i\u015flememize yard\u0131mc\u0131 olmak i\u00e7in \u00e7erezleri kullan\u0131r\u0131z. Ayr\u0131ca, \u00f6nceki veya mevcut site etkinli\u011finize g\u00f6re tercihlerinizi anlamam\u0131za yard\u0131mc\u0131 olurlar; bu da size daha iyi hizmetler sunmam\u0131z\u0131 sa\u011flar. Ayr\u0131ca, gelecekte daha iyi site deneyimleri ve ara\u00e7lar\u0131 sunabilmemiz i\u00e7in site trafi\u011fi ve site etkile\u015fimi hakk\u0131nda toplu veriler derlememize yard\u0131mc\u0131 olmak i\u00e7in de \u00e7erezleri kullan\u0131r\u0131z. Site ziyaret\u00e7ilerimizi daha iyi anlamam\u0131za yard\u0131mc\u0131 olmalar\u0131 i\u00e7in \u00fc\u00e7\u00fcnc\u00fc taraf hizmet sa\u011flay\u0131c\u0131larla s\u00f6zle\u015fme yapabiliriz. Bu hizmet sa\u011flay\u0131c\u0131lar\u0131n\u0131n, i\u015fimizi y\u00fcr\u00fctmemize ve geli\u015ftirmemize yard\u0131mc\u0131 olmak d\u0131\u015f\u0131nda, bizim ad\u0131m\u0131za toplanan bilgileri kullanmalar\u0131na izin verilmez. Bilgisayar\u0131n\u0131z\u0131n her \u00e7erez g\u00f6nderildi\u011finde sizi uyarmas\u0131n\u0131 veya t\u00fcm \u00e7erezleri kapatmay\u0131 se\u00e7ebilirsiniz. Bunu taray\u0131c\u0131n\u0131z\u0131n (Google Chrome, Microsoft Edge veya Safari gibi) ayarlar\u0131 arac\u0131l\u0131\u011f\u0131yla yapars\u0131n\u0131z. Her taray\u0131c\u0131 biraz farkl\u0131d\u0131r, bu nedenle \u00e7erezlerinizi nas\u0131l do\u011fru \u015fekilde de\u011fi\u015ftirece\u011finizi \u00f6\u011frenmek i\u00e7in taray\u0131c\u0131n\u0131z\u0131n &#034;Yard\u0131m&#034; men\u00fcs\u00fcne bak\u0131n. \u00c7erezleri kapat\u0131rsan\u0131z, site deneyiminizi daha verimli hale getiren bir\u00e7ok \u00f6zelli\u011fe eri\u015femezsiniz ve baz\u0131 hizmetlerimiz d\u00fczg\u00fcn \u00e7al\u0131\u015fmaz. Ancak, m\u00fc\u015fteri hizmetleriyle ileti\u015fime ge\u00e7erek telefonla sipari\u015f verebilirsiniz.<\/p><h2>Toplad\u0131\u011f\u0131m\u0131z bilgileri \u00fc\u00e7\u00fcnc\u00fc taraflarla payla\u015f\u0131yor muyuz?<\/h2><p>A\u015fa\u011f\u0131da a\u00e7\u0131klanan durumlar haricinde, size \u00f6nceden bildirimde bulunmad\u0131\u011f\u0131m\u0131z s\u00fcrece, ki\u015fisel olarak tan\u0131mlanabilir bilgilerinizi \u00fc\u00e7\u00fcnc\u00fc taraflara satmaz, takas etmez veya ba\u015fka bir \u015fekilde aktarmay\u0131z. &#034;\u00dc\u00e7\u00fcnc\u00fc taraflar&#034; terimi i\u015fletmemizi kapsamaz. Ayr\u0131ca, web sitesi bar\u0131nd\u0131rma ortaklar\u0131m\u0131z\u0131 ve web sitemizi i\u015fletmemize, i\u015fimizi y\u00fcr\u00fctmemize veya size hizmet vermemize yard\u0131mc\u0131 olan di\u011fer taraflar\u0131 da kapsamaz; yeter ki bu taraflar bu bilgileri gizli tutmay\u0131 kabul etsinler. Ayr\u0131ca, yasalara uymak, site politikalar\u0131m\u0131z\u0131 uygulamak veya bizim veya ba\u015fkalar\u0131n\u0131n haklar\u0131n\u0131, m\u00fclklerini veya g\u00fcvenli\u011fini korumak i\u00e7in uygun oldu\u011funa inand\u0131\u011f\u0131m\u0131zda bilgilerinizi payla\u015fabiliriz. Ancak, ki\u015fisel olarak tan\u0131mlanamayan ziyaret\u00e7i bilgileri pazarlama, reklam veya di\u011fer ama\u00e7larla \u00fc\u00e7\u00fcnc\u00fc taraflara sa\u011flanabilir. Bize sa\u011flad\u0131\u011f\u0131n\u0131z bilgileri nas\u0131l devre d\u0131\u015f\u0131 b\u0131rakabilir, kald\u0131rabilir veya de\u011fi\u015ftirebilirsiniz? E-posta aboneliklerinizi de\u011fi\u015ftirmek i\u00e7in l\u00fctfen &#034;Hesab\u0131m&#034; b\u00f6l\u00fcm\u00fcndeki tercihlerinizi de\u011fi\u015ftirerek bize bildirin. E-posta \u00fcretim programlar\u0131 nedeniyle, halihaz\u0131rda \u00fcretimde olan e-postalar\u0131 alabilece\u011finizi l\u00fctfen unutmay\u0131n. \u00c7evrimi\u00e7i hesap bilgilerinizin tamam\u0131n\u0131 veritaban\u0131m\u0131zdan silmek i\u00e7in sitemizin &#034;Hesab\u0131m&#034; b\u00f6l\u00fcm\u00fcne giri\u015f yap\u0131n ve teslimat adreslerinizi, fatura adreslerinizi ve \u00f6deme bilgilerinizi kald\u0131r\u0131n. L\u00fctfen, bir sat\u0131\u015f i\u015flemine hizmet vermek ve kay\u0131t tutmak amac\u0131yla bu i\u015flemle ilgili bilgileri saklayabilece\u011fimizi unutmay\u0131n. \u00dc\u00e7\u00fcnc\u00fc taraf ba\u011flant\u0131lar\u0131 Size daha fazla de\u011fer sa\u011flamak amac\u0131yla sitemize \u00fc\u00e7\u00fcnc\u00fc taraf ba\u011flant\u0131lar\u0131 ekleyebiliriz. Bu ba\u011flant\u0131l\u0131 sitelerin ayr\u0131 ve ba\u011f\u0131ms\u0131z gizlilik politikalar\u0131 vard\u0131r. Bu nedenle, bu ba\u011flant\u0131l\u0131 sitelerin i\u00e7eri\u011fi ve faaliyetleriyle ilgili hi\u00e7bir sorumlulu\u011fumuz veya y\u00fck\u00fcml\u00fcl\u00fc\u011f\u00fcm\u00fcz yoktur. Bununla birlikte, sitemizin b\u00fct\u00fcnl\u00fc\u011f\u00fcn\u00fc korumaya \u00e7al\u0131\u015f\u0131yor ve bu ba\u011flant\u0131l\u0131 siteler hakk\u0131ndaki her t\u00fcrl\u00fc geri bildirimi (belirli bir ba\u011flant\u0131n\u0131n \u00e7al\u0131\u015fmamas\u0131 da dahil) memnuniyetle kar\u015f\u0131l\u0131yoruz. Gizlilik politikam\u0131zda de\u011fi\u015fiklik yapmaya karar vermemiz durumunda, politikam\u0131zdaki de\u011fi\u015fiklikler bu sayfada yay\u0131nlanacakt\u0131r. Politika de\u011fi\u015fiklikleri yaln\u0131zca de\u011fi\u015fiklik tarihinden sonra toplanan bilgiler i\u00e7in ge\u00e7erli olacakt\u0131r.<\/p><h2>Sorular ve geri bildirimler<\/h2><p>Gizlilik konusundaki soru, yorum ve endi\u015felerinizi memnuniyetle kar\u015f\u0131l\u0131yoruz. Gizlilik veya di\u011fer konularla ilgili geri bildirimlerinizi l\u00fctfen bize iletin. Yaln\u0131zca \u00c7evrimi\u00e7i Gizlilik Politikas\u0131. Bu \u00e7evrimi\u00e7i gizlilik politikas\u0131 yaln\u0131zca web sitemiz arac\u0131l\u0131\u011f\u0131yla toplanan bilgiler i\u00e7in ge\u00e7erlidir ve \u00e7evrimd\u0131\u015f\u0131 toplanan bilgiler i\u00e7in ge\u00e7erli de\u011fildir.<\/p><h2>Onay\u0131n\u0131z<\/h2><p>Web sitemiz \u00fczerinden bir sat\u0131n alma i\u015flemi ger\u00e7ekle\u015ftirerek veya bir fiyat teklifi almak, bir sipari\u015f i\u00e7in herhangi bir yolla \u00f6deme yapmak veya bir teslimat ayarlamak amac\u0131yla ki\u015fisel veya ticari bilgilerinizle bir talep g\u00f6ndererek, bu bilgileri sizin yarar\u0131n\u0131za ve\/veya hizmetlerimizi ve tekliflerimizi iyile\u015ftirmek i\u00e7in toplamam\u0131za, saklamam\u0131za ve kullanmam\u0131za izin vermi\u015f olursunuz. Bunu yaparak, bir Yeboda m\u00fc\u015fterisi oldu\u011funuzu a\u00e7\u0131klamam\u0131za ve aksi belirtilmedik\u00e7e, \u00fcr\u00fcn ve hizmetlerimizi sergilemek amac\u0131yla i\u015fletmenizin ad\u0131n\u0131, logosunu ve ambalaj\u0131n\u0131 kullanmam\u0131za da izin vermi\u015f olursunuz.<\/p><h2>Onay\u0131n\u0131z\u0131 alarak<\/h2><p>\u0130stedi\u011finiz zaman, Yeboda&#039;n\u0131n bilgilerinizi toplamas\u0131na, kullanmas\u0131na veya if\u015fa etmesine ili\u015fkin onay\u0131n\u0131z\u0131 bizimle ileti\u015fime ge\u00e7erek geri \u00e7ekebilirsiniz. Yeboda, sipari\u015fleri yerine getirmek veya herhangi bir anla\u015fmazl\u0131\u011f\u0131 ya da soru\u015fturmay\u0131 \u00e7\u00f6zmek i\u00e7in daha \u00f6nce toplanan bilgileri saklama hakk\u0131n\u0131 sakl\u0131 tutar. Web sitemizi ziyaret etti\u011finizde, m\u00fc\u015fterilerimize daha iyi hizmet verebilmek ve daha iyi, daha ki\u015fiselle\u015ftirilmi\u015f bir deneyim sunmak i\u00e7in cihaz\u0131n\u0131z\u0131n internet protokol\u00fc (IP) adresini, yakla\u015f\u0131k co\u011frafi konumunu ve taray\u0131c\u0131n\u0131z ve i\u015fletim sisteminiz hakk\u0131nda di\u011fer temel bilgileri otomatik olarak al\u0131r\u0131z.<\/p>\t\t\t\t\t\t\t\t<\/div>\n\t\t\t\t<\/div>\n\t\t\t\t\t<\/div>\n\t\t\t\t<\/div>\n\t\t<div class=\"elementor-element elementor-element-ea91219 e-flex e-con-boxed e-con e-parent\" data-id=\"ea91219\" data-element_type=\"container\" data-e-type=\"container\" data-settings=\"{&quot;_ha_eqh_enable&quot;:false}\">\n\t\t\t\t\t<div class=\"e-con-inner\">\n\t\t\t\t<div class=\"elementor-element elementor-element-7e7f6e4 elementor-widget elementor-widget-heading\" data-id=\"7e7f6e4\" data-element_type=\"widget\" data-e-type=\"widget\" data-widget_type=\"heading.default\">\n\t\t\t\t<div class=\"elementor-widget-container\">\n\t\t\t\t\t<p class=\"elementor-heading-title elementor-size-default\">Cam ambalaj\u0131n\u0131z\u0131 ba\u015flat\u0131n<br> Yeboda ile yolculuk<\/p>\t\t\t\t<\/div>\n\t\t\t\t<\/div>\n\t\t\t\t<div class=\"elementor-element elementor-element-1ca6b54 elementor-widget elementor-widget-heading\" data-id=\"1ca6b54\" data-element_type=\"widget\" data-e-type=\"widget\" data-widget_type=\"heading.default\">\n\t\t\t\t<div class=\"elementor-widget-container\">\n\t\t\t\t\t<p class=\"elementor-heading-title elementor-size-default\">\n\u00dcr\u00fcn uzman\u0131m\u0131zla hemen ileti\u015fime ge\u00e7in<\/p>\t\t\t\t<\/div>\n\t\t\t\t<\/div>\n\t\t\t\t<div class=\"elementor-element elementor-element-a48bb7c elementor-align-center elementor-widget elementor-widget-button\" data-id=\"a48bb7c\" data-element_type=\"widget\" data-e-type=\"widget\" data-widget_type=\"button.default\">\n\t\t\t\t<div class=\"elementor-widget-container\">\n\t\t\t\t\t\t\t\t\t<div class=\"elementor-button-wrapper\">\n\t\t\t\t\t<a class=\"elementor-button elementor-button-link elementor-size-sm\" href=\"https:\/\/yebodaglass.com\/tr\/contact\/\">\n\t\t\t\t\t\t<span class=\"elementor-button-content-wrapper\">\n\t\t\t\t\t\t\t\t\t<span class=\"elementor-button-text\">Ba\u015flay\u0131n<\/span>\n\t\t\t\t\t<\/span>\n\t\t\t\t\t<\/a>\n\t\t\t\t<\/div>\n\t\t\t\t\t\t\t\t<\/div>\n\t\t\t\t<\/div>\n\t\t\t\t\t<\/div>\n\t\t\t\t<\/div>\n\t\t\t\t<\/div>","protected":false},"excerpt":{"rendered":"<p>Ana Sayfa Gizlilik Politikas\u0131 Hangi bilgileri topluyoruz? Siteye kaydoldu\u011funuzda, sipari\u015f verdi\u011finizde, bir yar\u0131\u015fmaya veya \u00e7ekili\u015fe kat\u0131ld\u0131\u011f\u0131n\u0131zda, bir ankete veya e-posta gibi bir ileti\u015fime yan\u0131t verdi\u011finizde veya ba\u015fka bir site \u00f6zelli\u011fine kat\u0131ld\u0131\u011f\u0131n\u0131zda sizden bilgi toplar\u0131z. Sipari\u015f verirken veya kay\u0131t olurken sizden ad\u0131n\u0131z\u0131, e-posta adresinizi, [...]<\/p>","protected":false},"author":1,"featured_media":0,"parent":0,"menu_order":0,"comment_status":"closed","ping_status":"closed","template":"elementor_header_footer","meta":{"footnotes":""},"class_list":["post-3","page","type-page","status-publish","hentry"],"blocksy_meta":[],"jetpack_sharing_enabled":true,"_links":{"self":[{"href":"https:\/\/yebodaglass.com\/tr\/wp-json\/wp\/v2\/pages\/3","targetHints":{"allow":["GET"]}}],"collection":[{"href":"https:\/\/yebodaglass.com\/tr\/wp-json\/wp\/v2\/pages"}],"about":[{"href":"https:\/\/yebodaglass.com\/tr\/wp-json\/wp\/v2\/types\/page"}],"author":[{"embeddable":true,"href":"https:\/\/yebodaglass.com\/tr\/wp-json\/wp\/v2\/users\/1"}],"replies":[{"embeddable":true,"href":"https:\/\/yebodaglass.com\/tr\/wp-json\/wp\/v2\/comments?post=3"}],"version-history":[{"count":6,"href":"https:\/\/yebodaglass.com\/tr\/wp-json\/wp\/v2\/pages\/3\/revisions"}],"predecessor-version":[{"id":20202,"href":"https:\/\/yebodaglass.com\/tr\/wp-json\/wp\/v2\/pages\/3\/revisions\/20202"}],"wp:attachment":[{"href":"https:\/\/yebodaglass.com\/tr\/wp-json\/wp\/v2\/media?parent=3"}],"curies":[{"name":"wp","href":"https:\/\/api.w.org\/{rel}","templated":true}]}}