{"id":19576,"date":"2025-08-22T14:45:03","date_gmt":"2025-08-22T06:45:03","guid":{"rendered":"https:\/\/yebodaglass.com\/?page_id=19576"},"modified":"2025-08-29T18:01:01","modified_gmt":"2025-08-29T10:01:01","slug":"request-free-samples","status":"publish","type":"page","link":"https:\/\/yebodaglass.com\/tr\/request-free-samples\/","title":{"rendered":"\u00dccretsiz Numune \u0130steyin"},"content":{"rendered":"<div data-elementor-type=\"wp-page\" data-elementor-id=\"19576\" class=\"elementor elementor-19576\" data-elementor-settings=\"{&quot;ha_cmc_init_switcher&quot;:&quot;no&quot;}\" data-elementor-post-type=\"page\">\n\t\t\t\t<div class=\"elementor-element elementor-element-2d4a8d5 e-flex e-con-boxed e-con e-parent\" data-id=\"2d4a8d5\" data-element_type=\"container\" data-e-type=\"container\" data-settings=\"{&quot;_ha_eqh_enable&quot;:false}\">\n\t\t\t\t\t<div class=\"e-con-inner\">\n\t\t\t\t<div class=\"elementor-element elementor-element-88309fe elementor-widget elementor-widget-breadcrumbs\" data-id=\"88309fe\" data-element_type=\"widget\" data-e-type=\"widget\" data-widget_type=\"breadcrumbs.default\">\n\t\t\t\t<div class=\"elementor-widget-container\">\n\t\t\t\t\t<nav aria-label=\"ekmek k\u0131r\u0131nt\u0131lar\u0131\" class=\"rank-math-breadcrumb\"><p><span class=\"last\">Ev<\/span><\/p><\/nav>\t\t\t\t<\/div>\n\t\t\t\t<\/div>\n\t\t\t\t\t<\/div>\n\t\t\t\t<\/div>\n\t\t<div class=\"elementor-element elementor-element-41def54 e-flex e-con-boxed e-con e-parent\" data-id=\"41def54\" data-element_type=\"container\" data-e-type=\"container\" data-settings=\"{&quot;_ha_eqh_enable&quot;:false}\">\n\t\t\t\t\t<div class=\"e-con-inner\">\n\t\t\t\t<div class=\"elementor-element elementor-element-4e340a9 elementor-widget elementor-widget-heading\" data-id=\"4e340a9\" data-element_type=\"widget\" data-e-type=\"widget\" data-widget_type=\"heading.default\">\n\t\t\t\t<div class=\"elementor-widget-container\">\n\t\t\t\t\t<h1 class=\"elementor-heading-title elementor-size-default\">\u00dccretsiz Numune \u0130steyin<\/h1>\t\t\t\t<\/div>\n\t\t\t\t<\/div>\n\t\t\t\t<div class=\"elementor-element elementor-element-2c09140 elementor-widget elementor-widget-text-editor\" data-id=\"2c09140\" data-element_type=\"widget\" data-e-type=\"widget\" data-widget_type=\"text-editor.default\">\n\t\t\t\t<div class=\"elementor-widget-container\">\n\t\t\t\t\t\t\t\t\t<p>Yeboda, sipari\u015fin tamam\u0131n\u0131 tamamlad\u0131ktan sonra m\u00fc\u015fterilerimize \u00dccretsiz Numune* se\u00e7enekleri sunar. Bu, m\u00fc\u015fterinin sonu\u00e7tan daha emin olmas\u0131na yard\u0131mc\u0131 olmak i\u00e7in iste\u011fe ba\u011fl\u0131 bir i\u015flemdir. Projeniz hakk\u0131nda hemen bizimle ileti\u015fime ge\u00e7in. \u00dcr\u00fcn uzmanlar\u0131m\u0131zdan biri 1 i\u015f g\u00fcn\u00fc i\u00e7inde sizinle ileti\u015fime ge\u00e7ecektir.<\/p><p><strong>Numuneler 3 tipte mevcuttur:<\/strong><\/p><ul><li>Dijital 3D G\u00f6rselle\u015ftirme (Etkile\u015fimli 3D&#039;de sanat eseri ve cam kap stili, \u00f6rnek.)<\/li><li>Mevcut Numuneler (zaten \u00fcretti\u011fimiz cam kaplar)<\/li><li>\u00d6zel Numuneler** (tamamen sizin spesifikasyonlar\u0131n\u0131za g\u00f6re \u00f6zel numune)<\/li><\/ul><p><strong>Not:<\/strong><\/p><ul><li>Belirli ko\u015fullar ve \u00fcr\u00fcn kategorilerine tabidir. Kargo \u00fccreti dahil de\u011fildir.<\/li><li>Tam \u00fcretim sipari\u015fi verildi\u011finde \u00f6zel numune \u00fccreti iade edilecektir.<\/li><li>Geri \u00f6deme yaln\u0131zca tam \u00fcretim i\u00e7in son haline getirilen sanat eseri \u00f6rnekleri i\u00e7in ge\u00e7erlidir.<\/li><\/ul>\t\t\t\t\t\t\t\t<\/div>\n\t\t\t\t<\/div>\n\t\t\t\t\t<\/div>\n\t\t\t\t<\/div>\n\t\t<div class=\"elementor-element elementor-element-ea91219 e-flex e-con-boxed e-con e-parent\" data-id=\"ea91219\" data-element_type=\"container\" data-e-type=\"container\" data-settings=\"{&quot;_ha_eqh_enable&quot;:false}\">\n\t\t\t\t\t<div class=\"e-con-inner\">\n\t\t\t\t<div class=\"elementor-element elementor-element-7e7f6e4 elementor-widget elementor-widget-heading\" data-id=\"7e7f6e4\" data-element_type=\"widget\" data-e-type=\"widget\" data-widget_type=\"heading.default\">\n\t\t\t\t<div class=\"elementor-widget-container\">\n\t\t\t\t\t<p class=\"elementor-heading-title elementor-size-default\">Cam ambalaj\u0131n\u0131z\u0131 ba\u015flat\u0131n<br> Yeboda ile yolculuk<\/p>\t\t\t\t<\/div>\n\t\t\t\t<\/div>\n\t\t\t\t<div class=\"elementor-element elementor-element-1ca6b54 elementor-widget elementor-widget-heading\" data-id=\"1ca6b54\" data-element_type=\"widget\" data-e-type=\"widget\" data-widget_type=\"heading.default\">\n\t\t\t\t<div class=\"elementor-widget-container\">\n\t\t\t\t\t<p class=\"elementor-heading-title elementor-size-default\">\n\u00dcr\u00fcn uzman\u0131m\u0131zla hemen ileti\u015fime ge\u00e7in<\/p>\t\t\t\t<\/div>\n\t\t\t\t<\/div>\n\t\t\t\t<div class=\"elementor-element elementor-element-a48bb7c elementor-align-center elementor-widget elementor-widget-button\" data-id=\"a48bb7c\" data-element_type=\"widget\" data-e-type=\"widget\" data-widget_type=\"button.default\">\n\t\t\t\t<div class=\"elementor-widget-container\">\n\t\t\t\t\t\t\t\t\t<div class=\"elementor-button-wrapper\">\n\t\t\t\t\t<a class=\"elementor-button elementor-button-link elementor-size-sm\" href=\"https:\/\/yebodaglass.com\/tr\/contact\/\">\n\t\t\t\t\t\t<span class=\"elementor-button-content-wrapper\">\n\t\t\t\t\t\t\t\t\t<span class=\"elementor-button-text\">Ba\u015flay\u0131n<\/span>\n\t\t\t\t\t<\/span>\n\t\t\t\t\t<\/a>\n\t\t\t\t<\/div>\n\t\t\t\t\t\t\t\t<\/div>\n\t\t\t\t<\/div>\n\t\t\t\t\t<\/div>\n\t\t\t\t<\/div>\n\t\t\t\t<\/div>","protected":false},"excerpt":{"rendered":"<p>Ana Sayfa \u00dccretsiz Numune Talebi Yeboda, m\u00fc\u015fterilerimiz i\u00e7in tam sipari\u015f taahh\u00fcd\u00fcnden sonra \u00dccretsiz Numune* se\u00e7enekleri sunar. Bu, m\u00fc\u015fterinin sonu\u00e7lar\u0131 hakk\u0131nda daha emin olmas\u0131na yard\u0131mc\u0131 olmak i\u00e7in iste\u011fe ba\u011fl\u0131 bir s\u00fcre\u00e7tir. Projeniz hakk\u0131nda bizimle \u015fimdi konu\u015fun. \u00dcr\u00fcn uzmanlar\u0131m\u0131zdan biri 1 i\u015f g\u00fcn\u00fc i\u00e7inde sizinle ileti\u015fime ge\u00e7ecektir. Numuneler mevcuttur [...]<\/p>","protected":false},"author":1,"featured_media":0,"parent":0,"menu_order":0,"comment_status":"closed","ping_status":"closed","template":"elementor_header_footer","meta":{"footnotes":""},"class_list":["post-19576","page","type-page","status-publish","hentry"],"blocksy_meta":[],"jetpack_sharing_enabled":true,"_links":{"self":[{"href":"https:\/\/yebodaglass.com\/tr\/wp-json\/wp\/v2\/pages\/19576","targetHints":{"allow":["GET"]}}],"collection":[{"href":"https:\/\/yebodaglass.com\/tr\/wp-json\/wp\/v2\/pages"}],"about":[{"href":"https:\/\/yebodaglass.com\/tr\/wp-json\/wp\/v2\/types\/page"}],"author":[{"embeddable":true,"href":"https:\/\/yebodaglass.com\/tr\/wp-json\/wp\/v2\/users\/1"}],"replies":[{"embeddable":true,"href":"https:\/\/yebodaglass.com\/tr\/wp-json\/wp\/v2\/comments?post=19576"}],"version-history":[{"count":6,"href":"https:\/\/yebodaglass.com\/tr\/wp-json\/wp\/v2\/pages\/19576\/revisions"}],"predecessor-version":[{"id":20206,"href":"https:\/\/yebodaglass.com\/tr\/wp-json\/wp\/v2\/pages\/19576\/revisions\/20206"}],"wp:attachment":[{"href":"https:\/\/yebodaglass.com\/tr\/wp-json\/wp\/v2\/media?parent=19576"}],"curies":[{"name":"wp","href":"https:\/\/api.w.org\/{rel}","templated":true}]}}