{"id":19567,"date":"2025-08-22T14:17:55","date_gmt":"2025-08-22T06:17:55","guid":{"rendered":"https:\/\/yebodaglass.com\/?page_id=19567"},"modified":"2025-08-29T18:02:25","modified_gmt":"2025-08-29T10:02:25","slug":"terms-of-services","status":"publish","type":"page","link":"https:\/\/yebodaglass.com\/tr\/terms-of-services\/","title":{"rendered":"Hizmet Ko\u015fullar\u0131"},"content":{"rendered":"<div data-elementor-type=\"wp-page\" data-elementor-id=\"19567\" class=\"elementor elementor-19567\" data-elementor-settings=\"{&quot;ha_cmc_init_switcher&quot;:&quot;no&quot;}\" data-elementor-post-type=\"page\">\n\t\t\t\t<div class=\"elementor-element elementor-element-e2993ff e-flex e-con-boxed e-con e-parent\" data-id=\"e2993ff\" data-element_type=\"container\" data-e-type=\"container\" data-settings=\"{&quot;_ha_eqh_enable&quot;:false}\">\n\t\t\t\t\t<div class=\"e-con-inner\">\n\t\t\t\t<div class=\"elementor-element elementor-element-fef54fd elementor-widget elementor-widget-breadcrumbs\" data-id=\"fef54fd\" data-element_type=\"widget\" data-e-type=\"widget\" data-widget_type=\"breadcrumbs.default\">\n\t\t\t\t<div class=\"elementor-widget-container\">\n\t\t\t\t\t<nav aria-label=\"ekmek k\u0131r\u0131nt\u0131lar\u0131\" class=\"rank-math-breadcrumb\"><p><span class=\"last\">Ev<\/span><\/p><\/nav>\t\t\t\t<\/div>\n\t\t\t\t<\/div>\n\t\t\t\t\t<\/div>\n\t\t\t\t<\/div>\n\t\t<div class=\"elementor-element elementor-element-41def54 e-flex e-con-boxed e-con e-parent\" data-id=\"41def54\" data-element_type=\"container\" data-e-type=\"container\" data-settings=\"{&quot;_ha_eqh_enable&quot;:false}\">\n\t\t\t\t\t<div class=\"e-con-inner\">\n\t\t\t\t<div class=\"elementor-element elementor-element-4e340a9 elementor-widget elementor-widget-heading\" data-id=\"4e340a9\" data-element_type=\"widget\" data-e-type=\"widget\" data-widget_type=\"heading.default\">\n\t\t\t\t<div class=\"elementor-widget-container\">\n\t\t\t\t\t<h1 class=\"elementor-heading-title elementor-size-default\"> Hizmet \u015eartlar\u0131 <\/h1>\t\t\t\t<\/div>\n\t\t\t\t<\/div>\n\t\t\t\t<div class=\"elementor-element elementor-element-2c09140 elementor-widget elementor-widget-text-editor\" data-id=\"2c09140\" data-element_type=\"widget\" data-e-type=\"widget\" data-widget_type=\"text-editor.default\">\n\t\t\t\t<div class=\"elementor-widget-container\">\n\t\t\t\t\t\t\t\t\t<h2>\u00d6nemli<\/h2><p>L\u00fctfen bu H\u00fck\u00fcm ve Ko\u015fullar\u0131 dikkatlice okuyunuz. Bu web sitesine eri\u015ferek a\u015fa\u011f\u0131da belirtilen h\u00fck\u00fcm ve ko\u015fullara tabi olmay\u0131 kabul etmi\u015f olursunuz. A\u015fa\u011f\u0131da belirtilen \u015eartlar ve Ko\u015fullar\u0131 kabul etmiyorsan\u0131z, l\u00fctfen bu web sitesine eri\u015fmeyin. YEBODA, bu h\u00fck\u00fcm ve ko\u015fullar\u0131 bildirimde bulunmaks\u0131z\u0131n de\u011fi\u015ftirme, tadil etme veya tadil etme hakk\u0131n\u0131 sakl\u0131 tutar.<\/p><h2>\u015eartlar\u0131n Kabul Edilmesi<\/h2><p>Yeboda \u015firketi (\"Yeboda\"), bu web sitesi (\"Web Sitesi\") arac\u0131l\u0131\u011f\u0131yla size belirli cam ambalaj \u00fcr\u00fcnleri tedarik eder ve di\u011fer hizmetleri (\"Hizmetler\") sa\u011flar ve bu Web Sitesine ve Hizmetlere eri\u015fim ve kullan\u0131m, a\u015fa\u011f\u0131daki h\u00fck\u00fcm ve ko\u015fullar\u0131 (\"Ko\u015fullar\") kabul etmenize ve bunlara uyman\u0131za ba\u011fl\u0131 olarak size sa\u011flan\u0131r.<\/p><p>Web Sitesini kullanarak veya \u015eartlar&#039;\u0131 kabul etti\u011finizi belirterek, bu \u015eartlar&#039;\u0131 okudu\u011funuzu, kabul etti\u011finizi ve onaylad\u0131\u011f\u0131n\u0131z\u0131 beyan etmi\u015f olursunuz. Bu \u015eartlar&#039;\u0131 kabul etmiyorsan\u0131z, bu Web Sitesi&#039;ni kullanamazs\u0131n\u0131z.<\/p><p>Yeboda, bu \u015eartlar\u0131 \u00f6nceden haber vermeksizin herhangi bir zamanda de\u011fi\u015ftirme hakk\u0131n\u0131 sakl\u0131 tutar ve bu de\u011fi\u015fikliklerden sonra bu Web Sitesine veya Hizmetlere eri\u015fiminizin veya kullan\u0131m\u0131n\u0131z\u0131n devam etmesi, \u015eartlar\u0131 de\u011fi\u015ftirilmi\u015f haliyle kabul etti\u011finiz anlam\u0131na gelir. Bu \u015eartlar\u0131 d\u00fczenli olarak g\u00f6zden ge\u00e7irmek sizin sorumlulu\u011funuzdad\u0131r. Bu \u015eartlar son g\u00fcncelleme tarihi: 21.08.2020.<\/p><p>Bu \u015eartlar\u0131n bir veya daha fazlas\u0131n\u0131 kabul etmiyorsan\u0131z, bu Web Sitesine veya Hizmetlere eri\u015fmeyin veya bunlar\u0131 kullanmay\u0131n.<\/p><h2>Kay\u0131t<\/h2><p>Bir hesap (\"Hesap\") veya \u015fifre (topluca \"Kimlik Bilgileri\") olu\u015fturmak da dahil olmak \u00fczere, Web Sitesinin belirli alanlar\u0131n\u0131 kay\u0131t olmadan kullanabilirsiniz.<\/p>\t\t\t\t\t\t\t\t<\/div>\n\t\t\t\t<\/div>\n\t\t\t\t\t<\/div>\n\t\t\t\t<\/div>\n\t\t<div class=\"elementor-element elementor-element-ea91219 e-flex e-con-boxed e-con e-parent\" data-id=\"ea91219\" data-element_type=\"container\" data-e-type=\"container\" data-settings=\"{&quot;_ha_eqh_enable&quot;:false}\">\n\t\t\t\t\t<div class=\"e-con-inner\">\n\t\t\t\t<div class=\"elementor-element elementor-element-7e7f6e4 elementor-widget elementor-widget-heading\" data-id=\"7e7f6e4\" data-element_type=\"widget\" data-e-type=\"widget\" data-widget_type=\"heading.default\">\n\t\t\t\t<div class=\"elementor-widget-container\">\n\t\t\t\t\t<p class=\"elementor-heading-title elementor-size-default\">Cam ambalaj\u0131n\u0131z\u0131 ba\u015flat\u0131n<br> Yeboda ile yolculuk<\/p>\t\t\t\t<\/div>\n\t\t\t\t<\/div>\n\t\t\t\t<div class=\"elementor-element elementor-element-1ca6b54 elementor-widget elementor-widget-heading\" data-id=\"1ca6b54\" data-element_type=\"widget\" data-e-type=\"widget\" data-widget_type=\"heading.default\">\n\t\t\t\t<div class=\"elementor-widget-container\">\n\t\t\t\t\t<p class=\"elementor-heading-title elementor-size-default\">\n\u00dcr\u00fcn uzman\u0131m\u0131zla hemen ileti\u015fime ge\u00e7in<\/p>\t\t\t\t<\/div>\n\t\t\t\t<\/div>\n\t\t\t\t<div class=\"elementor-element elementor-element-a48bb7c elementor-align-center elementor-widget elementor-widget-button\" data-id=\"a48bb7c\" data-element_type=\"widget\" data-e-type=\"widget\" data-widget_type=\"button.default\">\n\t\t\t\t<div class=\"elementor-widget-container\">\n\t\t\t\t\t\t\t\t\t<div class=\"elementor-button-wrapper\">\n\t\t\t\t\t<a class=\"elementor-button elementor-button-link elementor-size-sm\" href=\"https:\/\/yebodaglass.com\/tr\/contact\/\">\n\t\t\t\t\t\t<span class=\"elementor-button-content-wrapper\">\n\t\t\t\t\t\t\t\t\t<span class=\"elementor-button-text\">Ba\u015flay\u0131n<\/span>\n\t\t\t\t\t<\/span>\n\t\t\t\t\t<\/a>\n\t\t\t\t<\/div>\n\t\t\t\t\t\t\t\t<\/div>\n\t\t\t\t<\/div>\n\t\t\t\t\t<\/div>\n\t\t\t\t<\/div>\n\t\t\t\t<\/div>","protected":false},"excerpt":{"rendered":"<p>Ana Sayfa Hizmet \u015eartlar\u0131 \u00d6nemli L\u00fctfen bu \u015eartlar ve Ko\u015fullar\u0131 dikkatlice okuyun. Bu web sitesine eri\u015ferek a\u015fa\u011f\u0131da belirtilen h\u00fck\u00fcm ve ko\u015fullara tabi olmay\u0131 kabul etmi\u015f olursunuz. A\u015fa\u011f\u0131da belirtilen \u015eartlar ve Ko\u015fullar\u0131 kabul etmiyorsan\u0131z, l\u00fctfen bu web sitesine eri\u015fmeyin. YEBODA, ko\u015fullar\u0131 de\u011fi\u015ftirme, tadil etme veya d\u00fczeltme hakk\u0131n\u0131 sakl\u0131 [...]<\/p>","protected":false},"author":1,"featured_media":0,"parent":0,"menu_order":0,"comment_status":"closed","ping_status":"closed","template":"elementor_header_footer","meta":{"footnotes":""},"class_list":["post-19567","page","type-page","status-publish","hentry"],"blocksy_meta":[],"jetpack_sharing_enabled":true,"_links":{"self":[{"href":"https:\/\/yebodaglass.com\/tr\/wp-json\/wp\/v2\/pages\/19567","targetHints":{"allow":["GET"]}}],"collection":[{"href":"https:\/\/yebodaglass.com\/tr\/wp-json\/wp\/v2\/pages"}],"about":[{"href":"https:\/\/yebodaglass.com\/tr\/wp-json\/wp\/v2\/types\/page"}],"author":[{"embeddable":true,"href":"https:\/\/yebodaglass.com\/tr\/wp-json\/wp\/v2\/users\/1"}],"replies":[{"embeddable":true,"href":"https:\/\/yebodaglass.com\/tr\/wp-json\/wp\/v2\/comments?post=19567"}],"version-history":[{"count":5,"href":"https:\/\/yebodaglass.com\/tr\/wp-json\/wp\/v2\/pages\/19567\/revisions"}],"predecessor-version":[{"id":20031,"href":"https:\/\/yebodaglass.com\/tr\/wp-json\/wp\/v2\/pages\/19567\/revisions\/20031"}],"wp:attachment":[{"href":"https:\/\/yebodaglass.com\/tr\/wp-json\/wp\/v2\/media?parent=19567"}],"curies":[{"name":"wp","href":"https:\/\/api.w.org\/{rel}","templated":true}]}}