{"id":22431,"date":"2025-10-16T17:32:53","date_gmt":"2025-10-16T09:32:53","guid":{"rendered":"https:\/\/yebodaglass.com\/?post_type=product&#038;p=22431"},"modified":"2026-04-10T14:44:12","modified_gmt":"2026-04-10T06:44:12","slug":"glass-milk-bottles-with-lids-dairy-glass-bottle-supplier","status":"publish","type":"product","link":"https:\/\/yebodaglass.com\/ru\/glass-milk-bottles-with-lids-dairy-glass-bottle-supplier\/","title":{"rendered":"\u041e\u043f\u0442\u043e\u0432\u0430\u044f \u043f\u0440\u043e\u0434\u0430\u0436\u0430 \u0441\u0442\u0435\u043a\u043b\u044f\u043d\u043d\u044b\u0445 \u0431\u0443\u0442\u044b\u043b\u043e\u043a \u0434\u043b\u044f \u043c\u043e\u043b\u043e\u043a\u0430 \u0441 \u043a\u0440\u044b\u0448\u043a\u0430\u043c\u0438, \u0437\u0430\u0449\u0438\u0449\u0430\u044e\u0449\u0438\u043c\u0438 \u043e\u0442 \u0432\u0441\u043a\u0440\u044b\u0442\u0438\u044f, \u043e\u0431\u044a\u0435\u043c\u043e\u043c 100-930 \u043c\u043b."},"content":{"rendered":"<p>\u0423\u0441\u0442\u0430\u043b\u0438 \u043e\u0442 \u043f\u0440\u043e\u043b\u0438\u0432\u0430\u044e\u0449\u0435\u0433\u043e\u0441\u044f \u0438\u043b\u0438 \u0437\u0430\u0441\u0442\u043e\u044f\u0432\u0448\u0435\u0433\u043e\u0441\u044f \u043c\u043e\u043b\u043e\u043a\u0430 \u0432 \u0431\u0443\u0442\u044b\u043b\u043a\u0430\u0445? \u041c\u044b \u043f\u0440\u043e\u0438\u0437\u0432\u043e\u0434\u0438\u043c \u0441\u0442\u0435\u043a\u043b\u044f\u043d\u043d\u044b\u0435 \u0431\u0443\u0442\u044b\u043b\u043a\u0438 \u0434\u043b\u044f \u043c\u043e\u043b\u043e\u043a\u0430 \u0441 \u043f\u0440\u043e\u0442\u0438\u0432\u043e\u0432\u0437\u043b\u043e\u043c\u043d\u043e\u0439 \u0440\u0435\u0437\u044c\u0431\u043e\u0439 \u2014 \u0431\u043e\u043b\u044c\u0448\u0435 \u043d\u0438\u043a\u0430\u043a\u043e\u0433\u043e \u043f\u043e\u0442\u0435\u0440\u044f\u043d\u043d\u043e\u0433\u043e \u043c\u043e\u043b\u043e\u043a\u0430. \u042d\u0442\u0438 \u0441\u0442\u0435\u043a\u043b\u044f\u043d\u043d\u044b\u0435 \u0431\u0443\u0442\u044b\u043b\u043a\u0438 \u0434\u043b\u044f \u043c\u043e\u043b\u043e\u0447\u043d\u044b\u0445 \u043f\u0440\u043e\u0434\u0443\u043a\u0442\u043e\u0432 \u043f\u0440\u0435\u0432\u0440\u0430\u0449\u0430\u044e\u0442 \u0440\u043e\u0437\u043b\u0438\u0432 \u043d\u0430\u043f\u0438\u0442\u043a\u043e\u0432 \u0432 \u043d\u0430\u0434\u0435\u0436\u043d\u043e\u0435 \u0434\u0435\u043b\u043e. \u041f\u0440\u0438 \u043e\u043f\u0442\u043e\u0432\u044b\u0445 \u0437\u0430\u043a\u0430\u0437\u0430\u0445 \u0432\u044b \u043f\u043e\u043b\u0443\u0447\u0430\u0435\u0442\u0435 \u0441\u0442\u0435\u043a\u043b\u044f\u043d\u043d\u044b\u0435 \u0431\u0443\u0442\u044b\u043b\u043a\u0438 \u0441 \u0438\u043d\u0434\u0438\u0432\u0438\u0434\u0443\u0430\u043b\u044c\u043d\u044b\u043c \u0434\u0438\u0437\u0430\u0439\u043d\u043e\u043c, \u0441\u043e\u043e\u0442\u0432\u0435\u0442\u0441\u0442\u0432\u0443\u044e\u0449\u0438\u043c \u0441\u0442\u0438\u043b\u044e \u0432\u0430\u0448\u0435\u0433\u043e \u0431\u0440\u0435\u043d\u0434\u0430.<\/p>\n<h2>\u041e\u0441\u043e\u0431\u0435\u043d\u043d\u043e\u0441\u0442\u0438 \u043f\u0440\u043e\u0434\u0443\u043a\u0442\u0430<\/h2>\n<ol>\n<li><strong>\u041a\u043e\u043d\u0441\u0442\u0440\u0443\u043a\u0446\u0438\u044f \u0433\u043e\u0440\u043b\u043e\u0432\u0438\u043d\u044b \u0441 \u0437\u0430\u0449\u0438\u0442\u043e\u0439 \u043e\u0442 \u0432\u0441\u043a\u0440\u044b\u0442\u0438\u044f:\u00a0<\/strong>\u0421\u043e\u0445\u0440\u0430\u043d\u044f\u0435\u0442 \u043f\u0440\u043e\u0434\u0443\u043a\u0442 \u0432 \u0431\u0435\u0437\u043e\u043f\u0430\u0441\u043d\u043e\u0441\u0442\u0438 \u0438 \u0441\u0432\u0435\u0436\u0435\u0441\u0442\u0438 \u0441 \u043c\u043e\u043c\u0435\u043d\u0442\u0430 \u0435\u0433\u043e \u0433\u0435\u0440\u043c\u0435\u0442\u0438\u0447\u043d\u043e\u0439 \u0443\u043f\u0430\u043a\u043e\u0432\u043a\u0438 \u0441 \u043f\u043e\u043c\u043e\u0449\u044c\u044e \u0433\u0435\u0440\u043c\u0435\u0442\u0438\u0447\u043d\u043e \u0437\u0430\u043a\u0440\u044b\u0442\u043e\u0439 \u043e\u0434\u043d\u043e\u0440\u0430\u0437\u043e\u0432\u043e\u0439 \u043f\u043b\u043e\u043c\u0431\u044b.<\/li>\n<li><strong>\u0422\u0432\u0435\u0440\u0434\u044b\u0439 \u0438 \u043f\u0440\u0438\u0433\u043e\u0434\u043d\u044b\u0439 \u0434\u043b\u044f \u0432\u0442\u043e\u0440\u0438\u0447\u043d\u043e\u0439 \u043f\u0435\u0440\u0435\u0440\u0430\u0431\u043e\u0442\u043a\u0438:\u00a0<\/strong>\u0418\u0437\u0433\u043e\u0442\u043e\u0432\u043b\u0435\u043d\u043e \u0438\u0437 \u0442\u043e\u043b\u0441\u0442\u043e\u0433\u043e \u0432\u044b\u0441\u043e\u043a\u043e\u043a\u0430\u0447\u0435\u0441\u0442\u0432\u0435\u043d\u043d\u043e\u0433\u043e \u0441\u0442\u0435\u043a\u043b\u0430, \u0434\u043e\u043b\u0433\u043e\u0432\u0435\u0447\u043d\u043e \u0438 \u0443\u0434\u043e\u0431\u043d\u043e \u0432 \u0438\u0441\u043f\u043e\u043b\u044c\u0437\u043e\u0432\u0430\u043d\u0438\u0438.<\/li>\n<li><strong>\u0428\u0438\u0440\u043e\u043a\u0438\u0439 \u0441\u043f\u0435\u043a\u0442\u0440 \u043f\u0440\u0438\u043c\u0435\u043d\u0435\u043d\u0438\u044f:\u00a0<\/strong>\u0418\u0434\u0435\u0430\u043b\u044c\u043d\u043e \u043f\u043e\u0434\u0445\u043e\u0434\u0438\u0442 \u0434\u043b\u044f \u043c\u043e\u043b\u043e\u043a\u0430, \u0441\u043c\u0443\u0437\u0438, \u043a\u043e\u0444\u0435, \u0441\u043e\u043a\u0430, \u0432\u043e\u0434\u044b \u0438 \u0434\u0440\u0443\u0433\u0438\u0445 \u043d\u0430\u043f\u0438\u0442\u043a\u043e\u0432.<\/li>\n<li><strong>\u041c\u0430\u0440\u043a\u0435\u0442\u0438\u043d\u0433\u043e\u0432\u044b\u0435 \u043f\u0440\u0435\u0438\u043c\u0443\u0449\u0435\u0441\u0442\u0432\u0430:\u00a0<\/strong>J\u00f6v\u0151beli n\u00f6veked\u00e9si integr\u00e1ci\u00f3<\/li>\n<\/ol>\n<h2>\u041e\u0441\u043d\u043e\u0432\u043d\u044b\u0435 \u0445\u0430\u0440\u0430\u043a\u0442\u0435\u0440\u0438\u0441\u0442\u0438\u043a\u0438<\/h2>\n<table style=\"border-collapse: collapse; width: 80%; margin-left: auto; margin-right: auto;\" border=\"0\" width=\"288\" cellspacing=\"0\" cellpadding=\"0\">\n<tbody>\n<tr style=\"height: 13.50pt;\">\n<td style=\"height: 13.5pt; width: 54pt; text-align: center;\" width=\"72\" height=\"18\">\u041c\u043e\u0434\u0435\u043b\u044c<\/td>\n<td style=\"width: 54pt; text-align: center;\" width=\"72\">\u0415\u043c\u043a\u043e\u0441\u0442\u044c (\u043c\u043b)<\/td>\n<td style=\"width: 54pt; text-align: center;\" width=\"72\">\u0420\u0430\u0437\u043c\u0435\u0440 (\u0441\u043c)<\/td>\n<td style=\"width: 54pt; text-align: center;\" width=\"72\">\u0422\u0438\u043f \u0448\u0435\u0438<\/td>\n<\/tr>\n<tr style=\"height: 13.50pt;\">\n<td style=\"height: 13.5pt; text-align: center;\" align=\"right\" height=\"18\">64010012<\/td>\n<td style=\"text-align: center;\" align=\"right\">100<\/td>\n<td style=\"text-align: center;\">4.5&#215;4.5&#215;10.5<\/td>\n<td class=\"et2\" style=\"text-align: center;\" rowspan=\"7\">\u041f\u043b\u0430\u0441\u0442\u0438\u043a\u043e\u0432\u0430\u044f \u0437\u0430\u0432\u0438\u043d\u0447\u0438\u0432\u0430\u044e\u0449\u0430\u044f\u0441\u044f \u043a\u0440\u044b\u0448\u043a\u0430 \u0441 \u0437\u0430\u0449\u0438\u0442\u043e\u0439 \u043e\u0442 \u0432\u0441\u043a\u0440\u044b\u0442\u0438\u044f<\/td>\n<\/tr>\n<tr style=\"height: 13.50pt;\">\n<td style=\"height: 13.5pt; text-align: center;\" align=\"right\" height=\"18\">64024013<\/td>\n<td style=\"text-align: center;\" align=\"right\">240<\/td>\n<td style=\"text-align: center;\">5.4x5x14.4<\/td>\n<\/tr>\n<tr style=\"height: 13.50pt;\">\n<td style=\"height: 13.5pt; text-align: center;\" align=\"right\" height=\"18\">64030014<\/td>\n<td style=\"text-align: center;\" align=\"right\">300<\/td>\n<td style=\"text-align: center;\">5.9&#215;5.9&#215;15.9<\/td>\n<\/tr>\n<tr style=\"height: 13.50pt;\">\n<td style=\"height: 13.5pt; text-align: center;\" align=\"right\" height=\"18\">64036015<\/td>\n<td style=\"text-align: center;\" align=\"right\">360<\/td>\n<td style=\"text-align: center;\">6.1&#215;5.7&#215;16.6<\/td>\n<\/tr>\n<tr style=\"height: 13.50pt;\">\n<td style=\"height: 13.5pt; text-align: center;\" align=\"right\" height=\"18\">64040016<\/td>\n<td style=\"text-align: center;\" align=\"right\">400<\/td>\n<td style=\"text-align: center;\">6.5&#215;6.2&#215;17.1<\/td>\n<\/tr>\n<tr style=\"height: 13.50pt;\">\n<td style=\"height: 13.5pt; text-align: center;\" align=\"right\" height=\"18\">64050017<\/td>\n<td style=\"text-align: center;\" align=\"right\">500<\/td>\n<td style=\"text-align: center;\">6.8&#215;6.8&#215;18.6<\/td>\n<\/tr>\n<tr style=\"height: 13.50pt;\">\n<td style=\"height: 13.5pt; text-align: center;\" align=\"right\" height=\"18\">64093018<\/td>\n<td style=\"text-align: center;\" align=\"right\">930<\/td>\n<td style=\"text-align: center;\">8.3&#215;8.3&#215;21.9<\/td>\n<\/tr>\n<\/tbody>\n<\/table>\n<h2>\u0423\u0441\u043f\u0435\u0448\u043d\u044b\u0439 \u0441\u043b\u0443\u0447\u0430\u0439<\/h2>\n<p>\u0411\u044b\u0441\u0442\u0440\u043e\u0440\u0430\u0441\u0442\u0443\u0449\u0438\u0439 \u0430\u0432\u0441\u0442\u0440\u0430\u043b\u0438\u0439\u0441\u043a\u0438\u0439 \u043c\u043e\u043b\u043e\u0447\u043d\u044b\u0439 \u0431\u0440\u0435\u043d\u0434 \u043e\u0431\u0440\u0430\u0442\u0438\u043b\u0441\u044f \u043a \u043d\u0430\u043c \u0441 \u043f\u0440\u043e\u0441\u044c\u0431\u043e\u0439 \u0440\u0430\u0437\u0440\u0430\u0431\u043e\u0442\u0430\u0442\u044c \u043d\u043e\u0432\u0443\u044e \u043b\u0438\u043d\u0435\u0439\u043a\u0443 \u043a\u043b\u0443\u0431\u043d\u0438\u0447\u043d\u043e\u0433\u043e \u043c\u043e\u043b\u043e\u043a\u0430. \u041e\u0434\u043d\u043e\u0439 \u0438\u0437 \u0433\u043b\u0430\u0432\u043d\u044b\u0445 \u0437\u0430\u0434\u0430\u0447 \u0431\u044b\u043b\u043e \u0441\u043e\u0437\u0434\u0430\u043d\u0438\u0435 \u0432\u044b\u0441\u043e\u043a\u043e\u043a\u0430\u0447\u0435\u0441\u0442\u0432\u0435\u043d\u043d\u043e\u0439, \u0433\u0435\u0440\u043c\u0435\u0442\u0438\u0447\u043d\u043e\u0439 \u0441\u0442\u0435\u043a\u043b\u044f\u043d\u043d\u043e\u0439 \u0443\u043f\u0430\u043a\u043e\u0432\u043a\u0438, \u043a\u043e\u0442\u043e\u0440\u0430\u044f \u043d\u0435 \u0442\u043e\u043b\u044c\u043a\u043e \u0441\u043e\u0445\u0440\u0430\u043d\u044f\u043b\u0430 \u0431\u044b \u0441\u0432\u0435\u0436\u0435\u0441\u0442\u044c, \u043d\u043e \u0438 \u0434\u0435\u043b\u0430\u043b\u0430 \u043f\u0440\u043e\u0434\u0443\u043a\u0442 \u0432\u0438\u0437\u0443\u0430\u043b\u044c\u043d\u043e \u043f\u0440\u0438\u0432\u043b\u0435\u043a\u0430\u0442\u0435\u043b\u044c\u043d\u044b\u043c \u043d\u0430 \u043f\u043e\u043b\u043a\u0435. \u041e\u043d\u0438 \u0432\u044b\u0431\u0440\u0430\u043b\u0438 \u0441\u0442\u0435\u043a\u043b\u044f\u043d\u043d\u0443\u044e \u0431\u0443\u0442\u044b\u043b\u043a\u0443 \u0434\u043b\u044f \u043c\u043e\u043b\u043e\u043a\u0430 \u043e\u0431\u044a\u0435\u043c\u043e\u043c 500 \u043c\u043b \u0438 \u0443\u043a\u0440\u0430\u0441\u0438\u043b\u0438 \u043f\u043e\u0432\u0435\u0440\u0445\u043d\u043e\u0441\u0442\u044c \u0441\u0442\u0435\u043a\u043b\u0430 \u043d\u0430\u043a\u043b\u0435\u0439\u043a\u0430\u043c\u0438 \u0441 \u043b\u043e\u0433\u043e\u0442\u0438\u043f\u043e\u043c \u0438 \u0445\u0430\u0440\u0430\u043a\u0442\u0435\u0440\u0438\u0441\u0442\u0438\u043a\u0430\u043c\u0438 \u043f\u0440\u043e\u0434\u0443\u043a\u0442\u0430, \u0447\u0442\u043e \u043f\u043e\u043c\u043e\u0433\u043b\u043e \u043f\u043e\u0434\u0447\u0435\u0440\u043a\u043d\u0443\u0442\u044c \u0435\u0441\u0442\u0435\u0441\u0442\u0432\u0435\u043d\u043d\u044b\u0439 \u0440\u043e\u0437\u043e\u0432\u044b\u0439 \u0446\u0432\u0435\u0442 \u043a\u043b\u0443\u0431\u043d\u0438\u0447\u043d\u043e\u0433\u043e \u043c\u043e\u043b\u043e\u043a\u0430. \u0411\u0443\u0442\u044b\u043b\u043a\u0430 \u0438\u043c\u0435\u043b\u0430 \u0440\u0435\u0437\u044c\u0431\u0443 \u0441 \u0437\u0430\u0449\u0438\u0442\u043e\u0439 \u043e\u0442 \u0432\u0441\u043a\u0440\u044b\u0442\u0438\u044f \u0438 \u0442\u043e\u0447\u043d\u043e \u0441\u043f\u0440\u043e\u0435\u043a\u0442\u0438\u0440\u043e\u0432\u0430\u043d\u043d\u043e\u0435 \u0433\u043e\u0440\u043b\u044b\u0448\u043a\u043e \u0434\u043b\u044f \u0433\u0435\u0440\u043c\u0435\u0442\u0438\u0447\u043d\u043e\u0433\u043e \u0437\u0430\u043a\u0440\u044b\u0442\u0438\u044f, \u0430 \u043a\u0440\u044b\u0448\u043a\u0430 \u0440\u0430\u0441\u043f\u043e\u043b\u0430\u0433\u0430\u043b\u0430\u0441\u044c \u0442\u0430\u043a\u0438\u043c \u043e\u0431\u0440\u0430\u0437\u043e\u043c, \u0447\u0442\u043e\u0431\u044b \u043f\u0440\u0435\u0434\u043e\u0442\u0432\u0440\u0430\u0442\u0438\u0442\u044c \u043d\u0435\u0441\u0430\u043d\u043a\u0446\u0438\u043e\u043d\u0438\u0440\u043e\u0432\u0430\u043d\u043d\u043e\u0435 \u0432\u0441\u043a\u0440\u044b\u0442\u0438\u0435.<\/p>\n<p>\u0412 \u043f\u0435\u0440\u0432\u043e\u043c \u043a\u0432\u0430\u0440\u0442\u0430\u043b\u0435 \u043a\u043e\u043b\u0438\u0447\u0435\u0441\u0442\u0432\u043e \u0436\u0430\u043b\u043e\u0431 \u043d\u0430 \u0443\u0442\u0435\u0447\u043a\u0438 \u0441\u043e\u043a\u0440\u0430\u0442\u0438\u043b\u043e\u0441\u044c \u043d\u0430 95%, \u0430 \u043e\u0431\u044a\u0435\u043c \u043e\u043f\u0442\u043e\u0432\u044b\u0445 \u0437\u0430\u043a\u0430\u0437\u043e\u0432 \u0443\u0432\u0435\u043b\u0438\u0447\u0438\u043b\u0441\u044f \u043d\u0430 50%.<\/p>\n<h2>\u0412\u0430\u0448\u0430 \u043a\u043d\u0438\u0433\u0430 \u043f\u043e \u043d\u0430\u0441\u0442\u0440\u043e\u0439\u043a\u0435<\/h2>\n<ul>\n<li><strong>\u041a\u043b\u0443\u0431\u043d\u0438\u0447\u043d\u044b\u0435 \u0441\u0435\u0437\u043e\u043d\u043d\u044b\u0435 \u0433\u0440\u0443\u043f\u043f\u044b: <\/strong>\u0414\u043e\u0431\u0430\u0432\u044c\u0442\u0435 \u0440\u043e\u0437\u043e\u0432\u044b\u0435 \u043f\u043e\u043b\u043e\u0441\u043a\u0438 \u043d\u0430 \u0441\u0442\u0435\u043a\u043b\u044f\u043d\u043d\u0443\u044e \u0431\u0443\u0442\u044b\u043b\u043a\u0443 \u043a\u043b\u0443\u0431\u043d\u0438\u0447\u043d\u043e\u0433\u043e \u043c\u043e\u043b\u043e\u043a\u0430 (\u043d\u0430\u043f\u0440\u0438\u043c\u0435\u0440, \u00ab\u041b\u0435\u0442\u043d\u044f\u044f \u043a\u043b\u0443\u0431\u043d\u0438\u043a\u0430\u00bb). \u0421\u043a\u0430\u0436\u0438\u0442\u0435 \u043f\u043e\u043a\u0443\u043f\u0430\u0442\u0435\u043b\u044f\u043c: \u00ab\u0421\u0432\u0435\u0436\u0435\u0435 \u043c\u043e\u043b\u043e\u043a\u043e, \u0441\u0432\u0435\u0436\u0430\u044f \u0440\u0430\u0434\u043e\u0441\u0442\u044c\u00bb.<\/li>\n<li><strong>\u041d\u0430\u0431\u043e\u0440\u044b \u00ab\u0421\u0435\u043c\u0435\u0439\u043d\u043e\u0433\u043e \u0440\u0430\u0437\u043c\u0435\u0440\u0430\u00bb: <\/strong>\u0421\u043e\u0437\u0434\u0430\u0439\u0442\u0435 \u043d\u0430\u0431\u043e\u0440 \u00ab\u041a\u0432\u0430\u0440\u0442\u0430 \u0438 \u043f\u043e\u043b\u0433\u0430\u043b\u043b\u043e\u043d\u0430\u00bb, \u0432\u043a\u043b\u044e\u0447\u0430\u044e\u0449\u0438\u0439 \u0434\u0432\u0435 \u0431\u0443\u0442\u044b\u043b\u043a\u0438 \u043c\u043e\u043b\u043e\u043a\u0430 \u043f\u043e 500 \u043c\u043b \u0438 \u043e\u0434\u043d\u0443 \u0431\u0443\u0442\u044b\u043b\u043a\u0443 930 \u043c\u043b \u2014 \u0438\u0434\u0435\u0430\u043b\u044c\u043d\u043e \u043f\u043e\u0434\u0445\u043e\u0434\u0438\u0442 \u0434\u043b\u044f \u0443\u0434\u043e\u0432\u043b\u0435\u0442\u0432\u043e\u0440\u0435\u043d\u0438\u044f \u043f\u043e\u0442\u0440\u0435\u0431\u043d\u043e\u0441\u0442\u0435\u0439 \u0432 \u043e\u0431\u044a\u0435\u043c\u0435 \u0432 \u043f\u0438\u043d\u0442\u0443 \u0438 \u043a\u0432\u0430\u0440\u0442\u0443.<\/li>\n<\/ul>\n<p>&nbsp;<\/p>","protected":false},"excerpt":{"rendered":"<p>\u041f\u0440\u043e\u0447\u043d\u044b\u0435 \u0441\u0442\u0435\u043a\u043b\u044f\u043d\u043d\u044b\u0435 \u0431\u0443\u0442\u044b\u043b\u043a\u0438 \u0434\u043b\u044f \u043c\u043e\u043b\u043e\u043a\u0430 \u0441 \u043a\u0440\u044b\u0448\u043a\u043e\u0439, \u043e\u0431\u0435\u0441\u043f\u0435\u0447\u0438\u0432\u0430\u044e\u0449\u0435\u0439 \u0437\u0430\u0449\u0438\u0442\u0443 \u043e\u0442 \u0432\u0441\u043a\u0440\u044b\u0442\u0438\u044f, \u0438\u0434\u0435\u0430\u043b\u044c\u043d\u043e \u043f\u043e\u0434\u0445\u043e\u0434\u044f\u0442 \u0434\u043b\u044f \u0443\u043f\u0430\u043a\u043e\u0432\u043a\u0438 \u043c\u043e\u043b\u043e\u0447\u043d\u044b\u0445 \u043f\u0440\u043e\u0434\u0443\u043a\u0442\u043e\u0432, \u0441\u043e\u043a\u043e\u0432, \u0447\u0430\u044f, \u043a\u043e\u0444\u0435 \u0438 \u0434\u0440\u0443\u0433\u0438\u0445 \u043d\u0430\u043f\u0438\u0442\u043a\u043e\u0432. \u0412\u043e\u0437\u043c\u043e\u0436\u043d\u043e \u0438\u0437\u0433\u043e\u0442\u043e\u0432\u043b\u0435\u043d\u0438\u0435 \u043d\u0430 \u0437\u0430\u043a\u0430\u0437 \u0438 \u043e\u043f\u0442\u043e\u0432\u044b\u0435 \u0437\u0430\u043a\u0430\u0437\u044b.<\/p>","protected":false},"featured_media":22437,"template":"","meta":[],"product_brand":[],"product_cat":[131,123,122],"product_tag":[],"class_list":{"0":"post-22431","1":"product","2":"type-product","3":"status-publish","4":"has-post-thumbnail","6":"product_cat-glass-milk-bottles","7":"product_cat-custom-glass-bottles","8":"product_cat-custom-glass-packaging","10":"first","11":"instock","12":"shipping-taxable","13":"product-type-simple"},"jetpack_sharing_enabled":true,"_links":{"self":[{"href":"https:\/\/yebodaglass.com\/ru\/wp-json\/wp\/v2\/product\/22431","targetHints":{"allow":["GET"]}}],"collection":[{"href":"https:\/\/yebodaglass.com\/ru\/wp-json\/wp\/v2\/product"}],"about":[{"href":"https:\/\/yebodaglass.com\/ru\/wp-json\/wp\/v2\/types\/product"}],"version-history":[{"count":5,"href":"https:\/\/yebodaglass.com\/ru\/wp-json\/wp\/v2\/product\/22431\/revisions"}],"predecessor-version":[{"id":25737,"href":"https:\/\/yebodaglass.com\/ru\/wp-json\/wp\/v2\/product\/22431\/revisions\/25737"}],"wp:featuredmedia":[{"embeddable":true,"href":"https:\/\/yebodaglass.com\/ru\/wp-json\/wp\/v2\/media\/22437"}],"wp:attachment":[{"href":"https:\/\/yebodaglass.com\/ru\/wp-json\/wp\/v2\/media?parent=22431"}],"wp:term":[{"taxonomy":"product_brand","embeddable":true,"href":"https:\/\/yebodaglass.com\/ru\/wp-json\/wp\/v2\/product_brand?post=22431"},{"taxonomy":"product_cat","embeddable":true,"href":"https:\/\/yebodaglass.com\/ru\/wp-json\/wp\/v2\/product_cat?post=22431"},{"taxonomy":"product_tag","embeddable":true,"href":"https:\/\/yebodaglass.com\/ru\/wp-json\/wp\/v2\/product_tag?post=22431"}],"curies":[{"name":"wp","href":"https:\/\/api.w.org\/{rel}","templated":true}]}}