{"id":22391,"date":"2025-10-16T10:42:19","date_gmt":"2025-10-16T02:42:19","guid":{"rendered":"https:\/\/yebodaglass.com\/?post_type=product&#038;p=22391"},"modified":"2025-11-04T11:58:15","modified_gmt":"2025-11-04T03:58:15","slug":"glass-milk-bottles-for-milk-juice-smoothies","status":"publish","type":"product","link":"https:\/\/yebodaglass.com\/ru\/glass-milk-bottles-for-milk-juice-smoothies\/","title":{"rendered":"A partners\u00e9gi modell maximaliz\u00e1l\u00e1sa egy tejespalack-gy\u00e1rt\u00f3val"},"content":{"rendered":"<p>\u0423\u0441\u0442\u0430\u043b\u0438 \u043e\u0442 \u043f\u0440\u043e\u0442\u0435\u043a\u0430\u044e\u0449\u0438\u0445 \u0438\u043b\u0438 \u0442\u0440\u0435\u0441\u043a\u0430\u044e\u0449\u0438\u0445\u0441\u044f \u043c\u043e\u043b\u043e\u0447\u043d\u044b\u0445 \u0431\u0443\u0442\u044b\u043b\u043e\u043a? \u041c\u044b \u0438\u0437\u0433\u043e\u0442\u0430\u0432\u043b\u0438\u0432\u0430\u0435\u043c \u0441\u0442\u0435\u043a\u043b\u044f\u043d\u043d\u044b\u0435 \u0431\u0443\u0442\u044b\u043b\u043a\u0438 \u0434\u043b\u044f \u043c\u043e\u043b\u043e\u043a\u0430 \u0441 \u0442\u043e\u043b\u0441\u0442\u044b\u043c\u0438 \u0441\u0442\u0435\u043d\u043a\u0430\u043c\u0438 \u2014 \u0431\u043e\u043b\u044c\u0448\u0435 \u043d\u0438\u043a\u0430\u043a\u0438\u0445 \u0440\u0430\u0437\u043c\u043e\u043a\u0448\u0438\u0445 \u043a\u0430\u0440\u0442\u043e\u043d\u043d\u044b\u0445 \u043a\u043e\u0440\u043e\u0431\u043e\u043a. \u042d\u0442\u0438 \u0441\u0442\u0435\u043a\u043b\u044f\u043d\u043d\u044b\u0435 \u0431\u0443\u0442\u044b\u043b\u043a\u0438 \u0434\u043b\u044f \u043c\u043e\u043b\u043e\u043a\u0430 \u043f\u0440\u0435\u0432\u0440\u0430\u0442\u044f\u0442 \u0445\u0440\u0430\u043d\u0435\u043d\u0438\u0435 \u043d\u0430\u043f\u0438\u0442\u043a\u043e\u0432 \u0432 \u043d\u0435\u0437\u0430\u0431\u044b\u0432\u0430\u0435\u043c\u044b\u0435 \u043c\u043e\u043c\u0435\u043d\u0442\u044b. \u041f\u0440\u0438 \u043e\u043f\u0442\u043e\u0432\u044b\u0445 \u0437\u0430\u043a\u0430\u0437\u0430\u0445 \u043c\u044b \u0438\u0437\u0433\u043e\u0442\u043e\u0432\u0438\u043c \u0441\u0442\u0435\u043a\u043b\u044f\u043d\u043d\u044b\u0435 \u0431\u0443\u0442\u044b\u043b\u043a\u0438 \u043f\u043e \u0438\u043d\u0434\u0438\u0432\u0438\u0434\u0443\u0430\u043b\u044c\u043d\u043e\u043c\u0443 \u0437\u0430\u043a\u0430\u0437\u0443, \u043a\u043e\u0442\u043e\u0440\u044b\u0435 \u0431\u0443\u0434\u0443\u0442 \u0441\u043e\u043e\u0442\u0432\u0435\u0442\u0441\u0442\u0432\u043e\u0432\u0430\u0442\u044c \u0437\u0430\u044f\u0432\u043b\u0435\u043d\u043d\u043e\u0439 \u0432\u0430\u0448\u0438\u043c \u0431\u0440\u0435\u043d\u0434\u043e\u043c \u0441\u0432\u0435\u0436\u0435\u0441\u0442\u0438.<\/p>\n<h2>\u041e\u0441\u043e\u0431\u0435\u043d\u043d\u043e\u0441\u0442\u0438 \u043f\u0440\u043e\u0434\u0443\u043a\u0442\u0430<\/h2>\n<p><strong>\u0413\u0435\u0440\u043c\u0435\u0442\u0438\u0447\u043d\u0430\u044f \u043a\u043e\u043d\u0441\u0442\u0440\u0443\u043a\u0446\u0438\u044f \u043e\u0431\u0435\u0441\u043f\u0435\u0447\u0438\u0432\u0430\u0435\u0442 \u043f\u0440\u043e\u0441\u0442\u043e\u0442\u0443 \u0438 \u043f\u043e\u0440\u044f\u0434\u043e\u043a.<\/strong><\/p>\n<p>\u0420\u0435\u0437\u044c\u0431\u043e\u0432\u043e\u0435 \u0433\u043e\u0440\u043b\u044b\u0448\u043a\u043e \u044d\u0444\u0444\u0435\u043a\u0442\u0438\u0432\u043d\u043e \u0438\u0437\u043e\u043b\u0438\u0440\u0443\u0435\u0442 \u0432\u043e\u0437\u0434\u0443\u0445, \u0443\u0441\u0442\u0440\u0430\u043d\u044f\u044f \u043f\u0440\u043e\u0431\u043b\u0435\u043c\u044b \u0441 \u0437\u0430\u043f\u0430\u0445\u043e\u043c.<\/p>\n<p><strong>\u0422\u043e\u043b\u0441\u0442\u043e\u0435 \u0441\u0442\u0435\u043a\u043b\u043e \u0434\u043b\u044f \u043d\u0443\u043b\u0435\u0432\u044b\u0445 \u043e\u0442\u0445\u043e\u0434\u043e\u0432<\/strong><\/p>\n<p>\u0422\u043e\u043b\u0441\u0442\u044b\u0435 \u0441\u0442\u0435\u043d\u043a\u0438 \u0433\u0430\u0440\u0430\u043d\u0442\u0438\u0440\u0443\u044e\u0442 \u0431\u0435\u0437\u043e\u043f\u0430\u0441\u043d\u043e\u0441\u0442\u044c \u0434\u0430\u0436\u0435 \u043f\u0440\u0438 \u0443\u0434\u0430\u0440\u0430\u0445 \u043e\u0442 \u0442\u0435\u043b\u0435\u0436\u043a\u0438. \u041f\u043e\u043a\u0443\u043f\u0430\u0442\u0435\u043b\u0438 \u043c\u043e\u0433\u0443\u0442 \u0438\u0441\u043f\u043e\u043b\u044c\u0437\u043e\u0432\u0430\u0442\u044c \u0435\u0451 \u043f\u043e\u0432\u0442\u043e\u0440\u043d\u043e \u043a\u0430\u043a \u0431\u0430\u043d\u043a\u0443 \u0434\u043b\u044f \u0441\u043c\u0443\u0437\u0438, \u044d\u043a\u043e\u043d\u043e\u043c\u044f \u043d\u0430 \u0437\u0430\u043c\u0435\u043d\u0435.<\/p>\n<p><strong>\u0414\u043e\u0441\u0442\u0443\u043f\u043d\u044b \u0440\u0430\u0437\u043b\u0438\u0447\u043d\u044b\u0435 \u0440\u0430\u0437\u043c\u0435\u0440\u044b<\/strong><\/p>\n<p>\u041c\u044b \u043f\u0440\u0435\u0434\u043b\u0430\u0433\u0430\u0435\u043c \u043d\u0435\u0431\u043e\u043b\u044c\u0448\u0438\u0435 \u0440\u0430\u0437\u043c\u0435\u0440\u044b \u043e\u0442 200 \u043c\u043b \u0434\u043e 310 \u043c\u043b, \u0438\u0434\u0435\u0430\u043b\u044c\u043d\u043e \u043f\u043e\u0434\u0445\u043e\u0434\u044f\u0449\u0438\u0435 \u0434\u043b\u044f \u0440\u0430\u0437\u043e\u0432\u043e\u0439 \u043f\u043e\u0440\u0446\u0438\u0438 \u043c\u043e\u043b\u043e\u043a\u0430, \u0438 \u0431\u043e\u043b\u044c\u0448\u0438\u0435 \u0440\u0430\u0437\u043c\u0435\u0440\u044b \u043e\u0442 500 \u043c\u043b \u0434\u043e 1000 \u043c\u043b, \u0438\u0434\u0435\u0430\u043b\u044c\u043d\u043e \u043f\u043e\u0434\u0445\u043e\u0434\u044f\u0449\u0438\u0435 \u0434\u043b\u044f \u0441\u0435\u043c\u0435\u0439\u043d\u043e\u0433\u043e \u0438\u0441\u043f\u043e\u043b\u044c\u0437\u043e\u0432\u0430\u043d\u0438\u044f.<\/p>\n<p><strong>\u0412\u0430\u0448 \u0431\u0440\u0435\u043d\u0434 \u0432\u044b\u0445\u043e\u0434\u0438\u0442 \u0437\u0430 \u0440\u0430\u043c\u043a\u0438 \u0431\u0443\u0442\u044b\u043b\u043a\u0438<\/strong><\/p>\n<p>\u0414\u043e\u0431\u0430\u0432\u044c\u0442\u0435 \u0441\u0432\u043e\u0439 \u043b\u043e\u0433\u043e\u0442\u0438\u043f \u043d\u0430 \u0441\u0442\u0435\u043a\u043b\u044f\u043d\u043d\u0443\u044e \u0431\u0443\u0442\u044b\u043b\u043a\u0443 \u043c\u043e\u043b\u043e\u043a\u0430, \u0438 \u043f\u043e\u043a\u0443\u043f\u0430\u0442\u0435\u043b\u0438 \u0441\u0440\u0430\u0437\u0443 \u043d\u0430\u0439\u0434\u0443\u0442 \u0432\u0430\u0441 \u043d\u0430 \u043f\u043e\u043b\u043a\u0435.<\/p>\n<h2>\u041e\u0441\u043d\u043e\u0432\u043d\u044b\u0435 \u0445\u0430\u0440\u0430\u043a\u0442\u0435\u0440\u0438\u0441\u0442\u0438\u043a\u0438<\/h2>\n<table style=\"border-collapse: collapse; width: 80%; margin-left: auto; margin-right: auto;\" border=\"0\" width=\"360\" cellspacing=\"0\" cellpadding=\"0\">\n<tbody>\n<tr style=\"height: 13.50pt;\">\n<td style=\"height: 13.5pt; width: 54pt; text-align: center;\" width=\"72\" height=\"18\">\u041c\u043e\u0434\u0435\u043b\u044c<\/td>\n<td style=\"width: 54pt; text-align: center;\" width=\"72\">\u0415\u043c\u043a\u043e\u0441\u0442\u044c (\u043c\u043b)<\/td>\n<td style=\"width: 54pt; text-align: center;\" width=\"72\">\u0420\u0430\u0437\u043c\u0435\u0440 (\u0441\u043c)<\/td>\n<td style=\"width: 54pt; text-align: center;\" width=\"72\">\u0412\u0430\u0440\u0438\u0430\u043d\u0442\u044b \u0446\u0432\u0435\u0442\u0430<\/td>\n<td style=\"width: 54pt; text-align: center;\" width=\"72\">\u0422\u0438\u043f \u0448\u0435\u0438<\/td>\n<\/tr>\n<tr style=\"height: 13.50pt;\">\n<td style=\"height: 13.5pt; text-align: center;\" align=\"right\" height=\"18\">64020001<\/td>\n<td style=\"text-align: center;\" align=\"right\">200<\/td>\n<td style=\"text-align: center;\">5.8&#215;12.0<\/td>\n<td class=\"et2\" style=\"text-align: center;\" rowspan=\"5\">\u041e\u0447\u0438\u0441\u0442\u0438\u0442\u044c (\u041f\u043e\u043b\u044c\u0437\u043e\u0432\u0430\u0442\u0435\u043b\u044c\u0441\u043a\u0438\u0439)<\/td>\n<td class=\"et2\" style=\"text-align: center;\" rowspan=\"5\">\u0420\u0435\u0437\u044c\u0431\u043e\u0432\u043e\u0439<\/td>\n<\/tr>\n<tr style=\"height: 13.50pt;\">\n<td style=\"height: 13.5pt; text-align: center;\" align=\"right\" height=\"18\">64025002<\/td>\n<td style=\"text-align: center;\" align=\"right\">250<\/td>\n<td style=\"text-align: center;\">5.9&#215;13.7<\/td>\n<\/tr>\n<tr style=\"height: 13.50pt;\">\n<td style=\"height: 13.5pt; text-align: center;\" align=\"right\" height=\"18\">64031003<\/td>\n<td style=\"text-align: center;\" align=\"right\">310<\/td>\n<td style=\"text-align: center;\">6.4&#215;15.3<\/td>\n<\/tr>\n<tr style=\"height: 13.50pt;\">\n<td style=\"height: 13.5pt; text-align: center;\" align=\"right\" height=\"18\">64050004<\/td>\n<td style=\"text-align: center;\" align=\"right\">500<\/td>\n<td style=\"text-align: center;\">7.5&#215;20.85<\/td>\n<\/tr>\n<tr style=\"height: 13.50pt;\">\n<td style=\"height: 13.5pt; text-align: center;\" align=\"right\" height=\"18\">64100005<\/td>\n<td style=\"text-align: center;\" align=\"right\">1000<\/td>\n<td style=\"text-align: center;\">8.5&#215;26.0<\/td>\n<\/tr>\n<\/tbody>\n<\/table>\n<h2>\u0423\u0441\u043f\u0435\u0448\u043d\u044b\u0439 \u0441\u043b\u0443\u0447\u0430\u0439<\/h2>\n<p>\u041e\u0434\u043d\u0430 \u043e\u0440\u0433\u0430\u043d\u0438\u0447\u0435\u0441\u043a\u0430\u044f \u0444\u0435\u0440\u043c\u0430 \u043e\u0431\u0440\u0430\u0442\u0438\u043b\u0430\u0441\u044c \u043a \u043d\u0430\u043c \u0441 \u043f\u0440\u043e\u0441\u044c\u0431\u043e\u0439 \u043f\u0440\u043e\u0432\u0435\u0441\u0442\u0438 \u0440\u0435\u0431\u0440\u0435\u043d\u0434\u0438\u043d\u0433 \u043d\u043e\u0432\u043e\u0439 \u043b\u0438\u043d\u0435\u0439\u043a\u0438 \u043f\u0440\u0435\u043c\u0438\u0430\u043b\u044c\u043d\u043e\u0433\u043e \u043e\u0440\u0433\u0430\u043d\u0438\u0447\u0435\u0441\u043a\u043e\u0433\u043e \u043c\u043e\u043b\u043e\u043a\u0430. \u041e\u043d\u0438 \u0437\u0430\u043a\u0430\u0437\u0430\u043b\u0438 \u0441\u0442\u0435\u043a\u043b\u044f\u043d\u043d\u044b\u0435 \u0431\u0443\u0442\u044b\u043b\u043a\u0438 \u0434\u043b\u044f \u043c\u043e\u043b\u043e\u043a\u0430, \u0438\u0437\u0433\u043e\u0442\u043e\u0432\u043b\u0435\u043d\u043d\u044b\u0435 \u043f\u043e \u0438\u043d\u0434\u0438\u0432\u0438\u0434\u0443\u0430\u043b\u044c\u043d\u043e\u043c\u0443 \u0437\u0430\u043a\u0430\u0437\u0443 \u0438\u0437 \u0441\u0432\u0435\u0440\u0445\u0442\u043e\u043b\u0441\u0442\u043e\u0433\u043e \u0438\u0437\u0432\u0435\u0441\u0442\u043a\u043e\u0432\u043e-\u043d\u0430\u0442\u0440\u0438\u0435\u0432\u043e\u0433\u043e \u0441\u0442\u0435\u043a\u043b\u0430 \u0432\u044b\u0441\u043e\u043a\u043e\u0439 \u0447\u0451\u0442\u043a\u043e\u0441\u0442\u0438, \u0447\u0442\u043e \u043f\u043e\u0437\u0432\u043e\u043b\u044f\u0435\u0442 \u0447\u0451\u0442\u043a\u043e \u0432\u0438\u0434\u0435\u0442\u044c \u0435\u0441\u0442\u0435\u0441\u0442\u0432\u0435\u043d\u043d\u044b\u0439 \u0446\u0432\u0435\u0442 \u043c\u043e\u043b\u043e\u043a\u0430. \u041a\u0430\u0436\u0434\u0430\u044f \u0431\u0443\u0442\u044b\u043b\u043a\u0430 \u0443\u043a\u0440\u0430\u0448\u0435\u043d\u0430 \u043b\u043e\u0433\u043e\u0442\u0438\u043f\u043e\u043c \u0444\u0435\u0440\u043c\u044b \u0438 \u0433\u043b\u0430\u0434\u043a\u0438\u043c \u0433\u043e\u0440\u043b\u044b\u0448\u043a\u043e\u043c \u0434\u043b\u044f \u0443\u0434\u043e\u0431\u043d\u043e\u0433\u043e \u043d\u0430\u043b\u0438\u0432\u0430\u043d\u0438\u044f. \u0414\u043b\u044f \u0437\u0430\u0432\u0435\u0440\u0448\u0435\u043d\u0438\u044f \u043e\u0431\u0440\u0430\u0437\u0430 \u0431\u0440\u0435\u043d\u0434 \u0442\u0430\u043a\u0436\u0435 \u0432\u044b\u0431\u0440\u0430\u043b \u0441\u0435\u0440\u0435\u0431\u0440\u0438\u0441\u0442\u0443\u044e \u043c\u0435\u0442\u0430\u043b\u043b\u0438\u0447\u0435\u0441\u043a\u0443\u044e \u043a\u0440\u044b\u0448\u043a\u0443 \u0441 \u043e\u0442\u043a\u0440\u0443\u0447\u0438\u0432\u0430\u044e\u0449\u0435\u0439\u0441\u044f \u043a\u0440\u044b\u0448\u043a\u043e\u0439 \u0438 \u0441\u0438\u043b\u0438\u043a\u043e\u043d\u043e\u0432\u0443\u044e \u043f\u0440\u043e\u043a\u043b\u0430\u0434\u043a\u0443 \u0441 \u043a\u043e\u043d\u0442\u0440\u043e\u043b\u0435\u043c \u043f\u0435\u0440\u0432\u043e\u0433\u043e \u0432\u0441\u043a\u0440\u044b\u0442\u0438\u044f, \u043a\u043e\u0442\u043e\u0440\u0430\u044f \u0433\u0430\u0440\u0430\u043d\u0442\u0438\u0440\u0443\u0435\u0442 \u0441\u0432\u0435\u0436\u0435\u0441\u0442\u044c \u043f\u0440\u043e\u0434\u0443\u043a\u0442\u0430 \u0438 \u043f\u0440\u0435\u0434\u043e\u0442\u0432\u0440\u0430\u0449\u0430\u0435\u0442 \u043f\u0440\u043e\u0442\u0435\u0447\u043a\u0438 \u043f\u0440\u0438 \u0442\u0440\u0430\u043d\u0441\u043f\u043e\u0440\u0442\u0438\u0440\u043e\u0432\u043a\u0435.<\/p>\n<p>\u0411\u043b\u0430\u0433\u043e\u0434\u0430\u0440\u044f \u0443\u043d\u0438\u043a\u0430\u043b\u044c\u043d\u043e\u0439 \u0443\u043f\u0430\u043a\u043e\u0432\u043a\u0435 \u043f\u0440\u043e\u0434\u0430\u0436\u0438 \u0443\u0434\u0432\u043e\u0438\u043b\u0438\u0441\u044c \u0432 \u0442\u0435\u0447\u0435\u043d\u0438\u0435 30 \u0434\u043d\u0435\u0439 \u0441 \u043c\u043e\u043c\u0435\u043d\u0442\u0430 \u0437\u0430\u043f\u0443\u0441\u043a\u0430, \u0447\u0442\u043e \u043f\u043e\u0431\u0443\u0434\u0438\u043b\u043e \u0444\u0435\u0440\u043c\u0443 \u043f\u0440\u0438\u043d\u044f\u0442\u044c \u0440\u0435\u0448\u0435\u043d\u0438\u0435 \u043f\u0440\u043e\u0434\u043e\u043b\u0436\u0438\u0442\u044c \u0438\u0441\u043f\u043e\u043b\u044c\u0437\u043e\u0432\u0430\u0442\u044c \u043d\u0430\u0448\u0438 \u0444\u0438\u0440\u043c\u0435\u043d\u043d\u044b\u0435 \u0441\u0442\u0435\u043a\u043b\u044f\u043d\u043d\u044b\u0435 \u0431\u0443\u0442\u044b\u043b\u043a\u0438 \u0434\u043b\u044f \u043c\u043e\u043b\u043e\u043a\u0430 \u0434\u043b\u044f \u0432\u0441\u0435\u0439 \u043b\u0438\u043d\u0435\u0439\u043a\u0438 \u043e\u0440\u0433\u0430\u043d\u0438\u0447\u0435\u0441\u043a\u0438\u0445 \u043f\u0440\u043e\u0434\u0443\u043a\u0442\u043e\u0432, \u0430 \u0442\u0430\u043a\u0436\u0435 \u043f\u0435\u0440\u0435\u0439\u0442\u0438 \u043d\u0430 \u0434\u0440\u0443\u0433\u0438\u0435 \u043a\u0430\u0442\u0435\u0433\u043e\u0440\u0438\u0438 \u043c\u043e\u043b\u043e\u0447\u043d\u044b\u0445 \u043d\u0430\u043f\u0438\u0442\u043a\u043e\u0432.<\/p>\n<h2>\u0412\u0430\u0448\u0430 \u043a\u043d\u0438\u0433\u0430 \u043f\u043e \u043d\u0430\u0441\u0442\u0440\u043e\u0439\u043a\u0435<\/h2>\n<ol>\n<li><strong>\u0414\u0438\u0437\u0430\u0439\u043d \u0431\u0443\u0442\u044b\u043b\u043a\u0438:<\/strong> \u0414\u043b\u044f \u0431\u043e\u043b\u0435\u0435 \u0440\u043e\u0441\u043a\u043e\u0448\u043d\u043e\u0433\u043e \u0432\u043d\u0435\u0448\u043d\u0435\u0433\u043e \u0432\u0438\u0434\u0430 \u0438 \u0444\u0430\u043a\u0442\u0443\u0440\u044b \u043d\u0430 \u0432\u0430\u0448 \u0432\u044b\u0431\u043e\u0440 \u043f\u0440\u0435\u0434\u043b\u0430\u0433\u0430\u044e\u0442\u0441\u044f \u0442\u0438\u0441\u043d\u0435\u043d\u044b\u0435 \u0438\u043b\u0438 \u0440\u0430\u0441\u043f\u0438\u0441\u043d\u044b\u0435 \u0440\u0438\u0441\u0443\u043d\u043a\u0438.<\/li>\n<li><strong>\u041a\u0440\u044b\u0448\u043a\u0430:<\/strong> \u041e\u043f\u0440\u0435\u0434\u0435\u043b\u0438\u0442\u0435 \u043c\u0430\u0442\u0435\u0440\u0438\u0430\u043b \u043a\u043e\u043b\u043f\u0430\u0447\u043a\u0430 \u0434\u043b\u044f \u0432\u0430\u0448\u0435\u0433\u043e \u043f\u0440\u043e\u0434\u0443\u043a\u0442\u0430, \u043d\u0430\u043f\u0440\u0438\u043c\u0435\u0440, \u043f\u043b\u0430\u0441\u0442\u0438\u043a, \u0434\u0435\u0440\u0435\u0432\u043e, \u043c\u0435\u0442\u0430\u043b\u043b \u0438 \u043c\u043d\u043e\u0433\u043e\u0435 \u0434\u0440\u0443\u0433\u043e\u0435, \u0430 \u0442\u0430\u043a\u0436\u0435 \u0446\u0432\u0435\u0442 \u043a\u043e\u043b\u043f\u0430\u0447\u043a\u0430 \u043c\u043e\u0436\u043d\u043e \u043f\u0435\u0440\u0441\u043e\u043d\u0430\u043b\u0438\u0437\u0438\u0440\u043e\u0432\u0430\u0442\u044c.<\/li>\n<li><strong>\u041f\u0435\u0447\u0430\u0442\u044c \u043b\u043e\u0433\u043e\u0442\u0438\u043f\u0430:<\/strong> \u0421\u0434\u0435\u043b\u0430\u0439\u0442\u0435 \u0441\u0432\u043e\u0439 \u043b\u043e\u0433\u043e\u0442\u0438\u043f \u0437\u0430\u043c\u0435\u0442\u043d\u044b\u043c, \u043d\u0430\u043f\u0435\u0447\u0430\u0442\u0430\u0432 \u0435\u0433\u043e \u043d\u0430 \u043a\u0440\u044b\u0448\u043a\u0435 \u0438\u043b\u0438 \u0431\u0443\u0442\u044b\u043b\u043a\u0435.<\/li>\n<\/ol>","protected":false},"excerpt":{"rendered":"<p>\u041f\u0440\u043e\u0447\u043d\u044b\u0435 \u043f\u0440\u043e\u0437\u0440\u0430\u0447\u043d\u044b\u0435 \u0441\u0442\u0435\u043a\u043b\u044f\u043d\u043d\u044b\u0435 \u0431\u0443\u0442\u044b\u043b\u043a\u0438 \u0434\u043b\u044f \u043c\u043e\u043b\u043e\u043a\u0430 \u0438 \u0431\u0443\u0442\u044b\u043b\u043a\u0438 \u0434\u043b\u044f \u043c\u043e\u043b\u043e\u043a\u0430 \u0441 \u043a\u043b\u0430\u0441\u0441\u0438\u0447\u0435\u0441\u043a\u0438\u043c \u0434\u0438\u0437\u0430\u0439\u043d\u043e\u043c \u0438\u0434\u0435\u0430\u043b\u044c\u043d\u043e \u043f\u043e\u0434\u0445\u043e\u0434\u044f\u0442 \u0434\u043b\u044f \u043f\u043e\u0434\u0430\u0447\u0438 \u043c\u043e\u043b\u043e\u043a\u0430, \u0441\u043e\u043a\u0430 \u0438\u043b\u0438 \u0441\u043c\u0443\u0437\u0438. \u0418\u0434\u0435\u0430\u043b\u044c\u043d\u043e \u043f\u043e\u0434\u0445\u043e\u0434\u044f\u0442 \u0434\u043b\u044f \u0438\u0441\u043f\u043e\u043b\u044c\u0437\u043e\u0432\u0430\u043d\u0438\u044f \u0434\u043e\u043c\u0430 \u0438\u043b\u0438 \u0432 \u043a\u0430\u0444\u0435.<\/p>","protected":false},"featured_media":22410,"template":"","meta":[],"product_brand":[],"product_cat":[123,122,131],"product_tag":[],"class_list":{"0":"post-22391","1":"product","2":"type-product","3":"status-publish","4":"has-post-thumbnail","6":"product_cat-custom-glass-bottles","7":"product_cat-custom-glass-packaging","8":"product_cat-glass-milk-bottles","10":"first","11":"instock","12":"shipping-taxable","13":"product-type-simple"},"jetpack_sharing_enabled":true,"_links":{"self":[{"href":"https:\/\/yebodaglass.com\/ru\/wp-json\/wp\/v2\/product\/22391","targetHints":{"allow":["GET"]}}],"collection":[{"href":"https:\/\/yebodaglass.com\/ru\/wp-json\/wp\/v2\/product"}],"about":[{"href":"https:\/\/yebodaglass.com\/ru\/wp-json\/wp\/v2\/types\/product"}],"version-history":[{"count":3,"href":"https:\/\/yebodaglass.com\/ru\/wp-json\/wp\/v2\/product\/22391\/revisions"}],"predecessor-version":[{"id":22441,"href":"https:\/\/yebodaglass.com\/ru\/wp-json\/wp\/v2\/product\/22391\/revisions\/22441"}],"wp:featuredmedia":[{"embeddable":true,"href":"https:\/\/yebodaglass.com\/ru\/wp-json\/wp\/v2\/media\/22410"}],"wp:attachment":[{"href":"https:\/\/yebodaglass.com\/ru\/wp-json\/wp\/v2\/media?parent=22391"}],"wp:term":[{"taxonomy":"product_brand","embeddable":true,"href":"https:\/\/yebodaglass.com\/ru\/wp-json\/wp\/v2\/product_brand?post=22391"},{"taxonomy":"product_cat","embeddable":true,"href":"https:\/\/yebodaglass.com\/ru\/wp-json\/wp\/v2\/product_cat?post=22391"},{"taxonomy":"product_tag","embeddable":true,"href":"https:\/\/yebodaglass.com\/ru\/wp-json\/wp\/v2\/product_tag?post=22391"}],"curies":[{"name":"wp","href":"https:\/\/api.w.org\/{rel}","templated":true}]}}