{"id":24603,"date":"2025-12-25T09:22:12","date_gmt":"2025-12-25T01:22:12","guid":{"rendered":"https:\/\/yebodaglass.com\/?post_type=product&#038;p=24603"},"modified":"2025-12-25T10:26:37","modified_gmt":"2025-12-25T02:26:37","slug":"unique-glass-jars-with-bamboo-lids-bulk","status":"publish","type":"product","link":"https:\/\/yebodaglass.com\/pt\/unique-glass-jars-with-bamboo-lids-bulk\/","title":{"rendered":"Potes de vidro exclusivos com tampas de bambu, 500ml, 750ml e 1100ml (em grande quantidade)"},"content":{"rendered":"<p data-start=\"66\" data-end=\"288\">Esses potes de vidro exclusivos s\u00e3o macios, de formato arredondado, com um gargalo fino e um corpo totalmente arredondado. O corpo de cada pote \u00e9 feito de vidro totalmente transparente, com um formato graciosamente curvado e uma tampa de bambu lisa e leve, o que o torna \u00fanico em compara\u00e7\u00e3o com outros.<\/p>\n<h2>Caracter\u00edsticas do produto<\/h2>\n<ul>\n<li><strong>Formato arredondado e cheio:<\/strong> O pesco\u00e7o fino e o contorno arredondado do corpo proporcionam a maior capacidade de armazenamento e conferem uma textura suave e agrad\u00e1vel ao visual.<\/li>\n<li><strong>Corpo completamente transparente:<\/strong> Um deles \u00e9 feito de vidro borossilicato de alta qualidade, o que permite visualizar o conte\u00fado do frasco sem abrir a tampa, facilitando a identifica\u00e7\u00e3o do que est\u00e1 dentro.<\/li>\n<li><strong>Tampa de bambu simples:<\/strong> A tampa plana bege, feita de bambu, \u00e9 leve e combina com o estilo do frasco de vidro, conferindo um toque fresco e limpo ao material.<\/li>\n<\/ul>\n<h2 style=\"text-align: left;\">Especifica\u00e7\u00f5es principais<\/h2>\n<table class=\"aligncenter\" style=\"border-collapse: collapse; width: 364.52pt;\" border=\"0\" width=\"486\" cellspacing=\"0\" cellpadding=\"0\">\n<tbody>\n<tr style=\"height: 13.50pt;\">\n<td style=\"height: 13.50pt; width: 105.00pt;\" width=\"140\" height=\"18\">Especifica\u00e7\u00e3o<\/td>\n<td style=\"width: 259.50pt;\" width=\"346\">Detalhes<\/td>\n<\/tr>\n<tr style=\"height: 13.50pt;\">\n<td style=\"height: 13.50pt;\" height=\"18\">Dimens\u00f5es<\/td>\n<td>500ml: 10\u00d710,5cm \/ 750ml: 10,5\u00d712cm \/ 1100ml: 11,5\u00d716cm<\/td>\n<\/tr>\n<tr style=\"height: 13.50pt;\">\n<td style=\"height: 13.50pt;\" height=\"18\">Material<\/td>\n<td>Vidro de borosilicato de alta qualidade, bambu<\/td>\n<\/tr>\n<tr style=\"height: 13.50pt;\">\n<td style=\"height: 13.50pt;\" height=\"18\">Tipo de tampa<\/td>\n<td>Tampa plana de bambu<\/td>\n<\/tr>\n<tr style=\"height: 13.50pt;\">\n<td style=\"height: 13.50pt;\" height=\"18\">Caracter\u00edstica do material<\/td>\n<td>Resistente a calor e produtos qu\u00edmicos, alta transpar\u00eancia.<\/td>\n<\/tr>\n<tr style=\"height: 13.50pt;\">\n<td style=\"height: 13.50pt;\" height=\"18\">Ideal para<\/td>\n<td>Potes de vidro exclusivos, potes de vidro com tampas.<\/td>\n<\/tr>\n<\/tbody>\n<\/table>\n<h2>Caso de Sucesso: A Linha de Produtos Exclusiva de uma Supermercado de Luxo<\/h2>\n<p>A rede de supermercados de alto padr\u00e3o utilizou nossos exclusivos potes de vidro de 750ml com tampa para seus cereais granola e mix de cereais. Qual foi o resultado? O design elegante rapidamente se tornou um s\u00edmbolo da marca, a linha passou a ser conhecida como &#034;Potes Curvos&#034; e levou a um aumento de 50% nas vendas diretas. Al\u00e9m disso, o design atraente dos potes resultou em um aumento de 200% no conte\u00fado gerado pelos usu\u00e1rios nas redes sociais. Ap\u00f3s ficar extremamente satisfeita com o produto, a rede de supermercados fez um novo pedido de 80.000 potes com a inten\u00e7\u00e3o de expandir a distribui\u00e7\u00e3o da linha para todo o pa\u00eds.<\/p>\n<h2>Recomenda\u00e7\u00f5es exclusivas para personaliza\u00e7\u00e3o de potes de vidro<\/h2>\n<ul>\n<li>Cores do vidro: Al\u00e9m do vidro transparente, voc\u00ea tamb\u00e9m pode optar por cores suaves como \u00e2mbar, azul cobalto ou verde.<\/li>\n<li>Grava\u00e7\u00e3o a laser: logotipos ou padr\u00f5es permanentes s\u00e3o gravados diretamente na superf\u00edcie do vidro.<\/li>\n<li>Serigrafia: Imprima seu logotipo colorido, tamanho ou listras decorativas no vidro usando pigmentos cer\u00e2micos lav\u00e1veis \u200b\u200b\u00e0 m\u00e1quina, dur\u00e1veis \u200b\u200be resistentes.<\/li>\n<li>Gradua\u00e7\u00f5es permanentes em relevo: Molde gradua\u00e7\u00f5es permanentes em relevo (ml\/oz) no vidro para aumentar a praticidade.<\/li>\n<\/ul>","protected":false},"excerpt":{"rendered":"<p dir=\"auto\">D\u00ea um toque de eleg\u00e2ncia \u00e0 sua decora\u00e7\u00e3o com potes de vidro exclusivos. Nosso pote de vidro com tampa \u00e9 feito de vidro borossilicato de alta qualidade com acabamento em bambu natural. Dispon\u00edvel para entrega imediata.<\/p>","protected":false},"featured_media":24604,"template":"","meta":[],"product_brand":[],"product_cat":[122,124,137],"product_tag":[],"class_list":{"0":"post-24603","1":"product","2":"type-product","3":"status-publish","4":"has-post-thumbnail","6":"product_cat-custom-glass-packaging","7":"product_cat-custom-glass-jars","8":"product_cat-glass-jars-with-lids","10":"first","11":"instock","12":"shipping-taxable","13":"product-type-simple"},"jetpack_sharing_enabled":true,"_links":{"self":[{"href":"https:\/\/yebodaglass.com\/pt\/wp-json\/wp\/v2\/product\/24603","targetHints":{"allow":["GET"]}}],"collection":[{"href":"https:\/\/yebodaglass.com\/pt\/wp-json\/wp\/v2\/product"}],"about":[{"href":"https:\/\/yebodaglass.com\/pt\/wp-json\/wp\/v2\/types\/product"}],"version-history":[{"count":4,"href":"https:\/\/yebodaglass.com\/pt\/wp-json\/wp\/v2\/product\/24603\/revisions"}],"predecessor-version":[{"id":24612,"href":"https:\/\/yebodaglass.com\/pt\/wp-json\/wp\/v2\/product\/24603\/revisions\/24612"}],"wp:featuredmedia":[{"embeddable":true,"href":"https:\/\/yebodaglass.com\/pt\/wp-json\/wp\/v2\/media\/24604"}],"wp:attachment":[{"href":"https:\/\/yebodaglass.com\/pt\/wp-json\/wp\/v2\/media?parent=24603"}],"wp:term":[{"taxonomy":"product_brand","embeddable":true,"href":"https:\/\/yebodaglass.com\/pt\/wp-json\/wp\/v2\/product_brand?post=24603"},{"taxonomy":"product_cat","embeddable":true,"href":"https:\/\/yebodaglass.com\/pt\/wp-json\/wp\/v2\/product_cat?post=24603"},{"taxonomy":"product_tag","embeddable":true,"href":"https:\/\/yebodaglass.com\/pt\/wp-json\/wp\/v2\/product_tag?post=24603"}],"curies":[{"name":"wp","href":"https:\/\/api.w.org\/{rel}","templated":true}]}}