{"id":24588,"date":"2025-12-24T14:14:57","date_gmt":"2025-12-24T06:14:57","guid":{"rendered":"https:\/\/yebodaglass.com\/?post_type=product&#038;p=24588"},"modified":"2025-12-25T10:18:26","modified_gmt":"2025-12-25T02:18:26","slug":"borosilicate-glass-jars-with-lids-and-spoons-bulk","status":"publish","type":"product","link":"https:\/\/yebodaglass.com\/pt\/borosilicate-glass-jars-with-lids-and-spoons-bulk\/","title":{"rendered":"Potes de vidro borossilicato de 300ml, 350ml e 450ml com tampas e colheres (em grande quantidade)"},"content":{"rendered":"<p data-start=\"66\" data-end=\"288\">Este frasco de vidro com tampa e colher \u00e9 feito inteiramente de vidro borossilicato. O formato cil\u00edndrico \u00e9 complementado por uma tampa de bambu bege claro e uma colher para cada frasco, sendo de f\u00e1cil manuseio.<\/p>\n<h2>Caracter\u00edsticas do produto<\/h2>\n<ul>\n<li><strong>Estrutura combinada de tampa e colher:<\/strong> Ser\u00e1 uma colher de bambu fixada no centro da tampa, e essa estrutura evitar\u00e1 que os utens\u00edlios se percam, simplificando o processo.<\/li>\n<li><strong>Vidro borossilicato:<\/strong> O vidro borossilicato possui grande resist\u00eancia \u00e0 temperatura (de -20 \u00b0C a 150 \u00b0C), \u00e9 inquebr\u00e1vel e pode ser reutilizado.<\/li>\n<li><strong>Tampa de bambu com excelente veda\u00e7\u00e3o herm\u00e9tica:<\/strong> O frasco de vidro possui uma tampa de bambu bege claro com um anel de veda\u00e7\u00e3o embutido, o que o torna um local eficaz para armazenar produtos secos.<\/li>\n<\/ul>\n<h2 style=\"text-align: left;\">Especifica\u00e7\u00f5es principais<\/h2>\n<table class=\"aligncenter\" style=\"border-collapse: collapse; width: 528.02pt;\" border=\"0\" width=\"704\" cellspacing=\"0\" cellpadding=\"0\">\n<tbody>\n<tr style=\"height: 13.50pt;\">\n<td style=\"height: 13.50pt; width: 135.00pt;\" width=\"180\" height=\"18\">Atributo<\/td>\n<td style=\"width: 393.00pt;\" width=\"524\">Detalhes<\/td>\n<\/tr>\n<tr style=\"height: 13.50pt;\">\n<td style=\"height: 13.50pt;\" height=\"18\">Dimens\u00f5es<\/td>\n<td>300 ml: 6,5 \u00d7 10 cm; 350 ml: 6,5 \u00d7 12 cm; 450 ml: 6,5 \u00d7 15 cm<\/td>\n<\/tr>\n<tr style=\"height: 13.50pt;\">\n<td style=\"height: 13.50pt;\" height=\"18\">Material<\/td>\n<td>Vidro de borosilicato de alta qualidade, bambu<\/td>\n<\/tr>\n<tr style=\"height: 13.50pt;\">\n<td style=\"height: 13.50pt;\" height=\"18\">Formato de jarro<\/td>\n<td>Formato cil\u00edndrico reto, parede interna lisa, base circular plana<\/td>\n<\/tr>\n<tr style=\"height: 13.50pt;\">\n<td style=\"height: 13.50pt;\" height=\"18\">Tipo de tampa<\/td>\n<td>Tampa plana de bambu bege claro<\/td>\n<\/tr>\n<tr style=\"height: 13.50pt;\">\n<td style=\"height: 13.50pt;\" height=\"18\">Caracter\u00edsticas do material borossilicato<\/td>\n<td>Alta transpar\u00eancia, excelente resist\u00eancia \u00e0 temperatura<\/td>\n<\/tr>\n<tr style=\"height: 13.50pt;\">\n<td style=\"height: 13.50pt;\" height=\"18\">Ideal para<\/td>\n<td>Potes de vidro com tampas e colheres, potes de vidro com tampas<\/td>\n<\/tr>\n<\/tbody>\n<\/table>\n<h2>Caso de sucesso: Crescimento r\u00e1pido de distribuidores<\/h2>\n<p>Um dos fornecedores regionais de utens\u00edlios de cozinha e alimentos encomendou inicialmente 4.000 potes de vidro com tampa e colheres. A rea\u00e7\u00e3o do mercado foi excepcional. Em primeiro lugar, o vidro borossilicato de alta qualidade aumentou a vida \u00fatil dos alimentos em 43%; em segundo lugar, a excelente veda\u00e7\u00e3o reduziu a taxa de quebra em 39%. Com base nesses resultados, o distribuidor encomendou um novo lote de 320.000 potes com tampas.<\/p>\n<h2>Sugest\u00f5es de personaliza\u00e7\u00e3o para potes de vidro com tampas<\/h2>\n<ul>\n<li>Cabo de colher personalizado: Utilize grava\u00e7\u00e3o a laser para estampar o logotipo da sua empresa no cabo de bambu da colher.<\/li>\n<li>Base texturizada: H\u00e1 um padr\u00e3o quadriculado fino gravado na parte inferior do frasco, o que proporciona melhor ader\u00eancia em bancadas lisas de cozinha.<\/li>\n<li>Op\u00e7\u00f5es de tamanho de colher: Colheres de diferentes tamanhos (por exemplo, mini colheres de 300ml) est\u00e3o dispon\u00edveis como acess\u00f3rios opcionais.<\/li>\n<li>Revestimento antimanchas: Este revestimento transparente de qualidade alimentar na parede interna do frasco inibe a transfer\u00eancia de manchas de temperos ou alimentos escuros.<\/li>\n<li>\u00c1rea de Etiqueta Fosca: Esta \u00e9 uma \u00e1rea retangular com acabamento fosco, onde o produto \u00e9 etiquetado.<\/li>\n<\/ul>","protected":false},"excerpt":{"rendered":"<p dir=\"auto\">Bulk glass jar with lid and spoon offering glass jars with lid in transparent borosilicate, minimalist bamboo elements, gradient sizes. Bulk order discounts.<\/p>","protected":false},"featured_media":24596,"template":"","meta":[],"product_brand":[],"product_cat":[122,124,137],"product_tag":[],"class_list":{"0":"post-24588","1":"product","2":"type-product","3":"status-publish","4":"has-post-thumbnail","6":"product_cat-custom-glass-packaging","7":"product_cat-custom-glass-jars","8":"product_cat-glass-jars-with-lids","10":"first","11":"instock","12":"shipping-taxable","13":"product-type-simple"},"jetpack_sharing_enabled":true,"_links":{"self":[{"href":"https:\/\/yebodaglass.com\/pt\/wp-json\/wp\/v2\/product\/24588","targetHints":{"allow":["GET"]}}],"collection":[{"href":"https:\/\/yebodaglass.com\/pt\/wp-json\/wp\/v2\/product"}],"about":[{"href":"https:\/\/yebodaglass.com\/pt\/wp-json\/wp\/v2\/types\/product"}],"version-history":[{"count":4,"href":"https:\/\/yebodaglass.com\/pt\/wp-json\/wp\/v2\/product\/24588\/revisions"}],"predecessor-version":[{"id":24610,"href":"https:\/\/yebodaglass.com\/pt\/wp-json\/wp\/v2\/product\/24588\/revisions\/24610"}],"wp:featuredmedia":[{"embeddable":true,"href":"https:\/\/yebodaglass.com\/pt\/wp-json\/wp\/v2\/media\/24596"}],"wp:attachment":[{"href":"https:\/\/yebodaglass.com\/pt\/wp-json\/wp\/v2\/media?parent=24588"}],"wp:term":[{"taxonomy":"product_brand","embeddable":true,"href":"https:\/\/yebodaglass.com\/pt\/wp-json\/wp\/v2\/product_brand?post=24588"},{"taxonomy":"product_cat","embeddable":true,"href":"https:\/\/yebodaglass.com\/pt\/wp-json\/wp\/v2\/product_cat?post=24588"},{"taxonomy":"product_tag","embeddable":true,"href":"https:\/\/yebodaglass.com\/pt\/wp-json\/wp\/v2\/product_tag?post=24588"}],"curies":[{"name":"wp","href":"https:\/\/api.w.org\/{rel}","templated":true}]}}