{"id":24586,"date":"2025-12-24T14:26:16","date_gmt":"2025-12-24T06:26:16","guid":{"rendered":"https:\/\/yebodaglass.com\/?post_type=product&#038;p=24586"},"modified":"2026-03-12T15:46:01","modified_gmt":"2026-03-12T07:46:01","slug":"custom-food-storage-glass-jars-for-packaging-bulk","status":"publish","type":"product","link":"https:\/\/yebodaglass.com\/pt\/custom-food-storage-glass-jars-for-packaging-bulk\/","title":{"rendered":"Potes de vidro personalizados para armazenamento de alimentos a granel, de 175 ml a 500 ml."},"content":{"rendered":"<p>Estes potes de vidro para armazenamento de alimentos t\u00eam formato cil\u00edndrico e liso, com vidro transparente cristalino que permite visualizar claramente o conte\u00fado. As tampas s\u00e3o feitas de madeira natural e possuem um anel de veda\u00e7\u00e3o de silicone para manter os alimentos frescos.<\/p>\n<h2>Caracter\u00edsticas do produto<\/h2>\n<ul>\n<li><strong>Resist\u00eancia a altas temperaturas: <\/strong>O vidro borossilicato de alta qualidade \u00e9 capaz de resistir a mudan\u00e7as de temperatura e, portanto, pode ser usado para armazenar alimentos quentes e frios. Al\u00e9m disso, \u00e9 menos propenso a quebrar, o que permite que o pote seja usado de diversas maneiras.<\/li>\n<li><strong>Tampa de silicone excelente:<\/strong> A veda\u00e7\u00e3o da tampa \u00e9 garantida pela tampa de madeira com um anel de silicone embutido, que mant\u00e9m o frescor e evita derramamentos.<\/li>\n<li><strong>V\u00e1rios tamanhos:<\/strong> Est\u00e1 dispon\u00edvel em v\u00e1rios tamanhos, como mini, pequeno e grande, para atender a todas as suas necessidades de armazenamento de produtos secos.<\/li>\n<\/ul>\n<h2>Especifica\u00e7\u00f5es principais<\/h2>\n<table style=\"border-collapse: collapse; width: 80%; margin-left: auto; margin-right: auto;\" border=\"0\" width=\"360\" cellspacing=\"0\" cellpadding=\"0\">\n<tbody>\n<tr style=\"height: 13.50pt;\">\n<td style=\"height: 13.5pt; width: 54pt; text-align: center;\" width=\"72\" height=\"18\">Capacidade (ml)<\/td>\n<td style=\"width: 54pt; text-align: center;\" width=\"72\">Tamanho (cm)<\/td>\n<td style=\"width: 54pt; text-align: center;\" width=\"72\">Di\u00e2metro da boca<\/td>\n<td style=\"width: 54pt; text-align: center;\" width=\"72\">Material<\/td>\n<td style=\"width: 54pt; text-align: center;\" width=\"72\">Cor<\/td>\n<\/tr>\n<tr style=\"height: 13.50pt;\">\n<td style=\"height: 13.5pt; text-align: center;\" align=\"right\" height=\"18\">175<\/td>\n<td style=\"text-align: center;\">6,5 x 10,0<\/td>\n<td class=\"et2\" style=\"text-align: center;\" rowspan=\"5\">65 mm<\/td>\n<td class=\"et2\" style=\"text-align: center;\" rowspan=\"5\">Borossilicato<\/td>\n<td class=\"et2\" style=\"text-align: center;\" rowspan=\"5\">Claro ou personalizado<\/td>\n<\/tr>\n<tr style=\"height: 13.50pt;\">\n<td style=\"height: 13.5pt; text-align: center;\" align=\"right\" height=\"18\">250<\/td>\n<td style=\"text-align: center;\">6,5 x 10,0<\/td>\n<\/tr>\n<tr style=\"height: 13.50pt;\">\n<td style=\"height: 13.5pt; text-align: center;\" align=\"right\" height=\"18\">300<\/td>\n<td style=\"text-align: center;\">6,5 x 12,0<\/td>\n<\/tr>\n<tr style=\"height: 13.50pt;\">\n<td style=\"height: 13.5pt; text-align: center;\" align=\"right\" height=\"18\">380<\/td>\n<td style=\"text-align: center;\">6,5 x 15,0<\/td>\n<\/tr>\n<tr style=\"height: 13.50pt;\">\n<td style=\"height: 13.5pt; text-align: center;\" align=\"right\" height=\"18\">500<\/td>\n<td style=\"text-align: center;\">6,5 x 20,0<\/td>\n<\/tr>\n<\/tbody>\n<\/table>\n<h2>Hist\u00f3ria de sucesso<\/h2>\n<p>Uma grande rede canadense de lojas de produtos naturais decidiu pegar todos os nossos potes de armazenamento de cozinha e personaliz\u00e1-los com tampas de madeira entalhada com a marca e potes de vidro \u00e2mbar. Essas caracter\u00edsticas de personaliza\u00e7\u00e3o foram extremamente ben\u00e9ficas: os potes de vidro \u00e2mbar reduziram em um quarto a deteriora\u00e7\u00e3o de ervas e ch\u00e1s sens\u00edveis \u00e0 luz, e as etiquetas de tamanho claras e a veda\u00e7\u00e3o herm\u00e9tica diminu\u00edram em 18% o desperd\u00edcio de produtos na loja. Com base nesses resultados, eles encomendaram mais duzentos mil potes de armazenamento para serem usados \u200b\u200bem suas mais de 500 lojas.<\/p>\n<h2>Recomenda\u00e7\u00f5es para a personaliza\u00e7\u00e3o de potes de armazenamento de cozinha<\/h2>\n<ul>\n<li>Personaliza\u00e7\u00e3o da marca na tampa de madeira: A marca do seu produto pode ser cortada a laser, gravada ou estampada na tampa de madeira.<\/li>\n<li>Vidro \u00e0 prova de luz: Dispon\u00edvel em frascos de vidro \u00e2mbar ou verde para conservar produtos sens\u00edveis \u00e0 luz, como especiarias, caf\u00e9 ou algumas vitaminas.<\/li>\n<li>Espa\u00e7o para etiqueta de quadro-negro: A etiqueta pode ser facilmente alterada utilizando o espa\u00e7o reservado para tinta de quadro-negro ou adesivos de quadro-negro.<\/li>\n<\/ul>","protected":false},"excerpt":{"rendered":"<p>Potes de vidro premium para armazenamento de alimentos com tampas de madeira natural e veda\u00e7\u00e3o de silicone. Potes vers\u00e1teis para organizar sua despensa na cozinha. Dispon\u00edvel em estoque.<\/p>","protected":false},"featured_media":24592,"template":"","meta":[],"product_brand":[],"product_cat":[122,124,137],"product_tag":[],"class_list":{"0":"post-24586","1":"product","2":"type-product","3":"status-publish","4":"has-post-thumbnail","6":"product_cat-custom-glass-packaging","7":"product_cat-custom-glass-jars","8":"product_cat-glass-jars-with-lids","10":"first","11":"instock","12":"shipping-taxable","13":"product-type-simple"},"jetpack_sharing_enabled":true,"_links":{"self":[{"href":"https:\/\/yebodaglass.com\/pt\/wp-json\/wp\/v2\/product\/24586","targetHints":{"allow":["GET"]}}],"collection":[{"href":"https:\/\/yebodaglass.com\/pt\/wp-json\/wp\/v2\/product"}],"about":[{"href":"https:\/\/yebodaglass.com\/pt\/wp-json\/wp\/v2\/types\/product"}],"version-history":[{"count":3,"href":"https:\/\/yebodaglass.com\/pt\/wp-json\/wp\/v2\/product\/24586\/revisions"}],"predecessor-version":[{"id":25413,"href":"https:\/\/yebodaglass.com\/pt\/wp-json\/wp\/v2\/product\/24586\/revisions\/25413"}],"wp:featuredmedia":[{"embeddable":true,"href":"https:\/\/yebodaglass.com\/pt\/wp-json\/wp\/v2\/media\/24592"}],"wp:attachment":[{"href":"https:\/\/yebodaglass.com\/pt\/wp-json\/wp\/v2\/media?parent=24586"}],"wp:term":[{"taxonomy":"product_brand","embeddable":true,"href":"https:\/\/yebodaglass.com\/pt\/wp-json\/wp\/v2\/product_brand?post=24586"},{"taxonomy":"product_cat","embeddable":true,"href":"https:\/\/yebodaglass.com\/pt\/wp-json\/wp\/v2\/product_cat?post=24586"},{"taxonomy":"product_tag","embeddable":true,"href":"https:\/\/yebodaglass.com\/pt\/wp-json\/wp\/v2\/product_tag?post=24586"}],"curies":[{"name":"wp","href":"https:\/\/api.w.org\/{rel}","templated":true}]}}