{"id":24570,"date":"2025-12-24T10:32:19","date_gmt":"2025-12-24T02:32:19","guid":{"rendered":"https:\/\/yebodaglass.com\/?post_type=product&#038;p=24570"},"modified":"2025-12-24T16:47:49","modified_gmt":"2025-12-24T08:47:49","slug":"custom-glass-jar-with-bamboo-lid-for-food-storage-bulk","status":"publish","type":"product","link":"https:\/\/yebodaglass.com\/pt\/custom-glass-jar-with-bamboo-lid-for-food-storage-bulk\/","title":{"rendered":"Pote de vidro personalizado com tampa de bambu, 450ml, 560ml, 700ml e 950ml, para armazenamento de alimentos a granel."},"content":{"rendered":"<p>Pare de se preocupar com tampas de pl\u00e1stico. Fabricamos potes de vidro com tampa de bambu \u2014 feitos para marcas que precisam de solu\u00e7\u00f5es de armazenamento realmente eficazes. Esses potes transformam o estoque di\u00e1rio em um momento marcante para a sua marca. Pedidos em grande quantidade recebem acabamentos personalizados que combinam com a sua identidade visual.<\/p>\n<h2>Caracter\u00edsticas do produto<\/h2>\n<p><strong>Veda\u00e7\u00e3o de bambu para tampa<\/strong><\/p>\n<p>Mant\u00e9m os gr\u00e3os de caf\u00e9 frescos \u2014 sem umidade, sem odor e sem danificar os potes de armazenamento.<\/p>\n<p><strong>Vidro resistente ao calor<\/strong><\/p>\n<p>Lida com mel quente e xarope frio \u2014 nunca sofre choque t\u00e9rmico.<\/p>\n<p><strong>Clareza de lados retos<\/strong><\/p>\n<p>Veja cada gr\u00e3o de geleia de vidro \u2014 seus potes de armazenamento exibem seu produto.<\/p>\n<h2>Especifica\u00e7\u00f5es principais<\/h2>\n<table style=\"border-collapse: collapse; width: 80%; margin-left: auto; margin-right: auto;\" border=\"0\" width=\"360\" cellspacing=\"0\" cellpadding=\"0\">\n<tbody>\n<tr style=\"height: 13.50pt;\">\n<td style=\"height: 13.5pt; width: 54pt; text-align: center;\" width=\"72\" height=\"18\">Capacidade (ml)<\/td>\n<td style=\"width: 54pt; text-align: center;\" width=\"72\">Tamanho (cm)<\/td>\n<td style=\"width: 54pt; text-align: center;\" width=\"72\">Di\u00e2metro da boca<\/td>\n<td style=\"width: 54pt; text-align: center;\" width=\"72\">Material<\/td>\n<td style=\"width: 54pt; text-align: center;\" width=\"72\">Cor<\/td>\n<\/tr>\n<tr style=\"height: 13.50pt;\">\n<td style=\"height: 13.5pt; text-align: center;\" align=\"right\" height=\"18\">450<\/td>\n<td style=\"text-align: center;\">8,5 x 10,0<\/td>\n<td class=\"et2\" style=\"text-align: center;\" rowspan=\"4\">85 mm<\/td>\n<td class=\"et2\" style=\"text-align: center;\" rowspan=\"4\">Borossilicato<\/td>\n<td class=\"et2\" style=\"text-align: center;\" rowspan=\"4\">Claro e personalizado<\/td>\n<\/tr>\n<tr style=\"height: 13.50pt;\">\n<td style=\"height: 13.5pt; text-align: center;\" align=\"right\" height=\"18\">560<\/td>\n<td style=\"text-align: center;\">8,5 x 12,0<\/td>\n<\/tr>\n<tr style=\"height: 13.50pt;\">\n<td style=\"height: 13.5pt; text-align: center;\" align=\"right\" height=\"18\">700<\/td>\n<td style=\"text-align: center;\">8,5 x 15,0<\/td>\n<\/tr>\n<tr style=\"height: 13.50pt;\">\n<td style=\"height: 13.5pt; text-align: center;\" align=\"right\" height=\"18\">950<\/td>\n<td style=\"text-align: center;\">8,5 x 20,0<\/td>\n<\/tr>\n<\/tbody>\n<\/table>\n<h2>Caso de sucesso<\/h2>\n<p>Esta marca est\u00e1 realmente comprometida com o meio ambiente. Eles decidiram parar de usar recipientes de pl\u00e1stico e come\u00e7ar a usar potes de vidro com tampas de bambu. A marca preza pela sustentabilidade e por um visual natural. As tampas de bambu combinam perfeitamente com a proposta da marca. Pessoas que se preocupam com o planeta e buscam produtos de alta qualidade certamente ir\u00e3o gostar. A marca fez essa mudan\u00e7a em seus produtos. Eles querem ser ecologicamente corretos, e isso \u00e9 uma parte importante disso. Os potes de vidro com tampas de bambu s\u00e3o uma forma da marca demonstrar sua preocupa\u00e7\u00e3o com o meio ambiente e a qualidade.<\/p>\n<p>Ap\u00f3s o lan\u00e7amento do produto, as vendas da marca aumentaram 20% em tr\u00eas meses, e sua linha de snacks org\u00e2nicos foi a mais popular entre os consumidores.<\/p>\n<h2>Seu Guia de Personaliza\u00e7\u00e3o<\/h2>\n<ol>\n<li><strong>Etiquetas personalizadas: <\/strong>\u00c9 poss\u00edvel aproveitar os potes de vidro para armazenamento na cria\u00e7\u00e3o de marcas, simplesmente adicionando r\u00f3tulos personalizados, logotipos ou qualquer design que facilite o reconhecimento da marca e permita altera\u00e7\u00f5es no design de acordo com as demandas do mercado.<\/li>\n<li><strong>Material da tampa: <\/strong>Al\u00e9m das tampas de bambu, tamb\u00e9m \u00e9 poss\u00edvel optar por outros materiais naturais ou tampas de metal para atender \u00e0s exig\u00eancias da marca. As tampas de metal conferem um toque mais moderno e luxuoso, enquanto as de bambu s\u00e3o mais ecol\u00f3gicas.<\/li>\n<li><strong>Etiquetas de capacidade: <\/strong>\u00c9 poss\u00edvel personalizar diversas etiquetas de capacidade ou gradua\u00e7\u00f5es para diferentes finalidades, por exemplo, para medir com precis\u00e3o a quantidade ou o peso dos itens armazenados, tornando assim a experi\u00eancia do usu\u00e1rio mais amig\u00e1vel e conveniente.<\/li>\n<\/ol>","protected":false},"excerpt":{"rendered":"<p>Pote de vidro elegante com tampa de bambu, perfeito para organizar e armazenar alimentos. Ideal para manter produtos secos frescos. Pedidos em grande quantidade e amostras gr\u00e1tis dispon\u00edveis.<\/p>","protected":false},"featured_media":24577,"template":"","meta":[],"product_brand":[],"product_cat":[122,124,137],"product_tag":[],"class_list":{"0":"post-24570","1":"product","2":"type-product","3":"status-publish","4":"has-post-thumbnail","6":"product_cat-custom-glass-packaging","7":"product_cat-custom-glass-jars","8":"product_cat-glass-jars-with-lids","10":"first","11":"instock","12":"shipping-taxable","13":"product-type-simple"},"jetpack_sharing_enabled":true,"_links":{"self":[{"href":"https:\/\/yebodaglass.com\/pt\/wp-json\/wp\/v2\/product\/24570","targetHints":{"allow":["GET"]}}],"collection":[{"href":"https:\/\/yebodaglass.com\/pt\/wp-json\/wp\/v2\/product"}],"about":[{"href":"https:\/\/yebodaglass.com\/pt\/wp-json\/wp\/v2\/types\/product"}],"version-history":[{"count":4,"href":"https:\/\/yebodaglass.com\/pt\/wp-json\/wp\/v2\/product\/24570\/revisions"}],"predecessor-version":[{"id":24602,"href":"https:\/\/yebodaglass.com\/pt\/wp-json\/wp\/v2\/product\/24570\/revisions\/24602"}],"wp:featuredmedia":[{"embeddable":true,"href":"https:\/\/yebodaglass.com\/pt\/wp-json\/wp\/v2\/media\/24577"}],"wp:attachment":[{"href":"https:\/\/yebodaglass.com\/pt\/wp-json\/wp\/v2\/media?parent=24570"}],"wp:term":[{"taxonomy":"product_brand","embeddable":true,"href":"https:\/\/yebodaglass.com\/pt\/wp-json\/wp\/v2\/product_brand?post=24570"},{"taxonomy":"product_cat","embeddable":true,"href":"https:\/\/yebodaglass.com\/pt\/wp-json\/wp\/v2\/product_cat?post=24570"},{"taxonomy":"product_tag","embeddable":true,"href":"https:\/\/yebodaglass.com\/pt\/wp-json\/wp\/v2\/product_tag?post=24570"}],"curies":[{"name":"wp","href":"https:\/\/api.w.org\/{rel}","templated":true}]}}