{"id":24552,"date":"2025-12-23T15:56:39","date_gmt":"2025-12-23T07:56:39","guid":{"rendered":"https:\/\/yebodaglass.com\/?post_type=product&#038;p=24552"},"modified":"2025-12-24T09:18:02","modified_gmt":"2025-12-24T01:18:02","slug":"empty-unique-glass-jars-with-lids-wholesale","status":"publish","type":"product","link":"https:\/\/yebodaglass.com\/pt\/empty-unique-glass-jars-with-lids-wholesale\/","title":{"rendered":"Potes de vidro vazios exclusivos com tampas, de 350 ml a 950 ml, para venda por atacado."},"content":{"rendered":"<p data-start=\"66\" data-end=\"288\">S\u00e3o frascos de vidro incomuns com tampas que, por sua vez, possuem suas pr\u00f3prias tampas: t\u00eam um formato trapezoidal peculiar, estreitos na parte superior, mais largos na parte inferior e com \u00e2ngulos agudos. O conte\u00fado \u00e9 facilmente vis\u00edvel, pois as tampas de bambu natural s\u00e3o leves.<\/p>\n<h2>Caracter\u00edsticas do produto<\/h2>\n<ul>\n<li><strong>Forma trapezoidal multifacetada:<\/strong> O formato trapezoidal, mais estreito na parte superior e mais largo na parte inferior, com \u00e2ngulos agudos, n\u00e3o s\u00f3 \u00e9 mais est\u00e1vel em compara\u00e7\u00e3o com os vasos cil\u00edndricos, como tamb\u00e9m proporciona profundidade visual.<\/li>\n<li><strong>Corpo transparente:<\/strong> O corpo deste frasco \u00e9 feito de vidro completamente transparente, o que permite ver claramente o conte\u00fado sem precisar abrir a tampa.<\/li>\n<li><strong>Tampa de bambu:<\/strong> A tampa de bambu \u00e9 leve, possui uma camada de veda\u00e7\u00e3o interna, um design simples e uma \u00f3tima veda\u00e7\u00e3o.<\/li>\n<\/ul>\n<h2 style=\"text-align: left;\">Especifica\u00e7\u00f5es principais<\/h2>\n<table class=\"aligncenter\" style=\"border-collapse: collapse; width: 459.02pt;\" border=\"0\" width=\"612\" cellspacing=\"0\" cellpadding=\"0\">\n<tbody>\n<tr style=\"height: 13.50pt;\">\n<td style=\"height: 13.50pt; width: 100.50pt;\" width=\"134\" height=\"18\">Especifica\u00e7\u00e3o<\/td>\n<td style=\"width: 358.50pt;\" width=\"478\">Detalhes<\/td>\n<\/tr>\n<tr style=\"height: 13.50pt;\">\n<td style=\"height: 13.50pt;\" height=\"18\">Capacidade<\/td>\n<td>350ml \/ 500ml \/ 750ml \/ 950ml<\/td>\n<\/tr>\n<tr style=\"height: 13.50pt;\">\n<td style=\"height: 13.50pt;\" height=\"18\">Dimens\u00f5es<\/td>\n<td>10\u00d710,2cm \/ 11,5\u00d712cm \/ 12,5\u00d713,7cm \/ 14\u00d715,2cm<\/td>\n<\/tr>\n<tr style=\"height: 13.50pt;\">\n<td style=\"height: 13.50pt;\" height=\"18\">Material<\/td>\n<td>Vidro de borosilicato de alta qualidade<\/td>\n<\/tr>\n<tr style=\"height: 13.50pt;\">\n<td style=\"height: 13.50pt;\" height=\"18\">Formato de jarro<\/td>\n<td>Pir\u00e2mide truncada multifacetada (base alargada)<\/td>\n<\/tr>\n<tr style=\"height: 13.50pt;\">\n<td style=\"height: 13.50pt;\" height=\"18\">Tipo de tampa<\/td>\n<td>Tampa plana de bambu leve com veda\u00e7\u00e3o na borda<\/td>\n<\/tr>\n<tr style=\"height: 13.50pt;\">\n<td style=\"height: 13.50pt;\" height=\"18\">Caracter\u00edstica do material<\/td>\n<td>Resistente a calor e produtos qu\u00edmicos, alta transpar\u00eancia.<\/td>\n<\/tr>\n<tr style=\"height: 13.50pt;\">\n<td style=\"height: 13.50pt;\" height=\"18\">Ideal para<\/td>\n<td>Potes de vidro com tampas para venda por atacado, potes de vidro com tampas de madeira.<\/td>\n<\/tr>\n<\/tbody>\n<\/table>\n<h2>Hist\u00f3ria de sucesso<\/h2>\n<p>Uma empresa de ch\u00e1s de alta qualidade estava interessada em embalagens que servissem tanto para exibir quanto para apresentar o produto. Nossos exclusivos potes de vidro de 500ml com tampa foram os escolhidos para sua nova linha de ch\u00e1s de origem \u00fanica. O design em vidro borossilicato n\u00e3o s\u00f3 \u00e9 dur\u00e1vel (com uma taxa de quebra de apenas 0,2% durante o transporte), como tamb\u00e9m seu design multifacetado proporciona uma excelente apresenta\u00e7\u00e3o da cor e da textura do ch\u00e1, o que resultou em um aumento de 70% no n\u00famero de compartilhamentos do produto nas redes sociais. Ap\u00f3s esse enorme sucesso, a empresa encomendou mais 200.000 potes de vidro para serem promovidos globalmente.<\/p>\n<h2>Op\u00e7\u00f5es de personaliza\u00e7\u00e3o de potes e tampas de vidro no atacado<\/h2>\n<ul>\n<li>Tampas de bambu promocionais para potes: agora voc\u00ea pode optar por tampas de bambu feitas de uma \u00fanica pe\u00e7a de bambu com logotipos gravados a laser.<\/li>\n<li>Frost: Decida aplicar um acabamento fosco nas faces alternadas do corpo do frasco para criar jogos de luz e sombra impressionantes.<\/li>\n<li>Padr\u00f5es geom\u00e9tricos impressos em serigrafia \u2013 Padr\u00f5es que repetem os \u00e2ngulos do corpo do frasco em uma ou duas superf\u00edcies.<\/li>\n<li>Detalhes em vitral \u2013 Podem ser usados \u200b\u200bem certas facetas (por exemplo, a frente) com vidro colorido para criar contraste.<\/li>\n<\/ul>","protected":false},"excerpt":{"rendered":"<p dir=\"auto\">Descubra potes e tampas de vidro no atacado, incluindo potes de vidro exclusivos com tampas em design trapezoidal facetado, de borosilicato de alta qualidade com tampas de bambu. Envio r\u00e1pido.<\/p>","protected":false},"featured_media":24554,"template":"","meta":[],"product_brand":[],"product_cat":[122,124,137],"product_tag":[],"class_list":{"0":"post-24552","1":"product","2":"type-product","3":"status-publish","4":"has-post-thumbnail","6":"product_cat-custom-glass-packaging","7":"product_cat-custom-glass-jars","8":"product_cat-glass-jars-with-lids","10":"first","11":"instock","12":"shipping-taxable","13":"product-type-simple"},"jetpack_sharing_enabled":true,"_links":{"self":[{"href":"https:\/\/yebodaglass.com\/pt\/wp-json\/wp\/v2\/product\/24552","targetHints":{"allow":["GET"]}}],"collection":[{"href":"https:\/\/yebodaglass.com\/pt\/wp-json\/wp\/v2\/product"}],"about":[{"href":"https:\/\/yebodaglass.com\/pt\/wp-json\/wp\/v2\/types\/product"}],"version-history":[{"count":3,"href":"https:\/\/yebodaglass.com\/pt\/wp-json\/wp\/v2\/product\/24552\/revisions"}],"predecessor-version":[{"id":24568,"href":"https:\/\/yebodaglass.com\/pt\/wp-json\/wp\/v2\/product\/24552\/revisions\/24568"}],"wp:featuredmedia":[{"embeddable":true,"href":"https:\/\/yebodaglass.com\/pt\/wp-json\/wp\/v2\/media\/24554"}],"wp:attachment":[{"href":"https:\/\/yebodaglass.com\/pt\/wp-json\/wp\/v2\/media?parent=24552"}],"wp:term":[{"taxonomy":"product_brand","embeddable":true,"href":"https:\/\/yebodaglass.com\/pt\/wp-json\/wp\/v2\/product_brand?post=24552"},{"taxonomy":"product_cat","embeddable":true,"href":"https:\/\/yebodaglass.com\/pt\/wp-json\/wp\/v2\/product_cat?post=24552"},{"taxonomy":"product_tag","embeddable":true,"href":"https:\/\/yebodaglass.com\/pt\/wp-json\/wp\/v2\/product_tag?post=24552"}],"curies":[{"name":"wp","href":"https:\/\/api.w.org\/{rel}","templated":true}]}}