{"id":24543,"date":"2025-12-23T15:34:26","date_gmt":"2025-12-23T07:34:26","guid":{"rendered":"https:\/\/yebodaglass.com\/?post_type=product&#038;p=24543"},"modified":"2026-04-10T16:06:08","modified_gmt":"2026-04-10T08:06:08","slug":"wide-mouth-glass-jars-with-stainless-steel-lids-bulk","status":"publish","type":"product","link":"https:\/\/yebodaglass.com\/pt\/wide-mouth-glass-jars-with-stainless-steel-lids-bulk\/","title":{"rendered":"Potes de vidro de boca larga de 600 ml, 1000 ml e 1200 ml com tampas de a\u00e7o inoxid\u00e1vel (em grande quantidade)"},"content":{"rendered":"<p>Esses potes de vidro de boca larga exibem um visual moderno gra\u00e7as ao seu formato cil\u00edndrico, feito com vidro borossilicato ultratransparente. O recipiente cria uma veda\u00e7\u00e3o herm\u00e9tica e \u00e0 prova de umidade por meio de sua tampa de a\u00e7o inoxid\u00e1vel e junta de silicone de qualidade alimentar.<\/p>\n<h2>Caracter\u00edsticas do produto<\/h2>\n<ul>\n<li><strong>Vidro borossilicato cristalino:<\/strong> O vidro borossilicato mant\u00e9m sua apar\u00eancia transparente, enquanto suas propriedades dur\u00e1veis \u200b\u200be facilidade de limpeza resistem ao choque t\u00e9rmico.<\/li>\n<li><strong>Tampa selada em a\u00e7o inoxid\u00e1vel:<\/strong> A tampa selada de a\u00e7o inoxid\u00e1vel cria uma barreira herm\u00e9tica e segura para alimentos atrav\u00e9s de sua tampa de rosca de a\u00e7o inoxid\u00e1vel e junta de silicone integrada.<\/li>\n<li><strong>Design cil\u00edndrico de paredes retas:<\/strong> O design cil\u00edndrico simples com paredes retas permite que os usu\u00e1rios empilhem itens com seguran\u00e7a, pois oferece capacidade m\u00e1xima de armazenamento.<\/li>\n<\/ul>\n<h2>Especifica\u00e7\u00f5es principais<\/h2>\n<table style=\"border-collapse: collapse; width: 80%; margin-left: auto; margin-right: auto;\" border=\"0\" width=\"360\" cellspacing=\"0\" cellpadding=\"0\">\n<tbody>\n<tr style=\"height: 13.50pt;\">\n<td style=\"height: 13.5pt; width: 54pt; text-align: center;\" width=\"72\" height=\"18\">Capacidade (ml)<\/td>\n<td style=\"width: 54pt; text-align: center;\" width=\"72\">Tamanho (cm)<\/td>\n<td style=\"width: 54pt; text-align: center;\" width=\"72\">Di\u00e2metro da boca<\/td>\n<td style=\"width: 54pt; text-align: center;\" width=\"72\">Material<\/td>\n<td style=\"width: 54pt; text-align: center;\" width=\"72\">Forma<\/td>\n<\/tr>\n<tr style=\"height: 13.50pt;\">\n<td style=\"height: 13.5pt; text-align: center;\" align=\"right\" height=\"18\">600<\/td>\n<td style=\"text-align: center;\">9.5&#215;10.0<\/td>\n<td class=\"et2\" style=\"text-align: center;\" rowspan=\"3\">95 mm<\/td>\n<td class=\"et2\" style=\"text-align: center;\" rowspan=\"3\">Borossilicato<\/td>\n<td class=\"et2\" style=\"text-align: center;\" rowspan=\"3\">Redondo Reto \u2013 lado<\/td>\n<\/tr>\n<tr style=\"height: 13.50pt;\">\n<td style=\"height: 13.5pt; text-align: center;\" align=\"right\" height=\"18\">1000<\/td>\n<td style=\"text-align: center;\">9.5&#215;15.0<\/td>\n<\/tr>\n<tr style=\"height: 13.50pt;\">\n<td style=\"height: 13.5pt; text-align: center;\" align=\"right\" height=\"18\">1200<\/td>\n<td style=\"text-align: center;\">9.5&#215;20.0<\/td>\n<\/tr>\n<\/tbody>\n<\/table>\n<h2>Caso de sucesso<\/h2>\n<p>Uma rede de supermercados dos EUA selecionou nossos potes de armazenamento de alimentos de 946 ml (32 on\u00e7as) e personalizou as marca\u00e7\u00f5es de capacidade e as tampas de cores diferentes para diferenciar as categorias de produtos. A excelente veda\u00e7\u00e3o manteve os produtos frescos, reduzindo o desperd\u00edcio em 45%, e o vidro cristalino e as marca\u00e7\u00f5es aumentaram as vendas de produtos a granel em 28%. O sistema de produtos a granel da rede de supermercados foi t\u00e3o bem-sucedido que, posteriormente, eles fizeram um pedido adicional de 380.000 potes de vidro para sua linha rec\u00e9m-lan\u00e7ada de produtos essenciais de despensa pr\u00e9-embalados e caixas de assinatura online.<\/p>\n<h2>Os frascos de vidro de boca larga oferecem diversas op\u00e7\u00f5es de personaliza\u00e7\u00e3o.<\/h2>\n<ul>\n<li>Acabamentos da tampa: As op\u00e7\u00f5es dispon\u00edveis incluem a\u00e7o inoxid\u00e1vel, preto, cobre e v\u00e1rios acabamentos em esmalte colorido.<\/li>\n<li>Serigrafia: A superf\u00edcie de vidro permite aos usu\u00e1rios imprimir linhas de escala, guias de conte\u00fado e padr\u00f5es decorativos.<\/li>\n<li>Acess\u00f3rios: Os acess\u00f3rios incluem uma combina\u00e7\u00e3o de colheres, etiquetas e tampas de madeira personalizadas para criar diversas op\u00e7\u00f5es de design.<\/li>\n<\/ul>","protected":false},"excerpt":{"rendered":"<p>Venda direta da f\u00e1brica de potes de vidro de boca larga com tampas de a\u00e7o inoxid\u00e1vel, perfeitos para armazenar frutas, gr\u00e3os e outros alimentos. Esses potes para armazenamento de alimentos podem ser personalizados.<\/p>","protected":false},"featured_media":24550,"template":"","meta":[],"product_brand":[],"product_cat":[137,124,122],"product_tag":[],"class_list":{"0":"post-24543","1":"product","2":"type-product","3":"status-publish","4":"has-post-thumbnail","6":"product_cat-glass-jars-with-lids","7":"product_cat-custom-glass-jars","8":"product_cat-custom-glass-packaging","10":"first","11":"instock","12":"shipping-taxable","13":"product-type-simple"},"jetpack_sharing_enabled":true,"_links":{"self":[{"href":"https:\/\/yebodaglass.com\/pt\/wp-json\/wp\/v2\/product\/24543","targetHints":{"allow":["GET"]}}],"collection":[{"href":"https:\/\/yebodaglass.com\/pt\/wp-json\/wp\/v2\/product"}],"about":[{"href":"https:\/\/yebodaglass.com\/pt\/wp-json\/wp\/v2\/types\/product"}],"version-history":[{"count":5,"href":"https:\/\/yebodaglass.com\/pt\/wp-json\/wp\/v2\/product\/24543\/revisions"}],"predecessor-version":[{"id":25747,"href":"https:\/\/yebodaglass.com\/pt\/wp-json\/wp\/v2\/product\/24543\/revisions\/25747"}],"wp:featuredmedia":[{"embeddable":true,"href":"https:\/\/yebodaglass.com\/pt\/wp-json\/wp\/v2\/media\/24550"}],"wp:attachment":[{"href":"https:\/\/yebodaglass.com\/pt\/wp-json\/wp\/v2\/media?parent=24543"}],"wp:term":[{"taxonomy":"product_brand","embeddable":true,"href":"https:\/\/yebodaglass.com\/pt\/wp-json\/wp\/v2\/product_brand?post=24543"},{"taxonomy":"product_cat","embeddable":true,"href":"https:\/\/yebodaglass.com\/pt\/wp-json\/wp\/v2\/product_cat?post=24543"},{"taxonomy":"product_tag","embeddable":true,"href":"https:\/\/yebodaglass.com\/pt\/wp-json\/wp\/v2\/product_tag?post=24543"}],"curies":[{"name":"wp","href":"https:\/\/api.w.org\/{rel}","templated":true}]}}