{"id":24526,"date":"2025-12-23T10:20:01","date_gmt":"2025-12-23T02:20:01","guid":{"rendered":"https:\/\/yebodaglass.com\/?post_type=product&#038;p=24526"},"modified":"2025-12-23T14:09:46","modified_gmt":"2025-12-23T06:09:46","slug":"custom-98mm-diameter-glass-jars-with-lids-wholesale","status":"publish","type":"product","link":"https:\/\/yebodaglass.com\/pt\/custom-98mm-diameter-glass-jars-with-lids-wholesale\/","title":{"rendered":"Potes de vidro personalizados com tampas, 600ml, 1000ml e 1350ml de di\u00e2metro (98mm) - Venda por atacado"},"content":{"rendered":"<p>Pare de se preocupar com tampas pequenas. Fabricamos potes de vidro com tampas no atacado, ideais para marcas que precisam de solu\u00e7\u00f5es de armazenamento realmente eficazes. Esses potes de vidro transformam o estoque do dia a dia em um momento marcante para sua marca. Compras em grande quantidade recebem acabamentos personalizados que combinam com a sua identidade visual.<\/p>\n<h2>Caracter\u00edsticas do produto<\/h2>\n<p><strong>Ampla abertura pela boca<\/strong><\/p>\n<p>Retire o mel ou a gelatina de vidro com cuidado e precis\u00e3o. A palavra de ordem \u00e9: N\u00c3O SUJEITE.<\/p>\n<p><strong>Excelente desempenho de veda\u00e7\u00e3o<\/strong><\/p>\n<p>Ao incorporar uma tampa herm\u00e9tica, o produto consegue manter os alimentos frescos por mais tempo, protegendo-os da umidade e da oxida\u00e7\u00e3o e, assim, aumentando sua vida \u00fatil.<\/p>\n<p><strong>Durabilidade resistente ao calor<\/strong><\/p>\n<p>O vidro borossilicato acompanha a tend\u00eancia de armazenar xarope quente, mel frio ou alimentos congelados sem sofrer choque t\u00e9rmico.<\/p>\n<h2>Especifica\u00e7\u00f5es principais<\/h2>\n<table style=\"border-collapse: collapse; width: 80%; margin-left: auto; margin-right: auto;\" border=\"0\" width=\"360\" cellspacing=\"0\" cellpadding=\"0\">\n<tbody>\n<tr style=\"height: 13.50pt;\">\n<td style=\"height: 13.5pt; width: 54pt; text-align: center;\" width=\"72\" height=\"18\">Capacidade (ml)<\/td>\n<td style=\"width: 54pt; text-align: center;\" width=\"72\">Tamanho (cm)<\/td>\n<td style=\"width: 54pt; text-align: center;\" width=\"72\">Di\u00e2metro da boca<\/td>\n<td style=\"width: 54pt; text-align: center;\" width=\"72\">Material<\/td>\n<td style=\"width: 54pt; text-align: center;\" width=\"72\">Forma<\/td>\n<\/tr>\n<tr style=\"height: 13.50pt;\">\n<td style=\"height: 13.5pt; text-align: center;\" align=\"right\" height=\"18\">600<\/td>\n<td style=\"text-align: center;\">9,8 x 10,0<\/td>\n<td class=\"et2\" style=\"text-align: center;\" rowspan=\"3\">98 mm<\/td>\n<td class=\"et2\" style=\"text-align: center;\" rowspan=\"3\">Vidro borossilicato<\/td>\n<td class=\"et2\" style=\"text-align: center;\" rowspan=\"3\">Redondo Reto \u2013 lado<\/td>\n<\/tr>\n<tr style=\"height: 13.50pt;\">\n<td style=\"height: 13.5pt; text-align: center;\" align=\"right\" height=\"18\">1000<\/td>\n<td style=\"text-align: center;\">9,8 x 15,0<\/td>\n<\/tr>\n<tr style=\"height: 13.50pt;\">\n<td style=\"height: 13.5pt; text-align: center;\" align=\"right\" height=\"18\">1350<\/td>\n<td style=\"text-align: center;\">9,8 x 20,0<\/td>\n<\/tr>\n<\/tbody>\n<\/table>\n<h2>Hist\u00f3ria de sucesso<\/h2>\n<p>Uma marca de alimentos saud\u00e1veis \u200b\u200boptou por utilizar esses potes de vidro borossilicato para armazenar e exibir suas diversas frutas secas e nozes. Os potes possuem uma abertura larga que facilita a retirada das frutas secas com uma colher, e o vidro transparente proporciona um visual atraente que incentiva os clientes a escolherem seus produtos nas prateleiras.<\/p>\n<p>Em aproximadamente 3 meses, as vendas de frutas secas da marca aumentaram 20%.<\/p>\n<h2>Seu Guia de Personaliza\u00e7\u00e3o<\/h2>\n<ol>\n<li><strong>Sele\u00e7\u00e3o:<\/strong> Dependendo das necessidades de armazenamento, diferentes m\u00e9todos de veda\u00e7\u00e3o podem ser escolhidos, como tampas com clipes de metal ou an\u00e9is de veda\u00e7\u00e3o de silicone, para proporcionar melhor desempenho de veda\u00e7\u00e3o, o que \u00e9 adequado para o armazenamento de alimentos estragados ou frescos.<\/li>\n<li><strong>Cores das tampas:<\/strong> Alterar a cor da tampa para combinar com as cores da marca ou com as caracter\u00edsticas do produto torna o visual mais personalizado e exclusivo. Por exemplo, tampas douradas ou prateadas transmitem uma sensa\u00e7\u00e3o de luxo, enquanto tampas de madeira natural sugerem uma tend\u00eancia ecol\u00f3gica, sustent\u00e1vel e natural.<\/li>\n<li><strong>Acess\u00f3rios:<\/strong> Acess\u00f3rios para recipientes de armazenamento podem ser adicionados, como etiquetas, adesivos, colheres para potes de vidro, etc., para agradar o usu\u00e1rio e aumentar ainda mais a funcionalidade e o atrativo do produto.<\/li>\n<\/ol>","protected":false},"excerpt":{"rendered":"<p>Venda direta da f\u00e1brica de potes de vidro borossilicato de alta qualidade com tampas, perfeitos para armazenar produtos secos, especiarias e ch\u00e1. Personaliza\u00e7\u00e3o dispon\u00edvel.<\/p>","protected":false},"featured_media":24540,"template":"","meta":[],"product_brand":[],"product_cat":[122,124,137],"product_tag":[],"class_list":{"0":"post-24526","1":"product","2":"type-product","3":"status-publish","4":"has-post-thumbnail","6":"product_cat-custom-glass-packaging","7":"product_cat-custom-glass-jars","8":"product_cat-glass-jars-with-lids","10":"first","11":"instock","12":"shipping-taxable","13":"product-type-simple"},"jetpack_sharing_enabled":true,"_links":{"self":[{"href":"https:\/\/yebodaglass.com\/pt\/wp-json\/wp\/v2\/product\/24526","targetHints":{"allow":["GET"]}}],"collection":[{"href":"https:\/\/yebodaglass.com\/pt\/wp-json\/wp\/v2\/product"}],"about":[{"href":"https:\/\/yebodaglass.com\/pt\/wp-json\/wp\/v2\/types\/product"}],"version-history":[{"count":5,"href":"https:\/\/yebodaglass.com\/pt\/wp-json\/wp\/v2\/product\/24526\/revisions"}],"predecessor-version":[{"id":24542,"href":"https:\/\/yebodaglass.com\/pt\/wp-json\/wp\/v2\/product\/24526\/revisions\/24542"}],"wp:featuredmedia":[{"embeddable":true,"href":"https:\/\/yebodaglass.com\/pt\/wp-json\/wp\/v2\/media\/24540"}],"wp:attachment":[{"href":"https:\/\/yebodaglass.com\/pt\/wp-json\/wp\/v2\/media?parent=24526"}],"wp:term":[{"taxonomy":"product_brand","embeddable":true,"href":"https:\/\/yebodaglass.com\/pt\/wp-json\/wp\/v2\/product_brand?post=24526"},{"taxonomy":"product_cat","embeddable":true,"href":"https:\/\/yebodaglass.com\/pt\/wp-json\/wp\/v2\/product_cat?post=24526"},{"taxonomy":"product_tag","embeddable":true,"href":"https:\/\/yebodaglass.com\/pt\/wp-json\/wp\/v2\/product_tag?post=24526"}],"curies":[{"name":"wp","href":"https:\/\/api.w.org\/{rel}","templated":true}]}}