{"id":24517,"date":"2025-12-22T16:14:46","date_gmt":"2025-12-22T08:14:46","guid":{"rendered":"https:\/\/yebodaglass.com\/?post_type=product&#038;p=24517"},"modified":"2026-03-12T15:13:26","modified_gmt":"2026-03-12T07:13:26","slug":"high-borosilicate-glass-storage-jars-with-lids-bulk","status":"publish","type":"product","link":"https:\/\/yebodaglass.com\/pt\/high-borosilicate-glass-storage-jars-with-lids-bulk\/","title":{"rendered":"Potes de vidro borossilicato de alta qualidade, com tampas, de 550 ml a 1950 ml (em grande quantidade)"},"content":{"rendered":"<p>Esses potes de vidro com tampa t\u00eam formato cil\u00edndrico, s\u00e3o lisos, transparentes e possuem tampa de bambu natural com fechos de metal prateado resistentes. Sua boca larga os torna pr\u00e1ticos para armazenar lanches, utens\u00edlios de cozinha e alimentos secos.<\/p>\n<h2>Caracter\u00edsticas do produto<\/h2>\n<ul>\n<li><strong>Design cil\u00edndrico cl\u00e1ssico:<\/strong> O fundo plano e as paredes retas proporcionam estabilidade, facilitam a limpeza e permitem um empilhamento eficiente.<\/li>\n<li><strong>Design de boca totalmente aberta:<\/strong> Possui uma abertura ampla, facilitando o enchimento, a retirada do conte\u00fado e a limpeza.<\/li>\n<li><strong>Selagem natural para madeira e metal:<\/strong> As placas de metal na tampa de madeira ofereceriam um recipiente fechado e um toque de naturalidade ao produto.<\/li>\n<\/ul>\n<h2>Especifica\u00e7\u00f5es principais<\/h2>\n<table style=\"border-collapse: collapse; width: 80%; margin-left: auto; margin-right: auto;\" border=\"0\" width=\"288\" cellspacing=\"0\" cellpadding=\"0\">\n<tbody>\n<tr style=\"height: 13.50pt;\">\n<td style=\"height: 13.5pt; width: 54pt; text-align: center;\" width=\"72\" height=\"18\">Capacidade (ml)<\/td>\n<td style=\"width: 54pt; text-align: center;\" width=\"72\">Tamanho (cm)<\/td>\n<td style=\"width: 54pt; text-align: center;\" width=\"72\">Di\u00e2metro da boca<\/td>\n<td style=\"width: 54pt; text-align: center;\" width=\"72\">Material<\/td>\n<\/tr>\n<tr style=\"height: 13.50pt;\">\n<td style=\"height: 13.5pt; text-align: center;\" align=\"right\" height=\"18\">550<\/td>\n<td style=\"text-align: center;\">10,0 x 10,0<\/td>\n<td class=\"et2\" style=\"text-align: center;\" rowspan=\"6\">100 mm<\/td>\n<td class=\"et2\" style=\"text-align: center;\" rowspan=\"6\">Borossilicato<\/td>\n<\/tr>\n<tr style=\"height: 13.50pt;\">\n<td style=\"height: 13.5pt; text-align: center;\" align=\"right\" height=\"18\">660<\/td>\n<td style=\"text-align: center;\">10,0 x 12,0<\/td>\n<\/tr>\n<tr style=\"height: 13.50pt;\">\n<td style=\"height: 13.5pt; text-align: center;\" align=\"right\" height=\"18\">900<\/td>\n<td style=\"text-align: center;\">10,0 x 15,0<\/td>\n<\/tr>\n<tr style=\"height: 13.50pt;\">\n<td style=\"height: 13.5pt; text-align: center;\" align=\"right\" height=\"18\">1250<\/td>\n<td style=\"text-align: center;\">10,0 x 20,0<\/td>\n<\/tr>\n<tr style=\"height: 13.50pt;\">\n<td style=\"height: 13.5pt; text-align: center;\" align=\"right\" height=\"18\">1500<\/td>\n<td style=\"text-align: center;\">10,0 x 23,0<\/td>\n<\/tr>\n<tr style=\"height: 13.50pt;\">\n<td style=\"height: 13.5pt; text-align: center;\" align=\"right\" height=\"18\">1950<\/td>\n<td style=\"text-align: center;\">10,0 x 28,0<\/td>\n<\/tr>\n<\/tbody>\n<\/table>\n<h2>Caso de sucesso: Pedido personalizado de uma empresa de entrega de comida na Calif\u00f3rnia<\/h2>\n<p>Nossos potes de boca larga e tampas de bambu personalizadas foram adquiridos por uma empresa de entrega de alimentos diretamente ao consumidor, com sede na Calif\u00f3rnia. A veda\u00e7\u00e3o aprimorada aumentou a vida \u00fatil de seus gr\u00e3os e feij\u00f5es secos em um quarto, reduzindo o desperd\u00edcio. O corpo de vidro transparente permitiu a observa\u00e7\u00e3o dos centros de distribui\u00e7\u00e3o, diminuindo os erros de separa\u00e7\u00e3o em 15%. Com base nesse sucesso, eles encomendaram recentemente mais 500.000 potes para expandir seus neg\u00f3cios de embalagens de produtos secos.<\/p>\n<h2>Ideias de personaliza\u00e7\u00e3o para potes de vidro com tampas<\/h2>\n<ul>\n<li>Materiais personalizados para as tampas: Existem tampas de madeira, mas tamb\u00e9m tampas feitas de outros materiais ecol\u00f3gicos, como corti\u00e7a, pl\u00e1stico reciclado ou at\u00e9 mesmo cer\u00e2mica.<\/li>\n<li>Marca\u00e7\u00f5es de medidas: As marca\u00e7\u00f5es (x\u00edcaras, gramas, on\u00e7as) podem ser adicionadas permanentemente por meio de relevo ou impress\u00e3o na lateral do frasco, para que possam ser usadas como receitas.<\/li>\n<li>Design de pote quadrado: Projete potes quadrados ou retangulares de boca larga com um design que maximize o espa\u00e7o na caixa e na prateleira.<\/li>\n<\/ul>","protected":false},"excerpt":{"rendered":"<p>Potes de vidro resistentes com tampas, detalhes em madeira e fechos met\u00e1licos. Potes pr\u00e1ticos de boca larga, ideais para gr\u00e3os, lanches e alimentos secos. Amostras gr\u00e1tis.<\/p>","protected":false},"featured_media":24525,"template":"","meta":[],"product_brand":[],"product_cat":[122,124,137],"product_tag":[],"class_list":{"0":"post-24517","1":"product","2":"type-product","3":"status-publish","4":"has-post-thumbnail","6":"product_cat-custom-glass-packaging","7":"product_cat-custom-glass-jars","8":"product_cat-glass-jars-with-lids","10":"first","11":"instock","12":"shipping-taxable","13":"product-type-simple"},"jetpack_sharing_enabled":true,"_links":{"self":[{"href":"https:\/\/yebodaglass.com\/pt\/wp-json\/wp\/v2\/product\/24517","targetHints":{"allow":["GET"]}}],"collection":[{"href":"https:\/\/yebodaglass.com\/pt\/wp-json\/wp\/v2\/product"}],"about":[{"href":"https:\/\/yebodaglass.com\/pt\/wp-json\/wp\/v2\/types\/product"}],"version-history":[{"count":5,"href":"https:\/\/yebodaglass.com\/pt\/wp-json\/wp\/v2\/product\/24517\/revisions"}],"predecessor-version":[{"id":25411,"href":"https:\/\/yebodaglass.com\/pt\/wp-json\/wp\/v2\/product\/24517\/revisions\/25411"}],"wp:featuredmedia":[{"embeddable":true,"href":"https:\/\/yebodaglass.com\/pt\/wp-json\/wp\/v2\/media\/24525"}],"wp:attachment":[{"href":"https:\/\/yebodaglass.com\/pt\/wp-json\/wp\/v2\/media?parent=24517"}],"wp:term":[{"taxonomy":"product_brand","embeddable":true,"href":"https:\/\/yebodaglass.com\/pt\/wp-json\/wp\/v2\/product_brand?post=24517"},{"taxonomy":"product_cat","embeddable":true,"href":"https:\/\/yebodaglass.com\/pt\/wp-json\/wp\/v2\/product_cat?post=24517"},{"taxonomy":"product_tag","embeddable":true,"href":"https:\/\/yebodaglass.com\/pt\/wp-json\/wp\/v2\/product_tag?post=24517"}],"curies":[{"name":"wp","href":"https:\/\/api.w.org\/{rel}","templated":true}]}}