{"id":24509,"date":"2025-12-22T11:32:32","date_gmt":"2025-12-22T03:32:32","guid":{"rendered":"https:\/\/yebodaglass.com\/?post_type=product&#038;p=24509"},"modified":"2026-04-13T15:43:41","modified_gmt":"2026-04-13T07:43:41","slug":"borosilicate-big-glass-jar-with-lid-for-storage-wholesale","status":"publish","type":"product","link":"https:\/\/yebodaglass.com\/pt\/borosilicate-big-glass-jar-with-lid-for-storage-wholesale\/","title":{"rendered":"Pote de vidro borossilicato grande de 1360ml e 1800ml com tampa para armazenamento (venda por atacado)"},"content":{"rendered":"<p>O frasco de vidro com tampa tem formato cil\u00edndrico e \u00e9 feito de vidro borossilicato ultratransparente. O produto possui um corpo de vidro sem juntas vis\u00edveis, projetado para criar uma barreira herm\u00e9tica completa contra a umidade, gra\u00e7as \u00e0 tampa de bambu natural e ao anel de veda\u00e7\u00e3o de silicone de qualidade alimentar.<\/p>\n<h2>Caracter\u00edsticas do produto<\/h2>\n<ul>\n<li><strong>Material do vidro borossilicato:<\/strong> O produto \u00e9 feito de vidro borossilicato de qualidade alimentar, que proporciona alta transpar\u00eancia e protege contra mudan\u00e7as extremas de temperatura, mantendo-se seguro e inodoro.<\/li>\n<li><strong>Tampa de veda\u00e7\u00e3o em bambu natural:<\/strong> A combina\u00e7\u00e3o da tampa de bambu natural com o anel de veda\u00e7\u00e3o de silicone de qualidade alimentar cria um sistema de veda\u00e7\u00e3o que oferece capacidades de veda\u00e7\u00e3o superiores.<\/li>\n<li><strong>Boca larga para facilitar a limpeza:<\/strong> O design de boca larga permite que os usu\u00e1rios acessem seus alimentos e realizem uma limpeza completa, al\u00e9m de atender a diferentes necessidades de armazenamento na cozinha.<\/li>\n<\/ul>\n<h2>Especifica\u00e7\u00f5es principais<\/h2>\n<table style=\"border-collapse: collapse; width: 80%; margin-left: auto; margin-right: auto;\" border=\"0\" width=\"360\" cellspacing=\"0\" cellpadding=\"0\">\n<tbody>\n<tr style=\"height: 13.50pt;\">\n<td style=\"height: 13.5pt; width: 54pt; text-align: center;\" width=\"72\" height=\"18\">Capacidade (ml)<\/td>\n<td style=\"width: 54pt; text-align: center;\" width=\"72\">Tamanho (cm)<\/td>\n<td style=\"width: 54pt; text-align: center;\" width=\"72\">Di\u00e2metro da boca<\/td>\n<td style=\"width: 54pt; text-align: center;\" width=\"72\">Material<\/td>\n<td style=\"width: 54pt; text-align: center;\" width=\"72\">Caracter\u00edsticas<\/td>\n<\/tr>\n<tr style=\"height: 13.50pt;\">\n<td style=\"height: 13.5pt; text-align: center;\" height=\"18\">1360<\/td>\n<td style=\"text-align: center;\">12,0 x 15,0<\/td>\n<td class=\"et2\" style=\"text-align: center;\" rowspan=\"2\">120 mm<\/td>\n<td class=\"et2\" style=\"text-align: center;\" rowspan=\"2\">Vidro borossilicato<\/td>\n<td class=\"et2\" style=\"text-align: center;\" rowspan=\"2\">Tampa de 120 mm com lados retos<\/td>\n<\/tr>\n<tr style=\"height: 13.50pt;\">\n<td style=\"height: 13.5pt; text-align: center;\" height=\"18\">1800<\/td>\n<td style=\"text-align: center;\">12,0 x 20,0<\/td>\n<\/tr>\n<\/tbody>\n<\/table>\n<h2>Caso de sucesso: um pedido personalizado de uma rede de supermercados com foco em zero desperd\u00edcio<\/h2>\n<p>Nossos potes de vidro para cozinha foram escolhidos por uma rede nacional de supermercados que solicitou marca\u00e7\u00f5es de volume personalizadas nos potes. Os potes de vidro personalizados para cozinha se tornaram populares entre os clientes porque sua veda\u00e7\u00e3o herm\u00e9tica ajuda a conservar os alimentos por 30% mais tempo e as marca\u00e7\u00f5es de volume permitem que os clientes reduzam a quantidade comprada em 15%. Ap\u00f3s o pedido inicial, eles fizeram um novo pedido de 580.000 potes de vidro para criar uma nova linha de kits de armazenamento de alimentos pr\u00e9-embalados.<\/p>\n<h2>Op\u00e7\u00f5es de personaliza\u00e7\u00e3o de potes de cozinha<\/h2>\n<ol>\n<li><strong>Material da tampa e estrutura de veda\u00e7\u00e3o:<\/strong> Um frasco plano com borda de 120 mm pode ser combinado com tampas de veda\u00e7\u00e3o de bambu, madeira ou material composto, e a espessura do anel de veda\u00e7\u00e3o de silicone pode ser aumentada para melhor resist\u00eancia \u00e0 umidade e preserva\u00e7\u00e3o do frescor.<\/li>\n<li><strong>Personaliza\u00e7\u00e3o do corpo do frasco:\u00a0<\/strong>O corpo do frasco pode ser serigrafado, impresso, ter a aplica\u00e7\u00e3o de decalque, a \u00e1rea de etiqueta reservada ou ter um acabamento fosco, servindo como suporte para atender aos requisitos de marca e fornecimento de informa\u00e7\u00f5es.<\/li>\n<li><strong>Espessura e impacto do vidro:<\/strong> O vidro borossilicato espesso pode ser ainda mais personalizado para cen\u00e1rios de alta rotatividade em supermercados, a fim de reduzir a taxa de quebra durante o transporte e o armazenamento.<\/li>\n<\/ol>","protected":false},"excerpt":{"rendered":"<p>Elegante pote de vidro grande com tampa e design em bambu natural. Potes de cozinha ideais para solu\u00e7\u00f5es de armazenamento modernas. Op\u00e7\u00f5es de personaliza\u00e7\u00e3o com a sua marca dispon\u00edveis. Amostras gr\u00e1tis.<\/p>","protected":false},"featured_media":24510,"template":"","meta":[],"product_brand":[],"product_cat":[137,124,122],"product_tag":[],"class_list":{"0":"post-24509","1":"product","2":"type-product","3":"status-publish","4":"has-post-thumbnail","6":"product_cat-glass-jars-with-lids","7":"product_cat-custom-glass-jars","8":"product_cat-custom-glass-packaging","10":"first","11":"instock","12":"shipping-taxable","13":"product-type-simple"},"jetpack_sharing_enabled":true,"_links":{"self":[{"href":"https:\/\/yebodaglass.com\/pt\/wp-json\/wp\/v2\/product\/24509","targetHints":{"allow":["GET"]}}],"collection":[{"href":"https:\/\/yebodaglass.com\/pt\/wp-json\/wp\/v2\/product"}],"about":[{"href":"https:\/\/yebodaglass.com\/pt\/wp-json\/wp\/v2\/types\/product"}],"version-history":[{"count":5,"href":"https:\/\/yebodaglass.com\/pt\/wp-json\/wp\/v2\/product\/24509\/revisions"}],"predecessor-version":[{"id":25766,"href":"https:\/\/yebodaglass.com\/pt\/wp-json\/wp\/v2\/product\/24509\/revisions\/25766"}],"wp:featuredmedia":[{"embeddable":true,"href":"https:\/\/yebodaglass.com\/pt\/wp-json\/wp\/v2\/media\/24510"}],"wp:attachment":[{"href":"https:\/\/yebodaglass.com\/pt\/wp-json\/wp\/v2\/media?parent=24509"}],"wp:term":[{"taxonomy":"product_brand","embeddable":true,"href":"https:\/\/yebodaglass.com\/pt\/wp-json\/wp\/v2\/product_brand?post=24509"},{"taxonomy":"product_cat","embeddable":true,"href":"https:\/\/yebodaglass.com\/pt\/wp-json\/wp\/v2\/product_cat?post=24509"},{"taxonomy":"product_tag","embeddable":true,"href":"https:\/\/yebodaglass.com\/pt\/wp-json\/wp\/v2\/product_tag?post=24509"}],"curies":[{"name":"wp","href":"https:\/\/api.w.org\/{rel}","templated":true}]}}