{"id":24500,"date":"2025-12-19T17:46:32","date_gmt":"2025-12-19T09:46:32","guid":{"rendered":"https:\/\/yebodaglass.com\/?post_type=product&#038;p=24500"},"modified":"2025-12-22T10:08:45","modified_gmt":"2025-12-22T02:08:45","slug":"glass-jars-with-airtight-lids-for-storage-wholesale","status":"publish","type":"product","link":"https:\/\/yebodaglass.com\/pt\/glass-jars-with-airtight-lids-for-storage-wholesale\/","title":{"rendered":"Potes de vidro de 335 ml, 580 ml e 800 ml com tampas herm\u00e9ticas para armazenamento (venda por atacado)"},"content":{"rendered":"<p data-start=\"66\" data-end=\"288\">Estes frascos de vidro resistentes e dur\u00e1veis, com tampas herm\u00e9ticas, s\u00e3o fabricados com vidro borossilicato de alta qualidade, o que lhes confere grande transpar\u00eancia e longa vida \u00fatil. A tampa plana com acabamento em madeira escura n\u00e3o s\u00f3 tem um visual elegante, como tamb\u00e9m proporciona uma veda\u00e7\u00e3o perfeita, e est\u00e1 dispon\u00edvel em tr\u00eas tamanhos diferentes.<\/p>\n<h2>Caracter\u00edsticas do produto<\/h2>\n<ul>\n<li><strong>Design cil\u00edndrico robusto:<\/strong> O corpo do frasco \u00e9 grosso e est\u00e1vel, o que dificulta que ele tombe, al\u00e9m de ser dur\u00e1vel o suficiente para uso di\u00e1rio.<\/li>\n<li><strong>Veda\u00e7\u00e3o de alta qualidade:<\/strong> A tampa de madeira com veios aparentes, fabricada por um m\u00e9todo especial, veda hermeticamente o recipiente, mantendo assim os alimentos frescos por mais tempo.<\/li>\n<li><strong>Vidro borossilicato de alta qualidade:<\/strong> Al\u00e9m de sua excelente resist\u00eancia a choques t\u00e9rmicos, o vidro tamb\u00e9m \u00e9 muito transparente e, portanto, o conte\u00fado permanece vis\u00edvel por um longo per\u00edodo.<\/li>\n<\/ul>\n<h2 style=\"text-align: left;\">Especifica\u00e7\u00f5es principais<\/h2>\n<table class=\"aligncenter\" style=\"border-collapse: collapse; width: 424.52pt;\" border=\"0\" width=\"566\" cellspacing=\"0\" cellpadding=\"0\">\n<tbody>\n<tr style=\"height: 13.50pt;\">\n<td style=\"height: 13.50pt; width: 107.25pt;\" width=\"143\" height=\"18\">Especifica\u00e7\u00e3o<\/td>\n<td style=\"width: 317.25pt;\" width=\"423\">Detalhes<\/td>\n<\/tr>\n<tr style=\"height: 13.50pt;\">\n<td style=\"height: 13.50pt;\" height=\"18\">Capacidade<\/td>\n<td>335ml \/ 580ml \/ 800ml<\/td>\n<\/tr>\n<tr style=\"height: 13.50pt;\">\n<td style=\"height: 13.50pt;\" height=\"18\">Dimens\u00f5es<\/td>\n<td>8\u00d710cm \/ 8\u00d715cm \/ 8\u00d720cm<\/td>\n<\/tr>\n<tr style=\"height: 13.50pt;\">\n<td style=\"height: 13.50pt;\" height=\"18\">Material<\/td>\n<td>Vidro de borosilicato de alta qualidade<\/td>\n<\/tr>\n<tr style=\"height: 13.50pt;\">\n<td style=\"height: 13.50pt;\" height=\"18\">Tipo de tampa<\/td>\n<td>Tampa plana com acabamento em madeira escura (herm\u00e9tica)<\/td>\n<\/tr>\n<tr style=\"height: 13.50pt;\">\n<td style=\"height: 13.50pt;\" height=\"18\">Di\u00e2metro da tampa<\/td>\n<td>80 mm (uniforme em todos os tamanhos)<\/td>\n<\/tr>\n<tr style=\"height: 13.50pt;\">\n<td style=\"height: 13.50pt;\" height=\"18\">Caracter\u00edstica do material<\/td>\n<td>Alta resist\u00eancia t\u00e9rmica e qu\u00edmica, transpar\u00eancia superior.<\/td>\n<\/tr>\n<tr style=\"height: 13.50pt;\">\n<td style=\"height: 13.50pt;\" height=\"18\">Ideal para<\/td>\n<td>Potes de vidro com tampas herm\u00e9ticas, potes de vidro no atacado<\/td>\n<\/tr>\n<\/tbody>\n<\/table>\n<h2>Caso de sucesso: a solu\u00e7\u00e3o para a cadeia de suprimentos de uma torrefadora de caf\u00e9<\/h2>\n<p>A torrefadora de caf\u00e9 de m\u00e9dio porte embalava seu produto mais vendido em nossos potes de vidro de 580 ml com tampas herm\u00e9ticas. Gra\u00e7as ao uso dos resistentes potes de vidro borossilicato, a torrefadora observou uma redu\u00e7\u00e3o de 85% na incid\u00eancia de quebras durante o transporte e armazenamento. A tampa herm\u00e9tica de madeira com acabamento granulado mostrou-se muito eficaz na conserva\u00e7\u00e3o dos gr\u00e3os de caf\u00e9 frescos, e as cafeterias (clientes) relataram um aumento de 30% no tempo ideal de preparo. Ap\u00f3s constatarem os benef\u00edcios operacionais e financeiros, eles fizeram um novo pedido de 250.000 potes para facilitar a expans\u00e3o da produ\u00e7\u00e3o.<\/p>\n<h2>Op\u00e7\u00f5es de personaliza\u00e7\u00e3o para venda por atacado de potes de vidro<\/h2>\n<ul>\n<li>Tampas de madeira maci\u00e7a. Fa\u00e7a a transi\u00e7\u00e3o para tampas de madeira maci\u00e7a resistentes e seguras para alimentos, com op\u00e7\u00f5es de acabamento em nogueira ou ac\u00e1cia.<\/li>\n<li>Personaliza\u00e7\u00e3o da tampa: seu logotipo estampado, gravado a laser ou na madeira.<\/li>\n<li>Indica\u00e7\u00e3o de capacidade: A capacidade do frasco (ex.: \u201c580 ml\u201d) \u00e9 indicada pela grava\u00e7\u00e3o em relevo na parte inferior do frasco.<\/li>\n<li>Melhor veda\u00e7\u00e3o com uma junta de silicone de qualidade alimentar, mais larga ou colorida. Uma junta de silicone de qualidade alimentar, mais larga ou colorida, ajuda a obter uma veda\u00e7\u00e3o melhor.<\/li>\n<\/ul>","protected":false},"excerpt":{"rendered":"<p>Potes de vidro elegantes com tampas herm\u00e9ticas para compradores atacadistas, com corpo de vidro espesso e tampa de madeira natural. Descontos para pedidos em grande quantidade dispon\u00edveis.<\/p>","protected":false},"featured_media":24504,"template":"","meta":[],"product_brand":[],"product_cat":[122,124,137],"product_tag":[],"class_list":{"0":"post-24500","1":"product","2":"type-product","3":"status-publish","4":"has-post-thumbnail","6":"product_cat-custom-glass-packaging","7":"product_cat-custom-glass-jars","8":"product_cat-glass-jars-with-lids","10":"first","11":"instock","12":"shipping-taxable","13":"product-type-simple"},"jetpack_sharing_enabled":true,"_links":{"self":[{"href":"https:\/\/yebodaglass.com\/pt\/wp-json\/wp\/v2\/product\/24500","targetHints":{"allow":["GET"]}}],"collection":[{"href":"https:\/\/yebodaglass.com\/pt\/wp-json\/wp\/v2\/product"}],"about":[{"href":"https:\/\/yebodaglass.com\/pt\/wp-json\/wp\/v2\/types\/product"}],"version-history":[{"count":4,"href":"https:\/\/yebodaglass.com\/pt\/wp-json\/wp\/v2\/product\/24500\/revisions"}],"predecessor-version":[{"id":24508,"href":"https:\/\/yebodaglass.com\/pt\/wp-json\/wp\/v2\/product\/24500\/revisions\/24508"}],"wp:featuredmedia":[{"embeddable":true,"href":"https:\/\/yebodaglass.com\/pt\/wp-json\/wp\/v2\/media\/24504"}],"wp:attachment":[{"href":"https:\/\/yebodaglass.com\/pt\/wp-json\/wp\/v2\/media?parent=24500"}],"wp:term":[{"taxonomy":"product_brand","embeddable":true,"href":"https:\/\/yebodaglass.com\/pt\/wp-json\/wp\/v2\/product_brand?post=24500"},{"taxonomy":"product_cat","embeddable":true,"href":"https:\/\/yebodaglass.com\/pt\/wp-json\/wp\/v2\/product_cat?post=24500"},{"taxonomy":"product_tag","embeddable":true,"href":"https:\/\/yebodaglass.com\/pt\/wp-json\/wp\/v2\/product_tag?post=24500"}],"curies":[{"name":"wp","href":"https:\/\/api.w.org\/{rel}","templated":true}]}}