{"id":24486,"date":"2025-12-19T16:52:38","date_gmt":"2025-12-19T08:52:38","guid":{"rendered":"https:\/\/yebodaglass.com\/?post_type=product&#038;p=24486"},"modified":"2026-04-10T10:09:38","modified_gmt":"2026-04-10T02:09:38","slug":"straight-sided-round-borosilicate-huge-glass-jars-bulk","status":"publish","type":"product","link":"https:\/\/yebodaglass.com\/pt\/straight-sided-round-borosilicate-huge-glass-jars-bulk\/","title":{"rendered":"Potes de vidro borossilicato redondos de lados retos, grandes, de 3200 ml e 4800 ml, em grandes quantidades."},"content":{"rendered":"<p>Est\u00e1 cansado de potes pequenos que fazem a comida derramar por toda a sua cozinha? Criamos solu\u00e7\u00f5es em potes de vidro gigantes, ideais para marcas que realmente precisam de espa\u00e7o para armazenamento. Essas op\u00e7\u00f5es em grande quantidade transformam o estoque do dia a dia em um momento de sofistica\u00e7\u00e3o para sua marca. Em pedidos em grande quantidade, as cores s\u00e3o personalizadas para combinar com a sua identidade visual.<\/p>\n<h2>Caracter\u00edsticas do produto<\/h2>\n<p><strong>Design de lados retos:\u00a0<\/strong>Com capacidade para 4800 ml, o frasco pode armazenar p\u00f3, gr\u00e3os, cereais, gr\u00e3os de caf\u00e9, ervas daninhas, temperos, etc. \u2014 evitando, assim, o desperd\u00edcio de produtos em recipientes pequenos.<\/p>\n<p><strong>Vidro borossilicato resistente ao calor:\u00a0<\/strong>Esses enormes potes de vidro podem ser usados \u200b\u200bpara armazenar alimentos quentes, frios e congelados, sem nunca causar choque t\u00e9rmico. Tamb\u00e9m podem ser usados \u200b\u200bcomo vasos, casti\u00e7ais ou para velas tipo furac\u00e3o.<\/p>\n<p><strong>Tampa com 150 mm de largura para f\u00e1cil acesso:\u00a0<\/strong>Com a ajuda da colher de vidro, retire o p\u00f3 ou qualquer produto seco sem esfor\u00e7o \u2014 \u00e0 prova de vazamentos e f\u00e1cil de manusear.<\/p>\n<h2>Principais especifica\u00e7\u00f5es<\/h2>\n<table style=\"border-collapse: collapse; width: 80%; margin-left: auto; margin-right: auto;\" border=\"0\" width=\"360\" cellspacing=\"0\" cellpadding=\"0\">\n<tbody>\n<tr style=\"height: 13.50pt;\">\n<td style=\"height: 13.5pt; width: 54pt; text-align: center;\" width=\"72\" height=\"18\">Capacidade (ml)<\/td>\n<td style=\"width: 54pt; text-align: center;\" width=\"72\">Tamanho (cm)<\/td>\n<td style=\"width: 54pt; text-align: center;\" width=\"72\">Di\u00e2metro da boca<\/td>\n<td style=\"width: 54pt; text-align: center;\" width=\"72\">Material<\/td>\n<td style=\"width: 54pt; text-align: center;\" width=\"72\">Forma<\/td>\n<\/tr>\n<tr style=\"height: 13.50pt;\">\n<td style=\"height: 13.5pt; text-align: center;\" align=\"right\" height=\"18\">3200<\/td>\n<td style=\"text-align: center;\">15,0 x 20,0<\/td>\n<td class=\"et2\" style=\"text-align: center;\" rowspan=\"2\">150 mm<\/td>\n<td class=\"et2\" style=\"text-align: center;\" rowspan=\"2\">Borossilicato<\/td>\n<td class=\"et2\" style=\"text-align: center;\" rowspan=\"2\">Redondo de lados retos<\/td>\n<\/tr>\n<tr style=\"height: 13.50pt;\">\n<td style=\"height: 13.5pt; text-align: center;\" align=\"right\" height=\"18\">4800<\/td>\n<td style=\"text-align: center;\">15,0 x 30,0<\/td>\n<\/tr>\n<\/tbody>\n<\/table>\n<h2>Caso de sucesso<\/h2>\n<p>Ap\u00f3s a mudan\u00e7a para recipientes de armazenamento de vidro borossilicato de alta qualidade, com laterais retas e boca plana, com tampas de bambu, uma rede varejista canadense que vende produtos secos e ch\u00e1 a granel em grandes quantidades modernizou toda a sua linha de produtos, substituindo os recipientes de pl\u00e1stico por embalagens de vidro para exposi\u00e7\u00e3o. As exposi\u00e7\u00f5es nas lojas ficaram visualmente muito mais atraentes devido \u00e0 melhor ilumina\u00e7\u00e3o dos produtos, proporcionada pela alta transpar\u00eancia dos recipientes de vidro, pelo grande di\u00e2metro de 150 mm que permite r\u00e1pida reposi\u00e7\u00e3o e pela veda\u00e7\u00e3o est\u00e1vel. Como resultado, a percep\u00e7\u00e3o de qualidade dos produtos tamb\u00e9m aumentou.<\/p>\n<p>Nos primeiros tr\u00eas meses de implementa\u00e7\u00e3o no lado do cliente, este registrou um aumento anual de cerca de 28% nas vendas a varejo de produtos similares a granel, com o crescimento mais significativo na categoria de ch\u00e1s de alta qualidade.<\/p>\n<h2>Seu Guia de Personaliza\u00e7\u00e3o<\/h2>\n<ol>\n<li>A tampa pode ser escolhida entre op\u00e7\u00f5es de bambu, madeira ou material composto com veda\u00e7\u00e3o, e apresenta um logotipo gravado a laser na parte superior.<\/li>\n<li>Ao aplicar gradua\u00e7\u00f5es, serigrafia ou estampagem a quente do logotipo da marca no corpo da lata, o reconhecimento da marca pode ser aprimorado para clientes atacadistas.<\/li>\n<\/ol>","protected":false},"excerpt":{"rendered":"<p>Potes de vidro grandes para armazenamento de alimentos, fabricados por um profissional da \u00e1rea. Fornecimento direto da f\u00e1brica, com tamanhos personalizados, tampas e pre\u00e7os de atacado.<\/p>","protected":false},"featured_media":24487,"template":"","meta":[],"product_brand":[],"product_cat":[137,124,122],"product_tag":[],"class_list":{"0":"post-24486","1":"product","2":"type-product","3":"status-publish","4":"has-post-thumbnail","6":"product_cat-glass-jars-with-lids","7":"product_cat-custom-glass-jars","8":"product_cat-custom-glass-packaging","10":"first","11":"instock","12":"shipping-taxable","13":"product-type-simple"},"jetpack_sharing_enabled":true,"_links":{"self":[{"href":"https:\/\/yebodaglass.com\/pt\/wp-json\/wp\/v2\/product\/24486","targetHints":{"allow":["GET"]}}],"collection":[{"href":"https:\/\/yebodaglass.com\/pt\/wp-json\/wp\/v2\/product"}],"about":[{"href":"https:\/\/yebodaglass.com\/pt\/wp-json\/wp\/v2\/types\/product"}],"version-history":[{"count":5,"href":"https:\/\/yebodaglass.com\/pt\/wp-json\/wp\/v2\/product\/24486\/revisions"}],"predecessor-version":[{"id":25713,"href":"https:\/\/yebodaglass.com\/pt\/wp-json\/wp\/v2\/product\/24486\/revisions\/25713"}],"wp:featuredmedia":[{"embeddable":true,"href":"https:\/\/yebodaglass.com\/pt\/wp-json\/wp\/v2\/media\/24487"}],"wp:attachment":[{"href":"https:\/\/yebodaglass.com\/pt\/wp-json\/wp\/v2\/media?parent=24486"}],"wp:term":[{"taxonomy":"product_brand","embeddable":true,"href":"https:\/\/yebodaglass.com\/pt\/wp-json\/wp\/v2\/product_brand?post=24486"},{"taxonomy":"product_cat","embeddable":true,"href":"https:\/\/yebodaglass.com\/pt\/wp-json\/wp\/v2\/product_cat?post=24486"},{"taxonomy":"product_tag","embeddable":true,"href":"https:\/\/yebodaglass.com\/pt\/wp-json\/wp\/v2\/product_tag?post=24486"}],"curies":[{"name":"wp","href":"https:\/\/api.w.org\/{rel}","templated":true}]}}