{"id":24485,"date":"2025-12-19T15:29:18","date_gmt":"2025-12-19T07:29:18","guid":{"rendered":"https:\/\/yebodaglass.com\/?post_type=product&#038;p=24485"},"modified":"2025-12-19T16:44:27","modified_gmt":"2025-12-19T08:44:27","slug":"clear-small-glass-jars-with-lids-bulk","status":"publish","type":"product","link":"https:\/\/yebodaglass.com\/pt\/clear-small-glass-jars-with-lids-bulk\/","title":{"rendered":"Potes de vidro transparentes pequenos de 120ml, 210ml e 260ml com tampas (em grande quantidade)"},"content":{"rendered":"<p data-start=\"66\" data-end=\"288\">Elegantes e confi\u00e1veis, esses pequenos potes de vidro s\u00e3o feitos de vidro borossilicato. As tampas apresentam um atraente acabamento em tom de madeira escura e est\u00e3o dispon\u00edveis em diferentes tamanhos, desde bem pequenos at\u00e9 um pouco maiores. O corpo totalmente transparente do pote permite visualizar facilmente os pequenos itens em seu interior (por exemplo, temperos, alfinetes ou petiscos).<\/p>\n<h2>Caracter\u00edsticas do produto<\/h2>\n<ul>\n<li><strong>Design cil\u00edndrico:<\/strong> Os potes possuem um design com fundo arredondado que os torna muito est\u00e1veis \u200b\u200be, portanto, n\u00e3o tombar\u00e3o da sua bancada ou prateleiras desorganizadas.<\/li>\n<li><strong>Benef\u00edcios do vidro borossilicato:<\/strong> Os frascos de vidro borossilicato de alta qualidade s\u00e3o resistentes a mudan\u00e7as bruscas de temperatura, podendo ser usados \u200b\u200bpara armazenar alimentos quentes e frios, mantendo-os seguros para uso a longo prazo.<\/li>\n<li><strong>Design com tampa de rosca em madeira escura:<\/strong> A tampa de rosca de madeira com belos veios n\u00e3o s\u00f3 deixa o frasco bonito, como tamb\u00e9m \u00e9 a melhor e mais simples maneira de manter os alimentos armazenados secos, frescos e saborosos.<\/li>\n<\/ul>\n<h2 style=\"text-align: left;\">Especifica\u00e7\u00f5es principais<\/h2>\n<table class=\"aligncenter\" style=\"border-collapse: collapse; width: 486.02pt;\" border=\"0\" width=\"648\" cellspacing=\"0\" cellpadding=\"0\">\n<tbody>\n<tr style=\"height: 13.50pt;\">\n<td style=\"height: 13.50pt; width: 117.00pt;\" width=\"156\" height=\"18\">Especifica\u00e7\u00e3o<\/td>\n<td style=\"width: 369.00pt;\" width=\"492\">Detalhes<\/td>\n<\/tr>\n<tr style=\"height: 13.50pt;\">\n<td style=\"height: 13.50pt;\" height=\"18\">Capacidade<\/td>\n<td>120ml \/ 210ml \/ 260ml<\/td>\n<\/tr>\n<tr style=\"height: 13.50pt;\">\n<td style=\"height: 13.50pt;\" height=\"18\">Dimens\u00f5es<\/td>\n<td>6,5\u00d75,5cm \/ 9\u00d78cm \/ 9\u00d710,2cm<\/td>\n<\/tr>\n<tr style=\"height: 13.50pt;\">\n<td style=\"height: 13.50pt;\" height=\"18\">Material<\/td>\n<td>Vidro de borosilicato de alta qualidade<\/td>\n<\/tr>\n<tr style=\"height: 13.50pt;\">\n<td style=\"height: 13.50pt;\" height=\"18\">Formato de jarro<\/td>\n<td>Cilindro de perfil baixo<\/td>\n<\/tr>\n<tr style=\"height: 13.50pt;\">\n<td style=\"height: 13.50pt;\" height=\"18\">Tipo de tampa<\/td>\n<td>Tampa plana com textura de madeira escura<\/td>\n<\/tr>\n<tr style=\"height: 13.50pt;\">\n<td style=\"height: 13.50pt;\" height=\"18\">Di\u00e2metro da tampa<\/td>\n<td>65 mm (uniforme em todos os tamanhos)<\/td>\n<\/tr>\n<tr style=\"height: 13.50pt;\">\n<td style=\"height: 13.50pt;\" height=\"18\">Caracter\u00edstica do material<\/td>\n<td>Resistente a calor e produtos qu\u00edmicos, alta transpar\u00eancia, resistente a riscos.<\/td>\n<\/tr>\n<tr style=\"height: 13.50pt;\">\n<td style=\"height: 13.50pt;\" height=\"18\">Ideal para<\/td>\n<td>Potes de vidro pequenos com tampas, potes de vidro cil\u00edndricos<\/td>\n<\/tr>\n<\/tbody>\n<\/table>\n<h2>Estudo de Caso Real: Como a Qualidade Leva \u00e0 Fideliza\u00e7\u00e3o de Clientes<\/h2>\n<p>Uma torrefadora de caf\u00e9s especiais na Am\u00e9rica do Norte escolheu nossos potes de vidro de 210 ml com tampa. Gra\u00e7as \u00e0 robustez do material e \u00e0 resist\u00eancia do vidro, a incid\u00eancia de quebras durante o transporte foi reduzida em 70%. O design compacto e elegante permitiu que eles criassem kits de presente atraentes e que economizam espa\u00e7o, os quais podem ser vendidos a um pre\u00e7o 40% maior do que o dos produtos anteriores. Al\u00e9m de estarem totalmente satisfeitos com o desempenho do produto e o feedback dos clientes, eles fizeram um novo pedido de 300.000 potes de vidro para a embalagem de sua nova linha de produtos por assinatura.<\/p>\n<h2>Personalize seus pequenos potes de vidro com tampas.<\/h2>\n<ul>\n<li>Tampas de madeira maci\u00e7a \u2013 Opte por tampas de madeira maci\u00e7a, que podem ser feitas de nogueira, \u00e9bano ou bambu, para dar um toque de luxo.<\/li>\n<li>Grava\u00e7\u00e3o na tampa \u2013 Utilize laser para gravar um logotipo atraente ou um padr\u00e3o decorativo na superf\u00edcie da tampa de madeira.<\/li>\n<li>Marca\u00e7\u00f5es de capacidade impressas em serigrafia \u2013 Adicione marca\u00e7\u00f5es de capacidade pequenas e elegantes ao frasco.<\/li>\n<li>Anel de veda\u00e7\u00e3o de silicone \u2013 Coloque um anel de veda\u00e7\u00e3o de silicone de qualidade alimentar na tampa para uma melhor veda\u00e7\u00e3o.<\/li>\n<\/ul>","protected":false},"excerpt":{"rendered":"<p>Descubra pequenos frascos de vidro com tampa, de formato arredondado e robusto, com tampo plano em madeira escura. Vidro borossilicato cristalino, entrega r\u00e1pida dispon\u00edvel.<\/p>","protected":false},"featured_media":24490,"template":"","meta":[],"product_brand":[],"product_cat":[122,124,137],"product_tag":[],"class_list":{"0":"post-24485","1":"product","2":"type-product","3":"status-publish","4":"has-post-thumbnail","6":"product_cat-custom-glass-packaging","7":"product_cat-custom-glass-jars","8":"product_cat-glass-jars-with-lids","10":"first","11":"instock","12":"shipping-taxable","13":"product-type-simple"},"jetpack_sharing_enabled":true,"_links":{"self":[{"href":"https:\/\/yebodaglass.com\/pt\/wp-json\/wp\/v2\/product\/24485","targetHints":{"allow":["GET"]}}],"collection":[{"href":"https:\/\/yebodaglass.com\/pt\/wp-json\/wp\/v2\/product"}],"about":[{"href":"https:\/\/yebodaglass.com\/pt\/wp-json\/wp\/v2\/types\/product"}],"version-history":[{"count":2,"href":"https:\/\/yebodaglass.com\/pt\/wp-json\/wp\/v2\/product\/24485\/revisions"}],"predecessor-version":[{"id":24492,"href":"https:\/\/yebodaglass.com\/pt\/wp-json\/wp\/v2\/product\/24485\/revisions\/24492"}],"wp:featuredmedia":[{"embeddable":true,"href":"https:\/\/yebodaglass.com\/pt\/wp-json\/wp\/v2\/media\/24490"}],"wp:attachment":[{"href":"https:\/\/yebodaglass.com\/pt\/wp-json\/wp\/v2\/media?parent=24485"}],"wp:term":[{"taxonomy":"product_brand","embeddable":true,"href":"https:\/\/yebodaglass.com\/pt\/wp-json\/wp\/v2\/product_brand?post=24485"},{"taxonomy":"product_cat","embeddable":true,"href":"https:\/\/yebodaglass.com\/pt\/wp-json\/wp\/v2\/product_cat?post=24485"},{"taxonomy":"product_tag","embeddable":true,"href":"https:\/\/yebodaglass.com\/pt\/wp-json\/wp\/v2\/product_tag?post=24485"}],"curies":[{"name":"wp","href":"https:\/\/api.w.org\/{rel}","templated":true}]}}