{"id":24478,"date":"2025-12-19T11:04:51","date_gmt":"2025-12-19T03:04:51","guid":{"rendered":"https:\/\/yebodaglass.com\/?post_type=product&#038;p=24478"},"modified":"2026-04-14T10:56:07","modified_gmt":"2026-04-14T02:56:07","slug":"clear-glass-jars-with-wood-lids-bulk","status":"publish","type":"product","link":"https:\/\/yebodaglass.com\/pt\/clear-glass-jars-with-wood-lids-bulk\/","title":{"rendered":"Potes de vidro transparente de 450 ml a 1550 ml com tampas de madeira (em grandes quantidades)"},"content":{"rendered":"<p data-start=\"66\" data-end=\"288\">Estes frascos de vidro com tampas de madeira exibem um elegante formato cil\u00edndrico, composto por vidro transparente e tampas de rosca de madeira natural. O produto est\u00e1 dispon\u00edvel em diversos tamanhos.<\/p>\n<h2>Caracter\u00edsticas do produto<\/h2>\n<ul>\n<li><strong>Vidro de borosilicato premium:<\/strong> O vidro \u00e9 extremamente resistente ao calor e absolutamente transparente.<\/li>\n<li><strong>Design com tampa de rosca em madeira texturizada:<\/strong> A madeira clara das tampas de rosca \u00e9 decorada com texturas circulares que auxiliam na veda\u00e7\u00e3o, embora a tampa seja f\u00e1cil de abrir.<\/li>\n<li><strong>Constru\u00e7\u00e3o transparente e f\u00e1cil de limpar:<\/strong> O corpo transparente do frasco permite visualizar os itens armazenados e a superf\u00edcie lisa do vidro \u00e9 muito f\u00e1cil de limpar.<\/li>\n<\/ul>\n<h2 style=\"text-align: left;\">Especifica\u00e7\u00f5es principais<\/h2>\n<table class=\"aligncenter\" style=\"border-collapse: collapse; width: 452.27pt;\" border=\"0\" width=\"603\" cellspacing=\"0\" cellpadding=\"0\">\n<tbody>\n<tr style=\"height: 13.50pt;\">\n<td style=\"height: 13.50pt; width: 135.00pt;\" width=\"180\" height=\"18\">Especifica\u00e7\u00e3o<\/td>\n<td style=\"width: 317.25pt;\" width=\"423\">Detalhes<\/td>\n<\/tr>\n<tr style=\"height: 13.50pt;\">\n<td style=\"height: 13.50pt;\" height=\"18\">Capacidade<\/td>\n<td>450ml \/ 750ml \/ 950ml \/ 1550ml<\/td>\n<\/tr>\n<tr style=\"height: 13.50pt;\">\n<td style=\"height: 13.50pt;\" height=\"18\">Dimens\u00f5es<\/td>\n<td>9\u00d710cm \/ 9\u00d715cm \/ 9\u00d719cm \/ 9\u00d729,5cm<\/td>\n<\/tr>\n<tr style=\"height: 13.50pt;\">\n<td style=\"height: 13.50pt;\" height=\"18\">Material<\/td>\n<td>Vidro de borosilicato de alta qualidade<\/td>\n<\/tr>\n<tr style=\"height: 13.50pt;\">\n<td style=\"height: 13.50pt;\" height=\"18\">Tipo de tampa<\/td>\n<td>Tampa de madeira clara com rosca e textura de gr\u00e3o circular.<\/td>\n<\/tr>\n<tr style=\"height: 13.50pt;\">\n<td style=\"height: 13.50pt;\" height=\"18\">Di\u00e2metro da tampa<\/td>\n<td>90 mm (uniforme em todos os tamanhos)<\/td>\n<\/tr>\n<tr style=\"height: 13.50pt;\">\n<td style=\"height: 13.50pt;\" height=\"18\">Caracter\u00edstica do material<\/td>\n<td>Resistente a calor e produtos qu\u00edmicos, alta transpar\u00eancia, dur\u00e1vel.<\/td>\n<\/tr>\n<tr style=\"height: 13.50pt;\">\n<td style=\"height: 13.50pt;\" height=\"18\">Ideal para<\/td>\n<td>Potes de vidro com tampas de madeira, potes de vidro a granel<\/td>\n<\/tr>\n<\/tbody>\n<\/table>\n<h2>Caso de sucesso: um pedido personalizado de uma torrefadora de caf\u00e9 do noroeste do Pac\u00edfico<\/h2>\n<p>Uma torrefadora de caf\u00e9s especiais no Oregon selecionou nossos potes de vidro com tampas personalizadas em madeira de nogueira escura e vidro \u00e2mbar resistente a raios UV. Os potes personalizados apresentaram desempenho ideal, pois o vidro resistente a raios UV preservou o frescor e o aroma dos gr\u00e3os de caf\u00e9 melhor do que o vidro transparente, resultando em um aumento de 35% na vida \u00fatil. O design esteticamente agrad\u00e1vel desses potes aumentou o compartilhamento dos clientes nas redes sociais em 200%. A torrefadora ficou t\u00e3o satisfeita que fez um pedido adicional de 320.000 potes para sua nova linha de ingredientes pr\u00e9-misturados para torrefa\u00e7\u00e3o.<\/p>\n<h2>Recipiente de vidro personaliz\u00e1vel com op\u00e7\u00f5es de tampa<\/h2>\n<ul>\n<li>Material da tampa em madeira maci\u00e7a \u2013 As tampas podem ser feitas de diferentes tipos de madeira, como bambu, faia ou bordo.<\/li>\n<li>Pintura de madeira personalizada \u2013 Voc\u00ea pode escolher entre uma ampla gama de op\u00e7\u00f5es de pintura, desde tons claros de madeira natural at\u00e9 nogueira escura.<\/li>\n<li>Padr\u00e3o de Base Decorada \u2013 Um padr\u00e3o de textura fina \u00e9 criado na base da garrafa atrav\u00e9s do processo de produ\u00e7\u00e3o.<\/li>\n<\/ul>","protected":false},"excerpt":{"rendered":"<p>Potes de vidro premium com tampas de madeira, transparentes e feitos de vidro borossilicato cristalino, em diversos tamanhos, ideais para armazenar alimentos na despensa. Amostras gr\u00e1tis dispon\u00edveis.<\/p>","protected":false},"featured_media":24482,"template":"","meta":[],"product_brand":[],"product_cat":[137,124,122],"product_tag":[],"class_list":{"0":"post-24478","1":"product","2":"type-product","3":"status-publish","4":"has-post-thumbnail","6":"product_cat-glass-jars-with-lids","7":"product_cat-custom-glass-jars","8":"product_cat-custom-glass-packaging","10":"first","11":"instock","12":"shipping-taxable","13":"product-type-simple"},"jetpack_sharing_enabled":true,"_links":{"self":[{"href":"https:\/\/yebodaglass.com\/pt\/wp-json\/wp\/v2\/product\/24478","targetHints":{"allow":["GET"]}}],"collection":[{"href":"https:\/\/yebodaglass.com\/pt\/wp-json\/wp\/v2\/product"}],"about":[{"href":"https:\/\/yebodaglass.com\/pt\/wp-json\/wp\/v2\/types\/product"}],"version-history":[{"count":5,"href":"https:\/\/yebodaglass.com\/pt\/wp-json\/wp\/v2\/product\/24478\/revisions"}],"predecessor-version":[{"id":25776,"href":"https:\/\/yebodaglass.com\/pt\/wp-json\/wp\/v2\/product\/24478\/revisions\/25776"}],"wp:featuredmedia":[{"embeddable":true,"href":"https:\/\/yebodaglass.com\/pt\/wp-json\/wp\/v2\/media\/24482"}],"wp:attachment":[{"href":"https:\/\/yebodaglass.com\/pt\/wp-json\/wp\/v2\/media?parent=24478"}],"wp:term":[{"taxonomy":"product_brand","embeddable":true,"href":"https:\/\/yebodaglass.com\/pt\/wp-json\/wp\/v2\/product_brand?post=24478"},{"taxonomy":"product_cat","embeddable":true,"href":"https:\/\/yebodaglass.com\/pt\/wp-json\/wp\/v2\/product_cat?post=24478"},{"taxonomy":"product_tag","embeddable":true,"href":"https:\/\/yebodaglass.com\/pt\/wp-json\/wp\/v2\/product_tag?post=24478"}],"curies":[{"name":"wp","href":"https:\/\/api.w.org\/{rel}","templated":true}]}}