{"id":24457,"date":"2025-12-18T10:59:35","date_gmt":"2025-12-18T02:59:35","guid":{"rendered":"https:\/\/yebodaglass.com\/?post_type=product&#038;p=24457"},"modified":"2026-04-13T16:19:06","modified_gmt":"2026-04-13T08:19:06","slug":"wholesale-glass-jars-with-lids-for-storage","status":"publish","type":"product","link":"https:\/\/yebodaglass.com\/pt\/wholesale-glass-jars-with-lids-for-storage\/","title":{"rendered":"Potes de vidro com tampa, de 600 ml a 1400 ml, para armazenamento, dispon\u00edveis para venda por atacado.\u00a0"},"content":{"rendered":"<p>Os potes de vidro para atacado t\u00eam formato quadrado com cantos arredondados e s\u00e3o fabricados com vidro ultratransparente de borosilicato, que atende aos padr\u00f5es de qualidade alimentar. Os potes v\u00eam com tampas de rosca de bambu natural e juntas de silicone integradas para garantir a veda\u00e7\u00e3o herm\u00e9tica.<\/p>\n<h2>Caracter\u00edsticas do produto<\/h2>\n<ul>\n<li><strong>Design simples, quadrado e cil\u00edndrico reto:<\/strong> O formato cil\u00edndrico reto, quadrado com cantos arredondados, permite o empilhamento e o design facilita o reconhecimento.<\/li>\n<li><strong>Tampa de veda\u00e7\u00e3o em bambu natural:<\/strong> A tampa de bambu natural, combinada com um anel de veda\u00e7\u00e3o de silicone de qualidade alimentar, proporciona excelente veda\u00e7\u00e3o, prevenindo eficazmente a entrada de umidade e insetos.<\/li>\n<li><strong>Dispon\u00edvel em v\u00e1rios tamanhos:<\/strong> A variedade de tamanhos atende a diferentes necessidades de armazenamento, incluindo pequenos recipientes para especiarias e solu\u00e7\u00f5es maiores para armazenar gr\u00e3os ou lanches.<\/li>\n<\/ul>\n<h2>Especifica\u00e7\u00f5es principais<\/h2>\n<table style=\"border-collapse: collapse; width: 80%; margin-right: auto; margin-left: auto;\" border=\"0\" width=\"432\" cellspacing=\"0\" cellpadding=\"0\">\n<tbody>\n<tr style=\"height: 13.50pt;\">\n<td style=\"height: 13.5pt; width: 54pt; text-align: center;\" width=\"72\" height=\"18\">Capacidade<\/td>\n<td style=\"width: 54pt; text-align: center;\" width=\"72\">Tamanho (cm)<\/td>\n<td style=\"width: 54pt; text-align: center;\" width=\"72\">Di\u00e2metro da boca (mm)<\/td>\n<td style=\"width: 54pt; text-align: center;\" width=\"72\">Material<\/td>\n<td style=\"width: 54pt; text-align: center;\" width=\"72\">Cor<\/td>\n<td style=\"width: 54pt; text-align: center;\" width=\"72\">Forma<\/td>\n<\/tr>\n<tr style=\"height: 13.50pt;\">\n<td style=\"height: 13.5pt; text-align: center;\" height=\"18\">600ml<\/td>\n<td style=\"text-align: center;\">10 x 10 x 10,5<\/td>\n<td class=\"et2\" style=\"text-align: center;\" rowspan=\"5\">94&#215;100<\/td>\n<td class=\"et2\" style=\"text-align: center;\" rowspan=\"5\">Borossilicato<\/td>\n<td class=\"et2\" style=\"text-align: center;\" rowspan=\"5\">Claro, personalizado<\/td>\n<td class=\"et2\" style=\"text-align: center;\" rowspan=\"5\">Quadrado<\/td>\n<\/tr>\n<tr style=\"height: 13.50pt;\">\n<td style=\"height: 13.5pt; text-align: center;\" height=\"18\">800ml<\/td>\n<td style=\"text-align: center;\">10 x 10 x 13<\/td>\n<\/tr>\n<tr style=\"height: 13.50pt;\">\n<td style=\"height: 13.5pt; text-align: center;\" height=\"18\">1000ml<\/td>\n<td style=\"text-align: center;\">10 x 10 x 16<\/td>\n<\/tr>\n<tr style=\"height: 13.50pt;\">\n<td style=\"height: 13.5pt; text-align: center;\" height=\"18\">1200ml<\/td>\n<td style=\"text-align: center;\">10 x 10 x 19<\/td>\n<\/tr>\n<tr style=\"height: 13.50pt;\">\n<td style=\"height: 13.5pt; text-align: center;\" height=\"18\">1400ml<\/td>\n<td style=\"text-align: center;\">10 x 10 x 21<\/td>\n<\/tr>\n<\/tbody>\n<\/table>\n<h2>Caso de sucesso: Embalagem de ch\u00e1 a granel para uma marca nacional de ch\u00e1<\/h2>\n<p>Uma marca nacional de ch\u00e1 selecionou potes de vidro de 250 ml para venda no atacado, juntamente com tampas de bambu personalizadas. O nome e a origem do ch\u00e1 foram impressos nas tampas. Os potes de vidro personalizados para venda no atacado obtiveram um enorme sucesso, pois seu formato quadrado aumentou a efici\u00eancia da embalagem no armaz\u00e9m em 20% e sua capacidade de veda\u00e7\u00e3o superior prolongou o sabor e o aroma do ch\u00e1 por 40% mais tempo do que os saquinhos de ch\u00e1 tradicionais. A marca ficou muito satisfeita com a nova embalagem e, posteriormente, fez um pedido adicional de 520.000 potes de vidro para sua cole\u00e7\u00e3o rec\u00e9m-lan\u00e7ada de ch\u00e1s de ervas e kits para presente.<\/p>\n<h2>Op\u00e7\u00f5es de personaliza\u00e7\u00e3o para potes de vidro no atacado<\/h2>\n<ol>\n<li>Permite a adi\u00e7\u00e3o de linhas de gradua\u00e7\u00e3o ou marca\u00e7\u00f5es de capacidade ao recipiente de vidro borossilicato de alta qualidade, facilitando o uso por clientes profissionais nas ind\u00fastrias de processamento de alimentos, caf\u00e9 e panifica\u00e7\u00e3o.<\/li>\n<li>Est\u00e3o dispon\u00edveis diferentes n\u00edveis de transpar\u00eancia ou um ligeiro acabamento \u00e2mbar, equilibrando a qualidade da visualiza\u00e7\u00e3o com a necessidade de prote\u00e7\u00e3o contra a luz para o conte\u00fado.<\/li>\n<li>Suporta colheres medidoras de tamanho e formato personalizados para dosagem precisa de p\u00f3s, temperos ou alimentos funcionais.<\/li>\n<\/ol>","protected":false},"excerpt":{"rendered":"<p>Potes de vidro quadrados em borosilicato com tampas de bambu, dispon\u00edveis para venda no atacado. Ideais para armazenar ch\u00e1, gr\u00e3os e lanches. Amostras gr\u00e1tis dispon\u00edveis. Envio r\u00e1pido.<\/p>","protected":false},"featured_media":24458,"template":"","meta":[],"product_brand":[],"product_cat":[137,124,122],"product_tag":[],"class_list":{"0":"post-24457","1":"product","2":"type-product","3":"status-publish","4":"has-post-thumbnail","6":"product_cat-glass-jars-with-lids","7":"product_cat-custom-glass-jars","8":"product_cat-custom-glass-packaging","10":"first","11":"instock","12":"shipping-taxable","13":"product-type-simple"},"jetpack_sharing_enabled":true,"_links":{"self":[{"href":"https:\/\/yebodaglass.com\/pt\/wp-json\/wp\/v2\/product\/24457","targetHints":{"allow":["GET"]}}],"collection":[{"href":"https:\/\/yebodaglass.com\/pt\/wp-json\/wp\/v2\/product"}],"about":[{"href":"https:\/\/yebodaglass.com\/pt\/wp-json\/wp\/v2\/types\/product"}],"version-history":[{"count":5,"href":"https:\/\/yebodaglass.com\/pt\/wp-json\/wp\/v2\/product\/24457\/revisions"}],"predecessor-version":[{"id":25770,"href":"https:\/\/yebodaglass.com\/pt\/wp-json\/wp\/v2\/product\/24457\/revisions\/25770"}],"wp:featuredmedia":[{"embeddable":true,"href":"https:\/\/yebodaglass.com\/pt\/wp-json\/wp\/v2\/media\/24458"}],"wp:attachment":[{"href":"https:\/\/yebodaglass.com\/pt\/wp-json\/wp\/v2\/media?parent=24457"}],"wp:term":[{"taxonomy":"product_brand","embeddable":true,"href":"https:\/\/yebodaglass.com\/pt\/wp-json\/wp\/v2\/product_brand?post=24457"},{"taxonomy":"product_cat","embeddable":true,"href":"https:\/\/yebodaglass.com\/pt\/wp-json\/wp\/v2\/product_cat?post=24457"},{"taxonomy":"product_tag","embeddable":true,"href":"https:\/\/yebodaglass.com\/pt\/wp-json\/wp\/v2\/product_tag?post=24457"}],"curies":[{"name":"wp","href":"https:\/\/api.w.org\/{rel}","templated":true}]}}