{"id":24455,"date":"2025-12-18T09:55:12","date_gmt":"2025-12-18T01:55:12","guid":{"rendered":"https:\/\/yebodaglass.com\/?post_type=product&#038;p=24455"},"modified":"2025-12-18T11:55:49","modified_gmt":"2025-12-18T03:55:49","slug":"airtight-clear-jars-with-wooden-lids-bulk","status":"publish","type":"product","link":"https:\/\/yebodaglass.com\/pt\/airtight-clear-jars-with-wooden-lids-bulk\/","title":{"rendered":"Potes herm\u00e9ticos transparentes de 250 ml a 1550 ml com tampas de madeira (em grande quantidade)"},"content":{"rendered":"<p data-start=\"66\" data-end=\"288\">Estes belos frascos de borosilicato com tampas de madeira t\u00eam um formato redondo tradicional com um gargalo ligeiramente menor. O corpo do frasco \u00e9 todo em vidro de borosilicato transparente e \u00e9 acompanhado por uma tampa plana com textura de madeira e ranhuras arredondadas.<\/p>\n<h2>Caracter\u00edsticas do produto<\/h2>\n<ul>\n<li><strong>Design com fundo convexo:<\/strong> O design arredondado e convexo da base torna o frasco mais est\u00e1vel quando colocado no ch\u00e3o e, ao mesmo tempo, confere-lhe um aspecto mais sofisticado.<\/li>\n<li><strong>Tampa com textura de madeira natural ranhurada:<\/strong> A tampa \u00e9 simples, com textura de madeira e ranhuras curvas, o que a torna muito confort\u00e1vel de abrir e fechar, al\u00e9m de vedar bem o frasco.<\/li>\n<li><strong>Cinco capacidades diferentes dispon\u00edveis:<\/strong> Uma pessoa pode optar por comprar um recipiente com uma das cinco capacidades diferentes, ou seja, de 250 ml at\u00e9 1550 ml de capacidade de armazenamento.<\/li>\n<\/ul>\n<h2 style=\"text-align: left;\">Especifica\u00e7\u00f5es principais<\/h2>\n<table class=\"aligncenter\" style=\"border-collapse: collapse; width: 422.27pt;\" border=\"0\" width=\"563\" cellspacing=\"0\" cellpadding=\"0\">\n<tbody>\n<tr style=\"height: 13.50pt;\">\n<td style=\"height: 13.50pt; width: 99.75pt;\" width=\"133\" height=\"18\">Especifica\u00e7\u00e3o<\/td>\n<td style=\"width: 322.50pt;\" width=\"430\">Detalhes<\/td>\n<\/tr>\n<tr style=\"height: 13.50pt;\">\n<td style=\"height: 13.50pt;\" height=\"18\">Capacidade<\/td>\n<td>250ml \/ 450ml \/ 750ml \/ 950ml \/ 1550ml<\/td>\n<\/tr>\n<tr style=\"height: 13.50pt;\">\n<td style=\"height: 13.50pt;\" height=\"18\">Dimens\u00f5es<\/td>\n<td>9\u00d77cm \/ 9\u00d710cm \/ 9\u00d715cm \/ 9\u00d719cm \/ 9\u00d729.5cm<\/td>\n<\/tr>\n<tr style=\"height: 13.50pt;\">\n<td style=\"height: 13.50pt;\" height=\"18\">Material<\/td>\n<td>Vidro de borosilicato de alta qualidade<\/td>\n<\/tr>\n<tr style=\"height: 13.50pt;\">\n<td style=\"height: 13.50pt;\" height=\"18\">Tipo de tampa<\/td>\n<td>Tampa plana com textura de madeira e al\u00e7a circular<\/td>\n<\/tr>\n<tr style=\"height: 13.50pt;\">\n<td style=\"height: 13.50pt;\" height=\"18\">Di\u00e2metro da tampa<\/td>\n<td>90 mm (uniforme em todos os tamanhos)<\/td>\n<\/tr>\n<tr style=\"height: 13.50pt;\">\n<td style=\"height: 13.50pt;\" height=\"18\">Caracter\u00edstica do material<\/td>\n<td>Alta resist\u00eancia t\u00e9rmica e qu\u00edmica, transpar\u00eancia superior.<\/td>\n<\/tr>\n<tr style=\"height: 13.50pt;\">\n<td style=\"height: 13.50pt;\" height=\"18\">Ideal para<\/td>\n<td>Potes com tampas de madeira \/ Potes de vidro com tampas<\/td>\n<\/tr>\n<\/tbody>\n<\/table>\n<h2>A transforma\u00e7\u00e3o de uma marca de torrefa\u00e7\u00e3o de caf\u00e9: a ascens\u00e3o da marca<\/h2>\n<p>Uma torrefadora de caf\u00e9s especiais buscava embalagens luxuosas para fortalecer sua imagem de marca. Como resultado, optaram por nossos potes transparentes de 750 ml com tampas de madeira para embalar seus gr\u00e3os de caf\u00e9. Este vidro borossilicato de alta qualidade \u00e9 extremamente dur\u00e1vel. De fato, a quebra durante o transporte \u00e9 reduzida em 65% em compara\u00e7\u00e3o com a m\u00e9dia do setor para produtos similares. A tampa com acabamento amadeirado \u00e9 herm\u00e9tica e, segundo o feedback dos clientes, prolonga o frescor e o aroma dos gr\u00e3os de caf\u00e9 em 50%. Aproveitando o enorme sucesso, fizeram um novo pedido de 50.000 potes para lan\u00e7ar uma nova linha de caf\u00e9s de origem \u00fanica.<\/p>\n<h2>Op\u00e7\u00f5es de personaliza\u00e7\u00e3o para potes transparentes<\/h2>\n<ul>\n<li>Tampas de madeira maci\u00e7a \u2013 Troque o acabamento em madeira por tampas de bambu, carvalho ou nogueira.<\/li>\n<li>Arte gravada a laser na tampa \u2013 Decore sua tampa de madeira com um logotipo, padr\u00e3o ou letras elegantes.<\/li>\n<li>Indicadores de capacidade impressos em serigrafia \u2013 Indicadores de capacidade de pote f\u00e1ceis e permanentes, impressos na lateral do pote.<\/li>\n<li>Cores do anel de veda\u00e7\u00e3o de silicone \u2013 O anel de veda\u00e7\u00e3o interno pode ser fabricado em diversas cores de silicone de qualidade alimentar.<\/li>\n<li>\u00c1rea texturizada antiderrapante \u2013 Base com acabamento jateado ou texturizado para melhor ader\u00eancia e seguran\u00e7a.<\/li>\n<\/ul>","protected":false},"excerpt":{"rendered":"<p>These clear jars with wooden lids use thick borosilicate glass and smooth wood lids. Elegant and practical for kitchens. Free samples supported. Fast shipping.<\/p>","protected":false},"featured_media":24465,"template":"","meta":[],"product_brand":[],"product_cat":[122,124,137],"product_tag":[],"class_list":{"0":"post-24455","1":"product","2":"type-product","3":"status-publish","4":"has-post-thumbnail","6":"product_cat-custom-glass-packaging","7":"product_cat-custom-glass-jars","8":"product_cat-glass-jars-with-lids","10":"first","11":"instock","12":"shipping-taxable","13":"product-type-simple"},"jetpack_sharing_enabled":true,"_links":{"self":[{"href":"https:\/\/yebodaglass.com\/pt\/wp-json\/wp\/v2\/product\/24455","targetHints":{"allow":["GET"]}}],"collection":[{"href":"https:\/\/yebodaglass.com\/pt\/wp-json\/wp\/v2\/product"}],"about":[{"href":"https:\/\/yebodaglass.com\/pt\/wp-json\/wp\/v2\/types\/product"}],"version-history":[{"count":4,"href":"https:\/\/yebodaglass.com\/pt\/wp-json\/wp\/v2\/product\/24455\/revisions"}],"predecessor-version":[{"id":24472,"href":"https:\/\/yebodaglass.com\/pt\/wp-json\/wp\/v2\/product\/24455\/revisions\/24472"}],"wp:featuredmedia":[{"embeddable":true,"href":"https:\/\/yebodaglass.com\/pt\/wp-json\/wp\/v2\/media\/24465"}],"wp:attachment":[{"href":"https:\/\/yebodaglass.com\/pt\/wp-json\/wp\/v2\/media?parent=24455"}],"wp:term":[{"taxonomy":"product_brand","embeddable":true,"href":"https:\/\/yebodaglass.com\/pt\/wp-json\/wp\/v2\/product_brand?post=24455"},{"taxonomy":"product_cat","embeddable":true,"href":"https:\/\/yebodaglass.com\/pt\/wp-json\/wp\/v2\/product_cat?post=24455"},{"taxonomy":"product_tag","embeddable":true,"href":"https:\/\/yebodaglass.com\/pt\/wp-json\/wp\/v2\/product_tag?post=24455"}],"curies":[{"name":"wp","href":"https:\/\/api.w.org\/{rel}","templated":true}]}}