{"id":24443,"date":"2025-12-17T11:52:45","date_gmt":"2025-12-17T03:52:45","guid":{"rendered":"https:\/\/yebodaglass.com\/?post_type=product&#038;p=24443"},"modified":"2025-12-18T11:56:27","modified_gmt":"2025-12-18T03:56:27","slug":"borosilicate-glass-jars-with-lids-bulk","status":"publish","type":"product","link":"https:\/\/yebodaglass.com\/pt\/borosilicate-glass-jars-with-lids-bulk\/","title":{"rendered":"Potes de vidro borossilicato de 16 oz, 25 oz e 32 oz com tampas (em grande quantidade)"},"content":{"rendered":"<p data-start=\"66\" data-end=\"288\">Estes frascos de vidro borossilicato com tampa apresentam um corpo fino e arredondado, com bordas lisas e arredondadas. S\u00e3o feitos de vidro borossilicato cristalino transparente, o que permite visualizar bem o conte\u00fado dos alimentos. A tampa plana de bambu, de cor clara, com anel de veda\u00e7\u00e3o integrado, garante uma veda\u00e7\u00e3o \u00e0 prova de vazamentos e, ao mesmo tempo, confere um visual natural e agrad\u00e1vel ao recipiente.<\/p>\n<h2>Caracter\u00edsticas do produto<\/h2>\n<ul>\n<li><strong>Benef\u00edcios do vidro de borosilicato de alta qualidade:<\/strong> Por ser feito de vidro borossilicato de alta qualidade, sua resist\u00eancia superior ao calor e a produtos qu\u00edmicos faz com que mantenha sua robustez por muito tempo, mesmo em ambientes agressivos.<\/li>\n<li><strong>Design de veda\u00e7\u00e3o para tampa de bambu:<\/strong> A tampa plana de bambu de cor clara, juntamente com a camada de veda\u00e7\u00e3o interna, forma uma combina\u00e7\u00e3o ideal para evitar o vazamento de ar.<\/li>\n<li><strong>Diferentes combina\u00e7\u00f5es de tamanhos:<\/strong> A op\u00e7\u00e3o de tr\u00eas tamanhos \u00e9 ideal para diferentes necessidades de volume (potes pequenos para especiarias, potes grandes para gr\u00e3os).<\/li>\n<\/ul>\n<h2 style=\"text-align: left;\">Especifica\u00e7\u00f5es principais<\/h2>\n<table class=\"aligncenter\" style=\"border-collapse: collapse; width: 440.27pt;\" border=\"0\" width=\"587\" cellspacing=\"0\" cellpadding=\"0\">\n<tbody>\n<tr style=\"height: 13.50pt;\">\n<td style=\"height: 13.50pt; width: 99.75pt;\" width=\"133\" height=\"18\">Especifica\u00e7\u00e3o<\/td>\n<td style=\"width: 340.50pt;\" width=\"454\">Detalhes<\/td>\n<\/tr>\n<tr style=\"height: 13.50pt;\">\n<td style=\"height: 13.50pt;\" height=\"18\">Capacidade<\/td>\n<td>500ml \/ 750ml \/ 1000ml<\/td>\n<\/tr>\n<tr style=\"height: 13.50pt;\">\n<td style=\"height: 13.50pt;\" height=\"18\">Dimens\u00f5es<\/td>\n<td>9\u00d710cm \/ 9\u00d715cm \/ 9\u00d720cm<\/td>\n<\/tr>\n<tr style=\"height: 13.50pt;\">\n<td style=\"height: 13.50pt;\" height=\"18\">Material<\/td>\n<td>Vidro de borosilicato de alta qualidade<\/td>\n<\/tr>\n<tr style=\"height: 13.50pt;\">\n<td style=\"height: 13.50pt;\" height=\"18\">Tipo de tampa<\/td>\n<td>Tampa plana de bambu com anel de veda\u00e7\u00e3o integrado<\/td>\n<\/tr>\n<tr style=\"height: 13.50pt;\">\n<td style=\"height: 13.50pt;\" height=\"18\">Di\u00e2metro da tampa<\/td>\n<td>90 mm (uniforme em todos os tamanhos)<\/td>\n<\/tr>\n<tr style=\"height: 13.50pt;\">\n<td style=\"height: 13.50pt;\" height=\"18\">Caracter\u00edstica do material<\/td>\n<td>Resistente a choques t\u00e9rmicos, quimicamente est\u00e1vel, alta transpar\u00eancia.<\/td>\n<\/tr>\n<tr style=\"height: 13.50pt;\">\n<td style=\"height: 13.50pt;\" height=\"18\">Ideal para<\/td>\n<td>Potes de vidro com tampas a granel, pote de vidro com tampa de bambu<\/td>\n<\/tr>\n<\/tbody>\n<\/table>\n<h2>Caso de sucesso: Expans\u00e3o de uma loja especializada em ch\u00e1s<\/h2>\n<p>A empresa de ch\u00e1, em r\u00e1pido crescimento, precisava de embalagens uniformes e de alta qualidade para seus produtos a granel. Nossos potes de vidro com tampa de 750 ml foram escolhidos como embalagem padr\u00e3o para todos os produtos de varejo. A excepcional durabilidade do vidro borossilicato reduziu a taxa de quebra em 70%. As tampas de bambu proporcionam excelente veda\u00e7\u00e3o, prolongando a vida \u00fatil do produto em uma m\u00e9dia de 8 meses e reduzindo consideravelmente o desperd\u00edcio em 40%. Devido ao \u00f3timo desempenho do produto, a empresa fez um pedido adicional de 120.000 potes de vidro para distribui\u00e7\u00e3o local.<\/p>\n<h2>Potes de vidro com tampas - Op\u00e7\u00f5es de personaliza\u00e7\u00e3o para grandes quantidades<\/h2>\n<ul>\n<li>Grava\u00e7\u00e3o personalizada em tampas de bambu \u2013 Grava\u00e7\u00e3o a laser de logotipos ou padr\u00f5es em tampas de bambu.<\/li>\n<li>An\u00e9is de veda\u00e7\u00e3o de silicone coloridos \u2013 A cor do silicone utilizado no anel de veda\u00e7\u00e3o pode ser alterada. Existem diversas op\u00e7\u00f5es de cores para os an\u00e9is de veda\u00e7\u00e3o de silicone de qualidade alimentar.<\/li>\n<li>Marca\u00e7\u00f5es de capacidade impressas em serigrafia \u2013 As marca\u00e7\u00f5es em mL absolutos e em x\u00edcaras podem ser impressas, garantindo que as marca\u00e7\u00f5es permane\u00e7am vis\u00edveis permanentemente.<\/li>\n<li>Base ou ombro fosco \u2013 Um efeito fosco de alta qualidade na superf\u00edcie \u00e9 criado pelo processo de jateamento de areia em \u00e1reas selecionadas.<\/li>\n<li>Cores de vidro personalizadas \u2013 O vidro pode ser feito em \u00e2mbar claro ou verde, com a caracter\u00edstica adicional de prote\u00e7\u00e3o UV.<\/li>\n<\/ul>","protected":false},"excerpt":{"rendered":"<p>Potes de vidro premium com tampas, em atacado. Fabricados em vidro borossilicato transparente e com tampas de bambu natural. Design elegante e pre\u00e7os especiais para revenda.<\/p>","protected":false},"featured_media":24450,"template":"","meta":[],"product_brand":[],"product_cat":[122,124,137],"product_tag":[],"class_list":{"0":"post-24443","1":"product","2":"type-product","3":"status-publish","4":"has-post-thumbnail","6":"product_cat-custom-glass-packaging","7":"product_cat-custom-glass-jars","8":"product_cat-glass-jars-with-lids","10":"first","11":"instock","12":"shipping-taxable","13":"product-type-simple"},"jetpack_sharing_enabled":true,"_links":{"self":[{"href":"https:\/\/yebodaglass.com\/pt\/wp-json\/wp\/v2\/product\/24443","targetHints":{"allow":["GET"]}}],"collection":[{"href":"https:\/\/yebodaglass.com\/pt\/wp-json\/wp\/v2\/product"}],"about":[{"href":"https:\/\/yebodaglass.com\/pt\/wp-json\/wp\/v2\/types\/product"}],"version-history":[{"count":4,"href":"https:\/\/yebodaglass.com\/pt\/wp-json\/wp\/v2\/product\/24443\/revisions"}],"predecessor-version":[{"id":24473,"href":"https:\/\/yebodaglass.com\/pt\/wp-json\/wp\/v2\/product\/24443\/revisions\/24473"}],"wp:featuredmedia":[{"embeddable":true,"href":"https:\/\/yebodaglass.com\/pt\/wp-json\/wp\/v2\/media\/24450"}],"wp:attachment":[{"href":"https:\/\/yebodaglass.com\/pt\/wp-json\/wp\/v2\/media?parent=24443"}],"wp:term":[{"taxonomy":"product_brand","embeddable":true,"href":"https:\/\/yebodaglass.com\/pt\/wp-json\/wp\/v2\/product_brand?post=24443"},{"taxonomy":"product_cat","embeddable":true,"href":"https:\/\/yebodaglass.com\/pt\/wp-json\/wp\/v2\/product_cat?post=24443"},{"taxonomy":"product_tag","embeddable":true,"href":"https:\/\/yebodaglass.com\/pt\/wp-json\/wp\/v2\/product_tag?post=24443"}],"curies":[{"name":"wp","href":"https:\/\/api.w.org\/{rel}","templated":true}]}}