{"id":24435,"date":"2025-12-17T10:37:34","date_gmt":"2025-12-17T02:37:34","guid":{"rendered":"https:\/\/yebodaglass.com\/?post_type=product&#038;p=24435"},"modified":"2025-12-23T10:15:44","modified_gmt":"2025-12-23T02:15:44","slug":"large-glass-food-storage-canisters-with-lids-bulk","status":"publish","type":"product","link":"https:\/\/yebodaglass.com\/pt\/large-glass-food-storage-canisters-with-lids-bulk\/","title":{"rendered":"Conjunto de 2750ml de Potes Grandes de Vidro para Armazenamento de Alimentos com Tampas - Pacote Completo"},"content":{"rendered":"<p data-start=\"66\" data-end=\"288\">Estes grandes frascos de vidro com tampas s\u00e3o feitos de vidro borossilicato com formatos finos e curvos que real\u00e7am esteticamente seu amplo volume. Os frascos s\u00e3o constru\u00eddos em vidro borossilicato transparente e combinados com tampas planas com textura de madeira, resultando em um estilo natural e minimalista que harmoniza perfeitamente com a transpar\u00eancia do vidro.<\/p>\n<h2>Caracter\u00edsticas do produto<\/h2>\n<ul>\n<li><strong>Grande capacidade e design compacto:<\/strong> Gra\u00e7as ao seu design fino e redondo, \u00e9 poss\u00edvel armazenar uma grande quantidade de alimentos, e o frasco pode ser guardado de forma inteligente no arm\u00e1rio, economizando espa\u00e7o de armazenamento.<\/li>\n<li><strong>Vantagens do vidro de borosilicato de alta qualidade:<\/strong> Por ser um produto de vidro borossilicato de alta qualidade, \u00e9 muito resistente a mudan\u00e7as de temperatura, n\u00e3o absorve odores e \u00e9 dur\u00e1vel.<\/li>\n<li><strong>Tampa plana fechada com acabamento em madeira:<\/strong> A tampa plana com textura de madeira encaixa-se perfeitamente na abertura do frasco, criando uma veda\u00e7\u00e3o quase herm\u00e9tica.<\/li>\n<\/ul>\n<h2 style=\"text-align: left;\">Especifica\u00e7\u00f5es principais<\/h2>\n<table class=\"aligncenter\" style=\"border-collapse: collapse; width: 458.27pt;\" border=\"0\" width=\"611\" cellspacing=\"0\" cellpadding=\"0\">\n<tbody>\n<tr style=\"height: 13.50pt;\">\n<td style=\"height: 13.50pt; width: 99.75pt;\" width=\"133\" height=\"18\">Especifica\u00e7\u00e3o<\/td>\n<td style=\"width: 358.50pt;\" width=\"478\">Detalhes<\/td>\n<\/tr>\n<tr style=\"height: 13.50pt;\">\n<td style=\"height: 13.50pt;\" height=\"18\">Capacidade<\/td>\n<td>2750ml (2,75L)<\/td>\n<\/tr>\n<tr style=\"height: 13.50pt;\">\n<td style=\"height: 13.50pt;\" height=\"18\">Dimens\u00f5es<\/td>\n<td>14\u00d729.5cm<\/td>\n<\/tr>\n<tr style=\"height: 13.50pt;\">\n<td style=\"height: 13.50pt;\" height=\"18\">Material<\/td>\n<td>Vidro de borosilicato de alta qualidade<\/td>\n<\/tr>\n<tr style=\"height: 13.50pt;\">\n<td style=\"height: 13.50pt;\" height=\"18\">Tipo de tampa<\/td>\n<td>Tampa plana com textura de madeira<\/td>\n<\/tr>\n<tr style=\"height: 13.50pt;\">\n<td style=\"height: 13.50pt;\" height=\"18\">Caracter\u00edstica do material<\/td>\n<td>Resistente a choques t\u00e9rmicos e qu\u00edmicos, alta transpar\u00eancia, dur\u00e1vel.<\/td>\n<\/tr>\n<tr style=\"height: 13.50pt;\">\n<td style=\"height: 13.50pt;\" height=\"18\">Ideal para<\/td>\n<td>Potes para armazenar alimentos com tampas, frascos de vidro com tampas de madeira.<\/td>\n<\/tr>\n<\/tbody>\n<\/table>\n<h2>Repensando os ingredientes a granel: como uma padaria se transformou<\/h2>\n<p>Uma padaria em expans\u00e3o precisava urgentemente de um sistema confi\u00e1vel para armazenar amido e a\u00e7\u00facar em recipientes de 22,7 kg (50 lb). Os departamentos de ingredientes de suas f\u00e1bricas foram equipados com nossos recipientes de armazenamento de alimentos de 2,75 litros com tampas, que foram utilizados para todo o armazenamento. Esses recipientes de vidro borossilicato de alta qualidade suportaram as varia\u00e7\u00f5es di\u00e1rias de temperatura entre a c\u00e2mara fria e a cozinha quente sem sofrer danos, garantindo assim 100% de resist\u00eancia a rachaduras. A tampa com textura de madeira, que se encaixa perfeitamente no recipiente, ajuda a manter a farinha fresca e segura, evitando infesta\u00e7\u00f5es de pragas, e tamb\u00e9m resultou em uma redu\u00e7\u00e3o de 55% na deteriora\u00e7\u00e3o dos ingredientes. Al\u00e9m disso, a padaria n\u00e3o s\u00f3 fez um novo pedido de 350.000 recipientes para equipar suas novas instala\u00e7\u00f5es, como tamb\u00e9m o fez devido \u00e0 extrema satisfa\u00e7\u00e3o com a durabilidade e o desempenho do produto.<\/p>\n<h2>Potes de vidro grandes com tampas - Op\u00e7\u00f5es personalizadas<\/h2>\n<ul>\n<li>Melhoria da tampa de madeira maci\u00e7a \u2013 Troque a tampa com acabamento em madeira por uma de bambu ou carvalho de verdade.<\/li>\n<li>Marca\u00e7\u00f5es de capacidade gravadas a laser \u2013 Permitem marca\u00e7\u00f5es precisas em litros e x\u00edcaras.<\/li>\n<li>Fundo refor\u00e7ado \u2013 A base do copo \u00e9 mais espessa para suportar objetos pesados.<\/li>\n<li>Anel de veda\u00e7\u00e3o de silicone de pe\u00e7a \u00fanica \u2013 O anel de veda\u00e7\u00e3o de silicone de qualidade alimentar est\u00e1 localizado na tampa.<\/li>\n<li>Detalhes em vitral \u2013 Coloque um pequeno aplique verde claro ou \u00e2mbar no ombro do vaso.<\/li>\n<\/ul>","protected":false},"excerpt":{"rendered":"<p>Potes de vidro grandes com tampas, apresentando um corpo alto e transparente em borosilicato e tampa plana de madeira. Recipientes ideais para armazenamento de alimentos, com tampas, fornecimento direto da f\u00e1brica.<\/p>","protected":false},"featured_media":24438,"template":"","meta":[],"product_brand":[],"product_cat":[122,124,137],"product_tag":[],"class_list":{"0":"post-24435","1":"product","2":"type-product","3":"status-publish","4":"has-post-thumbnail","6":"product_cat-custom-glass-packaging","7":"product_cat-custom-glass-jars","8":"product_cat-glass-jars-with-lids","10":"first","11":"instock","12":"shipping-taxable","13":"product-type-simple"},"jetpack_sharing_enabled":true,"_links":{"self":[{"href":"https:\/\/yebodaglass.com\/pt\/wp-json\/wp\/v2\/product\/24435","targetHints":{"allow":["GET"]}}],"collection":[{"href":"https:\/\/yebodaglass.com\/pt\/wp-json\/wp\/v2\/product"}],"about":[{"href":"https:\/\/yebodaglass.com\/pt\/wp-json\/wp\/v2\/types\/product"}],"version-history":[{"count":5,"href":"https:\/\/yebodaglass.com\/pt\/wp-json\/wp\/v2\/product\/24435\/revisions"}],"predecessor-version":[{"id":24534,"href":"https:\/\/yebodaglass.com\/pt\/wp-json\/wp\/v2\/product\/24435\/revisions\/24534"}],"wp:featuredmedia":[{"embeddable":true,"href":"https:\/\/yebodaglass.com\/pt\/wp-json\/wp\/v2\/media\/24438"}],"wp:attachment":[{"href":"https:\/\/yebodaglass.com\/pt\/wp-json\/wp\/v2\/media?parent=24435"}],"wp:term":[{"taxonomy":"product_brand","embeddable":true,"href":"https:\/\/yebodaglass.com\/pt\/wp-json\/wp\/v2\/product_brand?post=24435"},{"taxonomy":"product_cat","embeddable":true,"href":"https:\/\/yebodaglass.com\/pt\/wp-json\/wp\/v2\/product_cat?post=24435"},{"taxonomy":"product_tag","embeddable":true,"href":"https:\/\/yebodaglass.com\/pt\/wp-json\/wp\/v2\/product_tag?post=24435"}],"curies":[{"name":"wp","href":"https:\/\/api.w.org\/{rel}","templated":true}]}}