{"id":24404,"date":"2025-12-16T10:55:52","date_gmt":"2025-12-16T02:55:52","guid":{"rendered":"https:\/\/yebodaglass.com\/?post_type=product&#038;p=24404"},"modified":"2025-12-23T10:16:06","modified_gmt":"2025-12-23T02:16:06","slug":"clear-glass-canister-with-wood-lid-bulk","status":"publish","type":"product","link":"https:\/\/yebodaglass.com\/pt\/clear-glass-canister-with-wood-lid-bulk\/","title":{"rendered":"Recipiente de vidro transparente de 500ml, 800ml e 1200ml com tampa de madeira (a granel)"},"content":{"rendered":"<p data-start=\"66\" data-end=\"288\">Este elegante recipiente de vidro com tampa de madeira apresenta um corpo fino e reto que se estreita graciosamente at\u00e9 um ombro ligeiramente mais estreito, fechando com uma rolha redonda de corti\u00e7a natural. Feito de vidro borossilicato transparente de alta qualidade, \u00e9 muito resistente.<\/p>\n<h2>Caracter\u00edsticas do produto<\/h2>\n<ul>\n<li><strong>Design de rolha de corti\u00e7a esf\u00e9rica:<\/strong> A rolha esf\u00e9rica de corti\u00e7a natural torna o frasco mais atraente e tamb\u00e9m facilita a abertura e a retirada do conte\u00fado.<\/li>\n<li><strong>Quais s\u00e3o os benef\u00edcios do vidro de borosilicato de alta qualidade?<\/strong> O vidro borossilicato de alta qualidade utilizado na fabrica\u00e7\u00e3o do frasco torna-o resistente ao choque t\u00e9rmico e \u00e0 corros\u00e3o qu\u00edmica, mantendo assim sua durabilidade por um longo per\u00edodo.<\/li>\n<li><strong>Material de alta qualidade, muito n\u00edtido:<\/strong> O frasco \u00e9 perfeitamente transparente e essa caracter\u00edstica \u00e9 muito \u00fatil para visualizar os produtos armazenados nele.<\/li>\n<\/ul>\n<h2 style=\"text-align: left;\">Especifica\u00e7\u00f5es principais<\/h2>\n<table class=\"aligncenter\" style=\"border-collapse: collapse; width: 452.27pt;\" border=\"0\" width=\"603\" cellspacing=\"0\" cellpadding=\"0\">\n<tbody>\n<tr style=\"height: 13.50pt;\">\n<td style=\"height: 13.50pt; width: 101.25pt;\" width=\"135\" height=\"18\">Especifica\u00e7\u00e3o<\/td>\n<td style=\"width: 351.00pt;\" width=\"468\">Detalhes<\/td>\n<\/tr>\n<tr style=\"height: 13.50pt;\">\n<td style=\"height: 13.50pt;\" height=\"18\">Capacidade<\/td>\n<td>500ml \/ 800ml \/ 1200ml<\/td>\n<\/tr>\n<tr style=\"height: 13.50pt;\">\n<td style=\"height: 13.50pt;\" height=\"18\">Dimens\u00f5es<\/td>\n<td>9\u00d710cm\/9\u00d715.5cm\/9\u00d720cm<\/td>\n<\/tr>\n<tr style=\"height: 13.50pt;\">\n<td style=\"height: 13.50pt;\" height=\"18\">Material<\/td>\n<td>Vidro de borosilicato de alta qualidade<\/td>\n<\/tr>\n<tr style=\"height: 13.50pt;\">\n<td style=\"height: 13.50pt;\" height=\"18\">Tipo de tampa<\/td>\n<td>Rolha esf\u00e9rica de corti\u00e7a natural (op\u00e7\u00e3o de tampa de madeira dispon\u00edvel)<\/td>\n<\/tr>\n<tr style=\"height: 13.50pt;\">\n<td style=\"height: 13.50pt;\" height=\"18\">Caracter\u00edstica do material<\/td>\n<td>Resistente a choques t\u00e9rmicos, alta transpar\u00eancia, quimicamente est\u00e1vel<\/td>\n<\/tr>\n<tr style=\"height: 13.50pt;\">\n<td style=\"height: 13.50pt;\" height=\"18\">Ideal para<\/td>\n<td>Recipiente de vidro com tampa de madeira, recipientes de vidro com tampas<\/td>\n<\/tr>\n<\/tbody>\n<\/table>\n<h2>Caso de sucesso de mercado para uma marca de alimentos artesanais<\/h2>\n<p>Um produtor de alimentos especiais estava interessado em aumentar o reconhecimento da sua marca. Para isso, adotou nosso pote de vidro de 1200ml com tampa de madeira para seus cereais exclusivos. As tampas de madeira personalizadas e herm\u00e9ticas permitiram estender a vida \u00fatil do produto em mais de 12 meses e reduzir a taxa de deteriora\u00e7\u00e3o em 65%. O design moderno tornou o produto mais atraente para os varejistas e, como resultado, o n\u00famero de novos pontos de venda aumentou em 45%. Consequentemente, fizeram um pedido adicional de 350.000 unidades.<\/p>\n<h2>Pote de vidro personalizado com op\u00e7\u00f5es de tampa<\/h2>\n<ul>\n<li>Acabamento personalizado para tampa de madeira \u2013 Carvalho, bambu ou nogueira \u2013 voc\u00ea escolhe, e tamb\u00e9m h\u00e1 uma variedade de op\u00e7\u00f5es de acabamento para tingir a madeira.<\/li>\n<li>Grava\u00e7\u00e3o a laser para personaliza\u00e7\u00e3o \u2013 Aplica\u00e7\u00e3o precisa de um logotipo ou desenho na superf\u00edcie do vidro atrav\u00e9s da grava\u00e7\u00e3o a laser.<\/li>\n<li>Marca\u00e7\u00f5es de capacidade impressas em serigrafia \u2013 Aplique marcas de medi\u00e7\u00e3o n\u00edtidas e resistentes ao desgaste no vidro por meio de serigrafia.<\/li>\n<li>Tampa de madeira com revestimento de corti\u00e7a \u2013 Uma tampa de madeira com revestimento de corti\u00e7a \u00e9 perfeita para veda\u00e7\u00e3o.<\/li>\n<li>Caracter\u00edsticas do Vidro Colorido \u2013 Pode ser apresentado num frasco de vidro com uma ligeira tonalidade \u00e2mbar ou verde no ombro.<\/li>\n<\/ul>","protected":false},"excerpt":{"rendered":"<p>Pote de vidro premium com tampa de madeira, feito de vidro borossilicato transparente com design moderno. Fornecimento direto da f\u00e1brica, envio r\u00e1pido.<\/p>","protected":false},"featured_media":24411,"template":"","meta":[],"product_brand":[],"product_cat":[122,124,137],"product_tag":[],"class_list":{"0":"post-24404","1":"product","2":"type-product","3":"status-publish","4":"has-post-thumbnail","6":"product_cat-custom-glass-packaging","7":"product_cat-custom-glass-jars","8":"product_cat-glass-jars-with-lids","10":"first","11":"instock","12":"shipping-taxable","13":"product-type-simple"},"jetpack_sharing_enabled":true,"_links":{"self":[{"href":"https:\/\/yebodaglass.com\/pt\/wp-json\/wp\/v2\/product\/24404","targetHints":{"allow":["GET"]}}],"collection":[{"href":"https:\/\/yebodaglass.com\/pt\/wp-json\/wp\/v2\/product"}],"about":[{"href":"https:\/\/yebodaglass.com\/pt\/wp-json\/wp\/v2\/types\/product"}],"version-history":[{"count":5,"href":"https:\/\/yebodaglass.com\/pt\/wp-json\/wp\/v2\/product\/24404\/revisions"}],"predecessor-version":[{"id":24535,"href":"https:\/\/yebodaglass.com\/pt\/wp-json\/wp\/v2\/product\/24404\/revisions\/24535"}],"wp:featuredmedia":[{"embeddable":true,"href":"https:\/\/yebodaglass.com\/pt\/wp-json\/wp\/v2\/media\/24411"}],"wp:attachment":[{"href":"https:\/\/yebodaglass.com\/pt\/wp-json\/wp\/v2\/media?parent=24404"}],"wp:term":[{"taxonomy":"product_brand","embeddable":true,"href":"https:\/\/yebodaglass.com\/pt\/wp-json\/wp\/v2\/product_brand?post=24404"},{"taxonomy":"product_cat","embeddable":true,"href":"https:\/\/yebodaglass.com\/pt\/wp-json\/wp\/v2\/product_cat?post=24404"},{"taxonomy":"product_tag","embeddable":true,"href":"https:\/\/yebodaglass.com\/pt\/wp-json\/wp\/v2\/product_tag?post=24404"}],"curies":[{"name":"wp","href":"https:\/\/api.w.org\/{rel}","templated":true}]}}