{"id":24383,"date":"2025-12-16T10:19:41","date_gmt":"2025-12-16T02:19:41","guid":{"rendered":"https:\/\/yebodaglass.com\/?post_type=product&#038;p=24383"},"modified":"2025-12-16T10:19:42","modified_gmt":"2025-12-16T02:19:42","slug":"square-high-borosilicate-large-glass-jars-with-lids-and-spoons-wholesale","status":"publish","type":"product","link":"https:\/\/yebodaglass.com\/pt\/square-high-borosilicate-large-glass-jars-with-lids-and-spoons-wholesale\/","title":{"rendered":"Potes de vidro borossilicato de alta qualidade, quadrados, de 800 ml a 1200 ml, com tampas e colheres, para venda por atacado."},"content":{"rendered":"<p>Cansado de potes de vidro que racham ou vazam? N\u00f3s fabricamos os melhores potes de vidro \u2014 feitos para marcas que buscam qualidade. Esses potes de vidro grandes com tampa transformam o armazenamento di\u00e1rio em uma declara\u00e7\u00e3o de estilo para sua marca. Pedidos em grande quantidade recebem acabamentos personalizados para combinar com a sua identidade visual.<\/p>\n<h2>Caracter\u00edsticas do produto<\/h2>\n<p><strong>Design quadrado para armazenamento vers\u00e1til<\/strong><\/p>\n<p>Armazena gr\u00e3os de caf\u00e9, mel e molhos perfeitamente \u2014 chega de derramamentos e bagun\u00e7a na hora de guardar.<\/p>\n<p><strong>Vidro de borosilicato dur\u00e1vel<\/strong><\/p>\n<p>Resistente ao calor \u2014 seguro para xaropes quentes, mel frio e armazenamento no congelador.<\/p>\n<p><strong>Potes com tampas para prote\u00e7\u00e3o contra poeira<\/strong><\/p>\n<p>Tampas herm\u00e9ticas mant\u00eam o conte\u00fado fresco \u2014 sem poeira, sem vazamentos, apenas armazenamento perfeito.<\/p>\n<p><strong>\u00c2mbar ou transparente personaliz\u00e1vel<\/strong><\/p>\n<p>Adicione seu logotipo \u2014 isso far\u00e1 com que seus potes de vidro para atacado se destaquem nas prateleiras.<\/p>\n<h2>Especifica\u00e7\u00f5es principais<\/h2>\n<table style=\"border-collapse: collapse; width: 80%; margin-left: auto; margin-right: auto;\" border=\"0\" width=\"432\" cellspacing=\"0\" cellpadding=\"0\">\n<tbody>\n<tr style=\"height: 13.50pt;\">\n<td style=\"height: 13.5pt; width: 54pt; text-align: center;\" width=\"72\" height=\"18\">Capacidade<\/td>\n<td style=\"width: 54pt; text-align: center;\" width=\"72\">Tamanho (cm)<\/td>\n<td style=\"width: 54pt; text-align: center;\" width=\"72\">Di\u00e2metro<\/td>\n<td style=\"width: 54pt; text-align: center;\" width=\"72\">Material<\/td>\n<td style=\"width: 54pt; text-align: center;\" width=\"72\">Forma<\/td>\n<td style=\"width: 54pt; text-align: center;\" width=\"72\">Acess\u00f3rios<\/td>\n<\/tr>\n<tr style=\"height: 13.50pt;\">\n<td style=\"height: 13.5pt; text-align: center;\" height=\"18\">800ml<\/td>\n<td style=\"text-align: center;\">10 x 10 x 13<\/td>\n<td class=\"et2\" style=\"text-align: center;\" rowspan=\"3\">100 mm<\/td>\n<td class=\"et2\" style=\"text-align: center;\" rowspan=\"3\">Borossilicato<\/td>\n<td class=\"et2\" style=\"text-align: center;\" rowspan=\"3\">Quadrado<\/td>\n<td class=\"et2\" style=\"text-align: center;\" rowspan=\"3\">Colheres e tampas<\/td>\n<\/tr>\n<tr style=\"height: 13.50pt;\">\n<td style=\"height: 13.5pt; text-align: center;\" height=\"18\">1000ml (1 qt)<\/td>\n<td style=\"text-align: center;\">10 x 10 x 16<\/td>\n<\/tr>\n<tr style=\"height: 13.50pt;\">\n<td style=\"height: 13.5pt; text-align: center;\" height=\"18\">1200ml (40 oz)<\/td>\n<td style=\"text-align: center;\">10 x 10 x 19<\/td>\n<\/tr>\n<\/tbody>\n<\/table>\n<h2>Caso de sucesso com grandes frascos de vidro com tampas<\/h2>\n<p>Uma rede de lojas de utens\u00edlios de cozinha precisava atualizar sua cole\u00e7\u00e3o de armazenamento. Ent\u00e3o, um atacadista europeu de artigos para o lar decidiu optar por esses grandes potes de vidro borossilicato de alta qualidade com tampas para a exibi\u00e7\u00e3o uniforme de gr\u00e3os de caf\u00e9, ch\u00e1 e produtos secos da rede de lojas. O formato quadrado se encaixou perfeitamente nas prateleiras, e a tampa herm\u00e9tica de 100 mm e a colher de madeira que acompanham o produto s\u00e3o \u00f3timas tanto para a funcionalidade quanto para conferir um aspecto mais sofisticado.<\/p>\n<p>Na verdade, a s\u00e9rie recebeu o dobro dos pedidos de reposi\u00e7\u00e3o previstos inicialmente, apenas tr\u00eas meses ap\u00f3s o seu lan\u00e7amento.<\/p>\n<h2>Seu Guia de Personaliza\u00e7\u00e3o<\/h2>\n<ol>\n<li>A tampa \u00e9 compat\u00edvel com diversos tipos de madeira ou acabamentos de superf\u00edcie, refor\u00e7ando a consist\u00eancia do estilo da marca.<\/li>\n<li>Os frascos de vidro podem ser impressos ou serigrafados com um logotipo, sendo adequados para aplica\u00e7\u00f5es em lojas e embalagens para presentes.<\/li>\n<li>O comprimento da colher e o m\u00e9todo de fixa\u00e7\u00e3o s\u00e3o ajust\u00e1veis, melhorando a facilidade de uso e a diferencia\u00e7\u00e3o.<\/li>\n<li>Oferece solu\u00e7\u00f5es de embalagens personalizadas para grandes volumes, adequadas tanto para fornecimento direto da f\u00e1brica quanto para compras no atacado.<\/li>\n<\/ol>","protected":false},"excerpt":{"rendered":"<p>Potes de vidro grandes com tampas, diretamente do fabricante e fornecedor, ideais para personaliza\u00e7\u00e3o e pedidos no atacado. Potes resistentes com tampas para fornecimento em grande quantidade.<\/p>","protected":false},"featured_media":24385,"template":"","meta":[],"product_brand":[],"product_cat":[124,122,137],"product_tag":[],"class_list":{"0":"post-24383","1":"product","2":"type-product","3":"status-publish","4":"has-post-thumbnail","6":"product_cat-custom-glass-jars","7":"product_cat-custom-glass-packaging","8":"product_cat-glass-jars-with-lids","10":"first","11":"instock","12":"shipping-taxable","13":"product-type-simple"},"jetpack_sharing_enabled":true,"_links":{"self":[{"href":"https:\/\/yebodaglass.com\/pt\/wp-json\/wp\/v2\/product\/24383","targetHints":{"allow":["GET"]}}],"collection":[{"href":"https:\/\/yebodaglass.com\/pt\/wp-json\/wp\/v2\/product"}],"about":[{"href":"https:\/\/yebodaglass.com\/pt\/wp-json\/wp\/v2\/types\/product"}],"version-history":[{"count":5,"href":"https:\/\/yebodaglass.com\/pt\/wp-json\/wp\/v2\/product\/24383\/revisions"}],"predecessor-version":[{"id":24393,"href":"https:\/\/yebodaglass.com\/pt\/wp-json\/wp\/v2\/product\/24383\/revisions\/24393"}],"wp:featuredmedia":[{"embeddable":true,"href":"https:\/\/yebodaglass.com\/pt\/wp-json\/wp\/v2\/media\/24385"}],"wp:attachment":[{"href":"https:\/\/yebodaglass.com\/pt\/wp-json\/wp\/v2\/media?parent=24383"}],"wp:term":[{"taxonomy":"product_brand","embeddable":true,"href":"https:\/\/yebodaglass.com\/pt\/wp-json\/wp\/v2\/product_brand?post=24383"},{"taxonomy":"product_cat","embeddable":true,"href":"https:\/\/yebodaglass.com\/pt\/wp-json\/wp\/v2\/product_cat?post=24383"},{"taxonomy":"product_tag","embeddable":true,"href":"https:\/\/yebodaglass.com\/pt\/wp-json\/wp\/v2\/product_tag?post=24383"}],"curies":[{"name":"wp","href":"https:\/\/api.w.org\/{rel}","templated":true}]}}