{"id":24324,"date":"2025-12-12T12:00:03","date_gmt":"2025-12-12T04:00:03","guid":{"rendered":"https:\/\/yebodaglass.com\/?post_type=product&#038;p=24324"},"modified":"2025-12-16T11:42:50","modified_gmt":"2025-12-16T03:42:50","slug":"glass-empty-water-bottles-for-drinking-wholesale","status":"publish","type":"product","link":"https:\/\/yebodaglass.com\/pt\/glass-empty-water-bottles-for-drinking-wholesale\/","title":{"rendered":"Garrafas de vidro vazias de 550ml para \u00e1gua pot\u00e1vel (venda por atacado)"},"content":{"rendered":"<p>Cansado de garrafas de vidro que n\u00e3o combinam com o estilo da sua marca? N\u00f3s fabricamos garrafas de \u00e1gua de vidro vazias, feitas para marcas que buscam qualidade. Essas garrafas transformam a hidrata\u00e7\u00e3o di\u00e1ria em uma declara\u00e7\u00e3o de estilo para a sua marca. Pedidos em grande quantidade recebem acabamentos personalizados que combinam com a sua identidade visual.<\/p>\n<h2>Produtc Features<\/h2>\n<p><strong>Abertura ampla de 38 mm<\/strong><\/p>\n<p>F\u00e1cil de encher com frutas ou gelo \u2014 chega de infus\u00f5es complicadas para se hidratar.<\/p>\n<p><strong>Vidro de borosilicato dur\u00e1vel<\/strong><\/p>\n<p>Sem choque t\u00e9rmico \u2014 pode ser congelado, pode ser lavado na m\u00e1quina de lavar lou\u00e7a e foi feito para durar.<\/p>\n<p><strong>Tampa de a\u00e7o inoxid\u00e1vel \u00e0 prova de vazamentos<\/strong><\/p>\n<p>Mant\u00e9m o conte\u00fado seguro \u2014 perfeito para se manter hidratado em qualquer lugar.<\/p>\n<p><strong>Capa de silicone personaliz\u00e1vel<\/strong><\/p>\n<p>Adicione seu logotipo \u2014 torne sua garrafa de \u00e1gua de vidro reutiliz\u00e1vel inesquec\u00edvel.<\/p>\n<h2>Especifica\u00e7\u00f5es principais<\/h2>\n<table style=\"border-collapse: collapse; width: 80%; margin-left: auto; margin-right: auto;\" border=\"0\" width=\"360\" cellspacing=\"0\" cellpadding=\"0\">\n<tbody>\n<tr style=\"height: 13.50pt;\">\n<td style=\"height: 13.5pt; width: 54pt; text-align: center;\" width=\"72\" height=\"18\">Capacidade<\/td>\n<td style=\"width: 54pt; text-align: center;\" width=\"72\">Tamanho (cm)<\/td>\n<td style=\"width: 54pt; text-align: center;\" width=\"72\">Di\u00e2metro<\/td>\n<td style=\"width: 54pt; text-align: center;\" width=\"72\">Material<\/td>\n<td style=\"width: 54pt; text-align: center;\" width=\"72\">Cor<\/td>\n<\/tr>\n<tr style=\"height: 13.50pt;\">\n<td style=\"height: 13.5pt; text-align: center;\" height=\"18\">550ml<\/td>\n<td style=\"text-align: center;\">6.6&#215;22.3<\/td>\n<td style=\"text-align: center;\">38 mm<\/td>\n<td style=\"text-align: center;\">Borossilicato<\/td>\n<td style=\"text-align: center;\">Transparente ou personalizado<\/td>\n<\/tr>\n<\/tbody>\n<\/table>\n<h2>Caso de sucesso<\/h2>\n<p>Uma das principais redes de sucos prensados \u200b\u200ba frio do Sudeste Asi\u00e1tico, que busca expandir seus neg\u00f3cios de bebidas engarrafadas, precisava de uma embalagem que resistisse ao transporte refrigerado e que tamb\u00e9m tivesse uma apar\u00eancia mais atraente e sofisticada nas prateleiras. Eles escolheram esta garrafa de \u00e1gua vazia com boca larga e n\u00f3s personalizamos a tampa e o tamanho do r\u00f3tulo para combinar com as cores da marca.<\/p>\n<p>Ap\u00f3s as mudan\u00e7as, as vendas de seus sucos premium aumentaram em quase 30%.<\/p>\n<h2>Seu Guia de Personaliza\u00e7\u00e3o<\/h2>\n<ol>\n<li>Ao alterar o di\u00e2metro do gargalo, o design da base ou as propor\u00e7\u00f5es do corpo da garrafa, conseguimos garantir a melhor compatibilidade poss\u00edvel com as linhas de enchimento e tamb\u00e9m aumentar o n\u00edvel de distin\u00e7\u00e3o visual.<\/li>\n<li>Nossas instala\u00e7\u00f5es est\u00e3o equipadas para atender \u00e0s suas solicita\u00e7\u00f5es de serigrafia, hot stamping, etiquetagem e acabamento fosco. Oferecemos a voc\u00ea a liberdade de selecionar a apresenta\u00e7\u00e3o visual mais adequada \u00e0 imagem da sua marca.<\/li>\n<li>Temos a capacidade de fabricar as tampas das garrafas em v\u00e1rias tonalidades ou podemos utilizar diferentes materiais (por exemplo, a\u00e7o inoxid\u00e1vel, galvanoplastia e revestimento por pulveriza\u00e7\u00e3o) para ajud\u00e1-lo a tornar seus produtos o centro das aten\u00e7\u00f5es na prateleira.<\/li>\n<\/ol>","protected":false},"excerpt":{"rendered":"<p>Garrafas de \u00e1gua vazias com boca larga, ideais para marcas de bebidas. Fornecedor confi\u00e1vel que oferece garrafas de \u00e1gua personaliz\u00e1veis \u200b\u200be pedidos em grande quantidade. Amostra gr\u00e1tis.<\/p>","protected":false},"featured_media":24336,"template":"","meta":[],"product_brand":[],"product_cat":[123,122,136],"product_tag":[],"class_list":{"0":"post-24324","1":"product","2":"type-product","3":"status-publish","4":"has-post-thumbnail","6":"product_cat-custom-glass-bottles","7":"product_cat-custom-glass-packaging","8":"product_cat-glass-water-bottles","10":"first","11":"instock","12":"shipping-taxable","13":"product-type-simple"},"jetpack_sharing_enabled":true,"_links":{"self":[{"href":"https:\/\/yebodaglass.com\/pt\/wp-json\/wp\/v2\/product\/24324","targetHints":{"allow":["GET"]}}],"collection":[{"href":"https:\/\/yebodaglass.com\/pt\/wp-json\/wp\/v2\/product"}],"about":[{"href":"https:\/\/yebodaglass.com\/pt\/wp-json\/wp\/v2\/types\/product"}],"version-history":[{"count":5,"href":"https:\/\/yebodaglass.com\/pt\/wp-json\/wp\/v2\/product\/24324\/revisions"}],"predecessor-version":[{"id":24413,"href":"https:\/\/yebodaglass.com\/pt\/wp-json\/wp\/v2\/product\/24324\/revisions\/24413"}],"wp:featuredmedia":[{"embeddable":true,"href":"https:\/\/yebodaglass.com\/pt\/wp-json\/wp\/v2\/media\/24336"}],"wp:attachment":[{"href":"https:\/\/yebodaglass.com\/pt\/wp-json\/wp\/v2\/media?parent=24324"}],"wp:term":[{"taxonomy":"product_brand","embeddable":true,"href":"https:\/\/yebodaglass.com\/pt\/wp-json\/wp\/v2\/product_brand?post=24324"},{"taxonomy":"product_cat","embeddable":true,"href":"https:\/\/yebodaglass.com\/pt\/wp-json\/wp\/v2\/product_cat?post=24324"},{"taxonomy":"product_tag","embeddable":true,"href":"https:\/\/yebodaglass.com\/pt\/wp-json\/wp\/v2\/product_tag?post=24324"}],"curies":[{"name":"wp","href":"https:\/\/api.w.org\/{rel}","templated":true}]}}