{"id":24249,"date":"2025-12-03T10:18:31","date_gmt":"2025-12-03T02:18:31","guid":{"rendered":"https:\/\/yebodaglass.com\/?post_type=product&#038;p=24249"},"modified":"2026-03-12T16:37:09","modified_gmt":"2026-03-12T08:37:09","slug":"double-walled-glass-drinking-bottles-with-stainless-steel-lid","status":"publish","type":"product","link":"https:\/\/yebodaglass.com\/pt\/double-walled-glass-drinking-bottles-with-stainless-steel-lid\/","title":{"rendered":"Garrafas de vidro de parede dupla com tampa de a\u00e7o inoxid\u00e1vel"},"content":{"rendered":"<p>Estas garrafas de vidro apresentam um elegante perfil cil\u00edndrico feito de vidro borossilicato dur\u00e1vel, combinado com uma moderna estrutura de parede dupla. O corpo transparente da garrafa permite visualizar melhor as bebidas, al\u00e9m de auxiliar na conserva\u00e7\u00e3o do calor e evitar choques t\u00e9rmicos. As garrafas possuem tampa rosqueada em a\u00e7o inoxid\u00e1vel e filtro remov\u00edvel em a\u00e7o inoxid\u00e1vel 304 para filtrar folhas de ch\u00e1 ou polpa de frutas. O design de boca larga facilita o enchimento e a limpeza, e o estilo minimalista as torna ideais para escrit\u00f3rios, academias e viagens. Por serem ecol\u00f3gicas, estas garrafas de vidro reutiliz\u00e1veis \u200b\u200bajudam os usu\u00e1rios a se manterem hidratados e promovem um estilo de vida sustent\u00e1vel.<\/p>\n<h2>Especifica\u00e7\u00f5es principais<\/h2>\n<table style=\"border-collapse: collapse; width: 80%; margin-left: auto; margin-right: auto;\" border=\"0\" width=\"873\" cellspacing=\"0\" cellpadding=\"0\">\n<tbody>\n<tr style=\"height: 13.50pt;\">\n<td style=\"height: 13.50pt; width: 117.75pt;\" width=\"157\" height=\"18\">Op\u00e7\u00f5es de capacidade<\/td>\n<td style=\"width: 537.00pt;\" width=\"716\">350ml \/ 500ml \/ 700ml<\/td>\n<\/tr>\n<tr style=\"height: 13.50pt;\">\n<td style=\"height: 13.50pt;\" height=\"18\">Material<\/td>\n<td>Vidro borossilicato, tampa de a\u00e7o inoxid\u00e1vel, filtro de a\u00e7o inoxid\u00e1vel 304, veda\u00e7\u00e3o de silicone.<\/td>\n<\/tr>\n<tr style=\"height: 13.50pt;\">\n<td style=\"height: 13.50pt;\" height=\"18\">Estrutura<\/td>\n<td>Garrafa de \u00e1gua cil\u00edndrica de parede dupla<\/td>\n<\/tr>\n<tr style=\"height: 13.50pt;\">\n<td style=\"height: 13.50pt;\" height=\"18\">Tipo de tampa<\/td>\n<td>Tampa rosqueada em a\u00e7o inoxid\u00e1vel, \u00e0 prova de vazamentos.<\/td>\n<\/tr>\n<tr style=\"height: 13.50pt;\">\n<td style=\"height: 13.50pt;\" height=\"18\">Filtro<\/td>\n<td>Filtro de ch\u00e1 remov\u00edvel em a\u00e7o inoxid\u00e1vel com al\u00e7a ergon\u00f4mica<\/td>\n<\/tr>\n<tr style=\"height: 13.50pt;\">\n<td style=\"height: 13.50pt;\" height=\"18\">Selo<\/td>\n<td>Anel de veda\u00e7\u00e3o de silicone espesso para um desempenho sem gotejamento.<\/td>\n<\/tr>\n<tr style=\"height: 13.50pt;\">\n<td style=\"height: 13.50pt;\" height=\"18\">Op\u00e7\u00f5es personalizadas<\/td>\n<td>Impress\u00e3o de logotipo, revestimento colorido, capa de silicone, design da tampa, marca\u00e7\u00f5es de escala, embalagem<\/td>\n<\/tr>\n<tr style=\"height: 13.50pt;\">\n<td style=\"height: 13.50pt;\" height=\"18\">Seguran\u00e7a<\/td>\n<td>Pode ser lavado na m\u00e1quina de lavar lou\u00e7a, pode ser congelado e \u00e9 resistente a choques t\u00e9rmicos.<\/td>\n<\/tr>\n<tr style=\"height: 13.50pt;\">\n<td style=\"height: 13.50pt;\" height=\"18\">Uso<\/td>\n<td>Ch\u00e1, infus\u00e3o de frutas, caf\u00e9, bebidas frias, hidrata\u00e7\u00e3o di\u00e1ria<\/td>\n<\/tr>\n<\/tbody>\n<\/table>\n<h2>Principais caracter\u00edsticas do produto<\/h2>\n<ol>\n<li><strong>Prote\u00e7\u00e3o de temperatura de parede dupla<\/strong>O design de dupla face da garrafa ajuda a isolar as bebidas, evitando a condensa\u00e7\u00e3o e aumentando o conforto do usu\u00e1rio.<\/li>\n<li><strong>Constru\u00e7\u00e3o em vidro borossilicato premium<\/strong>Nossas garrafas de \u00e1gua ecol\u00f3gicas s\u00e3o feitas de vidro borossilicato resistente, que suporta calor, frio e choques t\u00e9rmicos repentinos, podendo ser usadas tanto para ch\u00e1 quente quanto para bebidas geladas.<\/li>\n<li><strong>\u00c0 prova de vazamentos e ideal para viagens.<\/strong>Uma tampa precisa de a\u00e7o inoxid\u00e1vel e uma veda\u00e7\u00e3o de silicone proporcionam um design \u00e0 prova de vazamentos, f\u00e1cil de transportar para o trabalho, viagens ou para uso di\u00e1rio como recipiente de hidrata\u00e7\u00e3o.<\/li>\n<\/ol>\n<h2>Caso de sucesso B2B<\/h2>\n<p>Uma empresa comercial holandesa colaborou conosco como seu principal distribuidor de garrafas de \u00e1gua de vidro de alta qualidade, que s\u00e3o vendidas em kits para presente. A empresa encomendou 8.000 unidades de garrafas de 500ml e 700ml.<\/p>\n<p>Personaliza\u00e7\u00e3o inclu\u00edda:<\/p>\n<ul>\n<li>Logotipo cortado a laser na tampa de a\u00e7o inoxid\u00e1vel.<\/li>\n<li>Revestimento brilhante no corpo das garrafas de vidro.<\/li>\n<li>Caixa de embalagem com a marca<\/li>\n<li>A capa de silicone pode ser usada para melhorar a ader\u00eancia.<\/li>\n<\/ul>\n<p>Essas garrafas de vidro foram apresentadas como um dos produtos de maior sucesso da marca para o p\u00fablico consumidor de ch\u00e1 a granel ap\u00f3s o lan\u00e7amento. Ap\u00f3s um trimestre, a marca registrou um crescimento de 35% no n\u00famero de kits para presente vendidos e fez um segundo grande pedido no atacado, com 12.000 unidades. Seus clientes, preocupados com a sustentabilidade, ficaram muito impressionados com o posicionamento reutiliz\u00e1vel e ecologicamente correto do produto.<\/p>\n<h2>Recomenda\u00e7\u00f5es de personaliza\u00e7\u00e3o de software B2B<\/h2>\n<ol>\n<li><strong>Programas de bem-estar corporativo<\/strong>Exibir logotipos da marca e marcadores de medidas para lembrar os funcion\u00e1rios de beber \u00e1gua diariamente e incentiv\u00e1-los a beber \u00e1gua ao longo do dia.<\/li>\n<li><strong>Com\u00e9rcio de artigos para atividades ao ar livre\/fitness:<\/strong> Adicionamos uma capa de silicone e uma al\u00e7a de transporte \u00e0 vers\u00e3o para aumentar a ader\u00eancia e a facilidade de transporte, adequando-a aos mercados de esportes, caminhadas e viagens.<\/li>\n<li><strong>Marcas de estilo de vida ecol\u00f3gico<\/strong>Revestimentos coloridos, embalagens minimalistas e mensagens de sustentabilidade ajudar\u00e3o a posicionar a garrafa como uma garrafa de \u00e1gua ecol\u00f3gica e um produto reutiliz\u00e1vel para um estilo de vida saud\u00e1vel.<\/li>\n<\/ol>\n<p>Somos um fabricante profissional de garrafas de \u00e1gua de vidro e, portanto, oferecemos solu\u00e7\u00f5es de fornecimento por atacado para marcas, distribuidores e varejistas em todo o mundo. Nossa f\u00e1brica oferece op\u00e7\u00f5es flex\u00edveis de quantidade m\u00ednima de pedido (MOQ), design personalizado e fornecimento confi\u00e1vel de garrafas de \u00e1gua ecol\u00f3gicas para mercados globais.<\/p>","protected":false},"excerpt":{"rendered":"<p>Premium glass drinking bottles made from durable borosilicate glass. Eco friendly water bottle design with double wall insulation, leak-proof lid, ideal for wholesale.<\/p>","protected":false},"featured_media":24250,"template":"","meta":[],"product_brand":[],"product_cat":[136,123,122],"product_tag":[],"class_list":{"0":"post-24249","1":"product","2":"type-product","3":"status-publish","4":"has-post-thumbnail","6":"product_cat-glass-water-bottles","7":"product_cat-custom-glass-bottles","8":"product_cat-custom-glass-packaging","10":"first","11":"instock","12":"shipping-taxable","13":"product-type-simple"},"jetpack_sharing_enabled":true,"_links":{"self":[{"href":"https:\/\/yebodaglass.com\/pt\/wp-json\/wp\/v2\/product\/24249","targetHints":{"allow":["GET"]}}],"collection":[{"href":"https:\/\/yebodaglass.com\/pt\/wp-json\/wp\/v2\/product"}],"about":[{"href":"https:\/\/yebodaglass.com\/pt\/wp-json\/wp\/v2\/types\/product"}],"version-history":[{"count":5,"href":"https:\/\/yebodaglass.com\/pt\/wp-json\/wp\/v2\/product\/24249\/revisions"}],"predecessor-version":[{"id":25420,"href":"https:\/\/yebodaglass.com\/pt\/wp-json\/wp\/v2\/product\/24249\/revisions\/25420"}],"wp:featuredmedia":[{"embeddable":true,"href":"https:\/\/yebodaglass.com\/pt\/wp-json\/wp\/v2\/media\/24250"}],"wp:attachment":[{"href":"https:\/\/yebodaglass.com\/pt\/wp-json\/wp\/v2\/media?parent=24249"}],"wp:term":[{"taxonomy":"product_brand","embeddable":true,"href":"https:\/\/yebodaglass.com\/pt\/wp-json\/wp\/v2\/product_brand?post=24249"},{"taxonomy":"product_cat","embeddable":true,"href":"https:\/\/yebodaglass.com\/pt\/wp-json\/wp\/v2\/product_cat?post=24249"},{"taxonomy":"product_tag","embeddable":true,"href":"https:\/\/yebodaglass.com\/pt\/wp-json\/wp\/v2\/product_tag?post=24249"}],"curies":[{"name":"wp","href":"https:\/\/api.w.org\/{rel}","templated":true}]}}