{"id":24239,"date":"2025-12-02T13:16:32","date_gmt":"2025-12-02T05:16:32","guid":{"rendered":"https:\/\/yebodaglass.com\/?post_type=product&#038;p=24239"},"modified":"2026-03-23T13:24:29","modified_gmt":"2026-03-23T05:24:29","slug":"bulk-small-hexagon-glass-food-storage-jars-with-clamp-lids","status":"publish","type":"product","link":"https:\/\/yebodaglass.com\/pt\/bulk-small-hexagon-glass-food-storage-jars-with-clamp-lids\/","title":{"rendered":"Pacote com v\u00e1rios potes de vidro hexagonais pequenos de 100ml para armazenamento de alimentos com tampas de fecho herm\u00e9tico."},"content":{"rendered":"<p data-start=\"66\" data-end=\"288\">Estes potes de vidro para armazenamento de alimentos t\u00eam um formato hexagonal simples e s\u00e3o feitos de vidro cristalino. O diferencial est\u00e1 na trava de a\u00e7o inoxid\u00e1vel que mant\u00e9m a tampa de vidro firmemente no lugar, gra\u00e7as \u00e0 junta de silicone integrada. Para fechar, basta pressionar a alavanca de controle.<\/p>\n<h2>Caracter\u00edsticas do produto<\/h2>\n<ul>\n<li><strong>Design hexagonal geom\u00e9trico:<\/strong> Com um formato hexagonal de paredes planas, que n\u00e3o rola e pode ser empilhado, \u00e9 uma solu\u00e7\u00e3o contempor\u00e2nea que economiza espa\u00e7o.<\/li>\n<li><strong>Veda\u00e7\u00e3o herm\u00e9tica com trava de press\u00e3o:<\/strong> Veda\u00e7\u00e3o herm\u00e9tica: Esta \u00e9 uma veda\u00e7\u00e3o herm\u00e9tica confi\u00e1vel, de n\u00edvel laboratorial, criada pressionando a tampa de vidro sobre a junta de silicone com uma bra\u00e7adeira de a\u00e7o inoxid\u00e1vel.<\/li>\n<li><strong>Vidro de alta visibilidade:<\/strong> Possui paredes de vidro transparente, o que permite a identifica\u00e7\u00e3o do conte\u00fado e verifica\u00e7\u00f5es quantitativas sem a necessidade de abri-las.<\/li>\n<\/ul>\n<h2 style=\"text-align: left;\">Especifica\u00e7\u00f5es principais<\/h2>\n<table class=\"aligncenter\" style=\"border-collapse: collapse; width: 366.02pt;\" border=\"0\" width=\"488\" cellspacing=\"0\" cellpadding=\"0\">\n<tbody>\n<tr style=\"height: 13.50pt;\">\n<td style=\"height: 13.50pt; width: 92.25pt;\" width=\"123\" height=\"18\">Especifica\u00e7\u00e3o<\/td>\n<td style=\"width: 273.75pt;\" width=\"365\">Detalhes<\/td>\n<\/tr>\n<tr style=\"height: 13.50pt;\">\n<td style=\"height: 13.50pt;\" height=\"18\">Capacidade<\/td>\n<td>100ml<\/td>\n<\/tr>\n<tr style=\"height: 13.50pt;\">\n<td style=\"height: 13.50pt;\" height=\"18\">Dimens\u00f5es<\/td>\n<td>5,7\u00d78,7cm<\/td>\n<\/tr>\n<tr style=\"height: 13.50pt;\">\n<td style=\"height: 13.50pt;\" height=\"18\">Material<\/td>\n<td>Vidro transparente<\/td>\n<\/tr>\n<tr style=\"height: 13.50pt;\">\n<td style=\"height: 13.50pt;\" height=\"18\">Tipo de tampa<\/td>\n<td>Tampa com fecho de metal e al\u00e7a de arame<\/td>\n<\/tr>\n<tr style=\"height: 13.50pt;\">\n<td style=\"height: 13.50pt;\" height=\"18\">Ideal para<\/td>\n<td>Potes de vidro para armazenar alimentos, potes com tampas de press\u00e3o.<\/td>\n<\/tr>\n<\/tbody>\n<\/table>\n<h2>Caso de sucesso: Transforma\u00e7\u00e3o da embalagem de uma empresa de ch\u00e1s especiais<\/h2>\n<p>Uma empresa de ch\u00e1s de luxo buscava criar uma embalagem diferenciada para sua linha de ch\u00e1s especiais rec\u00e9m-lan\u00e7ada. Por fim, escolheram nossos potes de vidro hexagonais de 100 ml para armazenamento de alimentos devido ao seu design exclusivo. Era imprescind\u00edvel que as tampas fossem de encaixe, pois, segundo avalia\u00e7\u00f5es, os produtos sofriam menos oxida\u00e7\u00e3o, aumentando assim a vida \u00fatil em 40% em compara\u00e7\u00e3o com a embalagem anterior. O novo estilo geom\u00e9trico da marca resultou em um aumento de 50% nas men\u00e7\u00f5es nas redes sociais. Aproveitando esse sucesso, fizeram um pedido adicional de 200.000 potes para distribui\u00e7\u00e3o em todo o pa\u00eds.<\/p>\n<h2>Op\u00e7\u00f5es de personaliza\u00e7\u00e3o para potes de vidro para armazenamento de alimentos<\/h2>\n<ul>\n<li>Acabamento fosco em pain\u00e9is \u2013 Crie um visual atraente com acabamentos foscos alternados em ambos os lados do frasco.<\/li>\n<li>Logotipo da marca impresso em serigrafia \u2013 Logotipo da marca de longa dura\u00e7\u00e3o impresso junto aos pain\u00e9is laterais planos.<\/li>\n<li>Gradua\u00e7\u00e3o de Capacidade em Relevo \u2013 Adicione belas gradua\u00e7\u00f5es para medi\u00e7\u00e3o de volume em um dos lados do frasco.<\/li>\n<li>Varia\u00e7\u00f5es no arredondamento das bordas \u2013 Altere o raio de arredondamento para obter diferentes apar\u00eancias.<\/li>\n<\/ul>\n<p>Est\u00e1 pronto para elevar o n\u00edvel do seu armazenamento? Pre\u00e7os de atacado para este pote de vidro hexagonal exclusivo para armazenamento de alimentos (com tampa de encaixe) est\u00e3o dispon\u00edveis se voc\u00ea entrar em contato conosco hoje mesmo.<\/p>","protected":false},"excerpt":{"rendered":"<p>Este pote de vidro hexagonal para armazenamento de alimentos oferece linhas elegantes e garante a conserva\u00e7\u00e3o dos alimentos com seguran\u00e7a. Nossos potes compactos com tampa de press\u00e3o s\u00e3o perfeitos para temperos e presentes. Envio r\u00e1pido.<\/p>","protected":false},"featured_media":25502,"template":"","meta":[],"product_brand":[],"product_cat":[134,124,122],"product_tag":[],"class_list":{"0":"post-24239","1":"product","2":"type-product","3":"status-publish","4":"has-post-thumbnail","6":"product_cat-airtight-jars","7":"product_cat-custom-glass-jars","8":"product_cat-custom-glass-packaging","10":"first","11":"instock","12":"shipping-taxable","13":"product-type-simple"},"jetpack_sharing_enabled":true,"_links":{"self":[{"href":"https:\/\/yebodaglass.com\/pt\/wp-json\/wp\/v2\/product\/24239","targetHints":{"allow":["GET"]}}],"collection":[{"href":"https:\/\/yebodaglass.com\/pt\/wp-json\/wp\/v2\/product"}],"about":[{"href":"https:\/\/yebodaglass.com\/pt\/wp-json\/wp\/v2\/types\/product"}],"version-history":[{"count":5,"href":"https:\/\/yebodaglass.com\/pt\/wp-json\/wp\/v2\/product\/24239\/revisions"}],"predecessor-version":[{"id":25548,"href":"https:\/\/yebodaglass.com\/pt\/wp-json\/wp\/v2\/product\/24239\/revisions\/25548"}],"wp:featuredmedia":[{"embeddable":true,"href":"https:\/\/yebodaglass.com\/pt\/wp-json\/wp\/v2\/media\/25502"}],"wp:attachment":[{"href":"https:\/\/yebodaglass.com\/pt\/wp-json\/wp\/v2\/media?parent=24239"}],"wp:term":[{"taxonomy":"product_brand","embeddable":true,"href":"https:\/\/yebodaglass.com\/pt\/wp-json\/wp\/v2\/product_brand?post=24239"},{"taxonomy":"product_cat","embeddable":true,"href":"https:\/\/yebodaglass.com\/pt\/wp-json\/wp\/v2\/product_cat?post=24239"},{"taxonomy":"product_tag","embeddable":true,"href":"https:\/\/yebodaglass.com\/pt\/wp-json\/wp\/v2\/product_tag?post=24239"}],"curies":[{"name":"wp","href":"https:\/\/api.w.org\/{rel}","templated":true}]}}