{"id":24229,"date":"2025-12-02T10:26:17","date_gmt":"2025-12-02T02:26:17","guid":{"rendered":"https:\/\/yebodaglass.com\/?post_type=product&#038;p=24229"},"modified":"2025-12-02T11:37:09","modified_gmt":"2025-12-02T03:37:09","slug":"bulk-pumpkin-glass-airtight-jars-with-clamp-lids","status":"publish","type":"product","link":"https:\/\/yebodaglass.com\/pt\/bulk-pumpkin-glass-airtight-jars-with-clamp-lids\/","title":{"rendered":"Pacote com v\u00e1rios potes de vidro herm\u00e9ticos de 100ml com tampas de press\u00e3o, em formato de ab\u00f3bora."},"content":{"rendered":"<p data-start=\"66\" data-end=\"288\">Esses potes de vidro herm\u00e9ticos s\u00e3o feitos de vidro transparente e t\u00eam um formato ador\u00e1vel de ab\u00f3boras pequenas. Os recipientes transparentes permitem que todos localizem lanches, temperos ou materiais de artesanato rapidamente, sem precisar abrir os potes.<\/p>\n<h2>Caracter\u00edsticas do produto<\/h2>\n<ul>\n<li><strong>Formato de ab\u00f3bora transparente:<\/strong> O recipiente de vidro totalmente transparente, juntamente com a figura arredondada e bem formada da ab\u00f3bora, n\u00e3o s\u00f3 permite ver o interior a partir do exterior, como tamb\u00e9m faz com que a luz decorativa brilhe.<\/li>\n<li><strong>Design de veda\u00e7\u00e3o por encaixe:<\/strong> A tampa met\u00e1lica de encaixe veda muito bem, mantendo o produto fresco por completo e praticamente impedindo a entrada de umidade. Al\u00e9m disso, \u00e9 f\u00e1cil e pr\u00e1tica de abrir e fechar.<\/li>\n<li><strong>Capacidade reduzida:<\/strong> A capacidade reduzida \u00e9 ideal para pequenas por\u00e7\u00f5es de itens como doces, ch\u00e1 de ervas e pequenos lanches, evitando assim o desperd\u00edcio que ocorreria ao abrir potes maiores.<\/li>\n<\/ul>\n<h2 style=\"text-align: left;\">Especifica\u00e7\u00f5es principais<\/h2>\n<table class=\"aligncenter\" style=\"border-collapse: collapse; width: 342.77pt;\" border=\"0\" width=\"457\" cellspacing=\"0\" cellpadding=\"0\">\n<tbody>\n<tr style=\"height: 13.50pt;\">\n<td style=\"height: 13.50pt; width: 92.25pt;\" width=\"123\" height=\"18\">Especifica\u00e7\u00e3o<\/td>\n<td style=\"width: 250.50pt;\" width=\"334\">Detalhes<\/td>\n<\/tr>\n<tr style=\"height: 13.50pt;\">\n<td style=\"height: 13.50pt;\" height=\"18\">Capacidade<\/td>\n<td>100ml<\/td>\n<\/tr>\n<tr style=\"height: 13.50pt;\">\n<td style=\"height: 13.50pt;\" height=\"18\">Dimens\u00f5es<\/td>\n<td>6,4\u00d78cm (Base \u00d7 Altura)<\/td>\n<\/tr>\n<tr style=\"height: 13.50pt;\">\n<td style=\"height: 13.50pt;\" height=\"18\">Material<\/td>\n<td>Vidro transparente<\/td>\n<\/tr>\n<tr style=\"height: 13.50pt;\">\n<td style=\"height: 13.50pt;\" height=\"18\">Tipo de tampa<\/td>\n<td>Tampa com fecho de metal e al\u00e7a de arame<\/td>\n<\/tr>\n<tr style=\"height: 13.50pt;\">\n<td style=\"height: 13.50pt;\" height=\"18\">Ideal para<\/td>\n<td>Potes de vidro herm\u00e9ticos, potes de vidro para armazenamento<\/td>\n<\/tr>\n<\/tbody>\n<\/table>\n<h2>Hist\u00f3ria de Sucesso: O Renascimento de uma Empresa Especializada em Especiarias<\/h2>\n<p>Entre as poss\u00edveis op\u00e7\u00f5es de produtos para revitalizar sua imagem, uma empresa de especiarias \u00e0 beira da fal\u00eancia optou por embalagens que destacassem seus produtos e, consequentemente, os tornassem competitivos no mercado. Fomos n\u00f3s que escolhemos os potes para sua nova e prestigiosa linha de produtos: potes de vidro de 100 ml em formato de ab\u00f3bora com tampas de press\u00e3o. As tampas de encaixe se mostraram fundamentais, reduzindo em 45% o desperd\u00edcio de produtos em compara\u00e7\u00e3o com a embalagem anterior, o que resultou em um aumento de 35% na taxa de recompra pelos clientes. O formato exclusivo de ab\u00f3bora tornou-se sua marca registrada, impulsionando a intera\u00e7\u00e3o nas redes sociais e o n\u00famero de fotos compartilhadas pelos clientes em 60%. Ap\u00f3s esse grande sucesso, a empresa fez um novo pedido de 150.000 potes para sua linha de produtos nacional, visando uma expans\u00e3o ainda maior.<\/p>\n<h2>Op\u00e7\u00f5es de personaliza\u00e7\u00e3o<\/h2>\n<ul>\n<li>Op\u00e7\u00f5es de Vitrais \u2013 Os potes podem ser \u00e2mbar ou verdes para itens que devem ser mantidos longe da luz.<\/li>\n<li>Acabamentos personalizados para o clipe \u2013 O acabamento do clipe pode ser preto, cobre ou metal com estilo antigo.<\/li>\n<li>Anel decorativo fosco \u2013 Atrav\u00e9s do processo de corros\u00e3o \u00e1cida, o centro do frasco adquire uma elegante faixa fosca.<\/li>\n<li>Grade de Capacidade \u2013 A utiliza\u00e7\u00e3o das gradua\u00e7\u00f5es permite uma dosagem precisa.<\/li>\n<\/ul>","protected":false},"excerpt":{"rendered":"<p>Potes de vidro ador\u00e1veis \u200b\u200be herm\u00e9ticos que preservam o frescor sem esfor\u00e7o. Elegantes e compactos, com tampas de press\u00e3o, ideais para a cozinha ou para presentear. Amostras gr\u00e1tis inclusas.<\/p>","protected":false},"featured_media":24231,"template":"","meta":[],"product_brand":[],"product_cat":[122,134,124],"product_tag":[],"class_list":{"0":"post-24229","1":"product","2":"type-product","3":"status-publish","4":"has-post-thumbnail","6":"product_cat-custom-glass-packaging","7":"product_cat-airtight-jars","8":"product_cat-custom-glass-jars","10":"first","11":"instock","12":"shipping-taxable","13":"product-type-simple"},"jetpack_sharing_enabled":true,"_links":{"self":[{"href":"https:\/\/yebodaglass.com\/pt\/wp-json\/wp\/v2\/product\/24229","targetHints":{"allow":["GET"]}}],"collection":[{"href":"https:\/\/yebodaglass.com\/pt\/wp-json\/wp\/v2\/product"}],"about":[{"href":"https:\/\/yebodaglass.com\/pt\/wp-json\/wp\/v2\/types\/product"}],"version-history":[{"count":4,"href":"https:\/\/yebodaglass.com\/pt\/wp-json\/wp\/v2\/product\/24229\/revisions"}],"predecessor-version":[{"id":24238,"href":"https:\/\/yebodaglass.com\/pt\/wp-json\/wp\/v2\/product\/24229\/revisions\/24238"}],"wp:featuredmedia":[{"embeddable":true,"href":"https:\/\/yebodaglass.com\/pt\/wp-json\/wp\/v2\/media\/24231"}],"wp:attachment":[{"href":"https:\/\/yebodaglass.com\/pt\/wp-json\/wp\/v2\/media?parent=24229"}],"wp:term":[{"taxonomy":"product_brand","embeddable":true,"href":"https:\/\/yebodaglass.com\/pt\/wp-json\/wp\/v2\/product_brand?post=24229"},{"taxonomy":"product_cat","embeddable":true,"href":"https:\/\/yebodaglass.com\/pt\/wp-json\/wp\/v2\/product_cat?post=24229"},{"taxonomy":"product_tag","embeddable":true,"href":"https:\/\/yebodaglass.com\/pt\/wp-json\/wp\/v2\/product_tag?post=24229"}],"curies":[{"name":"wp","href":"https:\/\/api.w.org\/{rel}","templated":true}]}}