{"id":24213,"date":"2025-12-02T10:19:55","date_gmt":"2025-12-02T02:19:55","guid":{"rendered":"https:\/\/yebodaglass.com\/?post_type=product&#038;p=24213"},"modified":"2026-03-25T13:18:27","modified_gmt":"2026-03-25T05:18:27","slug":"custom-water-bottle-for-beverage-filling-bulk","status":"publish","type":"product","link":"https:\/\/yebodaglass.com\/pt\/custom-water-bottle-for-beverage-filling-bulk\/","title":{"rendered":"Garrafa de \u00e1gua personalizada para envase de bebidas em grandes quantidades, de 300 ml a 650 ml."},"content":{"rendered":"<p>O formato cil\u00edndrico simples desta garrafa de \u00e1gua personalizada e a base larga e plana, combinados com um copo de \u00e1gua cristalina, tornam seu uso descomplicado. O gargalo rosqueado \u00e9 compat\u00edvel com diversas tampas de veda\u00e7\u00e3o e est\u00e1 dispon\u00edvel em v\u00e1rios tamanhos.<\/p>\n<h2>Caracter\u00edsticas do produto<\/h2>\n<ul>\n<li><strong>Material de vidro de alta transpar\u00eancia:<\/strong> A garrafa \u00e9 composta de vidro de alta transpar\u00eancia, o que lhe confere um design limpo e elegante; permitindo, assim, que o usu\u00e1rio veja claramente o l\u00edquido em seu interior, al\u00e9m de proporcionar uma excelente apar\u00eancia e sensa\u00e7\u00e3o ao toque.<\/li>\n<li><strong>Design do pesco\u00e7o com rosca:<\/strong> O design geral do gargalo rosqueado permite o uso de m\u00faltiplas tampas de veda\u00e7\u00e3o, maximizando a veda\u00e7\u00e3o e a seguran\u00e7a do armazenamento de l\u00edquidos.<\/li>\n<li><strong>Forma cil\u00edndrica reta simples:<\/strong> O formato cil\u00edndrico reto b\u00e1sico facilita o manuseio e o empilhamento.<\/li>\n<\/ul>\n<h2>Especifica\u00e7\u00f5es principais<\/h2>\n<table style=\"border-collapse: collapse; width: 80%; margin-left: auto; margin-right: auto;\" border=\"0\" width=\"360\" cellspacing=\"0\" cellpadding=\"0\">\n<tbody>\n<tr style=\"height: 13.50pt;\">\n<td style=\"height: 13.5pt; width: 54pt; text-align: center;\" width=\"72\" height=\"18\">Capacidade (ml)<\/td>\n<td style=\"width: 54pt; text-align: center;\" width=\"72\">Tamanho (cm)<\/td>\n<td style=\"width: 54pt; text-align: center;\" width=\"72\">Di\u00e2metro<\/td>\n<td style=\"width: 54pt; text-align: center;\" width=\"72\">Material<\/td>\n<td style=\"width: 54pt; text-align: center;\" width=\"72\">Cor<\/td>\n<\/tr>\n<tr style=\"height: 13.50pt;\">\n<td style=\"height: 13.5pt; text-align: center;\" align=\"right\" height=\"18\">300<\/td>\n<td style=\"text-align: center;\">6,6 x 13,7<\/td>\n<td class=\"et2\" style=\"text-align: center;\" rowspan=\"4\">38 mm<\/td>\n<td class=\"et2\" style=\"text-align: center;\" rowspan=\"4\">Borossilicato<\/td>\n<td class=\"et2\" style=\"text-align: center;\" rowspan=\"4\">Transparente ou personalizado<\/td>\n<\/tr>\n<tr style=\"height: 13.50pt;\">\n<td style=\"height: 13.5pt; text-align: center;\" align=\"right\" height=\"18\">480<\/td>\n<td style=\"text-align: center;\">6,6 x 19,5<\/td>\n<\/tr>\n<tr style=\"height: 13.50pt;\">\n<td style=\"height: 13.5pt; text-align: center;\" align=\"right\" height=\"18\">550<\/td>\n<td style=\"text-align: center;\">6,6 x 22,5<\/td>\n<\/tr>\n<tr style=\"height: 13.50pt;\">\n<td style=\"height: 13.5pt; text-align: center;\" align=\"right\" height=\"18\">650<\/td>\n<td style=\"text-align: center;\">7,0 x 22,0<\/td>\n<\/tr>\n<\/tbody>\n<\/table>\n<h2>Hist\u00f3ria de sucesso<\/h2>\n<p>Uma rede hoteleira com presen\u00e7a em todo o pa\u00eds desejava substituir as garrafas de \u00e1gua de pl\u00e1stico que utilizavam nos quartos. Eles escolheram nossa garrafa de \u00e1gua de 473 ml (16 oz), com capa de silicone, tampa de bambu e logotipo da marca gravado em jato de areia. O hotel adotou essa garrafa como sua marca registrada e, em 15% dos casos, recebeu avalia\u00e7\u00f5es positivas online. A resist\u00eancia da garrafa resultou em uma taxa de quebra inferior a 1% durante o transporte. O sucesso foi tamanho que o hotel encomendou mais 250.000 garrafas para decorar todos os quartos e vend\u00ea-las no sagu\u00e3o.<\/p>\n<h2>Seu Guia de Personaliza\u00e7\u00e3o<\/h2>\n<ol>\n<li><strong>Acabamento exterior da garrafa:<\/strong> \u00c9 poss\u00edvel escolher entre efeitos transparentes, foscos, degrad\u00ea, revestimento pulverizado, esmalte cozido ou brilho parcial.<\/li>\n<li><strong>Acabamento do logotipo:<\/strong> \u00c9 poss\u00edvel escolher entre impress\u00e3o serigr\u00e1fica, impress\u00e3o UV, relevo nas etiquetas, etiquetas met\u00e1licas e impress\u00e3o por transfer\u00eancia t\u00e9rmica.<\/li>\n<li><strong>Acess\u00f3rios:<\/strong> \u00c9 poss\u00edvel o uso de capas de silicone, infusores de ch\u00e1 ou canudos.<\/li>\n<\/ol>","protected":false},"excerpt":{"rendered":"<p>Garrafa de \u00e1gua personalizada com base espessa, dispon\u00edvel em tamanho de 473 ml (16 oz) para marcas de bebidas que buscam entrega r\u00e1pida e servi\u00e7o direto da f\u00e1brica.<\/p>","protected":false},"featured_media":24214,"template":"","meta":[],"product_brand":[],"product_cat":[136,123,122],"product_tag":[],"class_list":{"0":"post-24213","1":"product","2":"type-product","3":"status-publish","4":"has-post-thumbnail","6":"product_cat-glass-water-bottles","7":"product_cat-custom-glass-bottles","8":"product_cat-custom-glass-packaging","10":"first","11":"instock","12":"shipping-taxable","13":"product-type-simple"},"jetpack_sharing_enabled":true,"_links":{"self":[{"href":"https:\/\/yebodaglass.com\/pt\/wp-json\/wp\/v2\/product\/24213","targetHints":{"allow":["GET"]}}],"collection":[{"href":"https:\/\/yebodaglass.com\/pt\/wp-json\/wp\/v2\/product"}],"about":[{"href":"https:\/\/yebodaglass.com\/pt\/wp-json\/wp\/v2\/types\/product"}],"version-history":[{"count":5,"href":"https:\/\/yebodaglass.com\/pt\/wp-json\/wp\/v2\/product\/24213\/revisions"}],"predecessor-version":[{"id":25598,"href":"https:\/\/yebodaglass.com\/pt\/wp-json\/wp\/v2\/product\/24213\/revisions\/25598"}],"wp:featuredmedia":[{"embeddable":true,"href":"https:\/\/yebodaglass.com\/pt\/wp-json\/wp\/v2\/media\/24214"}],"wp:attachment":[{"href":"https:\/\/yebodaglass.com\/pt\/wp-json\/wp\/v2\/media?parent=24213"}],"wp:term":[{"taxonomy":"product_brand","embeddable":true,"href":"https:\/\/yebodaglass.com\/pt\/wp-json\/wp\/v2\/product_brand?post=24213"},{"taxonomy":"product_cat","embeddable":true,"href":"https:\/\/yebodaglass.com\/pt\/wp-json\/wp\/v2\/product_cat?post=24213"},{"taxonomy":"product_tag","embeddable":true,"href":"https:\/\/yebodaglass.com\/pt\/wp-json\/wp\/v2\/product_tag?post=24213"}],"curies":[{"name":"wp","href":"https:\/\/api.w.org\/{rel}","templated":true}]}}