{"id":24212,"date":"2025-12-01T11:58:09","date_gmt":"2025-12-01T03:58:09","guid":{"rendered":"https:\/\/yebodaglass.com\/?post_type=product&#038;p=24212"},"modified":"2025-12-02T13:23:40","modified_gmt":"2025-12-02T05:23:40","slug":"bulk-unique-airtight-small-glass-jars-for-food-storage","status":"publish","type":"product","link":"https:\/\/yebodaglass.com\/pt\/bulk-unique-airtight-small-glass-jars-for-food-storage\/","title":{"rendered":"Pacote com v\u00e1rios potes de vidro pequenos e herm\u00e9ticos de 100ml para armazenamento de alimentos."},"content":{"rendered":"<p data-start=\"66\" data-end=\"288\">Esses pequenos potes herm\u00e9ticos de vidro, com seus formatos arredondados, dar\u00e3o um toque de classe \u00e0 sua bancada de cozinha.<\/p>\n<h2>Caracter\u00edsticas do produto<\/h2>\n<ul>\n<li><strong>Formato \u00fanico e transparente:<\/strong> Um recipiente de vidro totalmente transparente com formato arredondado n\u00e3o s\u00f3 ajuda a tornar os produtos em seu interior vis\u00edveis, como tamb\u00e9m pode ser usado para decora\u00e7\u00e3o.<\/li>\n<li><strong>Design de veda\u00e7\u00e3o por encaixe:<\/strong> A tampa met\u00e1lica de encaixe com veda\u00e7\u00e3o proporciona excelente desempenho de veda\u00e7\u00e3o, impedindo eficazmente a entrada de umidade e mantendo o produto fresco. Abrir e fechar \u00e9 muito f\u00e1cil e pr\u00e1tico.<\/li>\n<li><strong>Capacidade reduzida:<\/strong> O tamanho compacto \u00e9 ideal para armazenar pequenos itens como doces, ch\u00e1s de ervas e lanches, evitando o desperd\u00edcio de abrir potes maiores que j\u00e1 foram abertos.<\/li>\n<\/ul>\n<h2 style=\"text-align: left;\">Especifica\u00e7\u00f5es principais<\/h2>\n<table class=\"aligncenter\" style=\"border-collapse: collapse; width: 394.52pt;\" border=\"0\" width=\"526\" cellspacing=\"0\" cellpadding=\"0\">\n<tbody>\n<tr style=\"height: 13.50pt;\">\n<td style=\"height: 13.50pt; width: 92.25pt;\" width=\"123\" height=\"18\">Especifica\u00e7\u00e3o<\/td>\n<td style=\"width: 302.25pt;\" width=\"403\">Detalhes<\/td>\n<\/tr>\n<tr style=\"height: 13.50pt;\">\n<td style=\"height: 13.50pt;\" height=\"18\">Capacidade<\/td>\n<td>100ml<\/td>\n<\/tr>\n<tr style=\"height: 13.50pt;\">\n<td style=\"height: 13.50pt;\" height=\"18\">Dimens\u00f5es<\/td>\n<td>5,6 x 8,4 cm (Base x Altura)<\/td>\n<\/tr>\n<tr style=\"height: 13.50pt;\">\n<td style=\"height: 13.50pt;\" height=\"18\">Material<\/td>\n<td>Vidro transparente<\/td>\n<\/tr>\n<tr style=\"height: 13.50pt;\">\n<td style=\"height: 13.50pt;\" height=\"18\">Tipo de tampa<\/td>\n<td>Tampa com fecho de metal e al\u00e7a de arame<\/td>\n<\/tr>\n<tr style=\"height: 13.50pt;\">\n<td style=\"height: 13.50pt;\" height=\"18\">Ideal para<\/td>\n<td>Potes de vidro para armazenar alimentos, pequenos potes herm\u00e9ticos.<\/td>\n<\/tr>\n<\/tbody>\n<\/table>\n<h2>Caso de Sucesso: A Linha de Presentes de uma Marca de Ch\u00e1 Premium se Transformou em um Grande Sucesso<\/h2>\n<p>Uma marca de ch\u00e1s de luxo precisava de embalagens que condiziam com sua rec\u00e9m-lan\u00e7ada linha de amostras de ch\u00e1s premium. Por fim, optaram por nossos potes de vidro herm\u00e9ticos de 100 ml para armazenamento de alimentos, principalmente devido ao seu formato diferenciado. Isso se tornou sua marca registrada, resultando em um aumento de 40% nas men\u00e7\u00f5es nas redes sociais e no conte\u00fado gerado pelos usu\u00e1rios. Lojistas relataram que o formato exclusivo levou a um aumento de 35% nas compras espont\u00e2neas de seus produtos. Com base nesse excelente desempenho, decidiram fazer um pedido de mais de 200.000 potes para uma linha de presentes de fim de ano.<\/p>\n<h2>Potes pequenos herm\u00e9ticos com possibilidades de personaliza\u00e7\u00e3o.<\/h2>\n<ul>\n<li>Op\u00e7\u00f5es em Vitral \u2013 Potes de vidro colorido est\u00e3o dispon\u00edveis para itens sens\u00edveis \u00e0 luz.<\/li>\n<li>Logotipo impresso em serigrafia \u2013 O produto utiliza tinta cer\u00e2mica de longa dura\u00e7\u00e3o que se adapta perfeitamente \u00e0s curvas do frasco.<\/li>\n<li>Acabamento fosco \u2013 Uma camada suave ao toque em toda a superf\u00edcie do frasco para melhor ader\u00eancia.<\/li>\n<li>Grade de Capacidade \u2013 Divis\u00f5es muito pequenas para medi\u00e7\u00f5es precisas<\/li>\n<\/ul>\n<p>Voc\u00ea tem produtos aos quais deseja adicionar um toque especial? Entre em contato conosco agora mesmo para saber os pre\u00e7os de atacado desses potes hermeticamente fechados exclusivos.<\/p>","protected":false},"excerpt":{"rendered":"<p>Descubra pequenos potes herm\u00e9ticos projetados para manter o frescor dos alimentos \u2014 potes de vidro transparente premium para armazenamento de alimentos com tampa de encaixe compacta, dispon\u00edveis com entrega r\u00e1pida.<\/p>","protected":false},"featured_media":24225,"template":"","meta":[],"product_brand":[],"product_cat":[122,134,124],"product_tag":[],"class_list":{"0":"post-24212","1":"product","2":"type-product","3":"status-publish","4":"has-post-thumbnail","6":"product_cat-custom-glass-packaging","7":"product_cat-airtight-jars","8":"product_cat-custom-glass-jars","10":"first","11":"instock","12":"shipping-taxable","13":"product-type-simple"},"jetpack_sharing_enabled":true,"_links":{"self":[{"href":"https:\/\/yebodaglass.com\/pt\/wp-json\/wp\/v2\/product\/24212","targetHints":{"allow":["GET"]}}],"collection":[{"href":"https:\/\/yebodaglass.com\/pt\/wp-json\/wp\/v2\/product"}],"about":[{"href":"https:\/\/yebodaglass.com\/pt\/wp-json\/wp\/v2\/types\/product"}],"version-history":[{"count":4,"href":"https:\/\/yebodaglass.com\/pt\/wp-json\/wp\/v2\/product\/24212\/revisions"}],"predecessor-version":[{"id":24247,"href":"https:\/\/yebodaglass.com\/pt\/wp-json\/wp\/v2\/product\/24212\/revisions\/24247"}],"wp:featuredmedia":[{"embeddable":true,"href":"https:\/\/yebodaglass.com\/pt\/wp-json\/wp\/v2\/media\/24225"}],"wp:attachment":[{"href":"https:\/\/yebodaglass.com\/pt\/wp-json\/wp\/v2\/media?parent=24212"}],"wp:term":[{"taxonomy":"product_brand","embeddable":true,"href":"https:\/\/yebodaglass.com\/pt\/wp-json\/wp\/v2\/product_brand?post=24212"},{"taxonomy":"product_cat","embeddable":true,"href":"https:\/\/yebodaglass.com\/pt\/wp-json\/wp\/v2\/product_cat?post=24212"},{"taxonomy":"product_tag","embeddable":true,"href":"https:\/\/yebodaglass.com\/pt\/wp-json\/wp\/v2\/product_tag?post=24212"}],"curies":[{"name":"wp","href":"https:\/\/api.w.org\/{rel}","templated":true}]}}