{"id":24205,"date":"2025-12-01T11:14:09","date_gmt":"2025-12-01T03:14:09","guid":{"rendered":"https:\/\/yebodaglass.com\/?post_type=product&#038;p=24205"},"modified":"2025-12-01T11:52:30","modified_gmt":"2025-12-01T03:52:30","slug":"bulk-small-square-glass-food-storage-jars","status":"publish","type":"product","link":"https:\/\/yebodaglass.com\/pt\/bulk-small-square-glass-food-storage-jars\/","title":{"rendered":"Pacote com v\u00e1rios potes de vidro quadrados pequenos de 100ml para armazenamento de alimentos com tampas herm\u00e9ticas."},"content":{"rendered":"<p data-start=\"66\" data-end=\"288\"><span class=\"bg-green-200\">Esses elegantes,<\/span> organizado <span class=\"bg-green-200\">pequeno<\/span> Potes de vidro herm\u00e9ticos s\u00e3o fabricados <span class=\"bg-green-200\">de<\/span> vidro transparente e claro e <span class=\"bg-green-200\">tenha um incr\u00edvel<\/span> formato quadrado. <span class=\"bg-green-200\">Eles seriam \u00f3timos para guardar ou armazenar pequenos objetos na sua cozinha devido \u00e0 sua...<\/span> pequeno <span class=\"bg-green-200\">Tamanho, superf\u00edcie lisa e estilo funcional.<\/span><\/p>\n<h2>Caracter\u00edsticas do produto<\/h2>\n<ul>\n<li><strong>Design quadrado claro:<\/strong> Um recipiente de vidro perfeitamente transparente e um formato mini quadrado permitem ao usu\u00e1rio verificar visualmente o conte\u00fado; seu tamanho reduzido o torna ideal para bancadas, caixas de armazenamento e outras \u00e1reas com espa\u00e7o limitado.<\/li>\n<li><strong>Design de veda\u00e7\u00e3o por encaixe:<\/strong> A tampa met\u00e1lica de encaixe oferece uma veda\u00e7\u00e3o herm\u00e9tica, mantendo a umidade longe do conte\u00fado e preservando o frescor. \u00c9 muito f\u00e1cil e pr\u00e1tica de abrir e fechar.<\/li>\n<li><strong>Adequado para capacidades pequenas:<\/strong> Um item de tamanho pequeno \u00e9 o mais adequado para armazenar pequenas por\u00e7\u00f5es de objetos, como brincos, contas de velas perfumadas e amostras de especiarias, evitando que o espa\u00e7o fique desorganizado.<\/li>\n<\/ul>\n<h2 style=\"text-align: left;\">Especifica\u00e7\u00f5es principais<\/h2>\n<table class=\"aligncenter\" style=\"border-collapse: collapse; width: 414.77pt;\" border=\"0\" width=\"553\" cellspacing=\"0\" cellpadding=\"0\">\n<tbody>\n<tr style=\"height: 13.50pt;\">\n<td style=\"height: 13.50pt; width: 99.75pt;\" width=\"133\" height=\"18\">Especifica\u00e7\u00e3o<\/td>\n<td style=\"width: 315.00pt;\" width=\"420\">Detalhes<\/td>\n<\/tr>\n<tr style=\"height: 13.50pt;\">\n<td style=\"height: 13.50pt;\" height=\"18\">Capacidade<\/td>\n<td>100ml<\/td>\n<\/tr>\n<tr style=\"height: 13.50pt;\">\n<td style=\"height: 13.50pt;\" height=\"18\">Dimens\u00f5es<\/td>\n<td>5,1 x 7,9 cm (Base x Altura)<\/td>\n<\/tr>\n<tr style=\"height: 13.50pt;\">\n<td style=\"height: 13.50pt;\" height=\"18\">Di\u00e2metro da boca<\/td>\n<td>4,3 cm<\/td>\n<\/tr>\n<tr style=\"height: 13.50pt;\">\n<td style=\"height: 13.50pt;\" height=\"18\">Material<\/td>\n<td>Vidro transparente<\/td>\n<\/tr>\n<tr style=\"height: 13.50pt;\">\n<td style=\"height: 13.50pt;\" height=\"18\">Tipo de tampa<\/td>\n<td>Tampa com fecho de metal e al\u00e7a de arame<\/td>\n<\/tr>\n<tr style=\"height: 13.50pt;\">\n<td style=\"height: 13.50pt;\" height=\"18\">Ideal para<\/td>\n<td>Potes de vidro quadrados para armazenamento de alimentos, potes de vidro herm\u00e9ticos<\/td>\n<\/tr>\n<\/tbody>\n<\/table>\n<h2>Caso de sucesso: Solu\u00e7\u00e3o de embalagem para uma empresa especializada em especiarias.<\/h2>\n<p>Uma empresa de especiarias de alto padr\u00e3o precisava de potes de vidro herm\u00e9ticos, pequenos e com design elegante, para embalar uma linha rec\u00e9m-lan\u00e7ada de temperos especiais. Optaram pelos nossos potes de vidro quadrados de 100 ml para armazenamento de alimentos e, segundo o feedback dos clientes, essa embalagem prolongou a vida \u00fatil do produto em 40% em compara\u00e7\u00e3o com a embalagem anterior. Al\u00e9m disso, o design quadrado e transparente contribuiu para um aumento de 30% nas vendas. Diante desses \u00f3timos resultados, fizeram um novo pedido de 150.000 potes para expandir sua linha de produtos.<\/p>\n<h2>Op\u00e7\u00f5es de personaliza\u00e7\u00e3o para pequenos frascos de vidro herm\u00e9ticos<\/h2>\n<ul>\n<li>Marcadores de capacidade em relevo \u2013 Adicionando gradua\u00e7\u00f5es finas para uma dosagem precisa.<\/li>\n<li>Op\u00e7\u00f5es de an\u00e9is de veda\u00e7\u00e3o coloridos \u2013 Os an\u00e9is de veda\u00e7\u00e3o de silicone podem ser de cores diferentes para corresponder aos sistemas de armazenamento com c\u00f3digo de cores.<\/li>\n<li>Revestimento texturizado fosco \u2013 O revestimento macio ao toque proporciona melhor ader\u00eancia.<\/li>\n<li>Varia\u00e7\u00f5es de formato personalizadas \u2013 Altere os raios dos cantos para um visual \u00fanico.<\/li>\n<\/ul>","protected":false},"excerpt":{"rendered":"<p>Our small glass jars with airtight lids and small airtight jars deliver clean sealing and sleek design for food and craft use\u2014request free samples today.<\/p>","protected":false},"featured_media":24207,"template":"","meta":[],"product_brand":[],"product_cat":[122,134,124],"product_tag":[],"class_list":{"0":"post-24205","1":"product","2":"type-product","3":"status-publish","4":"has-post-thumbnail","6":"product_cat-custom-glass-packaging","7":"product_cat-airtight-jars","8":"product_cat-custom-glass-jars","10":"first","11":"instock","12":"shipping-taxable","13":"product-type-simple"},"jetpack_sharing_enabled":true,"_links":{"self":[{"href":"https:\/\/yebodaglass.com\/pt\/wp-json\/wp\/v2\/product\/24205","targetHints":{"allow":["GET"]}}],"collection":[{"href":"https:\/\/yebodaglass.com\/pt\/wp-json\/wp\/v2\/product"}],"about":[{"href":"https:\/\/yebodaglass.com\/pt\/wp-json\/wp\/v2\/types\/product"}],"version-history":[{"count":2,"href":"https:\/\/yebodaglass.com\/pt\/wp-json\/wp\/v2\/product\/24205\/revisions"}],"predecessor-version":[{"id":24211,"href":"https:\/\/yebodaglass.com\/pt\/wp-json\/wp\/v2\/product\/24205\/revisions\/24211"}],"wp:featuredmedia":[{"embeddable":true,"href":"https:\/\/yebodaglass.com\/pt\/wp-json\/wp\/v2\/media\/24207"}],"wp:attachment":[{"href":"https:\/\/yebodaglass.com\/pt\/wp-json\/wp\/v2\/media?parent=24205"}],"wp:term":[{"taxonomy":"product_brand","embeddable":true,"href":"https:\/\/yebodaglass.com\/pt\/wp-json\/wp\/v2\/product_brand?post=24205"},{"taxonomy":"product_cat","embeddable":true,"href":"https:\/\/yebodaglass.com\/pt\/wp-json\/wp\/v2\/product_cat?post=24205"},{"taxonomy":"product_tag","embeddable":true,"href":"https:\/\/yebodaglass.com\/pt\/wp-json\/wp\/v2\/product_tag?post=24205"}],"curies":[{"name":"wp","href":"https:\/\/api.w.org\/{rel}","templated":true}]}}