{"id":24195,"date":"2025-12-01T09:53:22","date_gmt":"2025-12-01T01:53:22","guid":{"rendered":"https:\/\/yebodaglass.com\/?post_type=product&#038;p=24195"},"modified":"2025-12-01T11:13:59","modified_gmt":"2025-12-01T03:13:59","slug":"wholesale-cylindrical-small-airtight-jars-with-lids","status":"publish","type":"product","link":"https:\/\/yebodaglass.com\/pt\/wholesale-cylindrical-small-airtight-jars-with-lids\/","title":{"rendered":"Potes cil\u00edndricos pequenos herm\u00e9ticos com tampas, dispon\u00edveis para venda por atacado, nos tamanhos 45ml, 60ml, 100ml e 130ml."},"content":{"rendered":"<p data-start=\"66\" data-end=\"288\">Esses pequenos potes herm\u00e9ticos s\u00e3o todos id\u00eanticos e possuem fecho met\u00e1lico de press\u00e3o. S\u00e3o feitos de vidro cil\u00edndrico transparente. Cada recipiente tamb\u00e9m possui um fecho met\u00e1lico de press\u00e3o. S\u00e3o perfeitos para espa\u00e7os pequenos e ideais para armazenar pequenos utens\u00edlios de cozinha ou materiais de artesanato.<\/p>\n<h2>Caracter\u00edsticas do produto<\/h2>\n<ul>\n<li><strong>Material transparente e fino:<\/strong> Esses recipientes s\u00e3o feitos inteiramente de vidro, que \u00e9 transparente por natureza, permitindo que uma pessoa veja o que est\u00e1 dentro sem precisar abri-los. Al\u00e9m disso, os potes t\u00eam um tamanho compacto, o que os torna perfeitos para espa\u00e7os de armazenamento pequenos.<\/li>\n<li><strong>Design de veda\u00e7\u00e3o com encaixe r\u00e1pido:<\/strong> O fecho met\u00e1lico de encaixe desses potes proporciona uma veda\u00e7\u00e3o perfeita, impedindo a entrada de qualquer umidade e preservando o frescor dos alimentos. Al\u00e9m disso, abrir e fechar \u00e9 muito f\u00e1cil.<\/li>\n<li><strong>Tamanho compacto e capacidade:<\/strong> Esses potinhos s\u00e3o ideais para armazenar pequenas quantidades de produtos, como temperos (que podem ser reembalados) ou amostras de ch\u00e1s de ervas, reduzindo assim o desperd\u00edcio causado pela abertura de potes grandes.<\/li>\n<\/ul>\n<h2 style=\"text-align: left;\">Especifica\u00e7\u00f5es principais<\/h2>\n<table class=\"aligncenter\" style=\"border-collapse: collapse; width: 414.77pt;\" border=\"0\" width=\"553\" cellspacing=\"0\" cellpadding=\"0\">\n<tbody>\n<tr style=\"height: 13.50pt;\">\n<td style=\"height: 13.50pt; width: 99.75pt;\" width=\"133\" height=\"18\">Especifica\u00e7\u00e3o<\/td>\n<td style=\"width: 315.00pt;\" width=\"420\">Detalhes<\/td>\n<\/tr>\n<tr style=\"height: 13.50pt;\">\n<td style=\"height: 13.50pt;\" height=\"18\">Capacidade<\/td>\n<td>45ml \/ 60ml \/ 100ml \/ 130ml<\/td>\n<\/tr>\n<tr style=\"height: 13.50pt;\">\n<td style=\"height: 13.50pt;\" height=\"18\">Dimens\u00f5es<\/td>\n<td>4,5\u00d76,5cm \/ 4,4\u00d78,5cm \/ 4,4\u00d710,8cm \/ 4,4\u00d713,2cm<\/td>\n<\/tr>\n<tr style=\"height: 13.50pt;\">\n<td style=\"height: 13.50pt;\" height=\"18\">Material<\/td>\n<td>Vidro transparente<\/td>\n<\/tr>\n<tr style=\"height: 13.50pt;\">\n<td style=\"height: 13.50pt;\" height=\"18\">Tipo de tampa<\/td>\n<td>Tampa com fecho de metal e al\u00e7a de arame (prateada)<\/td>\n<\/tr>\n<tr style=\"height: 13.50pt;\">\n<td style=\"height: 13.50pt;\" height=\"18\">Ideal para<\/td>\n<td>Potes pequenos herm\u00e9ticos, potes de vidro para armazenamento.<\/td>\n<\/tr>\n<\/tbody>\n<\/table>\n<h2>Caso de sucesso: Solu\u00e7\u00e3o de amostra para empresa de ch\u00e1s finos<\/h2>\n<p>Uma empresa de ch\u00e1s premium precisava de potes pequenos, herm\u00e9ticos e com design elegante para armazenar suas amostras de produtos e kits de presente. Eles escolheram nossos potes de vidro de 60ml com tampas herm\u00e9ticas para acondicionar suas amostras de ch\u00e1 de alta qualidade. O design compacto permitiu a cria\u00e7\u00e3o de elegantes caixas para amostras, acomodando 12 tipos diferentes de ch\u00e1 em um recipiente pequeno. A satisfa\u00e7\u00e3o dos clientes com as amostras aumentou 40%, e a taxa de convers\u00e3o de amostras em compras de tamanho normal tamb\u00e9m aumentou 25%. Por isso, fizeram um pedido de 200.000 potes de vidro para apoiar uma campanha de degusta\u00e7\u00e3o de ch\u00e1s que acontece em todo o pa\u00eds.<\/p>\n<h2>Op\u00e7\u00f5es de personaliza\u00e7\u00e3o para pequenos potes herm\u00e9ticos<\/h2>\n<ul>\n<li>Tampas de Vitral \u2013 Tampas de vidro colorido para itens sens\u00edveis \u00e0 luz.<\/li>\n<li>Serigrafia de Precis\u00e3o \u2013 Micro-logotipos muito pequenos impressos com tinta cer\u00e2mica.<\/li>\n<li>Grades de Capacidade \u2013 Linhas de gradua\u00e7\u00e3o pequenas adicionadas para dosagem precisa.<\/li>\n<li>Faixas decorativas foscas \u2013 Lindas faixas foscas criadas por meio de grava\u00e7\u00e3o seletiva.<\/li>\n<\/ul>\n<p>Est\u00e1 pronto para organizar seus pequenos objetos? Entre em contato conosco hoje mesmo para obter pre\u00e7os de atacado nesses pequenos potes de vidro com tampas herm\u00e9ticas que economizam espa\u00e7o.<\/p>","protected":false},"excerpt":{"rendered":"<p>Potes de vidro cil\u00edndricos pequenos e herm\u00e9ticos com tampas, ideais para especiarias, amostras e armazenamento \u2014 qualidade superior, envio r\u00e1pido para compradores no atacado.<\/p>","protected":false},"featured_media":24199,"template":"","meta":[],"product_brand":[],"product_cat":[122,134,124],"product_tag":[],"class_list":{"0":"post-24195","1":"product","2":"type-product","3":"status-publish","4":"has-post-thumbnail","6":"product_cat-custom-glass-packaging","7":"product_cat-airtight-jars","8":"product_cat-custom-glass-jars","10":"first","11":"instock","12":"shipping-taxable","13":"product-type-simple"},"jetpack_sharing_enabled":true,"_links":{"self":[{"href":"https:\/\/yebodaglass.com\/pt\/wp-json\/wp\/v2\/product\/24195","targetHints":{"allow":["GET"]}}],"collection":[{"href":"https:\/\/yebodaglass.com\/pt\/wp-json\/wp\/v2\/product"}],"about":[{"href":"https:\/\/yebodaglass.com\/pt\/wp-json\/wp\/v2\/types\/product"}],"version-history":[{"count":4,"href":"https:\/\/yebodaglass.com\/pt\/wp-json\/wp\/v2\/product\/24195\/revisions"}],"predecessor-version":[{"id":24204,"href":"https:\/\/yebodaglass.com\/pt\/wp-json\/wp\/v2\/product\/24195\/revisions\/24204"}],"wp:featuredmedia":[{"embeddable":true,"href":"https:\/\/yebodaglass.com\/pt\/wp-json\/wp\/v2\/media\/24199"}],"wp:attachment":[{"href":"https:\/\/yebodaglass.com\/pt\/wp-json\/wp\/v2\/media?parent=24195"}],"wp:term":[{"taxonomy":"product_brand","embeddable":true,"href":"https:\/\/yebodaglass.com\/pt\/wp-json\/wp\/v2\/product_brand?post=24195"},{"taxonomy":"product_cat","embeddable":true,"href":"https:\/\/yebodaglass.com\/pt\/wp-json\/wp\/v2\/product_cat?post=24195"},{"taxonomy":"product_tag","embeddable":true,"href":"https:\/\/yebodaglass.com\/pt\/wp-json\/wp\/v2\/product_tag?post=24195"}],"curies":[{"name":"wp","href":"https:\/\/api.w.org\/{rel}","templated":true}]}}