{"id":24164,"date":"2025-12-01T11:25:52","date_gmt":"2025-12-01T03:25:52","guid":{"rendered":"https:\/\/yebodaglass.com\/?post_type=product&#038;p=24164"},"modified":"2025-12-01T11:25:53","modified_gmt":"2025-12-01T03:25:53","slug":"custom-glass-water-bottle-storage-with-infuser-wholesale","status":"publish","type":"product","link":"https:\/\/yebodaglass.com\/pt\/custom-glass-water-bottle-storage-with-infuser-wholesale\/","title":{"rendered":"Garrafa de \u00e1gua de vidro personalizada com infusor, dispon\u00edvel para venda por atacado, 450ml e 550ml."},"content":{"rendered":"<p>Voc\u00ea est\u00e1 cansado de garrafas de vidro que n\u00e3o s\u00e3o adequadas para ch\u00e1? N\u00f3s criamos garrafas de \u00e1gua de vidro de alta qualidade com infusor de ch\u00e1 integrado. Essas garrafas com infusor tornam a hidrata\u00e7\u00e3o di\u00e1ria um ato de estilo. Pedidos em grande quantidade recebem acabamentos personalizados para combinar com a sua marca.<\/p>\n<h2>Caracter\u00edsticas do produto<\/h2>\n<p><strong>Infusor de ch\u00e1 integrado<\/strong><\/p>\n<p>O filtro de a\u00e7o inoxid\u00e1vel permite preparar o ch\u00e1 diretamente na garrafa, sem necessidade de equipamentos adicionais.<\/p>\n<p><strong>Vidro de borosilicato dur\u00e1vel<\/strong><\/p>\n<p>Sem choque t\u00e9rmico \u2014 pode ser usado no congelador, pode ser lavado na m\u00e1quina de lavar lou\u00e7a e \u00e9 feito para durar muito tempo.<\/p>\n<p><strong>Design personaliz\u00e1vel<\/strong><\/p>\n<p>Copo de vidro transparente com op\u00e7\u00e3o de cor personalizada \u2014 uma excelente solu\u00e7\u00e3o para armazenar garrafas de \u00e1gua com a sua marca.<\/p>\n<h2>Especifica\u00e7\u00f5es principais<\/h2>\n<table style=\"border-collapse: collapse; width: 80%; margin-left: auto; margin-right: auto;\" border=\"0\" width=\"360\" cellspacing=\"0\" cellpadding=\"0\">\n<tbody>\n<tr style=\"height: 13.50pt;\">\n<td style=\"height: 13.5pt; width: 54pt; text-align: center;\" width=\"72\" height=\"18\">Capacidade (ml)<\/td>\n<td style=\"width: 54pt; text-align: center;\" width=\"72\">Tamanho (cm)<\/td>\n<td style=\"width: 54pt; text-align: center;\" width=\"72\">Di\u00e2metro<\/td>\n<td style=\"width: 54pt; text-align: center;\" width=\"72\">Material<\/td>\n<td style=\"width: 54pt; text-align: center;\" width=\"72\">Tipo de infusor<\/td>\n<\/tr>\n<tr style=\"height: 13.50pt;\">\n<td style=\"height: 13.5pt; text-align: center;\" align=\"right\" height=\"18\">550<\/td>\n<td style=\"text-align: center;\">6,5 x 23,5<\/td>\n<td class=\"et2\" style=\"text-align: center;\" rowspan=\"2\">28 mm<\/td>\n<td class=\"et2\" style=\"text-align: center;\" rowspan=\"2\">Borossilicato<\/td>\n<td class=\"et2\" style=\"text-align: center;\" rowspan=\"2\">A\u00e7o inoxid\u00e1vel<\/td>\n<\/tr>\n<tr style=\"height: 13.50pt;\">\n<td style=\"height: 13.5pt; text-align: center;\" align=\"right\" height=\"18\">450<\/td>\n<td style=\"text-align: center;\">5,6 x 24,6<\/td>\n<\/tr>\n<\/tbody>\n<\/table>\n<h2>Caso de sucesso<\/h2>\n<p>Uma luxuosa marca europeia de ch\u00e1s de ervas precisava urgentemente de uma garrafa de \u00e1gua que servisse como ferramenta perfeita tanto para a apresenta\u00e7\u00e3o visual quanto para a experi\u00eancia de preparo, elevando o valor geral do produto no lan\u00e7amento de seu conjunto anual de ch\u00e1s de ervas e frutas em edi\u00e7\u00e3o limitada. Assim, criamos esta garrafa de \u00e1gua em a\u00e7o inoxid\u00e1vel com um infusor personalizado, ajustando o tamanho dos poros do infusor para corresponder ao tamanho das folhas de ch\u00e1, permitindo que as flores se abrissem completamente durante a infus\u00e3o, sem comprometer a suavidade da bebida. Como resultado do lan\u00e7amento, as vendas dos conjuntos de presente aumentaram quase 40% em compara\u00e7\u00e3o com o trimestre anterior, e a marca tamb\u00e9m relatou um aumento significativo nas taxas de recompra pelos clientes.<\/p>\n<h2>Seu Guia de Personaliza\u00e7\u00e3o<\/h2>\n<ol>\n<li><strong>Estrutura de filtro personaliz\u00e1vel:<\/strong>Filtros substitu\u00edveis com poros grossos\/finos, filtros estendidos e filtros remov\u00edveis de dupla camada s\u00e3o todos compat\u00edveis com a estrutura do filtro, que pode ser usada para ch\u00e1, ervas, fatias de frutas e caf\u00e9 gelado.<\/li>\n<li><strong>Design com base antiderrapante\/anticolis\u00e3o:<\/strong>Podem ser adicionadas almofadas de silicone ou uma estrutura de fundo mais espessa para minimizar os danos durante o transporte e aumentar a seguran\u00e7a.<\/li>\n<li><strong>Acess\u00f3rios personaliz\u00e1veis:<\/strong>Os acess\u00f3rios opcionais incluem uma bolsa de veludo port\u00e1til, uma capa de nylon para garrafa e uma al\u00e7a de transporte para facilitar o transporte ao ar livre.<\/li>\n<\/ol>","protected":false},"excerpt":{"rendered":"<p>Organizador de garrafa de \u00e1gua de vidro com infusor, ideal para preparar ch\u00e1 e armazenar \u00e1gua. Atendemos pedidos em grande quantidade, fornecimento direto da f\u00e1brica e personaliza\u00e7\u00e3o com a sua marca.<\/p>","protected":false},"featured_media":24165,"template":"","meta":[],"product_brand":[],"product_cat":[122,123,136],"product_tag":[],"class_list":{"0":"post-24164","1":"product","2":"type-product","3":"status-publish","4":"has-post-thumbnail","6":"product_cat-custom-glass-packaging","7":"product_cat-custom-glass-bottles","8":"product_cat-glass-water-bottles","10":"first","11":"instock","12":"shipping-taxable","13":"product-type-simple"},"jetpack_sharing_enabled":true,"_links":{"self":[{"href":"https:\/\/yebodaglass.com\/pt\/wp-json\/wp\/v2\/product\/24164","targetHints":{"allow":["GET"]}}],"collection":[{"href":"https:\/\/yebodaglass.com\/pt\/wp-json\/wp\/v2\/product"}],"about":[{"href":"https:\/\/yebodaglass.com\/pt\/wp-json\/wp\/v2\/types\/product"}],"version-history":[{"count":4,"href":"https:\/\/yebodaglass.com\/pt\/wp-json\/wp\/v2\/product\/24164\/revisions"}],"predecessor-version":[{"id":24194,"href":"https:\/\/yebodaglass.com\/pt\/wp-json\/wp\/v2\/product\/24164\/revisions\/24194"}],"wp:featuredmedia":[{"embeddable":true,"href":"https:\/\/yebodaglass.com\/pt\/wp-json\/wp\/v2\/media\/24165"}],"wp:attachment":[{"href":"https:\/\/yebodaglass.com\/pt\/wp-json\/wp\/v2\/media?parent=24164"}],"wp:term":[{"taxonomy":"product_brand","embeddable":true,"href":"https:\/\/yebodaglass.com\/pt\/wp-json\/wp\/v2\/product_brand?post=24164"},{"taxonomy":"product_cat","embeddable":true,"href":"https:\/\/yebodaglass.com\/pt\/wp-json\/wp\/v2\/product_cat?post=24164"},{"taxonomy":"product_tag","embeddable":true,"href":"https:\/\/yebodaglass.com\/pt\/wp-json\/wp\/v2\/product_tag?post=24164"}],"curies":[{"name":"wp","href":"https:\/\/api.w.org\/{rel}","templated":true}]}}