{"id":24163,"date":"2025-11-28T10:31:40","date_gmt":"2025-11-28T02:31:40","guid":{"rendered":"https:\/\/yebodaglass.com\/?post_type=product&#038;p=24163"},"modified":"2025-11-28T11:43:27","modified_gmt":"2025-11-28T03:43:27","slug":"bulk-large-square-glass-food-storage-jars-with-lids","status":"publish","type":"product","link":"https:\/\/yebodaglass.com\/pt\/bulk-large-square-glass-food-storage-jars-with-lids\/","title":{"rendered":"Conjunto de Potes de Vidro Quadrados Grandes para Armazenamento de Alimentos com Tampas, 50oz, 64oz e 100oz"},"content":{"rendered":"<p data-start=\"66\" data-end=\"288\">Estes grandes potes de vidro para armazenamento de alimentos, com tampas, s\u00e3o feitos de vidro transparente e t\u00eam tr\u00eas formatos retangulares modernos. Cada recipiente possui uma tampa met\u00e1lica com fecho de press\u00e3o.<\/p>\n<h2>Caracter\u00edsticas do produto<\/h2>\n<ul>\n<li><strong>Material retangular transparente:<\/strong> O corpo de vidro \u00e9 transparente, o que permite ver o conte\u00fado imediatamente e controlar o estoque sem precisar abrir o frasco.<\/li>\n<li><strong>Design de veda\u00e7\u00e3o com encaixe r\u00e1pido:<\/strong> Equipada com uma tampa met\u00e1lica de encaixe, oferece excelente veda\u00e7\u00e3o, mantendo o frasco completamente livre de vapor de \u00e1gua e ajudando a preservar o frescor do conte\u00fado. O frasco pode ser fechado e aberto com facilidade e praticidade.<\/li>\n<li><strong>Grande capacidade:<\/strong> Esses recipientes de armazenamento de grande capacidade fornecer\u00e3o espa\u00e7o suficiente para sua cozinha, sendo perfeitos para armazenar grandes quantidades de arroz, gr\u00e3os ou qualquer outra mat\u00e9ria-prima, etc., reduzindo a necessidade de comprar mais recipientes.<\/li>\n<\/ul>\n<h2 style=\"text-align: left;\">Especifica\u00e7\u00f5es principais<\/h2>\n<table class=\"aligncenter\" style=\"border-collapse: collapse; width: 438.02pt;\" border=\"0\" width=\"584\" cellspacing=\"0\" cellpadding=\"0\">\n<tbody>\n<tr style=\"height: 13.50pt;\">\n<td style=\"height: 13.50pt; width: 99.75pt;\" width=\"133\" height=\"18\">Especifica\u00e7\u00e3o<\/td>\n<td style=\"width: 338.25pt;\" width=\"451\">Detalhes<\/td>\n<\/tr>\n<tr style=\"height: 13.50pt;\">\n<td style=\"height: 13.50pt;\" height=\"18\">Capacidade<\/td>\n<td>1500ml (50oz) \/ 2000ml (64oz) \/ 3000ml (100oz)<\/td>\n<\/tr>\n<tr style=\"height: 13.50pt;\">\n<td style=\"height: 13.50pt;\" height=\"18\">Dimens\u00f5es<\/td>\n<td>11,4\u00d719,5cm \/ 11,4\u00d725,8cm \/ 14,2\u00d723,9cm<\/td>\n<\/tr>\n<tr style=\"height: 13.50pt;\">\n<td style=\"height: 13.50pt;\" height=\"18\">Material<\/td>\n<td>Vidro grosso e transparente<\/td>\n<\/tr>\n<tr style=\"height: 13.50pt;\">\n<td style=\"height: 13.50pt;\" height=\"18\">Tipo\/Cor da Tampa<\/td>\n<td>Tampa com fecho de metal e al\u00e7a de arame<\/td>\n<\/tr>\n<tr style=\"height: 13.50pt;\">\n<td style=\"height: 13.50pt;\" height=\"18\">Ideal para<\/td>\n<td>Potes de vidro para armazenar alimentos com tampas, potes de vidro para armazenamento.<\/td>\n<\/tr>\n<\/tbody>\n<\/table>\n<h2>Hist\u00f3ria de sucesso: Solu\u00e7\u00e3o de ingredientes para uma padaria comercial<\/h2>\n<p>Uma padaria artesanal que passava por uma fase de r\u00e1pido crescimento e precisava de um m\u00e9todo mais eficiente para armazenar farinha e a\u00e7\u00facar a granel, optou pelos nossos potes de vidro quadrados de 2000 ml para guardar seus ingredientes. A veda\u00e7\u00e3o foi considerada o fator mais importante, pois n\u00e3o s\u00f3 aumentou a vida \u00fatil da farinha em 60%, como tamb\u00e9m inibiu completamente a presen\u00e7a de pragas. Gra\u00e7as ao formato retangular, eles conseguiram armazenar 40% mais ingredientes no mesmo espa\u00e7o, otimizando assim o layout da sua pequena cozinha. Como resultado, padronizaram o armazenamento em todas as suas lojas e fizeram um novo pedido de 500.000 potes de vidro.<\/p>\n<h2>Op\u00e7\u00f5es de personaliza\u00e7\u00e3o para potes de vidro para armazenamento de alimentos:<\/h2>\n<ul>\n<li>Marca\u00e7\u00f5es de volume em relevo \u2013 Adicione marca\u00e7\u00f5es permanentes em relevo para facilitar o controle das por\u00e7\u00f5es.<\/li>\n<li>Etiquetas serigrafadas \u2013 Logotipos de marcas grandes e dur\u00e1veis \u200b\u200bimpressos com tinta cer\u00e2mica.<\/li>\n<li>Base refor\u00e7ada \u2013 Vidro espesso para suportar itens mais pesados, como farinha ou gr\u00e3os.<\/li>\n<li>Al\u00e7as integradas \u2013 Al\u00e7as opcionais de vidro moldado para facilitar o manuseio de frascos cheios.<\/li>\n<\/ul>\n<p>Deseja otimizar seu espa\u00e7o de armazenamento? Entre em contato conosco para saber os pre\u00e7os de atacado desses potes de vidro quadrados grandes que economizam espa\u00e7o.<\/p>","protected":false},"excerpt":{"rendered":"<p>Escolha potes de vidro resistentes para armazenar alimentos, com tampas, e potes de vidro quadrados grandes, feitos com materiais de alta qualidade \u2014 venda direta da f\u00e1brica. Amostras gr\u00e1tis.<\/p>","protected":false},"featured_media":24166,"template":"","meta":[],"product_brand":[],"product_cat":[122,134,124],"product_tag":[],"class_list":{"0":"post-24163","1":"product","2":"type-product","3":"status-publish","4":"has-post-thumbnail","6":"product_cat-custom-glass-packaging","7":"product_cat-airtight-jars","8":"product_cat-custom-glass-jars","10":"first","11":"instock","12":"shipping-taxable","13":"product-type-simple"},"jetpack_sharing_enabled":true,"_links":{"self":[{"href":"https:\/\/yebodaglass.com\/pt\/wp-json\/wp\/v2\/product\/24163","targetHints":{"allow":["GET"]}}],"collection":[{"href":"https:\/\/yebodaglass.com\/pt\/wp-json\/wp\/v2\/product"}],"about":[{"href":"https:\/\/yebodaglass.com\/pt\/wp-json\/wp\/v2\/types\/product"}],"version-history":[{"count":4,"href":"https:\/\/yebodaglass.com\/pt\/wp-json\/wp\/v2\/product\/24163\/revisions"}],"predecessor-version":[{"id":24190,"href":"https:\/\/yebodaglass.com\/pt\/wp-json\/wp\/v2\/product\/24163\/revisions\/24190"}],"wp:featuredmedia":[{"embeddable":true,"href":"https:\/\/yebodaglass.com\/pt\/wp-json\/wp\/v2\/media\/24166"}],"wp:attachment":[{"href":"https:\/\/yebodaglass.com\/pt\/wp-json\/wp\/v2\/media?parent=24163"}],"wp:term":[{"taxonomy":"product_brand","embeddable":true,"href":"https:\/\/yebodaglass.com\/pt\/wp-json\/wp\/v2\/product_brand?post=24163"},{"taxonomy":"product_cat","embeddable":true,"href":"https:\/\/yebodaglass.com\/pt\/wp-json\/wp\/v2\/product_cat?post=24163"},{"taxonomy":"product_tag","embeddable":true,"href":"https:\/\/yebodaglass.com\/pt\/wp-json\/wp\/v2\/product_tag?post=24163"}],"curies":[{"name":"wp","href":"https:\/\/api.w.org\/{rel}","templated":true}]}}