{"id":24154,"date":"2025-11-28T08:55:51","date_gmt":"2025-11-28T00:55:51","guid":{"rendered":"https:\/\/yebodaglass.com\/?post_type=product&#038;p=24154"},"modified":"2025-11-28T11:44:03","modified_gmt":"2025-11-28T03:44:03","slug":"bulk-clear-square-glass-storage-jars-with-glass-lids","status":"publish","type":"product","link":"https:\/\/yebodaglass.com\/pt\/bulk-clear-square-glass-storage-jars-with-glass-lids\/","title":{"rendered":"Conjunto de v\u00e1rios potes de vidro quadrados transparentes com tampas de vidro, nos tamanhos 380ml, 500ml, 750ml e 1000ml."},"content":{"rendered":"<p data-start=\"66\" data-end=\"288\">Estes potes de vidro quadrados para armazenamento s\u00e3o feitos de vidro transparente e est\u00e3o dispon\u00edveis em quatro tamanhos diferentes. Possuem formato quadrado com cantos arredondados. Cada pote vem com uma tampa de vidro fixada por um simples fecho de metal.<\/p>\n<h2>Caracter\u00edsticas do produto<\/h2>\n<ul>\n<li><strong>Material quadrado transparente:<\/strong> O uso de vidro totalmente transparente com cantos quadrados arredondados torna o conte\u00fado facilmente vis\u00edvel, enquanto os frascos economizam mais espa\u00e7o de armazenamento do que se fossem puramente cil\u00edndricos.<\/li>\n<li><strong>Design de veda\u00e7\u00e3o por encaixe:<\/strong> A tampa met\u00e1lica de encaixe com veda\u00e7\u00e3o herm\u00e9tica garante excelente veda\u00e7\u00e3o, prevenindo eficazmente a entrada de umidade e preservando o frescor do produto. Abrir e fechar o recipiente \u00e9 muito simples e pr\u00e1tico.<\/li>\n<li><strong>Quatro tamanhos diferentes:<\/strong> Os quatro tamanhos visam acomodar itens de diversos tamanhos (por exemplo, potes pequenos para temperos, potes grandes para produtos secos).<\/li>\n<\/ul>\n<h2 style=\"text-align: left;\">Especifica\u00e7\u00f5es principais<\/h2>\n<table class=\"aligncenter\" style=\"border-collapse: collapse; width: 435.02pt;\" border=\"0\" width=\"580\" cellspacing=\"0\" cellpadding=\"0\">\n<tbody>\n<tr style=\"height: 13.50pt;\">\n<td style=\"height: 13.50pt; width: 99.75pt;\" width=\"133\" height=\"18\">Especifica\u00e7\u00e3o<\/td>\n<td style=\"width: 335.25pt;\" width=\"447\">Detalhes<\/td>\n<\/tr>\n<tr style=\"height: 13.50pt;\">\n<td style=\"height: 13.50pt;\" height=\"18\">Capacidade<\/td>\n<td>380ml \/ 500ml \/ 750ml \/ 1000ml<\/td>\n<\/tr>\n<tr style=\"height: 13.50pt;\">\n<td style=\"height: 13.50pt;\" height=\"18\">Dimens\u00f5es<\/td>\n<td>8,7\u00d710cm \/ 10,8\u00d710cm \/ 11\u00d712,3cm \/ 11,3\u00d715cm<\/td>\n<\/tr>\n<tr style=\"height: 13.50pt;\">\n<td style=\"height: 13.50pt;\" height=\"18\">Material<\/td>\n<td>Vidro transparente (pote e tampa)<\/td>\n<\/tr>\n<tr style=\"height: 13.50pt;\">\n<td style=\"height: 13.50pt;\" height=\"18\">Tipo\/Cor da Tampa<\/td>\n<td>Tampa de vidro com fecho de grampo de a\u00e7o<\/td>\n<\/tr>\n<tr style=\"height: 13.50pt;\">\n<td style=\"height: 13.50pt;\" height=\"18\">Ideal para<\/td>\n<td>Potes de vidro para armazenamento, potes de vidro para armazenamento com tampas de vidro<\/td>\n<\/tr>\n<\/tbody>\n<\/table>\n<h2>Caso de sucesso: como uma casa de ch\u00e1 melhorou sua exposi\u00e7\u00e3o de produtos.<\/h2>\n<p>Uma renomada empresa de ch\u00e1s precisava de uma solu\u00e7\u00e3o de armazenamento que tanto apresentasse quanto mantivesse os produtos frescos. A empresa optou por utilizar nossos potes de vidro quadrados de 500ml em suas lojas. Com o formato quadrado, a empresa conseguiu exibir 30% mais produtos no mesmo espa\u00e7o do balc\u00e3o. A veda\u00e7\u00e3o \u00e9 t\u00e3o eficiente que o ch\u00e1 permanece fresco por meses, reduzindo o desperd\u00edcio em 40%. Ap\u00f3s esse sucesso, a empresa fez um pedido de 25.000 potes de vidro para abrir novas lojas.<\/p>\n<h2>Op\u00e7\u00f5es de personaliza\u00e7\u00e3o para potes de vidro para armazenamento<\/h2>\n<ul>\n<li>Gradientes impressos em serigrafia \u2013 Adicione marca\u00e7\u00f5es de capacidade \u00fateis para facilitar a visualiza\u00e7\u00e3o da quantidade de produto.<\/li>\n<li>Tampas de vidro coloridas \u2013 No caso de itens sens\u00edveis \u00e0 luz, certifique-se de usar tampas de vidro coloridas.<\/li>\n<li>Cores de clipes personalizadas \u2013 Voc\u00ea pode escolher entre bronze, preto ou n\u00edquel para seus clipes.<\/li>\n<li>Op\u00e7\u00f5es de an\u00e9is de veda\u00e7\u00e3o de silicone \u2013 A cor do anel de veda\u00e7\u00e3o pode ser a cor da sua marca para manter a identidade visual da empresa.<\/li>\n<\/ul>\n<p>Quer aproveitar ao m\u00e1ximo o seu espa\u00e7o de armazenamento? Entre em contato conosco agora mesmo para receber pre\u00e7os de atacado destes lindos potes de vidro quadrados com tampas de vidro.<\/p>","protected":false},"excerpt":{"rendered":"<p>Nossos potes de vidro quadrados e potes de vidro com tampa s\u00e3o altamente transparentes, dur\u00e1veis \u200b\u200be possuem boa veda\u00e7\u00e3o \u2014 amostras gr\u00e1tis est\u00e3o dispon\u00edveis.<\/p>","protected":false},"featured_media":24157,"template":"","meta":[],"product_brand":[],"product_cat":[122,134,124],"product_tag":[],"class_list":{"0":"post-24154","1":"product","2":"type-product","3":"status-publish","4":"has-post-thumbnail","6":"product_cat-custom-glass-packaging","7":"product_cat-airtight-jars","8":"product_cat-custom-glass-jars","10":"first","11":"instock","12":"shipping-taxable","13":"product-type-simple"},"jetpack_sharing_enabled":true,"_links":{"self":[{"href":"https:\/\/yebodaglass.com\/pt\/wp-json\/wp\/v2\/product\/24154","targetHints":{"allow":["GET"]}}],"collection":[{"href":"https:\/\/yebodaglass.com\/pt\/wp-json\/wp\/v2\/product"}],"about":[{"href":"https:\/\/yebodaglass.com\/pt\/wp-json\/wp\/v2\/types\/product"}],"version-history":[{"count":5,"href":"https:\/\/yebodaglass.com\/pt\/wp-json\/wp\/v2\/product\/24154\/revisions"}],"predecessor-version":[{"id":24189,"href":"https:\/\/yebodaglass.com\/pt\/wp-json\/wp\/v2\/product\/24154\/revisions\/24189"}],"wp:featuredmedia":[{"embeddable":true,"href":"https:\/\/yebodaglass.com\/pt\/wp-json\/wp\/v2\/media\/24157"}],"wp:attachment":[{"href":"https:\/\/yebodaglass.com\/pt\/wp-json\/wp\/v2\/media?parent=24154"}],"wp:term":[{"taxonomy":"product_brand","embeddable":true,"href":"https:\/\/yebodaglass.com\/pt\/wp-json\/wp\/v2\/product_brand?post=24154"},{"taxonomy":"product_cat","embeddable":true,"href":"https:\/\/yebodaglass.com\/pt\/wp-json\/wp\/v2\/product_cat?post=24154"},{"taxonomy":"product_tag","embeddable":true,"href":"https:\/\/yebodaglass.com\/pt\/wp-json\/wp\/v2\/product_tag?post=24154"}],"curies":[{"name":"wp","href":"https:\/\/api.w.org\/{rel}","templated":true}]}}