{"id":24141,"date":"2025-11-27T11:41:17","date_gmt":"2025-11-27T03:41:17","guid":{"rendered":"https:\/\/yebodaglass.com\/?post_type=product&#038;p=24141"},"modified":"2025-11-27T18:27:41","modified_gmt":"2025-11-27T10:27:41","slug":"wholesale-clear-large-glass-food-storage-jars","status":"publish","type":"product","link":"https:\/\/yebodaglass.com\/pt\/wholesale-clear-large-glass-food-storage-jars\/","title":{"rendered":"Potes de vidro transparentes grandes para armazenamento de alimentos, 64 oz e 100 oz (atacado)"},"content":{"rendered":"<p data-start=\"66\" data-end=\"288\">Estes grandes potes de vidro para armazenamento s\u00e3o feitos de vidro transparente e v\u00eam em dois formatos elegantes, finos e redondos. Cada pote inclui uma tampa de metal com encaixe, o que os torna uma op\u00e7\u00e3o pr\u00e1tica para armazenar grandes quantidades de alimentos na cozinha.<\/p>\n<h2>Caracter\u00edsticas do produto<\/h2>\n<ul>\n<li><strong>Grande capacidade:<\/strong> As op\u00e7\u00f5es de volume para esses potes s\u00e3o de 2 e 3 litros, permitindo armazenar uma grande quantidade dos mesmos itens e, assim, minimizar a necessidade de embalagens e reabastecimentos frequentes.<\/li>\n<li><strong>Veda\u00e7\u00e3o perfeita:<\/strong> As bra\u00e7adeiras e a junta de borracha funcionam em conjunto para impedir completamente a entrada de umidade, pragas e ar, mantendo assim os alimentos frescos por um m\u00eas ou mais.<\/li>\n<li><strong>Design com boca larga para facilitar o enchimento e o reabastecimento:<\/strong> O design de boca larga facilita e agiliza o carregamento e o descarregamento dos alimentos, mesmo para pessoas com m\u00e3os grandes ou que usam colheres grandes.<\/li>\n<\/ul>\n<h2 style=\"text-align: left;\">Especifica\u00e7\u00f5es principais<\/h2>\n<table class=\"aligncenter\" style=\"border-collapse: collapse; width: 402.77pt;\" border=\"0\" width=\"537\" cellspacing=\"0\" cellpadding=\"0\">\n<tbody>\n<tr style=\"height: 13.50pt;\">\n<td style=\"height: 13.50pt; width: 99.75pt;\" width=\"133\" height=\"18\">Especifica\u00e7\u00e3o<\/td>\n<td style=\"width: 303.00pt;\" width=\"404\">Detalhes<\/td>\n<\/tr>\n<tr style=\"height: 13.50pt;\">\n<td style=\"height: 13.50pt;\" height=\"18\">Capacidade<\/td>\n<td>2000ml (64oz) \/ 3000ml (100oz)<\/td>\n<\/tr>\n<tr style=\"height: 13.50pt;\">\n<td style=\"height: 13.50pt;\" height=\"18\">Dimens\u00f5es<\/td>\n<td>12,7\u00d725,3cm \/ 14,5\u00d726,5cm<\/td>\n<\/tr>\n<tr style=\"height: 13.50pt;\">\n<td style=\"height: 13.50pt;\" height=\"18\">Material<\/td>\n<td>Vidro grosso e transparente<\/td>\n<\/tr>\n<tr style=\"height: 13.50pt;\">\n<td style=\"height: 13.50pt;\" height=\"18\">Tipo de tampa<\/td>\n<td>Tampa com fecho de metal e al\u00e7a de arame (prateada)<\/td>\n<\/tr>\n<tr style=\"height: 13.50pt;\">\n<td style=\"height: 13.50pt;\" height=\"18\">Ideal para<\/td>\n<td>Potes de vidro grandes para armazenamento, potes de vidro para armazenar alimentos<\/td>\n<\/tr>\n<\/tbody>\n<\/table>\n<h2>Hist\u00f3ria de Sucesso: A Hist\u00f3ria de Sucesso de um Supermercado com Zero Desperd\u00edcio<\/h2>\n<p>Um supermercado com foco em zero desperd\u00edcio precisava de potes de vidro para armazenar alimentos, com grande capacidade, que fossem pr\u00e1ticos e esteticamente agrad\u00e1veis \u200b\u200bpara o armazenamento de produtos a granel. Eles escolheram nossos potes de vidro de 3 litros para armazenar gr\u00e3os, nozes e massas. A excelente veda\u00e7\u00e3o prolongou significativamente a vida \u00fatil dos produtos, resultando em uma redu\u00e7\u00e3o de 40% no desperd\u00edcio de alimentos e um aumento de 65% na taxa de recompra. Gra\u00e7as ao feedback positivo do mercado, o supermercado fez um novo pedido de 500.000 potes para abrir outras lojas.<\/p>\n<h2>Solu\u00e7\u00f5es personalizadas para potes de vidro de armazenamento<\/h2>\n<ul>\n<li>Marca\u00e7\u00f5es de capacidade em relevo \u2013 Facilite e torne permanente a visualiza\u00e7\u00e3o das gradua\u00e7\u00f5es, elevando-as.<\/li>\n<li>Etiquetas impressas em serigrafia \u2013 Utilizam tinta cer\u00e2mica para imprimir etiquetas de marca ou conte\u00fado n\u00edtidas e vis\u00edveis.<\/li>\n<li>Base refor\u00e7ada \u2013 Uma base de vidro mais espessa para suportar objetos pesados.<\/li>\n<li>Al\u00e7a integrada \u2013 Pode ser equipada com al\u00e7a de vidro integrada para facilitar o transporte.<\/li>\n<\/ul>","protected":false},"excerpt":{"rendered":"<p>Nossos potes de vidro grandes para armazenamento e para alimentos s\u00e3o cristalinos, dur\u00e1veis \u200b\u200be ideais para guardar mantimentos e ingredientes. Amostras gr\u00e1tis.<\/p>","protected":false},"featured_media":24152,"template":"","meta":[],"product_brand":[],"product_cat":[122,134,124],"product_tag":[],"class_list":{"0":"post-24141","1":"product","2":"type-product","3":"status-publish","4":"has-post-thumbnail","6":"product_cat-custom-glass-packaging","7":"product_cat-airtight-jars","8":"product_cat-custom-glass-jars","10":"first","11":"instock","12":"shipping-taxable","13":"product-type-simple"},"jetpack_sharing_enabled":true,"_links":{"self":[{"href":"https:\/\/yebodaglass.com\/pt\/wp-json\/wp\/v2\/product\/24141","targetHints":{"allow":["GET"]}}],"collection":[{"href":"https:\/\/yebodaglass.com\/pt\/wp-json\/wp\/v2\/product"}],"about":[{"href":"https:\/\/yebodaglass.com\/pt\/wp-json\/wp\/v2\/types\/product"}],"version-history":[{"count":3,"href":"https:\/\/yebodaglass.com\/pt\/wp-json\/wp\/v2\/product\/24141\/revisions"}],"predecessor-version":[{"id":24153,"href":"https:\/\/yebodaglass.com\/pt\/wp-json\/wp\/v2\/product\/24141\/revisions\/24153"}],"wp:featuredmedia":[{"embeddable":true,"href":"https:\/\/yebodaglass.com\/pt\/wp-json\/wp\/v2\/media\/24152"}],"wp:attachment":[{"href":"https:\/\/yebodaglass.com\/pt\/wp-json\/wp\/v2\/media?parent=24141"}],"wp:term":[{"taxonomy":"product_brand","embeddable":true,"href":"https:\/\/yebodaglass.com\/pt\/wp-json\/wp\/v2\/product_brand?post=24141"},{"taxonomy":"product_cat","embeddable":true,"href":"https:\/\/yebodaglass.com\/pt\/wp-json\/wp\/v2\/product_cat?post=24141"},{"taxonomy":"product_tag","embeddable":true,"href":"https:\/\/yebodaglass.com\/pt\/wp-json\/wp\/v2\/product_tag?post=24141"}],"curies":[{"name":"wp","href":"https:\/\/api.w.org\/{rel}","templated":true}]}}