{"id":24128,"date":"2025-11-28T12:00:50","date_gmt":"2025-11-28T04:00:50","guid":{"rendered":"https:\/\/yebodaglass.com\/?post_type=product&#038;p=24128"},"modified":"2026-04-14T13:10:55","modified_gmt":"2026-04-14T05:10:55","slug":"custom-clear-water-bottle-with-sleeve-wholesale","status":"publish","type":"product","link":"https:\/\/yebodaglass.com\/pt\/custom-clear-water-bottle-with-sleeve-wholesale\/","title":{"rendered":"Garrafa de \u00e1gua transparente personalizada com capa protetora, atacado, 550ml \u2013 1000ml"},"content":{"rendered":"<p>A garrafa de \u00e1gua transparente tem um design cil\u00edndrico simples e \u00e9 feita de vidro borossilicato de qualidade alimentar. O corpo de vidro possui um acabamento liso e inclui uma tampa de rosca de metal prateado com um anel de veda\u00e7\u00e3o de silicone de qualidade alimentar, que cria uma barreira herm\u00e9tica e \u00e0 prova de vazamentos.<\/p>\n<h2>Caracter\u00edsticas do produto<\/h2>\n<p><strong>Vidro de borosilicato dur\u00e1vel<\/strong><\/p>\n<p>Sem choque t\u00e9rmico \u2014 pode ser colocado no congelador ou na m\u00e1quina de lavar lou\u00e7a e foi projetado para uso prolongado.<\/p>\n<p><strong>Abertura ampla de 38 mm<\/strong><\/p>\n<p>Encher, limpar e servir \u00e9 muito f\u00e1cil \u2014 \u00f3timo para o consumo di\u00e1rio de \u00e1gua ou para garrafas esportivas.<\/p>\n<p><strong>Design de manga personaliz\u00e1vel<\/strong><\/p>\n<p>Coloque seu logotipo na capa de silicone \u2014 isso ajuda sua garrafa de \u00e1gua transparente a se tornar uma marca memor\u00e1vel.<\/p>\n<h2>Especifica\u00e7\u00f5es principais<\/h2>\n<table style=\"border-collapse: collapse; width: 80%; margin-left: auto; margin-right: auto;\" border=\"0\" width=\"360\" cellspacing=\"0\" cellpadding=\"0\">\n<tbody>\n<tr style=\"height: 13.50pt;\">\n<td style=\"height: 13.5pt; width: 54pt; text-align: center;\" width=\"72\" height=\"18\">Capacidade (ml)<\/td>\n<td style=\"width: 54pt; text-align: center;\" width=\"72\">Tamanho (cm)<\/td>\n<td style=\"width: 54pt; text-align: center;\" width=\"72\">Di\u00e2metro<\/td>\n<td style=\"width: 54pt; text-align: center;\" width=\"72\">Material<\/td>\n<td style=\"width: 54pt; text-align: center;\" width=\"72\">Cor<\/td>\n<\/tr>\n<tr style=\"height: 13.50pt;\">\n<td style=\"height: 13.5pt; text-align: center;\" align=\"right\" height=\"18\">550<\/td>\n<td style=\"text-align: center;\">6.6&#215;23.0<\/td>\n<td class=\"et2\" style=\"text-align: center;\" rowspan=\"3\">38 mm<\/td>\n<td class=\"et2\" style=\"text-align: center;\" rowspan=\"3\">Borossilicato<\/td>\n<td class=\"et2\" style=\"text-align: center;\" rowspan=\"3\">Claro<\/td>\n<\/tr>\n<tr style=\"height: 13.50pt;\">\n<td style=\"height: 13.5pt; text-align: center;\" align=\"right\" height=\"18\">750<\/td>\n<td style=\"text-align: center;\">7.0&#215;27.2<\/td>\n<\/tr>\n<tr style=\"height: 13.50pt;\">\n<td style=\"height: 13.5pt; text-align: center;\" align=\"right\" height=\"18\">1000<\/td>\n<td style=\"text-align: center;\">7.9&#215;29.1<\/td>\n<\/tr>\n<\/tbody>\n<\/table>\n<h2>Caso de Sucesso: Um Pedido Personalizado de Caixa de Assinatura de Sa\u00fade Nacional<\/h2>\n<p>A empresa americana de assinatura de produtos de sa\u00fade escolheu nossa garrafa de \u00e1gua de 500 ml com capa, que foi personalizada com uma capa de neoprene e um slogan inspirador gravado a laser. O sistema de capa para garrafa apresentou alto desempenho, pois os clientes o utilizaram para evitar 70% das quebras entre garrafas de vidro protegidas e n\u00e3o protegidas, gra\u00e7as ao design dur\u00e1vel em vidro borossilicato. O design da garrafa permite uma limpeza f\u00e1cil, preservando o sabor, o que resulta em uma taxa de utiliza\u00e7\u00e3o de 95% dos assinantes ao longo do dia. Ap\u00f3s o sucesso com seus produtos j\u00e1 existentes, a empresa encomendou mais 380.000 garrafas para dar suporte \u00e0 sua nova linha de bebidas funcionais em p\u00f3.<\/p>\n<h2>Op\u00e7\u00f5es de personaliza\u00e7\u00e3o de garrafas de \u00e1gua transparentes<\/h2>\n<ul>\n<li>Design da tampa: O produto oferece diversos acabamentos met\u00e1licos, incluindo preto e dourado, ouro rosa e materiais de bambu.<\/li>\n<li>Capas personaliz\u00e1veis \u200b\u200bpara garrafas: O produto oferece tr\u00eas op\u00e7\u00f5es de materiais para as capas, incluindo neoprene, silicone e tecido, e os clientes podem escolher entre diversas op\u00e7\u00f5es de cores, estampas e impress\u00e3o de logotipos.<\/li>\n<li>Acess\u00f3rios: Compat\u00edvel com escovas de limpeza, recipientes para imers\u00e3o de frutas ou al\u00e7as de transporte.<\/li>\n<\/ul>","protected":false},"excerpt":{"rendered":"<p>Garrafa de \u00e1gua transparente com capa protetora. Fornecimento direto da f\u00e1brica, estoque dispon\u00edvel e envio r\u00e1pido, ideal para pedidos em grande quantidade e envase no varejo.<\/p>","protected":false},"featured_media":24129,"template":"","meta":[],"product_brand":[],"product_cat":[136,123,122],"product_tag":[],"class_list":{"0":"post-24128","1":"product","2":"type-product","3":"status-publish","4":"has-post-thumbnail","6":"product_cat-glass-water-bottles","7":"product_cat-custom-glass-bottles","8":"product_cat-custom-glass-packaging","10":"first","11":"instock","12":"shipping-taxable","13":"product-type-simple"},"jetpack_sharing_enabled":true,"_links":{"self":[{"href":"https:\/\/yebodaglass.com\/pt\/wp-json\/wp\/v2\/product\/24128","targetHints":{"allow":["GET"]}}],"collection":[{"href":"https:\/\/yebodaglass.com\/pt\/wp-json\/wp\/v2\/product"}],"about":[{"href":"https:\/\/yebodaglass.com\/pt\/wp-json\/wp\/v2\/types\/product"}],"version-history":[{"count":5,"href":"https:\/\/yebodaglass.com\/pt\/wp-json\/wp\/v2\/product\/24128\/revisions"}],"predecessor-version":[{"id":25780,"href":"https:\/\/yebodaglass.com\/pt\/wp-json\/wp\/v2\/product\/24128\/revisions\/25780"}],"wp:featuredmedia":[{"embeddable":true,"href":"https:\/\/yebodaglass.com\/pt\/wp-json\/wp\/v2\/media\/24129"}],"wp:attachment":[{"href":"https:\/\/yebodaglass.com\/pt\/wp-json\/wp\/v2\/media?parent=24128"}],"wp:term":[{"taxonomy":"product_brand","embeddable":true,"href":"https:\/\/yebodaglass.com\/pt\/wp-json\/wp\/v2\/product_brand?post=24128"},{"taxonomy":"product_cat","embeddable":true,"href":"https:\/\/yebodaglass.com\/pt\/wp-json\/wp\/v2\/product_cat?post=24128"},{"taxonomy":"product_tag","embeddable":true,"href":"https:\/\/yebodaglass.com\/pt\/wp-json\/wp\/v2\/product_tag?post=24128"}],"curies":[{"name":"wp","href":"https:\/\/api.w.org\/{rel}","templated":true}]}}