{"id":24111,"date":"2025-11-27T12:00:19","date_gmt":"2025-11-27T04:00:19","guid":{"rendered":"https:\/\/yebodaglass.com\/?post_type=product&#038;p=24111"},"modified":"2026-04-13T09:34:01","modified_gmt":"2026-04-13T01:34:01","slug":"28mm-diameter-custom-water-bottles-bulk","status":"publish","type":"product","link":"https:\/\/yebodaglass.com\/pt\/28mm-diameter-custom-water-bottles-bulk\/","title":{"rendered":"Garrafas de \u00e1gua personalizadas com 28 mm de di\u00e2metro, em embalagens de 280 ml a 1000 ml."},"content":{"rendered":"<p>As garrafas de \u00e1gua personalizadas exibem um design que atende aos requisitos de um estilo minimalista moderno, gra\u00e7as ao seu formato cil\u00edndrico. O vidro borossilicato transparente confere \u00e0s garrafas alta durabilidade e resist\u00eancia a choques t\u00e9rmicos, permitindo visualizar sua composi\u00e7\u00e3o. O sistema utiliza uma conex\u00e3o rosqueada padr\u00e3o, juntamente com uma tampa de rosca met\u00e1lica prateada brilhante, que cria um mecanismo de veda\u00e7\u00e3o eficaz.<\/p>\n<h2>Caracter\u00edsticas do produto<\/h2>\n<ul>\n<li><strong>Design cil\u00edndrico minimalista:<\/strong> O cilindro de vidro com paredes retas oferece uma maneira f\u00e1cil de acomodar o recipiente de vidro, que pode ser limpo e etiquetado sem comprometer seu design b\u00e1sico.<\/li>\n<li><strong>Vidro de borosilicato dur\u00e1vel:<\/strong> O material de vidro borossilicato proporciona resist\u00eancia ao choque t\u00e9rmico, o que permite conter com seguran\u00e7a bebidas quentes e frias sem reter odores.<\/li>\n<li><strong>Tampa de rosca met\u00e1lica elegante:<\/strong> A tampa met\u00e1lica prateada com acabamento de alto brilho cria uma apar\u00eancia moderna e protege contra vazamentos gra\u00e7as ao seu mecanismo de veda\u00e7\u00e3o seguro.<\/li>\n<\/ul>\n<h2>Especifica\u00e7\u00f5es principais<\/h2>\n<table style=\"border-collapse: collapse; width: 80%; margin-left: auto; margin-right: auto;\" border=\"0\" width=\"360\" cellspacing=\"0\" cellpadding=\"0\">\n<tbody>\n<tr style=\"height: 13.50pt;\">\n<td style=\"height: 13.5pt; width: 54pt; text-align: center;\" width=\"72\" height=\"18\">Capacidade (ml)<\/td>\n<td style=\"width: 54pt; text-align: center;\" width=\"72\">Tamanho (cm)<\/td>\n<td style=\"width: 54pt; text-align: center;\" width=\"72\">Di\u00e2metro (mm)<\/td>\n<td style=\"width: 54pt; text-align: center;\" width=\"72\">Material<\/td>\n<td style=\"width: 54pt; text-align: center;\" width=\"72\">Cor<\/td>\n<\/tr>\n<tr style=\"height: 13.50pt;\">\n<td style=\"height: 13.5pt; text-align: center;\" align=\"right\" height=\"18\">280<\/td>\n<td style=\"text-align: center;\">5,5 x 17,5<\/td>\n<td class=\"et2\" style=\"text-align: center;\" rowspan=\"6\">28<\/td>\n<td class=\"et2\" style=\"text-align: center;\" rowspan=\"6\">Borossilicato<\/td>\n<td class=\"et2\" style=\"text-align: center;\" rowspan=\"6\">Transparente ou personalizado<\/td>\n<\/tr>\n<tr style=\"height: 13.50pt;\">\n<td style=\"height: 13.5pt; text-align: center;\" align=\"right\" height=\"18\">360<\/td>\n<td style=\"text-align: center;\">6,0 x 19,0<\/td>\n<\/tr>\n<tr style=\"height: 13.50pt;\">\n<td style=\"height: 13.5pt; text-align: center;\" align=\"right\" height=\"18\">450<\/td>\n<td style=\"text-align: center;\">6,6 x 21,5<\/td>\n<\/tr>\n<tr style=\"height: 13.50pt;\">\n<td style=\"height: 13.5pt; text-align: center;\" align=\"right\" height=\"18\">550<\/td>\n<td style=\"text-align: center;\">6,6 x 22,5<\/td>\n<\/tr>\n<tr style=\"height: 13.50pt;\">\n<td style=\"height: 13.5pt; text-align: center;\" align=\"right\" height=\"18\">750<\/td>\n<td style=\"text-align: center;\">7,0 x 25,9<\/td>\n<\/tr>\n<tr style=\"height: 13.50pt;\">\n<td style=\"height: 13.5pt; text-align: center;\" align=\"right\" height=\"18\">1000<\/td>\n<td style=\"text-align: center;\">7,9 x 27,8<\/td>\n<\/tr>\n<\/tbody>\n<\/table>\n<h2>Caso de sucesso: Encomenda personalizada de uma marca de bem-estar da Costa Oeste<\/h2>\n<p>Uma empresa de caixas de assinatura de bem-estar da Calif\u00f3rnia selecionou nossas garrafas de \u00e1gua personalizadas de 500 ml, que eles mesmos criaram com r\u00f3tulos serigrafados e capas de silicone pretas. As garrafas personalizadas apresentaram resultados excepcionais, pois os clientes relataram que o vidro borossilicato tinha uma taxa de quebra 60% menor do que as garrafas de vidro comum. Os assinantes que experimentaram o servi\u00e7o premium, juntamente com intera\u00e7\u00f5es personalizadas, apresentaram um aumento de 40% na reten\u00e7\u00e3o. A empresa obteve ainda mais sucesso ao adquirir 350.000 garrafas de \u00e1gua para abastecer sua linha de produtos, que inclui bebidas com infus\u00e3o de adapt\u00f3genos.<\/p>\n<h2>Sugest\u00f5es de personaliza\u00e7\u00e3o para garraf\u00f5es de \u00e1gua<\/h2>\n<ul>\n<li>Design da tampa: O produto oferece diversas op\u00e7\u00f5es de acabamento met\u00e1lico, incluindo dourado, ouro rosa, preto e cobre, al\u00e9m de material de bambu.<\/li>\n<li>Acess\u00f3rios: Os clientes podem escolher entre capas de silicone que proporcionam melhor ader\u00eancia e isolamento ou al\u00e7as personalizadas.<\/li>\n<li>Filtro integrado: O produto possui um filtro remov\u00edvel que utiliza vidro ou a\u00e7o inoxid\u00e1vel para filtrar frutas, ervas e ch\u00e1s adicionados.<\/li>\n<\/ul>","protected":false},"excerpt":{"rendered":"<p>Fornecimento direto da f\u00e1brica de garrafas de \u00e1gua personalizadas com 28 mm de di\u00e2metro, oferecendo uma solu\u00e7\u00e3o confi\u00e1vel para envase de diversas bebidas em grandes quantidades. Amostra gr\u00e1tis.<\/p>","protected":false},"featured_media":24112,"template":"","meta":[],"product_brand":[],"product_cat":[136,123,122],"product_tag":[],"class_list":{"0":"post-24111","1":"product","2":"type-product","3":"status-publish","4":"has-post-thumbnail","6":"product_cat-glass-water-bottles","7":"product_cat-custom-glass-bottles","8":"product_cat-custom-glass-packaging","10":"first","11":"instock","12":"shipping-taxable","13":"product-type-simple"},"jetpack_sharing_enabled":true,"_links":{"self":[{"href":"https:\/\/yebodaglass.com\/pt\/wp-json\/wp\/v2\/product\/24111","targetHints":{"allow":["GET"]}}],"collection":[{"href":"https:\/\/yebodaglass.com\/pt\/wp-json\/wp\/v2\/product"}],"about":[{"href":"https:\/\/yebodaglass.com\/pt\/wp-json\/wp\/v2\/types\/product"}],"version-history":[{"count":5,"href":"https:\/\/yebodaglass.com\/pt\/wp-json\/wp\/v2\/product\/24111\/revisions"}],"predecessor-version":[{"id":25752,"href":"https:\/\/yebodaglass.com\/pt\/wp-json\/wp\/v2\/product\/24111\/revisions\/25752"}],"wp:featuredmedia":[{"embeddable":true,"href":"https:\/\/yebodaglass.com\/pt\/wp-json\/wp\/v2\/media\/24112"}],"wp:attachment":[{"href":"https:\/\/yebodaglass.com\/pt\/wp-json\/wp\/v2\/media?parent=24111"}],"wp:term":[{"taxonomy":"product_brand","embeddable":true,"href":"https:\/\/yebodaglass.com\/pt\/wp-json\/wp\/v2\/product_brand?post=24111"},{"taxonomy":"product_cat","embeddable":true,"href":"https:\/\/yebodaglass.com\/pt\/wp-json\/wp\/v2\/product_cat?post=24111"},{"taxonomy":"product_tag","embeddable":true,"href":"https:\/\/yebodaglass.com\/pt\/wp-json\/wp\/v2\/product_tag?post=24111"}],"curies":[{"name":"wp","href":"https:\/\/api.w.org\/{rel}","templated":true}]}}