{"id":24110,"date":"2025-11-27T09:30:57","date_gmt":"2025-11-27T01:30:57","guid":{"rendered":"https:\/\/yebodaglass.com\/?post_type=product&#038;p=24110"},"modified":"2025-11-27T10:43:48","modified_gmt":"2025-11-27T02:43:48","slug":"bulk-round-glass-pantry-storage-jars-with-airtight-lids","status":"publish","type":"product","link":"https:\/\/yebodaglass.com\/pt\/bulk-round-glass-pantry-storage-jars-with-airtight-lids\/","title":{"rendered":"Conjunto de v\u00e1rios potes de vidro redondos para despensa com tampas herm\u00e9ticas, 150ml, 380ml e 500ml"},"content":{"rendered":"<p data-start=\"66\" data-end=\"288\">Estes potes de vidro para despensa t\u00eam um formato redondo, simples e elegante, feito inteiramente de vidro transparente. Cada pote vem com uma tampa de metal de encaixe e uma tampa de veda\u00e7\u00e3o. O formato suave e curvo certamente dar\u00e1 um toque especial a qualquer canto escuro do arm\u00e1rio.<\/p>\n<h2>Caracter\u00edsticas do produto<\/h2>\n<ul>\n<li><strong>Design de veda\u00e7\u00e3o por encaixe:<\/strong> A tampa met\u00e1lica de encaixe proporciona uma veda\u00e7\u00e3o eficaz, impedindo a entrada de umidade e mantendo os produtos armazenados frescos. Abrir e fechar \u00e9 muito simples e pode ser feito em quest\u00e3o de segundos.<\/li>\n<li><strong>Diversos tamanhos com design de base larga:<\/strong> Um conjunto de potes de armazenamento redondos vem com tamanhos pequeno, m\u00e9dio e grande que podem ser usados \u200b\u200bpara itens de diferentes tamanhos, e o design charmoso \u00e9 muito bonito.<\/li>\n<li><strong>Pr\u00e1tico e seguro:<\/strong> A base larga da caixa a torna muito est\u00e1vel e menos prov\u00e1vel que tombe. As linhas suaves e arredondadas do pote, que economizam espa\u00e7o, s\u00e3o \u00f3timas para cozinhas, bancadas e qualquer outro ambiente de armazenamento.<\/li>\n<\/ul>\n<h2 style=\"text-align: left;\">Especifica\u00e7\u00f5es principais<\/h2>\n<table class=\"aligncenter\" style=\"border-collapse: collapse; width: 521.27pt;\" border=\"0\" width=\"695\" cellspacing=\"0\" cellpadding=\"0\">\n<tbody>\n<tr style=\"height: 13.50pt;\">\n<td style=\"height: 13.50pt; width: 99.75pt;\" width=\"133\" height=\"18\">Recurso<\/td>\n<td style=\"width: 421.50pt;\" width=\"562\">Detalhes<\/td>\n<\/tr>\n<tr style=\"height: 13.50pt;\">\n<td style=\"height: 13.50pt;\" height=\"18\">Dimens\u00f5es<\/td>\n<td>150 ml: 7,6 \u00d7 7,8 cm \/ 380 ml: 9,5 \u00d7 9,8 cm \/ 500 ml: 11 \u00d7 10,5 cm<\/td>\n<\/tr>\n<tr style=\"height: 13.50pt;\">\n<td style=\"height: 13.50pt;\" height=\"18\">Material<\/td>\n<td>Frasco de vidro transparente de cal sodada + tampa de vidro temperado<\/td>\n<\/tr>\n<tr style=\"height: 13.50pt;\">\n<td style=\"height: 13.50pt;\" height=\"18\">Adequado para<\/td>\n<td>Pote de vidro com tampa herm\u00e9tica, potes de vidro para armazenamento.<\/td>\n<\/tr>\n<\/tbody>\n<\/table>\n<h2>Hist\u00f3ria de Sucesso: A Hist\u00f3ria de Sucesso de uma Empresa de Produtos Gourmet no Varejo<\/h2>\n<p>Uma empresa de alimentos especiais buscava embalagens que destacassem seus produtos em meio \u00e0 concorr\u00eancia de biscoitos e salgadinhos nas prateleiras. Como resultado, escolheram nossos potes de vidro de 500 ml para armazenamento em despensa, ideais para sua linha de produtos premium. A tampa herm\u00e9tica foi fundamental, aumentando em 40% a vida \u00fatil dos produtos assados. O formato &#034;gordinho&#034; e cativante, rapidamente associado \u00e0 marca, impulsionou as compras por impulso em 35%. Diante desse desempenho not\u00e1vel, a empresa fez um novo pedido de mais de 300.000 potes para expandir sua presen\u00e7a em redes varejistas nacionais.<\/p>\n<h2>Op\u00e7\u00f5es de personaliza\u00e7\u00e3o para potes de vidro para armazenamento<\/h2>\n<ul>\n<li>Acabamento em vidro fosco \u2013 Um visual elegante e fosco \u00e9 o resultado de um processo de corros\u00e3o \u00e1cida.<\/li>\n<li>Op\u00e7\u00f5es de an\u00e9is de veda\u00e7\u00e3o coloridos \u2013 Os an\u00e9is de veda\u00e7\u00e3o de silicone est\u00e3o dispon\u00edveis nas cores da sua marca.<\/li>\n<li>Grade de Capacidade \u2013 Inclua gradua\u00e7\u00f5es \u00fateis para facilitar o acompanhamento pelo usu\u00e1rio.<\/li>\n<li>Formato personalizado \u2013 Altere a extens\u00e3o da curvatura do formato &#034;gordinho&#034; para apresentar uma imagem de marca diferente.<\/li>\n<li>Revestimento fosco \u2013 Um revestimento macio ao toque em toda a superf\u00edcie para uma ader\u00eancia cont\u00ednua e prazer visual.<\/li>\n<\/ul>\n<p>Quer dar um toque especial ao seu espa\u00e7o de armazenamento? Pre\u00e7os de atacado para estes lindos potes de vidro com tampa herm\u00e9tica est\u00e3o dispon\u00edveis se voc\u00ea entrar em contato conosco hoje mesmo.<\/p>","protected":false},"excerpt":{"rendered":"<p>Mantenha sua despensa organizada com nossos potes de vidro com tampa herm\u00e9tica. Potes de vidro dur\u00e1veis \u200b\u200be higi\u00eanicos para armazenamento na despensa, dispon\u00edveis em diversos tamanhos e com entrega r\u00e1pida.<\/p>","protected":false},"featured_media":24120,"template":"","meta":[],"product_brand":[],"product_cat":[122,134,124],"product_tag":[],"class_list":{"0":"post-24110","1":"product","2":"type-product","3":"status-publish","4":"has-post-thumbnail","6":"product_cat-custom-glass-packaging","7":"product_cat-airtight-jars","8":"product_cat-custom-glass-jars","10":"first","11":"instock","12":"shipping-taxable","13":"product-type-simple"},"jetpack_sharing_enabled":true,"_links":{"self":[{"href":"https:\/\/yebodaglass.com\/pt\/wp-json\/wp\/v2\/product\/24110","targetHints":{"allow":["GET"]}}],"collection":[{"href":"https:\/\/yebodaglass.com\/pt\/wp-json\/wp\/v2\/product"}],"about":[{"href":"https:\/\/yebodaglass.com\/pt\/wp-json\/wp\/v2\/types\/product"}],"version-history":[{"count":4,"href":"https:\/\/yebodaglass.com\/pt\/wp-json\/wp\/v2\/product\/24110\/revisions"}],"predecessor-version":[{"id":24188,"href":"https:\/\/yebodaglass.com\/pt\/wp-json\/wp\/v2\/product\/24110\/revisions\/24188"}],"wp:featuredmedia":[{"embeddable":true,"href":"https:\/\/yebodaglass.com\/pt\/wp-json\/wp\/v2\/media\/24120"}],"wp:attachment":[{"href":"https:\/\/yebodaglass.com\/pt\/wp-json\/wp\/v2\/media?parent=24110"}],"wp:term":[{"taxonomy":"product_brand","embeddable":true,"href":"https:\/\/yebodaglass.com\/pt\/wp-json\/wp\/v2\/product_brand?post=24110"},{"taxonomy":"product_cat","embeddable":true,"href":"https:\/\/yebodaglass.com\/pt\/wp-json\/wp\/v2\/product_cat?post=24110"},{"taxonomy":"product_tag","embeddable":true,"href":"https:\/\/yebodaglass.com\/pt\/wp-json\/wp\/v2\/product_tag?post=24110"}],"curies":[{"name":"wp","href":"https:\/\/api.w.org\/{rel}","templated":true}]}}