{"id":24100,"date":"2025-11-26T12:11:49","date_gmt":"2025-11-26T04:11:49","guid":{"rendered":"https:\/\/yebodaglass.com\/?post_type=product&#038;p=24100"},"modified":"2026-04-15T15:15:39","modified_gmt":"2026-04-15T07:15:39","slug":"bulk-food-storage-glass-jars-with-airtight-clamp-lids","status":"publish","type":"product","link":"https:\/\/yebodaglass.com\/pt\/bulk-food-storage-glass-jars-with-airtight-clamp-lids\/","title":{"rendered":"Potes de vidro para armazenamento de alimentos a granel com tampas herm\u00e9ticas de 80 ml a 350 ml"},"content":{"rendered":"<p data-start=\"66\" data-end=\"288\">Os potes de vidro para armazenamento t\u00eam um design cil\u00edndrico, s\u00e3o feitos de vidro transparente e v\u00eam com tampas de a\u00e7o inoxid\u00e1vel tradicionais com fecho de press\u00e3o, que utilizam presilhas de metal resistentes combinadas com an\u00e9is de veda\u00e7\u00e3o de borracha para criar um fechamento completamente herm\u00e9tico.<\/p>\n<h2>Caracter\u00edsticas do produto<\/h2>\n<ul>\n<li><strong>Prote\u00e7\u00e3o Real Seal:<\/strong> A tampa de encaixe, juntamente com uma veda\u00e7\u00e3o de borracha, impede completamente a entrada de oxig\u00eanio e umidade, mantendo assim o caf\u00e9, a farinha, as especiarias ou o ch\u00e1 frescos por per\u00edodos mais longos.<\/li>\n<li><strong>Ampla abertura para facilitar o enchimento e a limpeza:<\/strong> A ampla abertura permite que voc\u00ea retire, despeje ou limpe o conte\u00fado com facilidade, tornando os potes mais pr\u00e1ticos.<\/li>\n<li><strong>Uma vida longa e agrad\u00e1vel com estes potes:<\/strong> Fabricados em vidro resistente, estes potes de armazenamento tamb\u00e9m podem ser lavados na m\u00e1quina de lavar lou\u00e7a, permitindo uma limpeza r\u00e1pida e f\u00e1cil ap\u00f3s cada utiliza\u00e7\u00e3o di\u00e1ria.<\/li>\n<\/ul>\n<h2 style=\"text-align: left;\">Especifica\u00e7\u00f5es principais<\/h2>\n<table class=\"aligncenter\" style=\"border-collapse: collapse; width: 807.02pt;\" border=\"0\" width=\"1076\" cellspacing=\"0\" cellpadding=\"0\">\n<tbody>\n<tr style=\"height: 13.50pt;\">\n<td style=\"height: 13.50pt; width: 99.75pt;\" width=\"133\" height=\"18\">Recurso<\/td>\n<td style=\"width: 707.25pt;\" width=\"943\">Detalhes<\/td>\n<\/tr>\n<tr style=\"height: 13.50pt;\">\n<td style=\"height: 13.50pt;\" height=\"18\">Tamanho e capacidade<\/td>\n<td>80 ml: 6,1 \u00d7 7,3 cm \/ 100 ml: 6,3 \u00d7 7,1 cm \/ 150 ml: 7,5 \u00d7 7,2 cm \/ 180 ml: 7,9 \u00d7 8,1 cm \/ 200 ml: 7,6 \u00d7 8,2 cm \/ 220 ml: 7,6 \u00d7 9 cm \/ 300 ml: 7,8 \u00d7 10,3 cm \/ 350 ml: 9,2 \u00d7 9,7 cm<\/td>\n<\/tr>\n<tr style=\"height: 13.50pt;\">\n<td style=\"height: 13.50pt;\" height=\"18\">Material<\/td>\n<td>Frasco de vidro transparente de cal sodada + tampa de vidro temperado<\/td>\n<\/tr>\n<tr style=\"height: 13.50pt;\">\n<td style=\"height: 13.50pt;\" height=\"18\">Adequado para<\/td>\n<td>Potes de vidro para armazenamento, potes de vidro para armazenamento de alimentos<\/td>\n<\/tr>\n<\/tbody>\n<\/table>\n<h2>Caso de sucesso: um pedido personalizado de uma rede nacional de cafeterias<\/h2>\n<p>A rede americana de cafeterias selecionou nossos potes de vidro de qualidade alimentar, que foram personalizados com fechos de cobre e datas de torra impressas em serigrafia, para serem usados \u200b\u200bcomo solu\u00e7\u00e3o de armazenamento de gr\u00e3os de caf\u00e9. Os potes de vidro personalizados apresentaram desempenho excepcional, pois aumentaram a vida \u00fatil dos gr\u00e3os de caf\u00e9 em 50% em compara\u00e7\u00e3o com o caf\u00e9 embalado e reduziram as taxas de quebra em 60% em compara\u00e7\u00e3o com os recipientes anteriores. Devido ao sucesso da experi\u00eancia anterior, a empresa fez um pedido adicional de 350.000 potes para sua nova linha de ch\u00e1s especiais.<\/p>\n<h2>Op\u00e7\u00f5es de personaliza\u00e7\u00e3o para potes de vidro de armazenamento<\/h2>\n<ul>\n<li>Acabamentos personalizados para as tampas \u2013 Exalando uma aura de elite, \u00e9 poss\u00edvel escolher fechos de cobre, ouro ou preto para a tampa do frasco.<\/li>\n<li>As tampas de silicone dos frascos s\u00e3o pintadas com cores diferentes \u2013 escolha tampas que correspondam \u00e0s cores da sua marca.<\/li>\n<li>Formatos de Potes Personalizados \u2013 Altere o formato do pote para dar a ele uma apar\u00eancia distinta.<\/li>\n<\/ul>","protected":false},"excerpt":{"rendered":"<p>Descubra potes de vidro premium para armazenamento, feitos de vidro transparente e espesso. Nossos potes herm\u00e9ticos para alimentos oferecem frescor duradouro e amostras gr\u00e1tis.<\/p>","protected":false},"featured_media":24101,"template":"","meta":[],"product_brand":[],"product_cat":[134,124,122],"product_tag":[],"class_list":{"0":"post-24100","1":"product","2":"type-product","3":"status-publish","4":"has-post-thumbnail","6":"product_cat-airtight-jars","7":"product_cat-custom-glass-jars","8":"product_cat-custom-glass-packaging","10":"first","11":"instock","12":"shipping-taxable","13":"product-type-simple"},"jetpack_sharing_enabled":true,"_links":{"self":[{"href":"https:\/\/yebodaglass.com\/pt\/wp-json\/wp\/v2\/product\/24100","targetHints":{"allow":["GET"]}}],"collection":[{"href":"https:\/\/yebodaglass.com\/pt\/wp-json\/wp\/v2\/product"}],"about":[{"href":"https:\/\/yebodaglass.com\/pt\/wp-json\/wp\/v2\/types\/product"}],"version-history":[{"count":5,"href":"https:\/\/yebodaglass.com\/pt\/wp-json\/wp\/v2\/product\/24100\/revisions"}],"predecessor-version":[{"id":25787,"href":"https:\/\/yebodaglass.com\/pt\/wp-json\/wp\/v2\/product\/24100\/revisions\/25787"}],"wp:featuredmedia":[{"embeddable":true,"href":"https:\/\/yebodaglass.com\/pt\/wp-json\/wp\/v2\/media\/24101"}],"wp:attachment":[{"href":"https:\/\/yebodaglass.com\/pt\/wp-json\/wp\/v2\/media?parent=24100"}],"wp:term":[{"taxonomy":"product_brand","embeddable":true,"href":"https:\/\/yebodaglass.com\/pt\/wp-json\/wp\/v2\/product_brand?post=24100"},{"taxonomy":"product_cat","embeddable":true,"href":"https:\/\/yebodaglass.com\/pt\/wp-json\/wp\/v2\/product_cat?post=24100"},{"taxonomy":"product_tag","embeddable":true,"href":"https:\/\/yebodaglass.com\/pt\/wp-json\/wp\/v2\/product_tag?post=24100"}],"curies":[{"name":"wp","href":"https:\/\/api.w.org\/{rel}","templated":true}]}}