{"id":24099,"date":"2025-11-26T12:11:20","date_gmt":"2025-11-26T04:11:20","guid":{"rendered":"https:\/\/yebodaglass.com\/?post_type=product&#038;p=24099"},"modified":"2025-11-27T17:06:46","modified_gmt":"2025-11-27T09:06:46","slug":"wholesale-clear-airtight-glass-jars-with-attached-lids","status":"publish","type":"product","link":"https:\/\/yebodaglass.com\/pt\/wholesale-clear-airtight-glass-jars-with-attached-lids\/","title":{"rendered":"Potes de vidro transparente herm\u00e9ticos com tampas acopladas, dispon\u00edveis para atacado nos tamanhos 25 oz, 32 oz e 50 oz."},"content":{"rendered":"<p>Esses potes de vidro herm\u00e9ticos s\u00e3o feitos de vidro transparente e v\u00eam em tr\u00eas formatos elegantes, finos e redondos. Cada pote acompanha uma tampa de vidro com uma tampa de metal. A tampa herm\u00e9tica \u00e9 uma \u00f3tima maneira de manter frescos diversos tipos de alimentos, como ch\u00e1 e massa.<\/p>\n<h2>Caracter\u00edsticas do produto<\/h2>\n<ul>\n<li><strong>Material transparente, vis\u00e3o clara:<\/strong> O frasco \u00e9 feito de vidro totalmente transparente, permitindo visualizar claramente o tipo e a quantidade do conte\u00fado, dispensando a necessidade de abri-lo para uma identifica\u00e7\u00e3o r\u00e1pida.<\/li>\n<li><strong>Prote\u00e7\u00e3o de veda\u00e7\u00e3o verdadeira:<\/strong> Um anel de veda\u00e7\u00e3o de borracha espessa proporciona uma veda\u00e7\u00e3o forte, rejeitando eficazmente a umidade e as pragas, o que, por sua vez, mant\u00e9m os alimentos frescos.<\/li>\n<li><strong>Tampa de pe\u00e7a \u00fanica que nunca se perde:<\/strong> A tampa fica firmemente presa ao corpo do frasco, portanto n\u00e3o h\u00e1 risco de perd\u00ea-la e suas tarefas na cozinha se tornam mais pr\u00e1ticas.<\/li>\n<\/ul>\n<h2 style=\"text-align: left;\">Especifica\u00e7\u00f5es principais<\/h2>\n<table class=\"aligncenter\" style=\"border-collapse: collapse; width: 417.02pt;\" border=\"0\" width=\"556\" cellspacing=\"0\" cellpadding=\"0\">\n<tbody>\n<tr style=\"height: 13.50pt;\">\n<td style=\"height: 13.50pt; width: 99.75pt;\" width=\"133\" height=\"18\">Especifica\u00e7\u00e3o<\/td>\n<td style=\"width: 317.25pt;\" width=\"423\">Detalhes<\/td>\n<\/tr>\n<tr style=\"height: 13.50pt;\">\n<td style=\"height: 13.50pt;\" height=\"18\">Capacidade<\/td>\n<td>750ml (25oz) \/ 1000ml (32oz) \/ 1500ml (50oz)<\/td>\n<\/tr>\n<tr style=\"height: 13.50pt;\">\n<td style=\"height: 13.50pt;\" height=\"18\">Dimens\u00f5es<\/td>\n<td>10,8\u00d714cm \/ 11\u00d717cm \/ 11,6\u00d721,8cm<\/td>\n<\/tr>\n<tr style=\"height: 13.50pt;\">\n<td style=\"height: 13.50pt;\" height=\"18\">Material<\/td>\n<td>Vidro transparente<\/td>\n<\/tr>\n<tr style=\"height: 13.50pt;\">\n<td style=\"height: 13.50pt;\" height=\"18\">Tipo de tampa<\/td>\n<td>Tampa com presilha met\u00e1lica e al\u00e7a de arame.<\/td>\n<\/tr>\n<tr style=\"height: 13.50pt;\">\n<td style=\"height: 13.50pt;\" height=\"18\">Ideal para<\/td>\n<td>Potes de vidro herm\u00e9ticos, potes de vidro com tampas acopladas.<\/td>\n<\/tr>\n<\/tbody>\n<\/table>\n<h2>Caso de Sucesso: A Solu\u00e7\u00e3o de Armazenamento de uma Loja de Alimentos Especializados<\/h2>\n<p>Uma loja de produtos aliment\u00edcios especiais estava com dificuldades com embalagens que n\u00e3o destacavam seus produtos premium de forma eficaz. Posteriormente, come\u00e7aram a usar nossos potes de vidro de 1500 ml com tampas integradas na se\u00e7\u00e3o de produtos a granel. A tampa de pe\u00e7a \u00fanica reduz em 100% os danos \u00e0s tampas e torna o autosservi\u00e7o mais conveniente para os clientes. De acordo com o feedback dos clientes, a veda\u00e7\u00e3o herm\u00e9tica \u00e9 excelente, prolongando a vida \u00fatil de cereais e massas em at\u00e9 50%. Devido \u00e0 sua not\u00e1vel efic\u00e1cia, encomendaram mais de 200.000 potes para equipar todas as suas lojas.<\/p>\n<h2>Dicas de personaliza\u00e7\u00e3o para potes de vidro herm\u00e9ticos<\/h2>\n<ul>\n<li>Marcadores de Capacidade Elevados \u2013 Adicione gradua\u00e7\u00f5es elevadas para facilitar o controle das por\u00e7\u00f5es.<\/li>\n<li>Logotipo da marca impresso em serigrafia \u2013 Utiliza tinta cer\u00e2mica dur\u00e1vel para resultados de longa dura\u00e7\u00e3o.<\/li>\n<li>An\u00e9is de veda\u00e7\u00e3o coloridos \u2013 Escolha um anel de veda\u00e7\u00e3o de silicone que combine com as cores da sua marca.<\/li>\n<li>Propor\u00e7\u00f5es personalizadas do frasco \u2013 Ajuste a propor\u00e7\u00e3o do frasco para obter uma silhueta \u00fanica.<\/li>\n<\/ul>","protected":false},"excerpt":{"rendered":"<p>Nossos potes de vidro herm\u00e9ticos e potes de vidro com tampas acopladas s\u00e3o projetados para armazenamento seguro de alimentos e apresenta\u00e7\u00e3o impec\u00e1vel, com ofertas especiais para pedidos em grande quantidade.<\/p>","protected":false},"featured_media":24135,"template":"","meta":[],"product_brand":[],"product_cat":[122,134,124],"product_tag":[],"class_list":{"0":"post-24099","1":"product","2":"type-product","3":"status-publish","4":"has-post-thumbnail","6":"product_cat-custom-glass-packaging","7":"product_cat-airtight-jars","8":"product_cat-custom-glass-jars","10":"first","11":"instock","12":"shipping-taxable","13":"product-type-simple"},"jetpack_sharing_enabled":true,"_links":{"self":[{"href":"https:\/\/yebodaglass.com\/pt\/wp-json\/wp\/v2\/product\/24099","targetHints":{"allow":["GET"]}}],"collection":[{"href":"https:\/\/yebodaglass.com\/pt\/wp-json\/wp\/v2\/product"}],"about":[{"href":"https:\/\/yebodaglass.com\/pt\/wp-json\/wp\/v2\/types\/product"}],"version-history":[{"count":5,"href":"https:\/\/yebodaglass.com\/pt\/wp-json\/wp\/v2\/product\/24099\/revisions"}],"predecessor-version":[{"id":24146,"href":"https:\/\/yebodaglass.com\/pt\/wp-json\/wp\/v2\/product\/24099\/revisions\/24146"}],"wp:featuredmedia":[{"embeddable":true,"href":"https:\/\/yebodaglass.com\/pt\/wp-json\/wp\/v2\/media\/24135"}],"wp:attachment":[{"href":"https:\/\/yebodaglass.com\/pt\/wp-json\/wp\/v2\/media?parent=24099"}],"wp:term":[{"taxonomy":"product_brand","embeddable":true,"href":"https:\/\/yebodaglass.com\/pt\/wp-json\/wp\/v2\/product_brand?post=24099"},{"taxonomy":"product_cat","embeddable":true,"href":"https:\/\/yebodaglass.com\/pt\/wp-json\/wp\/v2\/product_cat?post=24099"},{"taxonomy":"product_tag","embeddable":true,"href":"https:\/\/yebodaglass.com\/pt\/wp-json\/wp\/v2\/product_tag?post=24099"}],"curies":[{"name":"wp","href":"https:\/\/api.w.org\/{rel}","templated":true}]}}