{"id":24084,"date":"2025-11-26T11:40:59","date_gmt":"2025-11-26T03:40:59","guid":{"rendered":"https:\/\/yebodaglass.com\/?post_type=product&#038;p=24084"},"modified":"2026-03-12T18:03:24","modified_gmt":"2026-03-12T10:03:24","slug":"custom-design-water-bottles-with-silicone-sleeve","status":"publish","type":"product","link":"https:\/\/yebodaglass.com\/pt\/custom-design-water-bottles-with-silicone-sleeve\/","title":{"rendered":"Garrafas de \u00e1gua de vidro personalizadas com capa de silicone, dispon\u00edveis nos tamanhos 250ml, 350ml e 500ml."},"content":{"rendered":"<p>Estas garrafas de \u00e1gua com design personalizado apresentam um formato cil\u00edndrico alto, com gargalo fino e corpo liso, al\u00e9m de uma tampa de alum\u00ednio segura. A transpar\u00eancia confere \u00e0s garrafas um visual limpo e moderno, ideal para sucos, ch\u00e1s, leite, smoothies e outras bebidas. Port\u00e1teis e pr\u00e1ticas, s\u00e3o perfeitas para hidrata\u00e7\u00e3o di\u00e1ria, pr\u00e1tica de esportes, cafeterias, marcas de sucos e embalagens para o varejo.<\/p>\n<p>A tampa \u00e0 prova de vazamentos \u00e9 fechada com uma rosca, o que permite o transporte seguro do produto; itens como a capa de silicone e a al\u00e7a de transporte s\u00e3o apenas alguns exemplos de acess\u00f3rios sofisticados que facilitam o transporte da garrafa, tornando-a uma companheira pr\u00e1tica em cada uso. Os recipientes de vidro reutiliz\u00e1veis \u200b\u200be ecol\u00f3gicos representam uma \u00f3tima maneira de se manter hidratado e, ao mesmo tempo, minimizar o uso de pl\u00e1stico descart\u00e1vel.<\/p>\n<h2>Especifica\u00e7\u00f5es principais<\/h2>\n<table style=\"border-collapse: collapse; width: 80%; margin-left: auto; margin-right: auto;\" border=\"0\" width=\"868\" cellspacing=\"0\" cellpadding=\"0\">\n<tbody>\n<tr style=\"height: 13.50pt;\">\n<td style=\"height: 13.50pt; width: 138.00pt;\" width=\"184\" height=\"18\">Produto<\/td>\n<td style=\"width: 513.00pt;\" width=\"684\">garrafa de \u00e1gua com design personalizado<\/td>\n<\/tr>\n<tr style=\"height: 13.50pt;\">\n<td style=\"height: 13.50pt; width: 138.00pt;\" width=\"184\" height=\"18\">Op\u00e7\u00f5es de capacidade<\/td>\n<td style=\"width: 513.00pt;\" width=\"684\">250ml \/ 350ml \/ 500ml<\/td>\n<\/tr>\n<tr style=\"height: 13.50pt;\">\n<td style=\"height: 13.50pt;\" height=\"18\">Material da garrafa<\/td>\n<td>Vidro s\u00f3dio-c\u00e1lcico sem chumbo<\/td>\n<\/tr>\n<tr style=\"height: 13.50pt;\">\n<td style=\"height: 13.50pt;\" height=\"18\">Tampa Material<\/td>\n<td>Tampa de alum\u00ednio com revestimento de veda\u00e7\u00e3o<\/td>\n<\/tr>\n<tr style=\"height: 13.50pt;\">\n<td style=\"height: 13.50pt;\" height=\"18\">Bocal de garrafa<\/td>\n<td>30 mm de di\u00e2metro interno<\/td>\n<\/tr>\n<tr style=\"height: 13.50pt;\">\n<td style=\"height: 13.50pt;\" height=\"18\">Estrutura<\/td>\n<td>Garrafa de vidro cil\u00edndrica e fina<\/td>\n<\/tr>\n<tr style=\"height: 13.50pt;\">\n<td style=\"height: 13.50pt;\" height=\"18\">Tipo de veda\u00e7\u00e3o<\/td>\n<td>Tampa rosqueada \u00e0 prova de vazamentos com anel de veda\u00e7\u00e3o espesso<\/td>\n<\/tr>\n<tr style=\"height: 13.50pt;\">\n<td style=\"height: 13.50pt;\" height=\"18\">Acess\u00f3rios opcionais<\/td>\n<td>Capa de silicone, al\u00e7a para transporte, marca\u00e7\u00f5es de medidas.<\/td>\n<\/tr>\n<tr style=\"height: 13.50pt;\">\n<td style=\"height: 13.50pt;\" height=\"18\">Op\u00e7\u00f5es personalizadas<\/td>\n<td>Impress\u00e3o do logotipo, cor da garrafa, estilo da tampa, capa de silicone, caixa de embalagem<\/td>\n<\/tr>\n<tr style=\"height: 13.50pt;\">\n<td style=\"height: 13.50pt;\" height=\"18\">Aplica\u00e7\u00f5es<\/td>\n<td>Sucos, ch\u00e1s, leite, smoothies, \u00e1gua em copo reutiliz\u00e1vel<\/td>\n<\/tr>\n<\/tbody>\n<\/table>\n<h2>Destaques do produto<\/h2>\n<ol>\n<li><strong>Design minimalista\/port\u00e1til<\/strong>O formato fino e leve da garrafa permite que ela caiba em qualquer bolsa esportiva ou de transporte, tornando-a a escolha ideal para manter a ingest\u00e3o di\u00e1ria de \u00e1gua.<\/li>\n<li><strong>Solu\u00e7\u00e3o ecol\u00f3gica e reutiliz\u00e1vel<\/strong>Esses recipientes ecol\u00f3gicos e reutiliz\u00e1veis \u200b\u200bajudar\u00e3o os consumidores a se hidratarem de forma sustent\u00e1vel e a reduzir o desperd\u00edcio de garrafas pl\u00e1sticas.<\/li>\n<li><strong>Tampa \u00e0 prova de vazamentos e segura<\/strong>Esta garrafa possui um anel de veda\u00e7\u00e3o de silicone fino com rosca de precis\u00e3o, o que a torna \u00e0 prova de vazamentos mesmo com bolsas ou mochilas.<\/li>\n<\/ol>\n<h2>Caso de sucesso B2B<\/h2>\n<p>Uma marca australiana de bebidas saud\u00e1veis \u200b\u200bfirmou parceria conosco como seu fornecedor de longo prazo para embalagens personalizadas de garrafas de \u00e1gua para sucos prensados \u200b\u200ba frio.<\/p>\n<p>A empresa encomendou 15.000 unidades de garrafas de \u00e1gua de vidro de 350 ml com capa de silicone como um novo produto. Suas necessidades tradicionais eram:<\/p>\n<ul>\n<li>Logotipo impresso na garrafa de vidro.<\/li>\n<li>Prote\u00e7\u00e3o UV. Cor \u00e2mbar da embalagem.<\/li>\n<li>Design personalizado de tampa de alum\u00ednio<\/li>\n<li>caixas de embalagem de marca<\/li>\n<\/ul>\n<p>O lan\u00e7amento do produto foi um grande sucesso e a garrafa tornou-se um dos formatos de embalagem de vidro mais populares para sucos no varejo. A marca fez o segundo pedido em grande escala, de 25.000 unidades, em apenas oito meses, o que demonstra, mais uma vez, a alta demanda do mercado por embalagens reutiliz\u00e1veis \u200b\u200be ecologicamente corretas para bebidas.<\/p>\n<h2>Recomenda\u00e7\u00f5es de individualiza\u00e7\u00e3o para aplica\u00e7\u00f5es B2B<\/h2>\n<ol>\n<li><strong>Marcas de sucos e bebidas<\/strong>Adicione uma capa de silicone ou um revestimento texturizado para criar uma garrafa de \u00e1gua de vidro com tampa de silicone, melhorando a ader\u00eancia e a diferencia\u00e7\u00e3o da marca.<\/li>\n<li><strong>Lojas de artigos de fitness e estilo de vida<\/strong>Possui al\u00e7a para transporte e marca\u00e7\u00f5es de medidas impressas que ajudam a lembrar os clientes de monitorar seu consumo di\u00e1rio de \u00e1gua e se manterem hidratados durante os treinos.<\/li>\n<li><strong>Produtos promocionais corporativos<\/strong>Oferecemos op\u00e7\u00f5es de garrafas de \u00e1gua personalizadas com impress\u00e3o de logotipo e embalagens econ\u00f4micas para brindes promocionais ou campanhas de bem-estar.<\/li>\n<\/ol>\n<p>Como fabricantes consolidados de garrafas de \u00e1gua de vidro, oferecemos servi\u00e7os confi\u00e1veis \u200b\u200bde fornecimento por atacado para distribuidores, marcas de bebidas e varejistas em todo o mundo. Nossa f\u00e1brica nos permite realizar produ\u00e7\u00e3o em larga escala com flexibilidade, e nossos clientes conseguem produzir garrafas de \u00e1gua de vidro de alta qualidade que combinam estilo, sustentabilidade e desempenho.<\/p>","protected":false},"excerpt":{"rendered":"<p>Garrafa de \u00e1gua personalizada, feita de vidro resistente com capa de silicone. Garrafas de \u00e1gua de vidro ecol\u00f3gicas para venda por atacado, \u00e0 prova de vazamentos e reutiliz\u00e1veis \u200b\u200bpara hidrata\u00e7\u00e3o di\u00e1ria.<\/p>","protected":false},"featured_media":25425,"template":"","meta":[],"product_brand":[],"product_cat":[136,123,122],"product_tag":[],"class_list":{"0":"post-24084","1":"product","2":"type-product","3":"status-publish","4":"has-post-thumbnail","6":"product_cat-glass-water-bottles","7":"product_cat-custom-glass-bottles","8":"product_cat-custom-glass-packaging","10":"first","11":"instock","12":"shipping-taxable","13":"product-type-simple"},"jetpack_sharing_enabled":true,"_links":{"self":[{"href":"https:\/\/yebodaglass.com\/pt\/wp-json\/wp\/v2\/product\/24084","targetHints":{"allow":["GET"]}}],"collection":[{"href":"https:\/\/yebodaglass.com\/pt\/wp-json\/wp\/v2\/product"}],"about":[{"href":"https:\/\/yebodaglass.com\/pt\/wp-json\/wp\/v2\/types\/product"}],"version-history":[{"count":5,"href":"https:\/\/yebodaglass.com\/pt\/wp-json\/wp\/v2\/product\/24084\/revisions"}],"predecessor-version":[{"id":25427,"href":"https:\/\/yebodaglass.com\/pt\/wp-json\/wp\/v2\/product\/24084\/revisions\/25427"}],"wp:featuredmedia":[{"embeddable":true,"href":"https:\/\/yebodaglass.com\/pt\/wp-json\/wp\/v2\/media\/25425"}],"wp:attachment":[{"href":"https:\/\/yebodaglass.com\/pt\/wp-json\/wp\/v2\/media?parent=24084"}],"wp:term":[{"taxonomy":"product_brand","embeddable":true,"href":"https:\/\/yebodaglass.com\/pt\/wp-json\/wp\/v2\/product_brand?post=24084"},{"taxonomy":"product_cat","embeddable":true,"href":"https:\/\/yebodaglass.com\/pt\/wp-json\/wp\/v2\/product_cat?post=24084"},{"taxonomy":"product_tag","embeddable":true,"href":"https:\/\/yebodaglass.com\/pt\/wp-json\/wp\/v2\/product_tag?post=24084"}],"curies":[{"name":"wp","href":"https:\/\/api.w.org\/{rel}","templated":true}]}}