{"id":24080,"date":"2025-11-26T09:31:37","date_gmt":"2025-11-26T01:31:37","guid":{"rendered":"https:\/\/yebodaglass.com\/?post_type=product&#038;p=24080"},"modified":"2025-11-26T11:53:52","modified_gmt":"2025-11-26T03:53:52","slug":"wholesale-small-clear-glass-storage-jars-with-lids","status":"publish","type":"product","link":"https:\/\/yebodaglass.com\/pt\/wholesale-small-clear-glass-storage-jars-with-lids\/","title":{"rendered":"Potes de vidro transparente pequenos para armazenamento, com tampas, dispon\u00edveis para venda por atacado, nos tamanhos 80ml, 100ml e 150ml."},"content":{"rendered":"<p data-start=\"66\" data-end=\"288\">Estes s\u00e3o potes de armazenamento em formato cil\u00edndrico, feitos de vidro transparente. Cada pote acompanha uma elegante tampa de metal com fecho de press\u00e3o.<\/p>\n<h2>Caracter\u00edsticas do produto<\/h2>\n<ul>\n<li><strong>Material transparente:<\/strong> Os frascos s\u00e3o feitos de vidro totalmente transparente, o que torna o tipo e a quantidade de itens em seu interior claramente vis\u00edveis, permitindo identific\u00e1-los facilmente sem a necessidade de abrir a tampa.<\/li>\n<li><strong>Design de veda\u00e7\u00e3o por encaixe:<\/strong> \u00c9 equipada com uma tampa de metal com fecho herm\u00e9tico que proporciona excelente veda\u00e7\u00e3o e impede eficazmente a entrada de umidade, preservando assim o frescor. Abrir e fechar \u00e9 bastante f\u00e1cil e r\u00e1pido.<\/li>\n<li><strong>Design compacto e est\u00e1vel:<\/strong> O formato curto, robusto e arredondado dos potes n\u00e3o s\u00f3 garante sua estabilidade e durabilidade nas prateleiras, como tamb\u00e9m economiza espa\u00e7o de armazenamento, tornando-os ideais para cozinhas, arm\u00e1rios e outros locais.<\/li>\n<\/ul>\n<h2 style=\"text-align: left;\">Especifica\u00e7\u00f5es principais<\/h2>\n<table class=\"aligncenter\" style=\"border-collapse: collapse; width: 519.77pt;\" border=\"0\" width=\"693\" cellspacing=\"0\" cellpadding=\"0\">\n<tbody>\n<tr style=\"height: 13.50pt;\">\n<td style=\"height: 13.50pt; width: 94.50pt;\" width=\"126\" height=\"18\">Recurso<\/td>\n<td style=\"width: 425.25pt;\" width=\"567\">Detalhes<\/td>\n<\/tr>\n<tr style=\"height: 13.50pt;\">\n<td style=\"height: 13.50pt;\" height=\"18\">Dimens\u00f5es<\/td>\n<td>80 ml: 6,1 \u00d7 7,3 cm \/ 100 ml: 6,3 \u00d7 7,1 cm \/ 150 ml: 7,5 \u00d7 7,2 cm<\/td>\n<\/tr>\n<tr style=\"height: 13.50pt;\">\n<td style=\"height: 13.50pt;\" height=\"18\">Material<\/td>\n<td>Frasco de vidro transparente de cal sodada + tampa de vidro temperado<\/td>\n<\/tr>\n<tr style=\"height: 13.50pt;\">\n<td style=\"height: 13.50pt;\" height=\"18\">Tipo de veda\u00e7\u00e3o<\/td>\n<td>Fecho com clipe de arame e tampas herm\u00e9ticas.<\/td>\n<\/tr>\n<tr style=\"height: 13.50pt;\">\n<td style=\"height: 13.50pt;\" height=\"18\">Adequado para<\/td>\n<td>Pote de vidro para armazenamento, pote para guardar alimentos<\/td>\n<\/tr>\n<\/tbody>\n<\/table>\n<h2>Caso de sucesso: a moderniza\u00e7\u00e3o do sistema de armazenamento de uma marca de alimentos.<\/h2>\n<p>Uma empresa de alimentos especiais procurava pequenos potes de vidro com tampa para armazenar suas misturas de especiarias premium. Nossos potes de vidro de 150 ml foram a escolha final. A satisfa\u00e7\u00e3o do cliente aumentou 35% devido \u00e0 excelente veda\u00e7\u00e3o das tampas de encaixe, que mantiveram as especiarias frescas por mais de 12 meses. Os clientes conseguiam ver claramente as cores vibrantes das especiarias atrav\u00e9s dos potes de vidro que compraram, resultando em um aumento de 20% nas vendas nas lojas. A empresa ficou t\u00e3o satisfeita que fez um novo pedido em grande quantidade de 200.000 potes para expandir seus neg\u00f3cios para novos mercados varejistas.<\/p>\n<h2>Solu\u00e7\u00f5es de personaliza\u00e7\u00e3o para potes de vidro<\/h2>\n<ul>\n<li>Etiquetas impressas em serigrafia \u2013 Utilizando um m\u00e9todo de impress\u00e3o cer\u00e2mica permanente, criamos uma identidade visual impressionante para nossa marca.<\/li>\n<li>Efeito Vidro Fosco \u2013 Obtenha um acabamento fosco elegante utilizando um m\u00e9todo de corros\u00e3o \u00e1cida.<\/li>\n<li>Marca\u00e7\u00f5es de capacidade \u2013 Facilite a navega\u00e7\u00e3o do usu\u00e1rio adicionando gradua\u00e7\u00f5es em relevo ou impressas.<\/li>\n<li>Formatos de Potes Personalizados \u2013 Uma pequena altera\u00e7\u00e3o no contorno resulta em uma apar\u00eancia \u00fanica.<\/li>\n<\/ul>\n<p>Se voc\u00ea precisar de personaliza\u00e7\u00e3o para um determinado mercado ou quiser adicionar uma tabela de pre\u00e7os com base na capacidade, n\u00e3o hesite em entrar em contato conosco.<\/p>","protected":false},"excerpt":{"rendered":"<p>Nosso pote de vidro redondo oferece veda\u00e7\u00e3o herm\u00e9tica para temperos, lanches e artesanato. Potes de vidro premium com tampas, prontos para entrega imediata. Envio r\u00e1pido.<\/p>","protected":false},"featured_media":24093,"template":"","meta":[],"product_brand":[],"product_cat":[122,134,124],"product_tag":[],"class_list":{"0":"post-24080","1":"product","2":"type-product","3":"status-publish","4":"has-post-thumbnail","6":"product_cat-custom-glass-packaging","7":"product_cat-airtight-jars","8":"product_cat-custom-glass-jars","10":"first","11":"instock","12":"shipping-taxable","13":"product-type-simple"},"jetpack_sharing_enabled":true,"_links":{"self":[{"href":"https:\/\/yebodaglass.com\/pt\/wp-json\/wp\/v2\/product\/24080","targetHints":{"allow":["GET"]}}],"collection":[{"href":"https:\/\/yebodaglass.com\/pt\/wp-json\/wp\/v2\/product"}],"about":[{"href":"https:\/\/yebodaglass.com\/pt\/wp-json\/wp\/v2\/types\/product"}],"version-history":[{"count":3,"href":"https:\/\/yebodaglass.com\/pt\/wp-json\/wp\/v2\/product\/24080\/revisions"}],"predecessor-version":[{"id":24098,"href":"https:\/\/yebodaglass.com\/pt\/wp-json\/wp\/v2\/product\/24080\/revisions\/24098"}],"wp:featuredmedia":[{"embeddable":true,"href":"https:\/\/yebodaglass.com\/pt\/wp-json\/wp\/v2\/media\/24093"}],"wp:attachment":[{"href":"https:\/\/yebodaglass.com\/pt\/wp-json\/wp\/v2\/media?parent=24080"}],"wp:term":[{"taxonomy":"product_brand","embeddable":true,"href":"https:\/\/yebodaglass.com\/pt\/wp-json\/wp\/v2\/product_brand?post=24080"},{"taxonomy":"product_cat","embeddable":true,"href":"https:\/\/yebodaglass.com\/pt\/wp-json\/wp\/v2\/product_cat?post=24080"},{"taxonomy":"product_tag","embeddable":true,"href":"https:\/\/yebodaglass.com\/pt\/wp-json\/wp\/v2\/product_tag?post=24080"}],"curies":[{"name":"wp","href":"https:\/\/api.w.org\/{rel}","templated":true}]}}