{"id":24044,"date":"2025-11-24T16:02:34","date_gmt":"2025-11-24T08:02:34","guid":{"rendered":"https:\/\/yebodaglass.com\/?post_type=product&#038;p=24044"},"modified":"2025-11-24T17:34:31","modified_gmt":"2025-11-24T09:34:31","slug":"vintage-spice-jars-with-wooden-lids-wholesale","status":"publish","type":"product","link":"https:\/\/yebodaglass.com\/pt\/vintage-spice-jars-with-wooden-lids-wholesale\/","title":{"rendered":"Potes de especiarias vintage com tampas de madeira, atacado, 410ml"},"content":{"rendered":"<p>Cansado de potes de tempero antigos que n\u00e3o conservam o frescor? N\u00f3s criamos potes de tempero com estilo vintage, com tampa de madeira para um toque retr\u00f4. Esses conjuntos de potes transformam seu estoque de temperos em um verdadeiro chamariz para sua marca. Pedidos em grande quantidade recebem acabamentos de madeira personalizados para combinar com a sua etiqueta.<\/p>\n<h2>Caracter\u00edsticas do produto<\/h2>\n<p><strong>Design de textura vintage<\/strong><\/p>\n<p>Vidro fosco com padr\u00e3o em relevo \u2014 ideal para especiarias.<\/p>\n<p><strong>Veda\u00e7\u00e3o da tampa de madeira<\/strong><\/p>\n<p>A tampa de madeira proporciona um fechamento herm\u00e9tico, mantendo os temperos frescos.<\/p>\n<p><strong>Vers\u00e1til, com capacidade de 410ml.<\/strong><\/p>\n<p>Pode armazenar qualquer tipo de especiaria \u2014 perfeito para compras em grandes quantidades e no atacado.<\/p>\n<h2>Especifica\u00e7\u00f5es principais<\/h2>\n<table style=\"border-collapse: collapse; width: 80%; margin-left: auto; margin-right: auto;\" border=\"0\" width=\"216\" cellspacing=\"0\" cellpadding=\"0\">\n<tbody>\n<tr style=\"height: 13.50pt;\">\n<td style=\"height: 13.5pt; width: 54pt; text-align: center;\" width=\"72\" height=\"18\">Capacidade<\/td>\n<td style=\"width: 54pt; text-align: center;\" width=\"72\">Tamanho (cm)<\/td>\n<td style=\"width: 54pt; text-align: center;\" width=\"72\">Acess\u00f3rios<\/td>\n<\/tr>\n<tr style=\"height: 13.50pt;\">\n<td style=\"height: 13.5pt; text-align: center;\" height=\"18\">410ml<\/td>\n<td style=\"text-align: center;\">8,6 x 10,5<\/td>\n<td style=\"text-align: center;\">Colher de pau<\/td>\n<\/tr>\n<\/tbody>\n<\/table>\n<h2>Caso de sucesso<\/h2>\n<p>Uma marca de condimentos de alta qualidade de Vancouver estava enfrentando dificuldades h\u00e1 algum tempo devido \u00e0 inconsist\u00eancia de seus produtos, o que dificultava sua visibilidade nas prateleiras das lojas. A solu\u00e7\u00e3o encontrada foi criar um conjunto de potes de especiarias vintage com tampa de madeira e colher. Utilizando nossa textura em relevo, tampa de madeira escura e op\u00e7\u00f5es de tamanho personalizadas, eles conseguiram desenvolver uma identidade visual para a marca com um aspecto mais natural e artesanal.<\/p>\n<p>Os tr\u00eas primeiros meses ap\u00f3s o lan\u00e7amento do novo produto testemunharam uma mudan\u00e7a dr\u00e1stica no feedback do varejo, com o kit de presente que acompanhava o produto apresentando vendas particularmente expressivas. A receita total aumentou cerca de 28% em compara\u00e7\u00e3o com a embalagem anterior.<\/p>\n<h2>Seu Guia de Personaliza\u00e7\u00e3o<\/h2>\n<ol>\n<li><strong>Tampas de madeira personaliz\u00e1veis:<\/strong>Escolha materiais como nogueira, bambu ou carvalho para as tampas e selecione a cor e a textura que melhor complementem o aspecto natural ou luxuoso da sua marca.<\/li>\n<li><strong>Relevo em vidro e acabamentos texturizados:<\/strong>Ofere\u00e7a aos seus clientes padr\u00f5es como diamantes, ondas, xadrez vintage ou um logotipo personalizado em relevo para tornar sua marca mais reconhec\u00edvel.<\/li>\n<li><strong>Op\u00e7\u00f5es de capacidade e design do gargalo:<\/strong>Voc\u00ea pode escolher o volume do frasco entre 100ml, 150ml e 250ml, ou pode modificar o tamanho do gargalo para que a colher ou a tampa com a peneira se encaixem.<\/li>\n<\/ol>","protected":false},"excerpt":{"rendered":"<p>Conjunto de especiarias inspirado em potes de especiarias vintage, oferecendo o charme de um conjunto de potes de especiarias, ideal para quem busca um armazenamento de temperos elegante e personaliz\u00e1vel.<\/p>","protected":false},"featured_media":24059,"template":"","meta":[],"product_brand":[],"product_cat":[128,124,122],"product_tag":[],"class_list":{"0":"post-24044","1":"product","2":"type-product","3":"status-publish","4":"has-post-thumbnail","6":"product_cat-spice-jars","7":"product_cat-custom-glass-jars","8":"product_cat-custom-glass-packaging","10":"first","11":"instock","12":"shipping-taxable","13":"product-type-simple"},"jetpack_sharing_enabled":true,"_links":{"self":[{"href":"https:\/\/yebodaglass.com\/pt\/wp-json\/wp\/v2\/product\/24044","targetHints":{"allow":["GET"]}}],"collection":[{"href":"https:\/\/yebodaglass.com\/pt\/wp-json\/wp\/v2\/product"}],"about":[{"href":"https:\/\/yebodaglass.com\/pt\/wp-json\/wp\/v2\/types\/product"}],"version-history":[{"count":5,"href":"https:\/\/yebodaglass.com\/pt\/wp-json\/wp\/v2\/product\/24044\/revisions"}],"predecessor-version":[{"id":24060,"href":"https:\/\/yebodaglass.com\/pt\/wp-json\/wp\/v2\/product\/24044\/revisions\/24060"}],"wp:featuredmedia":[{"embeddable":true,"href":"https:\/\/yebodaglass.com\/pt\/wp-json\/wp\/v2\/media\/24059"}],"wp:attachment":[{"href":"https:\/\/yebodaglass.com\/pt\/wp-json\/wp\/v2\/media?parent=24044"}],"wp:term":[{"taxonomy":"product_brand","embeddable":true,"href":"https:\/\/yebodaglass.com\/pt\/wp-json\/wp\/v2\/product_brand?post=24044"},{"taxonomy":"product_cat","embeddable":true,"href":"https:\/\/yebodaglass.com\/pt\/wp-json\/wp\/v2\/product_cat?post=24044"},{"taxonomy":"product_tag","embeddable":true,"href":"https:\/\/yebodaglass.com\/pt\/wp-json\/wp\/v2\/product_tag?post=24044"}],"curies":[{"name":"wp","href":"https:\/\/api.w.org\/{rel}","templated":true}]}}