{"id":24035,"date":"2025-11-24T14:21:56","date_gmt":"2025-11-24T06:21:56","guid":{"rendered":"https:\/\/yebodaglass.com\/?post_type=product&#038;p=24035"},"modified":"2025-11-24T17:30:11","modified_gmt":"2025-11-24T09:30:11","slug":"custom-vintage-pickle-jar-with-lids-wholesale","status":"publish","type":"product","link":"https:\/\/yebodaglass.com\/pt\/custom-vintage-pickle-jar-with-lids-wholesale\/","title":{"rendered":"Potes de conserva vintage personalizados com tampas, de 50 ml a 380 ml, para venda por atacado."},"content":{"rendered":"<p>Cansado de potes de picles que desbotam seus pepinos? Criamos potes de picles vintage com tampa vermelha e branca para uma nostalgia instant\u00e2nea. Esses potes para cebolas em conserva transformam seu estoque de alimentos em um \u00edm\u00e3 para sua marca. Pedidos em grande quantidade recebem tamanhos personalizados para combinar com a aplica\u00e7\u00e3o do seu r\u00f3tulo.<\/p>\n<h2>Caracter\u00edsticas do produto<\/h2>\n<p><strong>Visual retr\u00f4 cl\u00e1ssico<\/strong><\/p>\n<p>Com um estilo retr\u00f4 de tampa de rosca quadriculada, este item eleva visualmente o ambiente e pode ser uma combina\u00e7\u00e3o perfeita para alimentos artesanais, f\u00e1bricas de processamento agr\u00edcola e conjuntos de presentes personalizados.<\/p>\n<p><strong>Dispon\u00edvel em v\u00e1rios tamanhos<\/strong><\/p>\n<p>A linha de produtos tem capacidade para atender \u00e0s necessidades de embalagem de atacadistas e f\u00e1bricas de alimentos para os diferentes tipos de produtos em conserva, numa gama de tamanhos que vai desde um pequeno frasco para degusta\u00e7\u00e3o at\u00e9 uma grande embalagem para toda a fam\u00edlia.<\/p>\n<p><strong>Alta resist\u00eancia ao calor e aos \u00e1cidos<\/strong><\/p>\n<p>O recipiente de vidro \u00e9 ideal para conservar vegetais em diversos l\u00edquidos, como vinagre, \u00f3leo de pimenta e calda de a\u00e7\u00facar, sendo resistente a odores e corros\u00e3o, garantindo assim o armazenamento seguro por um longo per\u00edodo.<\/p>\n<h2>Especifica\u00e7\u00f5es principais<\/h2>\n<table style=\"border-collapse: collapse; width: 80%; margin-left: auto; margin-right: auto;\" border=\"0\" width=\"288\" cellspacing=\"0\" cellpadding=\"0\">\n<tbody>\n<tr style=\"height: 13.50pt;\">\n<td style=\"height: 13.5pt; width: 54pt; text-align: center;\" width=\"72\" height=\"18\">Capacidade (ml)<\/td>\n<td style=\"width: 54pt; text-align: center;\" width=\"72\">Tamanho (cm)<\/td>\n<td style=\"width: 54pt; text-align: center;\" width=\"72\">Uso<\/td>\n<td style=\"width: 54pt; text-align: center;\" width=\"72\">Tampas<\/td>\n<\/tr>\n<tr style=\"height: 13.50pt;\">\n<td style=\"height: 13.5pt; text-align: center;\" align=\"right\" height=\"18\">50<\/td>\n<td style=\"text-align: center;\">4.4 * 5.5<\/td>\n<td class=\"et2\" style=\"text-align: center;\" rowspan=\"6\">Geleia, picles, mel<\/td>\n<td class=\"et2\" style=\"text-align: center;\" rowspan=\"6\">cobertura de folha de flandres<\/td>\n<\/tr>\n<tr style=\"height: 13.50pt;\">\n<td style=\"height: 13.5pt; text-align: center;\" align=\"right\" height=\"18\">100<\/td>\n<td style=\"text-align: center;\">5.9 * 6.4<\/td>\n<\/tr>\n<tr style=\"height: 13.50pt;\">\n<td style=\"height: 13.5pt; text-align: center;\" align=\"right\" height=\"18\">150<\/td>\n<td style=\"text-align: center;\">6.5 * 6.8<\/td>\n<\/tr>\n<tr style=\"height: 13.50pt;\">\n<td style=\"height: 13.5pt; text-align: center;\" align=\"right\" height=\"18\">200<\/td>\n<td style=\"text-align: center;\">6.5 * 8.5<\/td>\n<\/tr>\n<tr style=\"height: 13.50pt;\">\n<td style=\"height: 13.5pt; text-align: center;\" align=\"right\" height=\"18\">250<\/td>\n<td style=\"text-align: center;\">7.5 * 9.7<\/td>\n<\/tr>\n<tr style=\"height: 13.50pt;\">\n<td style=\"height: 13.5pt; text-align: center;\" align=\"right\" height=\"18\">380<\/td>\n<td style=\"text-align: center;\">8.4 * 11.5<\/td>\n<\/tr>\n<\/tbody>\n<\/table>\n<h2>Caso de sucesso<\/h2>\n<p>A empresa polonesa de processamento agr\u00edcola nos procurou com o desafio de criar uma embalagem que n\u00e3o s\u00f3 refletisse o estilo tradicional e caseiro, mas que tamb\u00e9m aumentasse a visibilidade da marca nos supermercados. Nossa sugest\u00e3o foi o pote de conserva \u00e0 moda antiga com uma tampa quadriculada nost\u00e1lgica, e fizemos as altera\u00e7\u00f5es necess\u00e1rias para as duas linhas de produtos no tamanho e na cor da tampa: cebolas em conserva e legumes mistos.<\/p>\n<p>Um crescimento de 35% nas vendas foi registrado em apenas dois meses ap\u00f3s o primeiro lote de potes de cebola em conserva em redes de supermercados locais, devido \u00e0 sua apar\u00eancia atraente e bom desempenho de veda\u00e7\u00e3o.<\/p>\n<h2>Seu Guia de Personaliza\u00e7\u00e3o<\/h2>\n<ol>\n<li><strong>Personalize o design da tampa:<\/strong> Adicione o logotipo da sua empresa, a textura da borda ou os blocos de cores do tema escolhido, juntamente com o cl\u00e1ssico padr\u00e3o xadrez vermelho e branco na tampa, para transform\u00e1-la em um identificador exclusivo.<\/li>\n<li><strong>Melhore o tecido da etiqueta:<\/strong> Escolha um papel fosco, um papel sint\u00e9tico oleof\u00f3bico ou etiquetas met\u00e1licas para dar ao seu produto um estilo visual e uma textura mais refinados ou &#034;r\u00fastico-retr\u00f4&#034;.<\/li>\n<\/ol>","protected":false},"excerpt":{"rendered":"<p>Pote de conserva vintage com tampa, ideal para conservar cebolas em conserva. Fornecimento direto da f\u00e1brica e op\u00e7\u00f5es de personaliza\u00e7\u00e3o dispon\u00edveis. Entrega imediata.<\/p>","protected":false},"featured_media":24036,"template":"","meta":[],"product_brand":[],"product_cat":[122,124,133],"product_tag":[],"class_list":{"0":"post-24035","1":"product","2":"type-product","3":"status-publish","4":"has-post-thumbnail","6":"product_cat-custom-glass-packaging","7":"product_cat-custom-glass-jars","8":"product_cat-pickle-jars","10":"first","11":"instock","12":"shipping-taxable","13":"product-type-simple"},"jetpack_sharing_enabled":true,"_links":{"self":[{"href":"https:\/\/yebodaglass.com\/pt\/wp-json\/wp\/v2\/product\/24035","targetHints":{"allow":["GET"]}}],"collection":[{"href":"https:\/\/yebodaglass.com\/pt\/wp-json\/wp\/v2\/product"}],"about":[{"href":"https:\/\/yebodaglass.com\/pt\/wp-json\/wp\/v2\/types\/product"}],"version-history":[{"count":5,"href":"https:\/\/yebodaglass.com\/pt\/wp-json\/wp\/v2\/product\/24035\/revisions"}],"predecessor-version":[{"id":24054,"href":"https:\/\/yebodaglass.com\/pt\/wp-json\/wp\/v2\/product\/24035\/revisions\/24054"}],"wp:featuredmedia":[{"embeddable":true,"href":"https:\/\/yebodaglass.com\/pt\/wp-json\/wp\/v2\/media\/24036"}],"wp:attachment":[{"href":"https:\/\/yebodaglass.com\/pt\/wp-json\/wp\/v2\/media?parent=24035"}],"wp:term":[{"taxonomy":"product_brand","embeddable":true,"href":"https:\/\/yebodaglass.com\/pt\/wp-json\/wp\/v2\/product_brand?post=24035"},{"taxonomy":"product_cat","embeddable":true,"href":"https:\/\/yebodaglass.com\/pt\/wp-json\/wp\/v2\/product_cat?post=24035"},{"taxonomy":"product_tag","embeddable":true,"href":"https:\/\/yebodaglass.com\/pt\/wp-json\/wp\/v2\/product_tag?post=24035"}],"curies":[{"name":"wp","href":"https:\/\/api.w.org\/{rel}","templated":true}]}}