{"id":24010,"date":"2025-11-21T14:34:47","date_gmt":"2025-11-21T06:34:47","guid":{"rendered":"https:\/\/yebodaglass.com\/?post_type=product&#038;p=24010"},"modified":"2025-11-21T14:52:06","modified_gmt":"2025-11-21T06:52:06","slug":"glass-pickle-jars-wholesale-with-high-top-lids","status":"publish","type":"product","link":"https:\/\/yebodaglass.com\/pt\/glass-pickle-jars-wholesale-with-high-top-lids\/","title":{"rendered":"Potes de vidro para conservas de 100ml a 750ml com tampas altas para venda por atacado."},"content":{"rendered":"<p>Voc\u00ea est\u00e1 cansado de potes de conserva que vazam ou mancham seus pepinos? Fabricamos potes de vidro para conserva no atacado \u2013 chega de derramamentos de salmoura! Esses potes transformar\u00e3o seu armazenamento de alimentos em um sucesso de vendas com a sua marca. Pedidos em grande quantidade recebem tamanhos personalizados para combinar com a sua marca.<\/p>\n<h2>Caracter\u00edsticas do produto<\/h2>\n<p><strong>Veda\u00e7\u00e3o da tampa met\u00e1lica superior<\/strong><\/p>\n<p>A tampa de metal preserva a salmoura e o sabor \u2013 os picles permanecem frescos, sem estragar, nunca.<\/p>\n<p><strong>Visibilidade cristalina do vidro<\/strong><\/p>\n<p>Testemunhe a frescura do endro em conserva \u2013 os clientes conquistam a confian\u00e7a dos seus clientes instantaneamente atrav\u00e9s dos seus frascos de vidro.<\/p>\n<p><strong>Op\u00e7\u00f5es de m\u00faltiplas capacidades<\/strong><\/p>\n<p>De 100ml a 220ml, pode atender a pequenas quantidades ou grandes volumes.<\/p>\n<h2>Especifica\u00e7\u00f5es principais<\/h2>\n<table style=\"border-collapse: collapse; width: 80%; margin-left: auto; margin-right: auto;\" border=\"0\" width=\"216\" cellspacing=\"0\" cellpadding=\"0\">\n<tbody>\n<tr style=\"height: 13.50pt;\">\n<td style=\"height: 13.5pt; width: 54pt; text-align: center;\" width=\"72\" height=\"18\">Capacidade (ml)<\/td>\n<td style=\"width: 54pt; text-align: center;\" width=\"72\">Tamanho (cm)<\/td>\n<td style=\"width: 54pt; text-align: center;\" width=\"72\">Tampas<\/td>\n<\/tr>\n<tr style=\"height: 13.50pt;\">\n<td style=\"height: 13.5pt; text-align: center;\" align=\"right\" height=\"18\">100<\/td>\n<td style=\"text-align: center;\">6,2 x 6,8<\/td>\n<td class=\"et2\" style=\"text-align: center;\" rowspan=\"7\">Tampas met\u00e1licas altas<\/td>\n<\/tr>\n<tr style=\"height: 13.50pt;\">\n<td style=\"height: 13.5pt; text-align: center;\" align=\"right\" height=\"18\">150 \/ 5 on\u00e7as<\/td>\n<td style=\"text-align: center;\">7,5 x 6,6<\/td>\n<\/tr>\n<tr style=\"height: 13.50pt;\">\n<td style=\"height: 13.5pt; text-align: center;\" align=\"right\" height=\"18\">180 \/ 6 on\u00e7as<\/td>\n<td style=\"text-align: center;\">7,3 x 7,8<\/td>\n<\/tr>\n<tr style=\"height: 13.50pt;\">\n<td style=\"height: 13.5pt; text-align: center;\" align=\"right\" height=\"18\">220<\/td>\n<td style=\"text-align: center;\">6,6 x 10,6<\/td>\n<\/tr>\n<tr style=\"height: 13.50pt;\">\n<td style=\"height: 13.5pt; text-align: center;\" align=\"right\" height=\"18\">380<\/td>\n<td style=\"text-align: center;\">7,5 x 12,5<\/td>\n<\/tr>\n<tr style=\"height: 13.50pt;\">\n<td style=\"height: 13.5pt; text-align: center;\" align=\"right\" height=\"18\">500<\/td>\n<td style=\"text-align: center;\">7,5 x 14,9<\/td>\n<\/tr>\n<tr style=\"height: 13.50pt;\">\n<td style=\"height: 13.5pt; text-align: center;\" align=\"right\" height=\"18\">750 \/ 25 on\u00e7as<\/td>\n<td style=\"text-align: center;\">8,6 x 17,5<\/td>\n<\/tr>\n<\/tbody>\n<\/table>\n<h2>Hist\u00f3ria de sucesso<\/h2>\n<p>Uma marca de picles especiais do oeste canadense nos procurou para reformular sua linha de produtos, optando por este pote de vidro alto para picles. Seus novos produtos eram uma variedade de vegetais em conserva e salmouras, e a embalagem antiga frequentemente vazava e se danificava durante o transporte. Fornecemos a eles um pote com parede mais grossa e uma tampa alta mais est\u00e1vel.<\/p>\n<p>Como resultado, o novo frasco de vidro para picles conseguiu melhorar a veda\u00e7\u00e3o, e as vendas do novo produto aumentaram em quase 30% em tr\u00eas meses.<\/p>\n<h2>Seu Guia de Personaliza\u00e7\u00e3o<\/h2>\n<ol>\n<li><strong>Suporta v\u00e1rios tipos de tampas:<\/strong> Al\u00e9m da tampa alta simples, as op\u00e7\u00f5es podem incluir tampas refor\u00e7adas com junta ou tampas fabricadas com diferentes materiais, proporcionando assim um estilo mais harmonioso e melhor compatibilidade com linhas de produ\u00e7\u00e3o automatizadas de tampas.<\/li>\n<li><strong>\u00c1rea da etiqueta fosca:<\/strong> O recipiente pode ser fosco ou ter uma textura levemente antiderrapante, facilitando a aplica\u00e7\u00e3o dos r\u00f3tulos e melhorando a qualidade geral da embalagem.<\/li>\n<li><strong>Vidro colorido \u00e0 sua escolha para grandes encomendas:<\/strong> Vidros \u00e2mbar, verdes ou de qualquer outra tonalidade podem ser usados \u200b\u200bn\u00e3o apenas para melhorar as caracter\u00edsticas de prote\u00e7\u00e3o de produtos fotossens\u00edveis, mas tamb\u00e9m para fortalecer a marca.<\/li>\n<\/ol>","protected":false},"excerpt":{"rendered":"<p>Potes de vidro para conservas no atacado com tampa de veda\u00e7\u00e3o alta, ideais para marcas que precisam de uma solu\u00e7\u00e3o em potes para conservas em grandes quantidades, fornecimento direto da f\u00e1brica e op\u00e7\u00f5es personaliz\u00e1veis.<\/p>","protected":false},"featured_media":24020,"template":"","meta":[],"product_brand":[],"product_cat":[122,124,133],"product_tag":[],"class_list":{"0":"post-24010","1":"product","2":"type-product","3":"status-publish","4":"has-post-thumbnail","6":"product_cat-custom-glass-packaging","7":"product_cat-custom-glass-jars","8":"product_cat-pickle-jars","10":"first","11":"instock","12":"shipping-taxable","13":"product-type-simple"},"jetpack_sharing_enabled":true,"_links":{"self":[{"href":"https:\/\/yebodaglass.com\/pt\/wp-json\/wp\/v2\/product\/24010","targetHints":{"allow":["GET"]}}],"collection":[{"href":"https:\/\/yebodaglass.com\/pt\/wp-json\/wp\/v2\/product"}],"about":[{"href":"https:\/\/yebodaglass.com\/pt\/wp-json\/wp\/v2\/types\/product"}],"version-history":[{"count":5,"href":"https:\/\/yebodaglass.com\/pt\/wp-json\/wp\/v2\/product\/24010\/revisions"}],"predecessor-version":[{"id":24021,"href":"https:\/\/yebodaglass.com\/pt\/wp-json\/wp\/v2\/product\/24010\/revisions\/24021"}],"wp:featuredmedia":[{"embeddable":true,"href":"https:\/\/yebodaglass.com\/pt\/wp-json\/wp\/v2\/media\/24020"}],"wp:attachment":[{"href":"https:\/\/yebodaglass.com\/pt\/wp-json\/wp\/v2\/media?parent=24010"}],"wp:term":[{"taxonomy":"product_brand","embeddable":true,"href":"https:\/\/yebodaglass.com\/pt\/wp-json\/wp\/v2\/product_brand?post=24010"},{"taxonomy":"product_cat","embeddable":true,"href":"https:\/\/yebodaglass.com\/pt\/wp-json\/wp\/v2\/product_cat?post=24010"},{"taxonomy":"product_tag","embeddable":true,"href":"https:\/\/yebodaglass.com\/pt\/wp-json\/wp\/v2\/product_tag?post=24010"}],"curies":[{"name":"wp","href":"https:\/\/api.w.org\/{rel}","templated":true}]}}