{"id":23979,"date":"2025-11-20T15:57:22","date_gmt":"2025-11-20T07:57:22","guid":{"rendered":"https:\/\/yebodaglass.com\/?post_type=product&#038;p=23979"},"modified":"2026-04-14T15:42:13","modified_gmt":"2026-04-14T07:42:13","slug":"double-ear-glass-pickle-jar-storage-wholesale","status":"publish","type":"product","link":"https:\/\/yebodaglass.com\/pt\/double-ear-glass-pickle-jar-storage-wholesale\/","title":{"rendered":"Potes de vidro para conservas com al\u00e7as duplas, 280ml a 630ml, para venda por atacado."},"content":{"rendered":"<p>Cansado de potes de picles que vazam ou desbotam seus pepinos? Fabricamos potes de picles em grandes quantidades \u2014 chega de derramamentos de salmoura! Esses potes de vidro transformam seu armazenamento de alimentos em uma vitrine de marketing personalizada. Pedidos em grande quantidade recebem tamanhos personalizados para combinar com a sua marca.<\/p>\n<h2>Caracter\u00edsticas do produto<\/h2>\n<ul>\n<li><strong>Double-handled design: <\/strong>A estrutura arredondada com al\u00e7as duplas n\u00e3o s\u00f3 melhora a ader\u00eancia, como tamb\u00e9m confere ao frasco de vidro uma apar\u00eancia \u00fanica.<\/li>\n<li><strong>Crystal clear glass: <\/strong>Cada raminho de endro fica claramente vis\u00edvel \u2014 os clientes podem confiar no seu frasco \u00e0 primeira vista.<\/li>\n<li><strong>Excellent airtight metal lid: <\/strong>Conserva com seguran\u00e7a a salmoura e os deliciosos picles, impedindo que estraguem.<\/li>\n<li><strong>Multiple sizes available: <\/strong>De 280ml a 630ml, atendendo \u00e0s necessidades de produ\u00e7\u00e3o em pequenos ou grandes lotes.<\/li>\n<\/ul>\n<h2>Especifica\u00e7\u00f5es principais<\/h2>\n<table style=\"border-collapse: collapse; width: 80%; margin-left: auto; margin-right: auto;\" border=\"0\" width=\"216\" cellspacing=\"0\" cellpadding=\"0\">\n<tbody>\n<tr style=\"height: 13.50pt;\">\n<td style=\"height: 13.5pt; width: 54pt; text-align: center;\" width=\"72\" height=\"18\">Capacidade (ml)<\/td>\n<td style=\"width: 54pt; text-align: center;\" width=\"72\">Tamanho (cm)<\/td>\n<td style=\"width: 54pt; text-align: center;\" width=\"72\">Op\u00e7\u00f5es de tampas<\/td>\n<\/tr>\n<tr style=\"height: 13.50pt;\">\n<td style=\"height: 13.5pt; text-align: center;\" height=\"18\">280<\/td>\n<td style=\"text-align: center;\">7,8 x 8,8<\/td>\n<td class=\"et2\" style=\"text-align: center;\" rowspan=\"4\">Tampa de alum\u00ednio, cor personaliz\u00e1vel<\/td>\n<\/tr>\n<tr style=\"height: 13.50pt;\">\n<td style=\"height: 13.5pt; text-align: center;\" height=\"18\">350<\/td>\n<td style=\"text-align: center;\">8,8 x 9,5<\/td>\n<\/tr>\n<tr style=\"height: 13.50pt;\">\n<td style=\"height: 13.5pt; text-align: center;\" height=\"18\">500<\/td>\n<td style=\"text-align: center;\">9,9 x 10,0<\/td>\n<\/tr>\n<tr style=\"height: 13.50pt;\">\n<td style=\"height: 13.5pt; text-align: center;\" height=\"18\">630<\/td>\n<td style=\"text-align: center;\">10,4 x 10,7<\/td>\n<\/tr>\n<\/tbody>\n<\/table>\n<h2>Caso de sucesso<\/h2>\n<p>Fomos contatados por uma marca de conservas do Leste Europeu para personalizar este pote de picles com al\u00e7a dupla. Alteramos o tamanho da tampa de rosca para que se adequasse \u00e0 m\u00e1quina de envase deles e tamb\u00e9m criamos uma tampa met\u00e1lica colorida exclusiva para uso da marca.<\/p>\n<p>Como resultado de seu lan\u00e7amento, a disponibilidade do produto nas prateleiras dos supermercados aumentou consideravelmente, e um aumento de 22% nas vendas foi registrado no primeiro trimestre.<\/p>\n<h2>Seu Guia de Personaliza\u00e7\u00e3o<\/h2>\n<ol>\n<li>Se os ingredientes em conserva tiverem uma determinada cor e o usu\u00e1rio quiser utiliz\u00e1-los, existem tr\u00eas op\u00e7\u00f5es dispon\u00edveis para o acabamento da tampa: galvanizada, pintada ou perolada, para criar uma apar\u00eancia mais uniforme para todo o conjunto de potes de conserva.<\/li>\n<li>Ao utilizar padr\u00f5es como temas de frutas e vegetais, iniciais de marcas ou texturas geom\u00e9tricas, os potes podem se destacar e, assim, tornar o armazenamento de potes de conserva facilmente reconhec\u00edvel na prateleira.<\/li>\n<\/ol>","protected":false},"excerpt":{"rendered":"<p>Potes de vidro para conservas, ideais para armazenar frutas e vegetais em conserva. Fornecimento direto da f\u00e1brica, com op\u00e7\u00f5es de tampas personalizadas e impress\u00e3o da marca para pedidos em grande quantidade.<\/p>","protected":false},"featured_media":23981,"template":"","meta":[],"product_brand":[],"product_cat":[133,124,122],"product_tag":[],"class_list":{"0":"post-23979","1":"product","2":"type-product","3":"status-publish","4":"has-post-thumbnail","6":"product_cat-pickle-jars","7":"product_cat-custom-glass-jars","8":"product_cat-custom-glass-packaging","10":"first","11":"instock","12":"shipping-taxable","13":"product-type-simple"},"jetpack_sharing_enabled":true,"_links":{"self":[{"href":"https:\/\/yebodaglass.com\/pt\/wp-json\/wp\/v2\/product\/23979","targetHints":{"allow":["GET"]}}],"collection":[{"href":"https:\/\/yebodaglass.com\/pt\/wp-json\/wp\/v2\/product"}],"about":[{"href":"https:\/\/yebodaglass.com\/pt\/wp-json\/wp\/v2\/types\/product"}],"version-history":[{"count":4,"href":"https:\/\/yebodaglass.com\/pt\/wp-json\/wp\/v2\/product\/23979\/revisions"}],"predecessor-version":[{"id":25782,"href":"https:\/\/yebodaglass.com\/pt\/wp-json\/wp\/v2\/product\/23979\/revisions\/25782"}],"wp:featuredmedia":[{"embeddable":true,"href":"https:\/\/yebodaglass.com\/pt\/wp-json\/wp\/v2\/media\/23981"}],"wp:attachment":[{"href":"https:\/\/yebodaglass.com\/pt\/wp-json\/wp\/v2\/media?parent=23979"}],"wp:term":[{"taxonomy":"product_brand","embeddable":true,"href":"https:\/\/yebodaglass.com\/pt\/wp-json\/wp\/v2\/product_brand?post=23979"},{"taxonomy":"product_cat","embeddable":true,"href":"https:\/\/yebodaglass.com\/pt\/wp-json\/wp\/v2\/product_cat?post=23979"},{"taxonomy":"product_tag","embeddable":true,"href":"https:\/\/yebodaglass.com\/pt\/wp-json\/wp\/v2\/product_tag?post=23979"}],"curies":[{"name":"wp","href":"https:\/\/api.w.org\/{rel}","templated":true}]}}