{"id":23940,"date":"2025-11-19T14:08:56","date_gmt":"2025-11-19T06:08:56","guid":{"rendered":"https:\/\/yebodaglass.com\/?post_type=product&#038;p=23940"},"modified":"2025-11-19T17:21:31","modified_gmt":"2025-11-19T09:21:31","slug":"custom-glass-jar-for-pickle-with-airtight-cap-bulk","status":"publish","type":"product","link":"https:\/\/yebodaglass.com\/pt\/custom-glass-jar-for-pickle-with-airtight-cap-bulk\/","title":{"rendered":"Pote de vidro personalizado para picles com tampa herm\u00e9tica, 100 oz (aproximadamente 2,8 litros)"},"content":{"rendered":"<p>Cansado de potes de conserva que vazam ou desbotam seus pepinos? Criamos potes de vidro para conservas \u2014 chega de derramamentos de salmoura! Esses potes de vidro transformam seu armazenamento de alimentos em uma vitrine de marketing personalizada. Pedidos em grande quantidade recebem acabamentos personalizados para combinar com a sua marca.<\/p>\n<h2>Caracter\u00edsticas do produto<\/h2>\n<p><strong>Estrutura de grande volume<\/strong><\/p>\n<p>Pode ser usado para conservar um vegetal inteiro ou uma grande quantidade de ingredientes, atendendo assim \u00e0s necessidades de armazenamento de fam\u00edlias, grandes restaurantes ou f\u00e1bricas de alimentos.<\/p>\n<p><strong>Tampa de vidro + estrutura de veda\u00e7\u00e3o com trava met\u00e1lica<\/strong><\/p>\n<p>O mecanismo de encaixe refor\u00e7a a veda\u00e7\u00e3o herm\u00e9tica, sendo assim, uma forma eficaz de reduzir a entrada de ar, o que torna este dispositivo adequado para fermenta\u00e7\u00e3o, conserva\u00e7\u00e3o em vinagre e armazenamento prolongado.<\/p>\n<p><strong>Vidro super transparente<\/strong><\/p>\n<p>O frasco mostra visualmente a cor e o estado dos produtos em conserva, tornando muito f\u00e1cil monitorar a fermenta\u00e7\u00e3o ou quaisquer altera\u00e7\u00f5es na qualidade.<\/p>\n<h2>Especifica\u00e7\u00f5es principais<\/h2>\n<table style=\"border-collapse: collapse; width: 80%; margin-left: AUTO; margin-right: AUTO;\" border=\"0\" width=\"288\" cellspacing=\"0\" cellpadding=\"0\">\n<tbody>\n<tr style=\"height: 13.50pt;\">\n<td style=\"height: 13.5pt; width: 54pt; text-align: center;\" width=\"72\" height=\"18\">Capacidade<\/td>\n<td style=\"width: 54pt; text-align: center;\" width=\"72\">Material<\/td>\n<td style=\"width: 54pt; text-align: center;\" width=\"72\">Tipo de tampa<\/td>\n<td style=\"width: 54pt; text-align: center;\" width=\"72\">Forma<\/td>\n<\/tr>\n<tr style=\"height: 13.50pt;\">\n<td style=\"height: 13.5pt; text-align: center;\" height=\"18\">3000ml (personalizado)<\/td>\n<td style=\"text-align: center;\">Vidro Superior<\/td>\n<td style=\"text-align: center;\">Tampas herm\u00e9ticas com fecho de press\u00e3o<\/td>\n<td style=\"text-align: center;\">Redondo (personaliz\u00e1vel)<\/td>\n<\/tr>\n<\/tbody>\n<\/table>\n<h2>Caso de sucesso<\/h2>\n<p>A grande f\u00e1brica de processamento de alimentos que produz picles tradicionais decidiu usar nossos potes de vidro de grande capacidade para seus picles quando buscava uma solu\u00e7\u00e3o de embalagem melhor para seu processo de fermenta\u00e7\u00e3o. Para atender \u00e0s demandas de um ciclo de fermenta\u00e7\u00e3o longo e dif\u00edcil, a f\u00e1brica aumentou a espessura das paredes dos potes e instalou juntas de veda\u00e7\u00e3o resistentes a sal e \u00e1cido, garantindo que a estrutura de travamento met\u00e1lico permane\u00e7a est\u00e1vel mesmo em um ambiente com alta concentra\u00e7\u00e3o de sal por um longo per\u00edodo.<\/p>\n<p>Com a moderniza\u00e7\u00e3o, os picles tornaram-se visualmente acess\u00edveis durante a fermenta\u00e7\u00e3o, a taxa de defeitos nos lotes caiu cerca de 22% e a gest\u00e3o do armaz\u00e9m passou a ser mais um trabalho de equipe.<\/p>\n<h2>Seu Guia de Personaliza\u00e7\u00e3o<\/h2>\n<ol>\n<li><strong>Atualiza\u00e7\u00e3o do sistema de veda\u00e7\u00e3o:<\/strong>As travas met\u00e1licas podem ter acabamento galvanizado, pintado ou em a\u00e7o inoxid\u00e1vel, e as juntas resistentes a \u00e1cidos, assim como os an\u00e9is de silicone, podem ser trocados para uma melhor veda\u00e7\u00e3o.<\/li>\n<li><strong>Materiais e acabamentos em vidro:<\/strong>Existem materiais como vidro de alta transpar\u00eancia, fosco, semitransparente e \u00e0 prova de explos\u00e3o. Al\u00e9m disso, os logotipos podem ser gravados em relevo no corpo ou no fundo da garrafa.<\/li>\n<li><strong>Op\u00e7\u00f5es de acess\u00f3rios:<\/strong>Colheres de medida, adesivos de veda\u00e7\u00e3o, etiquetas de marca e designs de r\u00f3tulos externos s\u00e3o produtos compat\u00edveis que podem ser usados \u200b\u200bpara criar um portf\u00f3lio de produtos mais completo para a sua marca.<\/li>\n<\/ol>","protected":false},"excerpt":{"rendered":"<p>Glass jar for pickle are available with free samples for testing. And glass jars for pickling, ideal for bulk buyers with factory-direct supply. Custom available.<\/p>","protected":false},"featured_media":23941,"template":"","meta":[],"product_brand":[],"product_cat":[122,124,133],"product_tag":[],"class_list":{"0":"post-23940","1":"product","2":"type-product","3":"status-publish","4":"has-post-thumbnail","6":"product_cat-custom-glass-packaging","7":"product_cat-custom-glass-jars","8":"product_cat-pickle-jars","10":"first","11":"instock","12":"shipping-taxable","13":"product-type-simple"},"jetpack_sharing_enabled":true,"_links":{"self":[{"href":"https:\/\/yebodaglass.com\/pt\/wp-json\/wp\/v2\/product\/23940","targetHints":{"allow":["GET"]}}],"collection":[{"href":"https:\/\/yebodaglass.com\/pt\/wp-json\/wp\/v2\/product"}],"about":[{"href":"https:\/\/yebodaglass.com\/pt\/wp-json\/wp\/v2\/types\/product"}],"version-history":[{"count":5,"href":"https:\/\/yebodaglass.com\/pt\/wp-json\/wp\/v2\/product\/23940\/revisions"}],"predecessor-version":[{"id":23954,"href":"https:\/\/yebodaglass.com\/pt\/wp-json\/wp\/v2\/product\/23940\/revisions\/23954"}],"wp:featuredmedia":[{"embeddable":true,"href":"https:\/\/yebodaglass.com\/pt\/wp-json\/wp\/v2\/media\/23941"}],"wp:attachment":[{"href":"https:\/\/yebodaglass.com\/pt\/wp-json\/wp\/v2\/media?parent=23940"}],"wp:term":[{"taxonomy":"product_brand","embeddable":true,"href":"https:\/\/yebodaglass.com\/pt\/wp-json\/wp\/v2\/product_brand?post=23940"},{"taxonomy":"product_cat","embeddable":true,"href":"https:\/\/yebodaglass.com\/pt\/wp-json\/wp\/v2\/product_cat?post=23940"},{"taxonomy":"product_tag","embeddable":true,"href":"https:\/\/yebodaglass.com\/pt\/wp-json\/wp\/v2\/product_tag?post=23940"}],"curies":[{"name":"wp","href":"https:\/\/api.w.org\/{rel}","templated":true}]}}