{"id":23903,"date":"2025-11-18T16:15:47","date_gmt":"2025-11-18T08:15:47","guid":{"rendered":"https:\/\/yebodaglass.com\/?post_type=product&#038;p=23903"},"modified":"2026-03-26T14:10:56","modified_gmt":"2026-03-26T06:10:56","slug":"wholesale-clear-32-oz-swing-top-bottles-with-stripes","status":"publish","type":"product","link":"https:\/\/yebodaglass.com\/pt\/wholesale-clear-32-oz-swing-top-bottles-with-stripes\/","title":{"rendered":"Garrafas transparentes de 16 oz e 32 oz com tampa de press\u00e3o e listras, dispon\u00edveis para venda por atacado."},"content":{"rendered":"<p data-start=\"66\" data-end=\"288\">Estas garrafas de 946 ml (32 oz) com tampa de press\u00e3o s\u00e3o feitas de vidro transparente com um elegante padr\u00e3o de listras verticais. A tampa met\u00e1lica de encaixe n\u00e3o s\u00f3 possui um \u00f3timo design com uma veda\u00e7\u00e3o muito confi\u00e1vel, tornando estas garrafas perfeitas para armazenar l\u00edquidos.<\/p>\n<h2>Caracter\u00edsticas do produto<\/h2>\n<ul>\n<li><strong>Material do vidro transparente:<\/strong> O vidro transparente facilita bastante o processo de identifica\u00e7\u00e3o de l\u00edquidos a partir do exterior, pois permite verificar facilmente tanto a cor quanto o volume.<\/li>\n<li><strong>Listra vertical:<\/strong> O padr\u00e3o de listras verticais contribui para a beleza e singularidade do produto, ao mesmo tempo que proporciona uma melhor ader\u00eancia para o usu\u00e1rio.<\/li>\n<li><strong>Design de veda\u00e7\u00e3o por encaixe:<\/strong> Esta rolha met\u00e1lica de encaixe fecha hermeticamente, vedando eficientemente e mantendo o conte\u00fado fresco, al\u00e9m de facilitar a abertura e o fechamento.<\/li>\n<\/ul>\n<h2 style=\"text-align: left;\">Especifica\u00e7\u00f5es principais<\/h2>\n<table class=\"aligncenter\" style=\"border-collapse: collapse; width: 474.77pt;\" border=\"0\" width=\"633\" cellspacing=\"0\" cellpadding=\"0\">\n<tbody>\n<tr style=\"height: 13.50pt;\">\n<td style=\"height: 13.50pt; width: 98.25pt;\" width=\"131\" height=\"18\">Especifica\u00e7\u00e3o<\/td>\n<td style=\"width: 376.50pt;\" width=\"502\">Detalhes<\/td>\n<\/tr>\n<tr style=\"height: 13.50pt;\">\n<td style=\"height: 13.50pt;\" height=\"18\">Dimens\u00f5es<\/td>\n<td>500 ml (16 oz): 7 cm \u00d7 26,6 cm \/ 1000 ml (32 oz): 8,5 cm \u00d7 31,5 cm<\/td>\n<\/tr>\n<tr style=\"height: 13.50pt;\">\n<td style=\"height: 13.50pt;\" height=\"18\">Material<\/td>\n<td>Vidro transparente de alta clareza<\/td>\n<\/tr>\n<tr style=\"height: 13.50pt;\">\n<td style=\"height: 13.50pt;\" height=\"18\">Textura da superf\u00edcie<\/td>\n<td>Padr\u00e3o de listras verticais para ader\u00eancia e est\u00e9tica.<\/td>\n<\/tr>\n<tr style=\"height: 13.50pt;\">\n<td style=\"height: 13.50pt;\" height=\"18\">Sistema de fechamento<\/td>\n<td>Tampas basculantes em a\u00e7o inoxid\u00e1vel com batente laranja\/branco<\/td>\n<\/tr>\n<tr style=\"height: 13.50pt;\">\n<td style=\"height: 13.50pt;\" height=\"18\">Ideal para<\/td>\n<td>Garrafas com tampa flip-top, garrafas com tampa de press\u00e3o por atacado<\/td>\n<\/tr>\n<\/tbody>\n<\/table>\n<h2>Caso de Sucesso: A Transforma\u00e7\u00e3o Premium de um Fabricante de Refrigerantes Artesanais<\/h2>\n<p>Uma marca de refrigerantes artesanais buscava expandir para o mercado de presentes sofisticados. Para destacar sua bebida principal, decidiram usar nossas garrafas com tampa de press\u00e3o, decoradas com um padr\u00e3o de listras verticais. A listra exclusiva provou ser um fator crucial para o sucesso da marca. Ela melhorou a ader\u00eancia do consumidor \u00e0 tampa, reduzindo em 42% o n\u00famero de acidentes por escorreg\u00f5es e quedas e, consequentemente, aumentando as vendas em 75%. Impulsionada por essas rea\u00e7\u00f5es positivas dos consumidores, a marca est\u00e1 atualmente encomendando 200.000 garrafas por lote, tornando este design sua embalagem exclusiva para o produto principal.<\/p>\n<h2>Personalize sua garrafa com tampa de press\u00e3o texturizada<\/h2>\n<p>Utilize estas op\u00e7\u00f5es de personaliza\u00e7\u00e3o focadas no produto para criar uma garrafa com tampa de rosca exclusiva, que n\u00e3o possa ser copiada por outros produtos:<\/p>\n<ul>\n<li><strong>Sele\u00e7\u00e3o da cor do anel de veda\u00e7\u00e3o:<\/strong> Ajude o anel de veda\u00e7\u00e3o a combinar com a cor da sua marca e, assim, ela voltar\u00e1 a ser a cor da sua marca nas prateleiras.<\/li>\n<li><strong>Vitrais:<\/strong> O uso de vidro \u00e2mbar ou verde em vez de transparente destina-se a bebidas sens\u00edveis \u00e0 luz, como a cerveja.<\/li>\n<li><strong>Textura fosca:<\/strong> O acabamento fosco nas costelas cria um contraste marcante, al\u00e9m de proporcionar uma experi\u00eancia t\u00e1til mais texturizada.<\/li>\n<li><strong>Esmalte colorido especial:<\/strong> A adi\u00e7\u00e3o da faixa de vidro colorido na base ou no gargalo da garrafa resulta em um visual \u00fanico.<\/li>\n<\/ul>\n<p>Por favor, entre em contato conosco se desejar saber os pre\u00e7os de atacado para garrafas de 946 ml (32 oz) com tampa de press\u00e3o.<\/p>","protected":false},"excerpt":{"rendered":"<p>Garrafas elegantes de 946 ml (32 oz) com tampa de press\u00e3o e listras, com veda\u00e7\u00e3o premium \u00e0 prova de vazamentos \u2014 ideais para bebidas, fermenta\u00e7\u00e3o e embalagens de alimentos. Pre\u00e7os especiais para atacado.<\/p>","protected":false},"featured_media":25628,"template":"","meta":[],"product_brand":[],"product_cat":[132,123,122],"product_tag":[],"class_list":{"0":"post-23903","1":"product","2":"type-product","3":"status-publish","4":"has-post-thumbnail","6":"product_cat-glass-flip-top-bottles","7":"product_cat-custom-glass-bottles","8":"product_cat-custom-glass-packaging","10":"first","11":"instock","12":"shipping-taxable","13":"product-type-simple"},"jetpack_sharing_enabled":true,"_links":{"self":[{"href":"https:\/\/yebodaglass.com\/pt\/wp-json\/wp\/v2\/product\/23903","targetHints":{"allow":["GET"]}}],"collection":[{"href":"https:\/\/yebodaglass.com\/pt\/wp-json\/wp\/v2\/product"}],"about":[{"href":"https:\/\/yebodaglass.com\/pt\/wp-json\/wp\/v2\/types\/product"}],"version-history":[{"count":4,"href":"https:\/\/yebodaglass.com\/pt\/wp-json\/wp\/v2\/product\/23903\/revisions"}],"predecessor-version":[{"id":23921,"href":"https:\/\/yebodaglass.com\/pt\/wp-json\/wp\/v2\/product\/23903\/revisions\/23921"}],"wp:featuredmedia":[{"embeddable":true,"href":"https:\/\/yebodaglass.com\/pt\/wp-json\/wp\/v2\/media\/25628"}],"wp:attachment":[{"href":"https:\/\/yebodaglass.com\/pt\/wp-json\/wp\/v2\/media?parent=23903"}],"wp:term":[{"taxonomy":"product_brand","embeddable":true,"href":"https:\/\/yebodaglass.com\/pt\/wp-json\/wp\/v2\/product_brand?post=23903"},{"taxonomy":"product_cat","embeddable":true,"href":"https:\/\/yebodaglass.com\/pt\/wp-json\/wp\/v2\/product_cat?post=23903"},{"taxonomy":"product_tag","embeddable":true,"href":"https:\/\/yebodaglass.com\/pt\/wp-json\/wp\/v2\/product_tag?post=23903"}],"curies":[{"name":"wp","href":"https:\/\/api.w.org\/{rel}","templated":true}]}}