{"id":23900,"date":"2025-11-18T17:00:16","date_gmt":"2025-11-18T09:00:16","guid":{"rendered":"https:\/\/yebodaglass.com\/?post_type=product&#038;p=23900"},"modified":"2025-11-18T17:00:18","modified_gmt":"2025-11-18T09:00:18","slug":"wholesale-square-glass-jars-for-pickle-for-packing","status":"publish","type":"product","link":"https:\/\/yebodaglass.com\/pt\/wholesale-square-glass-jars-for-pickle-for-packing\/","title":{"rendered":"Potes de vidro quadrados para conservas, para venda por atacado, com capacidade de 50 ml a 150 ml."},"content":{"rendered":"<p>Cansado de potes de conserva que vazam ou deixam seus pepinos sem gra\u00e7a? N\u00f3s fabricamos potes de vidro para conservas \u2014 chega de derramamentos de salmoura! Esses recipientes vazios para conservas transformam seu estoque de alimentos em uma vitrine de marketing personalizada. Pedidos em grande quantidade recebem tamanhos personalizados para combinar com a sua marca.<\/p>\n<h2>Caracter\u00edsticas do produto<\/h2>\n<p><strong>Vidro de alta transpar\u00eancia<\/strong><\/p>\n<p>O frasco transparente torna vis\u00edveis os vegetais coloridos e os produtos em conserva, melhorando assim o aspeto das prateleiras das lojas.<\/p>\n<p><strong>Veda\u00e7\u00e3o da tampa de rosca met\u00e1lica<\/strong><\/p>\n<p>Com uma almofada interna, \u00e9 muito herm\u00e9tico e evita a oxida\u00e7\u00e3o, podendo assim ser usado para armazenamento por longos per\u00edodos.<\/p>\n<p><strong>Espa\u00e7o de r\u00f3tulo limpo<\/strong><\/p>\n<p>A superf\u00edcie uniforme da garrafa \u00e9 uma boa \u00e1rea para impress\u00e3o e rotulagem, tornando a apresenta\u00e7\u00e3o da marca mais consistente e profissional.<\/p>\n<h2>Especifica\u00e7\u00f5es principais<\/h2>\n<table style=\"border-collapse: collapse; width: 80%; margin-left: auto; margin-right: auto;\" border=\"0\" width=\"216\" cellspacing=\"0\" cellpadding=\"0\">\n<tbody>\n<tr style=\"height: 13.50pt;\">\n<td style=\"height: 13.5pt; width: 54pt; text-align: center;\" width=\"72\" height=\"18\">Capacidade<\/td>\n<td style=\"width: 54pt; text-align: center;\" width=\"72\">Tamanho (cm)<\/td>\n<td style=\"width: 54pt; text-align: center;\" width=\"72\">Tipo de fechamento<\/td>\n<\/tr>\n<tr style=\"height: 13.50pt;\">\n<td style=\"height: 13.5pt; text-align: center;\" height=\"18\">50ml<\/td>\n<td style=\"text-align: center;\">4,5 x 5,6<\/td>\n<td class=\"et2\" style=\"text-align: center;\" rowspan=\"4\">Rosqueado (Pl\u00e1stico\/Metal)<\/td>\n<\/tr>\n<tr style=\"height: 13.50pt;\">\n<td style=\"height: 13.5pt; text-align: center;\" height=\"18\">80ml<\/td>\n<td style=\"text-align: center;\">5,0 x 5,5<\/td>\n<\/tr>\n<tr style=\"height: 13.50pt;\">\n<td style=\"height: 13.5pt; text-align: center;\" height=\"18\">100ml<\/td>\n<td style=\"text-align: center;\">5,4 x 7,5<\/td>\n<\/tr>\n<tr style=\"height: 13.50pt;\">\n<td style=\"height: 13.5pt; text-align: center;\" height=\"18\">150ml<\/td>\n<td style=\"text-align: center;\">5,7 x 7,6<\/td>\n<\/tr>\n<\/tbody>\n<\/table>\n<h2>Caso de sucesso<\/h2>\n<p>Quando uma f\u00e1brica de alimentos especializada em pimentas e saladas em conserva decidiu modernizar suas embalagens, optou por nossos potes quadrados vazios para conservas. O vidro transparente e brilhante ajuda os produtos a se destacarem nas prateleiras dos supermercados, aumentando consideravelmente seu apelo comercial. Fabricamos as tampas pretas \u00e0 prova de vazamentos e o tamanho da \u00e1rea para r\u00f3tulos sob medida para que a linha de envase pudesse iniciar a produ\u00e7\u00e3o imediatamente, sem necessidade de altera\u00e7\u00f5es.<\/p>\n<p>Como resultado da mudan\u00e7a na embalagem, as vendas dos novos produtos da marca cresceram 29% em dois trimestres.<\/p>\n<h2>Seu guia de personaliza\u00e7\u00e3o para potes de picles vazios<\/h2>\n<ol>\n<li><strong>Processos de Impress\u00e3o e Rotulagem de Garrafas:<\/strong>As marcas podem usar serigrafia, estampagem a quente, hot stamping ou etiquetas autoadesivas transparentes para apresentar seus logotipos de uma maneira mais atraente e resistente a \u00f3leo e desgaste.<\/li>\n<li><strong>Op\u00e7\u00f5es de material e cor para a tampa da garrafa:<\/strong>Existem tampas de metal pretas, tampas de metal coloridas ou tampas de pl\u00e1stico pr\u00f3prias para contato com alimentos, \u00e0s quais se pode optar por adicionar an\u00e9is de seguran\u00e7a, juntas \u00e0 prova de vazamentos ou estruturas de refor\u00e7o de veda\u00e7\u00e3o.<\/li>\n<li><strong>Acabamentos de superf\u00edcie e melhorias nas garrafas:<\/strong>O vidro pode ser fosco, semitransparente ou texturizado, e o logotipo e o n\u00famero do lote podem ser gravados em relevo na parte inferior da garrafa para aumentar o reconhecimento da marca.<\/li>\n<\/ol>","protected":false},"excerpt":{"rendered":"<p>Oferecemos potes de vidro para picles, que voc\u00ea pode personalizar com a sua marca. Esses potes vazios para picles est\u00e3o dispon\u00edveis diretamente da f\u00e1brica, com pre\u00e7os especiais para compras em grande quantidade.<\/p>","protected":false},"featured_media":23904,"template":"","meta":[],"product_brand":[],"product_cat":[122,124,133],"product_tag":[],"class_list":{"0":"post-23900","1":"product","2":"type-product","3":"status-publish","4":"has-post-thumbnail","6":"product_cat-custom-glass-packaging","7":"product_cat-custom-glass-jars","8":"product_cat-pickle-jars","10":"first","11":"instock","12":"shipping-taxable","13":"product-type-simple"},"jetpack_sharing_enabled":true,"_links":{"self":[{"href":"https:\/\/yebodaglass.com\/pt\/wp-json\/wp\/v2\/product\/23900","targetHints":{"allow":["GET"]}}],"collection":[{"href":"https:\/\/yebodaglass.com\/pt\/wp-json\/wp\/v2\/product"}],"about":[{"href":"https:\/\/yebodaglass.com\/pt\/wp-json\/wp\/v2\/types\/product"}],"version-history":[{"count":5,"href":"https:\/\/yebodaglass.com\/pt\/wp-json\/wp\/v2\/product\/23900\/revisions"}],"predecessor-version":[{"id":23913,"href":"https:\/\/yebodaglass.com\/pt\/wp-json\/wp\/v2\/product\/23900\/revisions\/23913"}],"wp:featuredmedia":[{"embeddable":true,"href":"https:\/\/yebodaglass.com\/pt\/wp-json\/wp\/v2\/media\/23904"}],"wp:attachment":[{"href":"https:\/\/yebodaglass.com\/pt\/wp-json\/wp\/v2\/media?parent=23900"}],"wp:term":[{"taxonomy":"product_brand","embeddable":true,"href":"https:\/\/yebodaglass.com\/pt\/wp-json\/wp\/v2\/product_brand?post=23900"},{"taxonomy":"product_cat","embeddable":true,"href":"https:\/\/yebodaglass.com\/pt\/wp-json\/wp\/v2\/product_cat?post=23900"},{"taxonomy":"product_tag","embeddable":true,"href":"https:\/\/yebodaglass.com\/pt\/wp-json\/wp\/v2\/product_tag?post=23900"}],"curies":[{"name":"wp","href":"https:\/\/api.w.org\/{rel}","templated":true}]}}